{"id":24119,"date":"2021-06-14T07:15:24","date_gmt":"2021-06-14T07:15:24","guid":{"rendered":"https:\/\/www.acrn.fr\/product\/chiave-dinamometrica-preimpostata-modello-rspk\/"},"modified":"2026-04-24T09:45:59","modified_gmt":"2026-04-24T07:45:59","slug":"chiave-dinamometrica-preimpostata-modello-rspk","status":"publish","type":"product","link":"https:\/\/www.acrn.fr\/it\/prodotto\/chiave-dinamometrica-preimpostata-modello-rspk\/","title":{"rendered":"Chiave dinamometrica preimpostata modello RSPK"},"content":{"rendered":"<h2><span style=\"color: #215876;\"><strong>Quando scegliere la RSPK?<\/strong><\/span><\/h2>\n<h3 class=\"font-claude-response-body break-words whitespace-normal leading-[1.7]\"><span style=\"color: #95cceb;\"><strong>Serraggi in serie sulla linea di produzione<\/strong> <\/span><\/h3>\n<p class=\"font-claude-response-body break-words whitespace-normal leading-[1.7]\">L&#8217;RSPK \u00e8 la soluzione ideale per il serraggio ripetitivo di numerosi elementi di fissaggio identici (stesse dimensioni, stessa coppia) su una linea di assemblaggio. L&#8217;impostazione predefinita elimina qualsiasi rischio di errore di regolazione tra un ciclo e l&#8217;altro, mentre il ripristino automatico consente di mantenere un ritmo di lavoro costante senza ulteriori interventi.<\/p>\n<h3 class=\"font-claude-response-body break-words whitespace-normal leading-[1.7]\"><span style=\"color: #95cceb;\"><strong>Accesso alle zone congestionate<\/strong> <\/span><\/h3>\n<p class=\"font-claude-response-body break-words whitespace-normal leading-[1.7]\">La testa a occhiello inclinata di 45\u00b0 consente di raggiungere i bulloni in spazi dove una chiave a cricchetto o una chiave dinamometrica tradizionale non riescono a passare. Si tratta di un vantaggio decisivo negli assemblaggi meccanici ad alta densit\u00e0, nelle carrozzerie, nelle attrezzature industriali compatte o negli impianti in spazi ristretti.<\/p>\n<h3 class=\"font-claude-response-body break-words whitespace-normal leading-[1.7]\"><span style=\"color: #95cceb;\"><strong>Controllo qualit\u00e0 in linea di produzione<\/strong> <\/span><\/h3>\n<p class=\"font-claude-response-body break-words whitespace-normal leading-[1.7]\">Negli ambienti in cui \u00e8 richiesta la tracciabilit\u00e0 del serraggio, l&#8217;RSPK fornisce una chiara conferma sensoriale (suono e sensazione) ad ogni serraggio eseguito correttamente. \u00c8 conforme ai requisiti dei piani di controllo qualit\u00e0 che impongono una coppia di serraggio definita.<\/p>\n<hr>\n<h2><strong><span style=\"color: #215876;\">Taratura e tracciabilit\u00e0<\/span><\/strong><\/h2>\n<p class=\"font-claude-response-body break-words whitespace-normal leading-[1.7]\">Ogni chiave dinamometrica RSPK viene fornita con un certificato di taratura. La precisione garantita \u00e8 pari a \u00b13% del valore di coppia preimpostato, in conformit\u00e0 con i requisiti delle norme ISO 6789 applicabili alle chiavi dinamometriche a scatto.<\/p>\n<p class=\"font-claude-response-body break-words whitespace-normal leading-[1.7]\">ACRN offre un servizio di taratura periodica delle chiavi dinamometriche presso il proprio laboratorio di metrologia in Normandia. Si raccomanda una taratura annuale per garantire la tracciabilit\u00e0 metrologica richiesta dai sistemi di qualit\u00e0 ISO 9001 e dai piani di monitoraggio delle linee di produzione.<\/p>\n<p class=\"font-claude-response-body break-words whitespace-normal leading-[1.7]\">Il <a class=\"underline underline underline-offset-2 decoration-1 decoration-current\/40 hover:decoration-current focus:decoration-current\" href=\"https:\/\/www.acrn.fr\/it\/controllore-della-chiave-dinamometrica\/\">tester per chiavi dinamometriche<\/a> ACRN consente inoltre di verificare il valore di scatto dell&#8217;RSPK in produzione, senza doverlo rispedire in laboratorio.<\/p>\n<hr>\n<h3><\/h3>\n<h3>Punti di forza dell&#8217;RSPK<\/h3>\n<div class='content-column one_half'><ul>\n<li style=\"list-style-type: none;\">\n<ul>\n<li><span style=\"color: #215876;\">Riarmo automatico<\/span><\/li>\n<\/ul>\n<\/li>\n<\/ul>\n<p>&nbsp;<\/p>\n<ul>\n<li style=\"list-style-type: none;\">\n<ul>\n<li><span style=\"color: #215876;\">Chiave pi\u00f9 adatta per serrare pi\u00f9 elementi di fissaggio della stessa dimensione con la stessa coppia su una linea di produzione<\/span><\/li>\n<\/ul>\n<\/li>\n<\/ul>\n<p>&nbsp;<\/p>\n<ul>\n<li style=\"list-style-type: none;\">\n<ul>\n<li><span style=\"color: #215876;\">Ideale per gli spazi ristretti<\/span><\/li>\n<\/ul>\n<\/li>\n<\/ul>\n<p>&nbsp;<\/p>\n<h3>Consegnato con<\/h3>\n<p>Certificato di taratura<\/p><\/div>\n<div class='content-column one_half last_column'><img decoding=\"async\" class=\"alignnone wp-image-5957 size-full\" src=\"https:\/\/www.acrn.fr\/wp-content\/uploads\/2021\/06\/rspk-2.png\" alt=\"\" width=\"500\" height=\"275\" srcset=\"https:\/\/www.acrn.fr\/wp-content\/uploads\/2021\/06\/rspk-2.png 500w, https:\/\/www.acrn.fr\/wp-content\/uploads\/2021\/06\/rspk-2-480x264.png 480w\" sizes=\"(min-width: 0px) and (max-width: 480px) 480px, (min-width: 481px) 500px, 100vw\" \/><\/div><div class='clear_column'><\/div>\n<p><img decoding=\"async\" class=\"size-full wp-image-5959 aligncenter\" src=\"https:\/\/www.acrn.fr\/wp-content\/uploads\/2021\/06\/Plan-RSPK.png\" alt=\"\" width=\"600\" height=\"250\" srcset=\"https:\/\/www.acrn.fr\/wp-content\/uploads\/2021\/06\/Plan-RSPK.png 600w, https:\/\/www.acrn.fr\/wp-content\/uploads\/2021\/06\/Plan-RSPK-480x200.png 480w\" sizes=\"(min-width: 0px) and (max-width: 480px) 480px, (min-width: 481px) 600px, 100vw\" \/><\/p>\n<table style=\"border-collapse: collapse; width: 100%; height: 230px;\">\n<tbody>\n<tr style=\"height: 23px;\">\n<td style=\"width: 23.9046%; text-align: center; height: 23px;\"><strong>Modello<\/strong><\/td>\n<td style=\"width: 26.0954%; text-align: center; height: 23px;\"><strong>Capacit\u00e0<\/strong><\/td>\n<td style=\"width: 22.5354%; height: 23px; text-align: center;\"><strong>Apertura forche (mm)<\/strong><\/td>\n<td style=\"width: 25%; text-align: center; height: 23px;\"><strong>Lunghezza totale (mm)<\/strong><\/td>\n<\/tr>\n<tr style=\"height: 23px;\">\n<td style=\"width: 23.9046%; height: 23px; text-align: center;\">N30RSPK<\/td>\n<td style=\"width: 26.0954%; height: 23px; text-align: center;\">0.5 &#8211; 3.5 N.m<\/td>\n<td style=\"width: 22.5354%; height: 23px; text-align: center;\">5.5 \/ 6 \/ 7 \/ 8 \/ 9 \/ 10<\/td>\n<td style=\"width: 25%; height: 23px; text-align: center;\">175<\/td>\n<\/tr>\n<tr style=\"height: 23px;\">\n<td style=\"width: 23.9046%; height: 23px; text-align: center;\">N80RSPK<\/td>\n<td style=\"width: 26.0954%; height: 23px; text-align: center;\">2 &#8211; 9 N.m<\/td>\n<td style=\"width: 22.5354%; height: 23px; text-align: center;\">5.5 \/ 6 \/ 7 \/ 8 \/ 9 \/ 10 \/ 11 \/ 12<\/td>\n<td style=\"width: 25%; height: 23px; text-align: center;\">197<\/td>\n<\/tr>\n<tr style=\"height: 23px;\">\n<td style=\"width: 23.9046%; height: 23px; text-align: center;\">N190RSPK<\/td>\n<td style=\"width: 26.0954%; height: 23px; text-align: center;\">4 &#8211; 21 N.m<\/td>\n<td style=\"width: 22.5354%; height: 23px; text-align: center;\">10 \/ 11 \/ 12 \/ 13 \/ 14 \/ 17 \/ 19 \/ 22<\/td>\n<td style=\"width: 25%; height: 23px; text-align: center;\">222 \/ 225 \/ 228<\/td>\n<\/tr>\n<tr style=\"height: 23px;\">\n<td style=\"width: 23.9046%; height: 23px; text-align: center;\">N380RSPK<\/td>\n<td style=\"width: 26.0954%; height: 23px; text-align: center;\">9 &#8211; 42 N.m<\/td>\n<td style=\"width: 22.5354%; height: 23px; text-align: center;\">11 \/ 12 \/ 13 \/ 14 \/ 17 \/ 19 \/ 22<\/td>\n<td style=\"width: 25%; height: 23px; text-align: center;\">268 \/ 273<\/td>\n<\/tr>\n<tr style=\"height: 23px;\">\n<td style=\"width: 23.9046%; height: 23px; text-align: center;\">N670RSPK<\/td>\n<td style=\"width: 26.0954%; height: 23px; text-align: center;\">14 &#8211; 73 N.m<\/td>\n<td style=\"width: 22.5354%; height: 23px; text-align: center;\">14 \/ 17 \/ 19 \/ 22 \/ 24 \/ 27 \/ 30 \/ 32<\/td>\n<td style=\"width: 25%; height: 23px; text-align: center;\">343 \/ 348 \/ 353<\/td>\n<\/tr>\n<tr style=\"height: 23px;\">\n<td style=\"width: 23.9046%; height: 23px; text-align: center;\">N1200RSPK<\/td>\n<td style=\"width: 26.0954%; height: 23px; text-align: center;\">25 &#8211; 127 N.m<\/td>\n<td style=\"width: 22.5354%; height: 23px; text-align: center;\">19 \/ 22 \/ 24 \/ 27 \/ 30 \/ 32 \/ 36<\/td>\n<td style=\"width: 25%; height: 23px; text-align: center;\">413 \/ 415 \/ 428 \/ 437<\/td>\n<\/tr>\n<tr style=\"height: 23px;\">\n<td style=\"width: 23.9046%; height: 23px; text-align: center;\">N1600RSPK<\/td>\n<td style=\"width: 26.0954%; height: 23px; text-align: center;\">32 &#8211; 170 N.m<\/td>\n<td style=\"width: 22.5354%; height: 23px; text-align: center;\">19 \/ 22 \/ 24 \/ 27 \/ 30 \/ 32<\/td>\n<td style=\"width: 25%; height: 23px; text-align: center;\">470 \/ 474<\/td>\n<\/tr>\n<tr style=\"height: 23px;\">\n<td style=\"width: 23.9046%; height: 23px; text-align: center;\">N2200RSPK<\/td>\n<td style=\"width: 26.0954%; height: 23px; text-align: center;\">48 &#8211; 230 N.m<\/td>\n<td style=\"width: 22.5354%; height: 23px; text-align: center;\">19 \/ 22 \/ 24 \/ 27 \/ 30 \/ 32 \/ 36 \/ 41<\/td>\n<td style=\"width: 25%; height: 23px; text-align: center;\">605 \/ 608 \/ 610 \/ 612<\/td>\n<\/tr>\n<tr style=\"height: 23px;\">\n<td style=\"width: 23.9046%; height: 23px; text-align: center;\">N3100RSPK<\/td>\n<td style=\"width: 26.0954%; height: 23px; text-align: center;\">68 &#8211; 320 N.m<\/td>\n<td style=\"width: 22.5354%; height: 23px; text-align: center;\">22 \/ 24\/ 27 \/ 30 \/ 32 \/ 36 \/ 41<\/td>\n<td style=\"width: 25%; height: 23px; text-align: center;\">682 \/ 685 \/ 688<\/td>\n<\/tr>\n<tr>\n<td style=\"width: 23.9046%; text-align: center;\">N4200RSPK<\/td>\n<td style=\"width: 26.0954%; text-align: center;\">95 &#8211; 430 N.m<\/td>\n<td style=\"width: 22.5354%; text-align: center;\">27 \/ 30 \/ 32 \/ 36 \/ 41 \/ 46<\/td>\n<td style=\"width: 25%; text-align: center;\">880 \/ 885 \/ 890 \/ 895<\/td>\n<\/tr>\n<\/tbody>\n<\/table>\n<hr>\n<p>&nbsp;<\/p>\n<p class=\"font-claude-response-body break-words whitespace-normal leading-[1.7]\"><strong>Altri chiavi e strumenti per la misurazione della coppia:<\/strong><\/p>\n<ul class=\"[li_&amp;]:mb-0 [li_&amp;]:mt-1 [li_&amp;]:gap-1 [&amp;:not(:last-child)_ul]:pb-1 [&amp;:not(:last-child)_ol]:pb-1 list-disc flex flex-col gap-1 pl-8 mb-3\">\n<li class=\"whitespace-normal break-words pl-2\">Il <strong><a class=\"underline underline underline-offset-2 decoration-1 decoration-current\/40 hover:decoration-current focus:decoration-current\" href=\"https:\/\/www.acrn.fr\/it\/controllore-della-chiave-dinamometrica\/\">calibratore per chiavi dinamometriche<\/a><\/strong> \u2014 per verificare il valore di scatto delle vostre chiavi RSPK in produzione.<\/li>\n<li class=\"whitespace-normal break-words pl-2\">Il nostro <strong><a class=\"underline underline underline-offset-2 decoration-1 decoration-current\/40 hover:decoration-current focus:decoration-current\" href=\"https:\/\/www.acrn.fr\/it\/calibrazione-e-metrologia\/\">servizio di taratura e calibrazione<\/a><\/strong> \u2014 taratura di chiavi dinamometriche con certificato allegato.<\/li>\n<li class=\"whitespace-normal break-words pl-2\">La gamma <strong><a class=\"underline underline underline-offset-2 decoration-1 decoration-current\/40 hover:decoration-current focus:decoration-current\" href=\"https:\/\/www.acrn.fr\/it\/torsiometro\/\">di torsiometri e misuratori di coppia<\/a><\/strong> \u2014 per applicazioni che richiedono una misurazione visualizzata della coppia anzich\u00e9 un intervento a soglia preimpostata.<\/li>\n<\/ul>\n","protected":false},"excerpt":{"rendered":"<blockquote><p>Chiave dinamometrica con sblocco preimpostato<\/p><\/blockquote>\n<p class=\"font-claude-response-body break-words whitespace-normal leading-[1.7]\">La chiave dinamometrica RSPK \u00e8 una chiave a scatto con impostazione predefinita dotata di una testa ad anello chiuso inclinata di 45\u00b0. Questa particolare forma gli consente di raggiungere bulloni situati in spazi ristretti o ingombri, inaccessibili con una chiave dinamometrica a testa standard o una chiave fissa.<\/p>\n<p class=\"font-claude-response-body break-words whitespace-normal leading-[1.7]\">Il valore di coppia viene preimpostato in fabbrica o dall&#8217;utente per una combinazione fissa di dimensione del fissaggio e coppia di serraggio. Quando viene raggiunta la coppia preimpostata, l&#8217;innesco \u00e8 sia percettibile al tatto che udibile, confermando immediatamente all&#8217;operatore che il serraggio \u00e8 corretto, senza necessit\u00e0 di ulteriori verifiche. Il riarmo avviene automaticamente dopo ogni attivazione.<\/p>\n<p class=\"font-claude-response-body break-words whitespace-normal leading-[1.7]\">La gamma RSPK copre un intervallo di coppia compreso tra 0,5 e 430 N\u00b7m, con 10 modelli disponibili e un&#8217;ampia scelta di aperture delle forche (da 5,5 a 65 mm). \u00c8 disponibile con manico in metallo standard o con impugnatura in gomma (modello RSPKH) per un maggiore comfort in caso di uso intensivo.<\/p>\n","protected":false},"featured_media":11766,"template":"","meta":{"_acf_changed":false,"_et_pb_use_builder":"","_et_pb_old_content":"","_et_gb_content_width":""},"product_brand":[],"product_cat":[288],"product_tag":[],"class_list":{"0":"post-24119","1":"product","2":"type-product","3":"status-publish","4":"has-post-thumbnail","6":"product_cat-chiave-dinamometrica","8":"first","9":"instock","10":"shipping-taxable","11":"purchasable","12":"product-type-simple"},"acf":[],"_links":{"self":[{"href":"https:\/\/www.acrn.fr\/it\/wp-json\/wp\/v2\/product\/24119","targetHints":{"allow":["GET"]}}],"collection":[{"href":"https:\/\/www.acrn.fr\/it\/wp-json\/wp\/v2\/product"}],"about":[{"href":"https:\/\/www.acrn.fr\/it\/wp-json\/wp\/v2\/types\/product"}],"wp:featuredmedia":[{"embeddable":true,"href":"https:\/\/www.acrn.fr\/it\/wp-json\/wp\/v2\/media\/11766"}],"wp:attachment":[{"href":"https:\/\/www.acrn.fr\/it\/wp-json\/wp\/v2\/media?parent=24119"}],"wp:term":[{"taxonomy":"product_brand","embeddable":true,"href":"https:\/\/www.acrn.fr\/it\/wp-json\/wp\/v2\/product_brand?post=24119"},{"taxonomy":"product_cat","embeddable":true,"href":"https:\/\/www.acrn.fr\/it\/wp-json\/wp\/v2\/product_cat?post=24119"},{"taxonomy":"product_tag","embeddable":true,"href":"https:\/\/www.acrn.fr\/it\/wp-json\/wp\/v2\/product_tag?post=24119"}],"curies":[{"name":"wp","href":"https:\/\/api.w.org\/{rel}","templated":true}]}}