{"id":20531,"date":"2025-06-24T14:49:39","date_gmt":"2025-06-24T12:49:39","guid":{"rendered":"https:\/\/www.acrn.fr\/product\/torsiometri-digitali-skilltork-la-nuova-era-del-controllo-della-coppia\/"},"modified":"2025-12-05T10:14:10","modified_gmt":"2025-12-05T09:14:10","slug":"torsiometro-digitale-skilltork","status":"publish","type":"product","link":"https:\/\/www.acrn.fr\/it\/prodotto\/torsiometro-digitale-skilltork\/","title":{"rendered":"Torsiometro digitale SkillTork: la nuova era del controllo della coppia"},"content":{"rendered":"<p data-start=\"234\" data-end=\"307\"><span style=\"color: #000000;\">Scoprite il nostro nuovo torsiometri digitali skilltork.<\/span><\/p>\n<h2 data-start=\"234\" data-end=\"307\">\ud83e\uddea <span style=\"color: #215876;\"><strong>SkillTork<\/strong> \u2013<strong>Il torsiometro digitale intelligente e comunicante di nuova generazione<\/strong><\/span><\/h2>\n<h3><span style=\"color: #ee7f00;\"><strong>Che cos&#8217;\u00e8 SkillTork?<\/strong><\/span><\/h3>\n<p><span style=\"color: #000000;\">Il torsiometro digitale SkillTork \u00e8 il torsiometro di nuova generazione progettato da ACRN. La nostra nuova apparecchiatura ci permette di misurare la coppia di serraggio durante l&#8217;avvitamento e lo svitamento dei tappi delle confezioni avvitate. \u00c8 dotato di un sistema di serraggio e di un touchscreen intuitivo per un funzionamento facile e veloce. Diversi sistemi di serraggio, disponibili come opzioni, sono compatibili con le nostre apparecchiature e consentono un&#8217;adattabilit\u00e0 illimitata ai tipi di campioni analizzati, a seconda della loro altezza, del loro diametro, ecc.<\/span><\/p>\n<hr data-start=\"966\" data-end=\"969\" \/>\n<h2 data-start=\"971\" data-end=\"1008\">\ud83c\udfaf <span style=\"color: #215876;\"><strong>I principali vantaggi del torsiometro digitale SkillTork<\/strong><\/span><\/h2>\n<p><span style=\"color: #000000;\">Grazie alla nostra nuova apparecchiatura, potrete valutare la forza necessaria per aprire o chiudere un tappo e rilevare eventuali differenze di tenuta. Il torsiometro digitale SkillTork include anche la registrazione automatica dei risultati per ogni prodotto testato. <\/span><\/p>\n<p><span style=\"color: #000000;\">Grazie al nostro sistema di programmazione avanzato, potrete creare e registrare voi stessi le condizioni specifiche richieste per i vostri test.<\/span> <span style=\"color: #000000;\">Il nostro menu di rilevamento del sovraccarico, sviluppato dal nostro dipartimento di ricerca, pu\u00f2 essere utilizzato per rilevare se si \u00e8 verificata una malformazione del sensore durante i test.<\/span><\/p>\n<p><span style=\"color: #000000;\"> Se viene rilevato un danno al sensore, all&#8217;avvio del dispositivo viene visualizzata una notifica. Ci\u00f2 consente al nostro team di essere molto pi\u00f9 reattivo, in modo da restituirvi l&#8217;apparecchio il prima possibile dopo l&#8217;invio in riparazione.<\/span> <span style=\"color: #000000;\">Oltre al risparmio di tempo e alla garanzia di ripetibilit\u00e0, le nostre apparecchiature offrono molti altri vantaggi:<\/span><\/p>\n<ul>\n<li><span style=\"color: #000000;\">Un&#8217;interfaccia touch semplice per un apprendimento rapido<\/span><\/li>\n<li><span style=\"color: #000000;\">Statistiche integrate (media, min\/max, doppio picco)<\/span><\/li>\n<li><span style=\"color: #000000;\">Rilevamento automatico delle deviazioni di coppia (Pass\/Fail)<\/span><\/li>\n<li><span style=\"color: #000000;\">Compatibile con un&#8217;ampia gamma di chiusure: fiale, barattoli, tubi, lattine, bottiglie, ecc.<\/span><\/li>\n<li><span style=\"color: #000000;\">Integrit\u00e0 dei dati: analisi\/esportazione di risultati avanzati (USB)<\/span><\/li>\n<li><span style=\"color: #000000;\">Alimentazione a batteria, quindi portatile<\/span><\/li>\n<\/ul>\n<p>&nbsp;<\/p>\n<hr data-start=\"966\" data-end=\"969\" \/>\n<h2 data-start=\"1566\" data-end=\"1621\">\ud83d\udd2c<span style=\"color: #215876;\"><strong> I diversi test che possono essere eseguiti con il torsiometro digitale SkillTork<\/strong><\/span><\/h2>\n<h3 data-start=\"1623\" data-end=\"1643\">\ud83d\udd38 <span style=\"color: #95ccff;\"><strong>Il semplice test di misurazione<\/strong><\/span><\/h3>\n<p><span style=\"color: #000000;\">Misura della coppia di apertura e chiusura dei tappi di bottiglie, barattoli, tubi, ecc.<\/span><\/p>\n<h3 data-start=\"1623\" data-end=\"1643\">\ud83d\udd38 <span style=\"color: #95ccff;\"><strong>Il test del doppio picco<\/strong><\/span><\/h3>\n<p><span style=\"color: #000000;\">Misurazione comparata di due picchi di coppia (ad es. cali successivi o coppia di rottura seguita da slittamento)<\/span><\/p>\n<h3 data-start=\"1623\" data-end=\"1643\">\ud83d\udd38 <span style=\"color: #95ccff;\"><strong>Test Pass\/Fail<\/strong><\/span><\/h3>\n<p><span style=\"color: #000000;\">Conformit\u00e0 automatizzata con tolleranze personalizzabili<\/span><\/p>\n<h3 data-start=\"1623\" data-end=\"1643\">\ud83d\udd38 <span style=\"color: #95ccff;\"><strong>Test per ricetta di prodotto<\/strong><\/span><\/h3>\n<p><span style=\"color: #000000;\">Creazione di profili di prodotto con soglie memorizzate (illimitate), avvio rapido tramite semplice selezione<\/span><\/p>\n<h3 data-start=\"1623\" data-end=\"1643\">\ud83d\udd38 <span style=\"color: #95ccff;\"><strong>Gestione dei lotti<\/strong><\/span><\/h3>\n<p><span style=\"color: #000000;\">Risultati raggruppati per nome del lotto, esportabili per la tracciabilit\u00e0 o la verifica.<\/span><\/p>\n<hr data-start=\"966\" data-end=\"969\" \/>\n<h3 data-start=\"191\" data-end=\"497\"><span style=\"color: #ee7f00;\"><strong>Scegliere una maggiore precisione e ripetibilit\u00e0<\/strong><\/span> <span style=\"color: #ee7f00;\"><strong>con una versione motorizzata<\/strong><\/span><\/h3>\n<div class='content-column one_half'><p style=\"text-align: left;\" data-start=\"191\" data-end=\"497\"><span style=\"color: #000000;\">I nostri torsiometri manuali offrono una soluzione affidabile e intuitiva per misurare la coppia di avvitamento e di estrazione. Tuttavia, per soddisfare le crescenti esigenze di ripetibilit\u00e0 e facilit\u00e0 d&#8217;uso, \u00e8 possibile aggiornare il misuratore di coppia manuale a una versione motorizzata con il <a href=\"https:\/\/www.acrn.fr\/it\/prodotto\/misuratore-di-coppia-motorizzato-repeatork\/\"><strong data-start=\"481\" data-end=\"494\">RepeaTork<\/strong><\/a>.<\/span><\/p>\n<p style=\"text-align: left;\" data-start=\"499\" data-end=\"993\"><span style=\"color: #000000;\">Questo torsiometro motorizzato ha tutte le funzioni di un modello manuale, ma con l&#8217;aggiunta di una motorizzazione controllata per garantire misure pi\u00f9 coerenti, accurate e riproducibili. Dispone di tre modalit\u00e0 di funzionamento, adatte alle esigenze dei produttori di imballaggi:<\/span><\/p>\n<p style=\"text-align: left;\" data-start=\"499\" data-end=\"993\"><br data-start=\"793\" data-end=\"796\" \/><span style=\"color: #000000;\">\u2705 <span style=\"color: #ff0000;\"><strong data-start=\"798\" data-end=\"813\">Modalit\u00e0 semplice<\/strong><\/span> : avvitamento\/svitamento convenzionale<\/span><\/p>\n<p style=\"text-align: left;\" data-start=\"499\" data-end=\"993\"><br data-start=\"844\" data-end=\"847\" \/><span style=\"color: #000000;\">\u2705 <span style=\"color: #ff0000;\"><strong data-start=\"849\" data-end=\"864\">Modalit\u00e0 avanzata<\/strong><\/span> : controllo dell&#8217;angolo o della coppia<\/span><\/p>\n<p style=\"text-align: left;\" data-start=\"499\" data-end=\"993\"><br data-start=\"900\" data-end=\"903\" \/><span style=\"color: #000000;\">\u2705 <span style=\"color: #ff0000;\"><strong data-start=\"905\" data-end=\"921\">Modalit\u00e0 qualit\u00e0<\/strong><\/span> : controllare la coppia di apertura, quindi serrare nuovamente.<\/span><\/p>\n<p style=\"text-align: left;\" data-start=\"995\" data-end=\"1360\"><span style=\"color: #000000;\">Grazie a questo sviluppo, potrete beneficiare di un notevole risparmio di tempo, garantendo al contempo un controllo di qualit\u00e0 pi\u00f9 rigoroso e in linea con gli standard di mercato. Questa soluzione \u00e8 gi\u00e0 stata adottata da molti operatori dell&#8217;industria cosmetica, farmaceutica e alimentare, che cercano affidabilit\u00e0 ed efficienza nei loro processi di controllo. <\/span><\/p><\/div> <div class='content-column one_half last_column'><img decoding=\"async\" class=\"wp-image-20087 alignright\" src=\"https:\/\/www.acrn.fr\/wp-content\/uploads\/2025\/06\/skilltorksansfond-473x1024.png\" alt=\"\" width=\"297\" height=\"643\" data-wp-editing=\"1\" \/><\/div><div class='clear_column'><\/div><\/p>\n<p>Le nostre attrezzature sono in grado di soddisfare una vasta gamma di standard, tra cui:<\/p>\n<p>la norma <a href=\"https:\/\/store.astm.org\/d3474-90r18.html\" target=\"_blank\" rel=\"noopener\"><b class=\"sku\">ASTM D3474-90<\/b><\/a><\/p>\n<p>la norma <a href=\"https:\/\/store.astm.org\/d3198-97r02.html\" target=\"_blank\" rel=\"noopener\"><b class=\"sku\">ASTM D3198-97<\/b><\/a><\/p>\n","protected":false},"excerpt":{"rendered":"<blockquote><p>Misurazione della coppia di avvitamento e svitamento di tappi su imballaggi avvitati<\/p><\/blockquote>\n<p>Lo Skilltork \u00e8 un torsiometro digitale di nuova generazione progettato da ACRN.<\/p>\n<p>Questa apparecchiatura misura la forza necessaria per l&#8217;apertura e la chiusura, rileva eventuali deviazioni nel serraggio e registra automaticamente i risultati per ogni prodotto testato.<\/p>\n<p><a href=\"https:\/\/www.acrn.fr\/wp-content\/uploads\/2025\/12\/Scheda_Tecnica_SKILLTORK_V2.pdf\">Scheda tecnica Skilltork<\/a><\/p>\n<p>Date un&#8217;occhiata alla nostra pagina dei prodotti per saperne di pi\u00f9!<\/p>\n","protected":false},"featured_media":20779,"template":"","meta":{"_acf_changed":false,"_et_pb_use_builder":"off","_et_pb_old_content":"<h2 data-start=\"234\" data-end=\"307\">\ud83e\uddea <span style=\"color: #215876\"><strong>SkillTork<\/strong> \u2013 <strong>Il torsiometri digitali intelligente e comunicante di nuova generazione<\/strong><\/span><\/h2>\r\n<h3><span style=\"color: #ee7f00\"><strong>Che cos'\u00e8 SkillTork?<\/strong><\/span><\/h3>\r\n<span style=\"color: #000000\">SkillTork \u00e8 il torsiometri digitali di nuova generazione progettato da ACRN. La nostra nuova apparecchiatura ci permette di misurare la coppia di serraggio durante l'avvitamento e lo svitamento dei tappi delle confezioni avvitate. \u00c8 dotato di un sistema di serraggio e di un touchscreen intuitivo per un funzionamento facile e veloce. Diversi sistemi di serraggio, disponibili come opzioni, sono compatibili con le nostre apparecchiature e consentono un'adattabilit\u00e0 illimitata ai tipi di campioni analizzati, a seconda della loro altezza, del loro diametro, ecc.<\/span>\r\n\r\n<hr data-start=\"966\" data-end=\"969\">\r\n\r\n<h2 data-start=\"971\" data-end=\"1008\">\ud83c\udfaf <span style=\"color: #215876\"><strong>I principali vantaggi del torsiometro SkillTork<\/strong><\/span><\/h2>\r\n \r\n\r\n<span style=\"color: #000000\">Grazie alla nostra nuova apparecchiatura, potrete valutare la forza necessaria per aprire o chiudere un tappo e rilevare eventuali differenze di tenuta. Lo SkillTork dispone anche di una funzione di registrazione automatica dei risultati per ogni prodotto testato. Grazie al nostro sistema di programmazione avanzato, potrete creare e registrare voi stessi le condizioni specifiche richieste per i vostri test.<\/span>\r\n<span style=\"color: #000000\">Il nostro menu di rilevamento del sovraccarico, sviluppato dal nostro dipartimento di ricerca, pu\u00f2 essere utilizzato per rilevare se si \u00e8 verificata una malformazione del sensore durante i test. Se \u00e8 stato rilevato un danno al sensore, all'avvio del dispositivo viene visualizzata una notifica. Ci\u00f2 consente al nostro team di essere molto pi\u00f9 reattivo, in modo da restituirvi l'apparecchio il prima possibile dopo l'invio in riparazione.<\/span>\r\n<span style=\"color: #000000\">Oltre al risparmio di tempo e alla garanzia di ripetibilit\u00e0, le nostre apparecchiature offrono molti altri vantaggi:<\/span>\r\n\r\n \r\n<ul>\r\n \t<li><span style=\"color: #000000\">Un'interfaccia touch semplice per un apprendimento rapido<\/span><\/li>\r\n \t<li><span style=\"color: #000000\">Statistiche integrate (media, min\/max, doppio picco)<\/span><\/li>\r\n \t<li><span style=\"color: #000000\">Rilevamento automatico delle deviazioni di coppia (Pass\/Fail)<\/span><\/li>\r\n \t<li><span style=\"color: #000000\">Compatibile con un'ampia gamma di chiusure: fiale, barattoli, tubi, lattine, bottiglie, ecc.<\/span><\/li>\r\n \t<li><span style=\"color: #000000\">Integrit\u00e0 dei dati: analisi\/esportazione di risultati avanzati (USB)<\/span><\/li>\r\n \t<li><span style=\"color: #000000\">Alimentazione a batteria, quindi portatile<\/span><\/li>\r\n<\/ul>\r\n \r\n\r\n<hr data-start=\"966\" data-end=\"969\">\r\n\r\n<h2 data-start=\"1566\" data-end=\"1621\">\ud83d\udd2c<span style=\"color: #215876\"><strong> I diversi test che possono essere effettuati con SkillTork<\/strong><\/span><\/h2>\r\n<h3 data-start=\"1623\" data-end=\"1643\">\ud83d\udd38 <span style=\"color: #95ccff\"><strong>Il semplice test di misurazione<\/strong><\/span><\/h3>\r\n<span style=\"color: #000000\">Misura della coppia di apertura e chiusura dei tappi di bottiglie, barattoli, tubi, ecc.<\/span>\r\n<h3 data-start=\"1623\" data-end=\"1643\">\ud83d\udd38 <span style=\"color: #95ccff\"><strong>Il test del doppio picco<\/strong><\/span><\/h3>\r\n<span style=\"color: #000000\">Misurazione comparata di due picchi di coppia (ad es. cali successivi o coppia di rottura seguita da slittamento)<\/span>\r\n<h3 data-start=\"1623\" data-end=\"1643\">\ud83d\udd38 <span style=\"color: #95ccff\"><strong>Test Pass\/Fail<\/strong><\/span><\/h3>\r\n<span style=\"color: #000000\">Conformit\u00e0 automatizzata con tolleranze personalizzabili<\/span>\r\n<h3 data-start=\"1623\" data-end=\"1643\">\ud83d\udd38 <span style=\"color: #95ccff\"><strong>Test per ricetta di prodotto<\/strong><\/span><\/h3>\r\n<span style=\"color: #000000\">Creazione di profili di prodotto con soglie memorizzate (illimitate), avvio rapido tramite semplice selezione<\/span>\r\n<h3 data-start=\"1623\" data-end=\"1643\">\ud83d\udd38 <span style=\"color: #95ccff\"><strong>Gestione dei lotti<\/strong><\/span><\/h3>\r\n<span style=\"color: #000000\">Risultati raggruppati per nome del lotto, esportabili per la tracciabilit\u00e0 o la verifica.<\/span>\r\n\r\n \r\n\r\n<hr data-start=\"966\" data-end=\"969\">\r\n\r\n<h3 data-start=\"191\" data-end=\"497\"><span style=\"color: #ee7f00\"><strong>Optate per una maggiore precisione e ripetibilit\u00e0<\/strong><\/span>\r\n<span style=\"color: #ee7f00\"><strong>con una versione motorizzata<\/strong><\/span><\/h3>\r\n[one_half]\r\n<p style=\"text-align: left\" data-start=\"191\" data-end=\"497\"><span style=\"color: #000000\">I nostri torsiometri manuali offrono una soluzione affidabile e intuitiva per misurare la coppia di avvitamento e di estrazione. Tuttavia, per soddisfare le crescenti esigenze di ripetibilit\u00e0 e facilit\u00e0 d'uso, \u00e8 possibile aggiornare il torsiometro manuale a una versione motorizzata con il <strong data-start=\"481\" data-end=\"494\">RepeaTork<\/strong>. <\/span><\/p>\r\n<p style=\"text-align: left\" data-start=\"499\" data-end=\"993\"><span style=\"color: #000000\">Questo torsiometro motorizzato ha tutte le funzioni di un modello manuale, ma con l'aggiunta di una motorizzazione controllata per garantire misure pi\u00f9 coerenti, accurate e riproducibili. Dispone di tre modalit\u00e0 di funzionamento, adatte alle esigenze dei produttori di imballaggi:<\/span><\/p>\r\n<p style=\"text-align: left\" data-start=\"499\" data-end=\"993\"><br data-start=\"793\" data-end=\"796\"><span style=\"color: #000000\">\u2705 <span style=\"color: #ff0000\"><strong data-start=\"798\" data-end=\"813\">Modalit\u00e0 semplice<\/strong><\/span> : avvitamento\/svitamento convenzionale<\/span><\/p>\r\n<p style=\"text-align: left\" data-start=\"499\" data-end=\"993\"><br data-start=\"844\" data-end=\"847\"><span style=\"color: #000000\">\u2705 <span style=\"color: #ff0000\"><strong data-start=\"849\" data-end=\"864\">Modalit\u00e0 avanzata<\/strong><\/span> : controllo dell'angolo o della coppia<\/span><\/p>\r\n<p style=\"text-align: left\" data-start=\"499\" data-end=\"993\"><br data-start=\"900\" data-end=\"903\"><span style=\"color: #000000\">\u2705 <span style=\"color: #ff0000\"><strong data-start=\"905\" data-end=\"921\">Mode qualit\u00e9<\/strong><\/span> : v\u00e9rification du couple d\u2019ouverture suivie d\u2019un revissage au couple.<\/span><\/p>\r\n<p style=\"text-align: left\" data-start=\"995\" data-end=\"1360\"><span style=\"color: #000000\">Grazie a questo sviluppo, potrete beneficiare di un notevole risparmio di tempo, garantendo al contempo un controllo di qualit\u00e0 pi\u00f9 rigoroso e in linea con gli standard di mercato. Questa soluzione \u00e8 gi\u00e0 stata adottata da molti operatori dell'industria cosmetica, farmaceutica e alimentare, che cercano affidabilit\u00e0 ed efficienza nei loro processi di controllo. <\/span><\/p>\r\n[\/one_half]\r\n\r\n[one_half_last]\r\n\r\n<img class=\"alignnone wp-image-20078 size-full\" src=\"https:\/\/www.acrn.fr\/wp-content\/uploads\/2025\/06\/ReapeatorkSkilttorksansfond-scaled.png\" alt=\"SkillTork motorizzato\" width=\"2880\" height=\"2160\">\r\n\r\n[\/one_half_last]\r\n\r\n ","_et_gb_content_width":""},"product_brand":[],"product_cat":[290],"product_tag":[],"class_list":{"0":"post-20531","1":"product","2":"type-product","3":"status-publish","4":"has-post-thumbnail","6":"product_cat-torsiometro-it","8":"first","9":"outofstock","10":"shipping-taxable","11":"purchasable","12":"product-type-variable"},"acf":[],"_links":{"self":[{"href":"https:\/\/www.acrn.fr\/it\/wp-json\/wp\/v2\/product\/20531","targetHints":{"allow":["GET"]}}],"collection":[{"href":"https:\/\/www.acrn.fr\/it\/wp-json\/wp\/v2\/product"}],"about":[{"href":"https:\/\/www.acrn.fr\/it\/wp-json\/wp\/v2\/types\/product"}],"wp:featuredmedia":[{"embeddable":true,"href":"https:\/\/www.acrn.fr\/it\/wp-json\/wp\/v2\/media\/20779"}],"wp:attachment":[{"href":"https:\/\/www.acrn.fr\/it\/wp-json\/wp\/v2\/media?parent=20531"}],"wp:term":[{"taxonomy":"product_brand","embeddable":true,"href":"https:\/\/www.acrn.fr\/it\/wp-json\/wp\/v2\/product_brand?post=20531"},{"taxonomy":"product_cat","embeddable":true,"href":"https:\/\/www.acrn.fr\/it\/wp-json\/wp\/v2\/product_cat?post=20531"},{"taxonomy":"product_tag","embeddable":true,"href":"https:\/\/www.acrn.fr\/it\/wp-json\/wp\/v2\/product_tag?post=20531"}],"curies":[{"name":"wp","href":"https:\/\/api.w.org\/{rel}","templated":true}]}}