{"id":15379,"date":"2024-10-09T15:08:00","date_gmt":"2024-10-09T13:08:00","guid":{"rendered":"https:\/\/www.acrn.fr\/product\/tester-di-tenuta-acrn-tube-crusher\/"},"modified":"2025-12-02T15:19:44","modified_gmt":"2025-12-02T14:19:44","slug":"tester-di-tenuta-acrn-tube-crusher","status":"publish","type":"product","link":"https:\/\/www.acrn.fr\/it\/prodotto\/tester-di-tenuta-acrn-tube-crusher\/","title":{"rendered":"Tester di tenuta &#8211; TubeCrusher"},"content":{"rendered":"<h2><strong>PouchTube &#8211; Tester di tenuta<\/strong><\/h2>\n<p>Il <strong>Tube Crusher<\/strong>, <strong>un tester di saldatura per tubi e buste<\/strong>, \u00e8 un pezzo essenziale dell&#8217;attrezzatura per il controllo della qualit\u00e0 degli imballaggi. Pu\u00f2 essere utilizzato per testare l&#8217;integrit\u00e0 delle saldature su tubi, buste o sacchetti. Adatto sia alla produzione che al laboratorio, il Tube Crusher garantisce risultati affidabili e ripetibili. Questo tester controlla rapidamente la qualit\u00e0 delle saldature per evitare difetti di termosaldatura e il rischio di perdite.<\/p>\n<h3><strong>Vantaggi principali :<\/strong><\/h3>\n<ul>\n<li><strong>Test veloci e affidabili :<\/strong> i test sono semplici, robusti e ripetibili. Ci\u00f2 significa che la saldatura pu\u00f2 essere controllata rapidamente.<\/li>\n<li><strong>Versatilit\u00e0 :<\/strong> \u00e8 adatto a un&#8217;ampia gamma di test, tra cui resistenza allo schiacciamento, prove di stress e prove di tenuta.<\/li>\n<li><strong>Adatto alla produzione :<\/strong> dal design ergonomico, il <strong>tester di tenuta<\/strong> si integra facilmente negli ambienti di produzione.<\/li>\n<li><strong>Tracciabilit\u00e0 completa :<\/strong> esportazione dei risultati via USB o TCPIP, con compatibilit\u00e0 con i sistemi SPC (Freeweigh, SAP).<\/li>\n<li><strong>Non richiede manutenzione :<\/strong> il frantoio tubolare \u00e8 durevole e non richiede una manutenzione regolare, riducendo cos\u00ec i costi.<\/li>\n<li><strong>Modularit\u00e0 : <\/strong>le presse sono intercambiabili a seconda dell&#8217;imballaggio testato, garantendo la massima flessibilit\u00e0.<\/li>\n<li><strong>Sicurezza e conformit\u00e0 :<\/strong> gestione degli accessi degli utenti e inviolabilit\u00e0 dei dati tramite audit trail e backup automatico.<\/li>\n<\/ul>\n<h4><strong>Ampie possibilit\u00e0 di test :<\/strong><\/h4>\n<p>Il <strong> TubeCrusher<\/strong>, un tester di saldatura per tubi e sacchi, offre un&#8217;ampia gamma di test per soddisfare esigenze specifiche:<\/p>\n<ul>\n<li><strong>Test di resistenza allo schiacciamento :<\/strong> Verifica dell&#8217;integrit\u00e0 della saldatura sotto pressione.<\/li>\n<li><strong>Test ciclico :<\/strong> simulazione di cicli di apertura e chiusura per testare la durata dell&#8217;imballaggio.<\/li>\n<li><strong>Test manuale\/pressione interna :<\/strong> misura precisa della pressione interna dei campioni.<\/li>\n<li><strong>Test su misura :<\/strong> test personalizzati in base alle esigenze dei clienti.<\/li>\n<li><strong>Test sulle scale :<\/strong> esecuzione di test di sviluppo per determinare i valori di conformit\u00e0 del prodotto.<\/li>\n<\/ul>\n<h3><strong>tester di tenuta<\/strong> viene fornito con :<\/h3>\n<ul>\n<li>Un <strong>certificato di calibrazione<\/strong> LNE\/COFRAC, che garantisce la conformit\u00e0 dei test effettuati.<\/li>\n<li>Un <strong>pressore standard<\/strong> per le provette.<\/li>\n<li>Un <strong>layout interno<\/strong> con arresto regolabile per un posizionamento preciso dei campioni.<\/li>\n<\/ul>\n<h4><strong>Applicazioni del tester di tenuta :<\/strong><\/h4>\n<p>Il <strong>Tube Crusher<\/strong>, un tester di saldatura per tubi e buste, viene utilizzato in molti settori industriali per garantire la qualit\u00e0 delle saldature, prevenire le perdite e assicurare l&#8217;integrit\u00e0 degli imballaggi. Questo versatile tester contribuisce a garantire la conformit\u00e0 e la sicurezza dei prodotti.<\/p>\n[et_pb_section global_module=\"14170\"][\/et_pb_section]\n<p><iframe title=\"Schiacciatubi ACRN \u2013 Prova di resistenza e pressione dei tubi flessibili (PouchTube)\" width=\"1080\" height=\"608\" src=\"https:\/\/www.youtube.com\/embed\/ePEoDaPXG7Q?feature=oembed&#038;enablejsapi=1&#038;origin=https:\/\/www.acrn.fr\"  allow=\"accelerometer; autoplay; clipboard-write; encrypted-media; gyroscope; picture-in-picture; web-share\" referrerpolicy=\"strict-origin-when-cross-origin\" allowfullscreen><\/iframe><\/p>\n","protected":false},"excerpt":{"rendered":"<blockquote><p>Tester di tenuta<\/p><\/blockquote>\n<p style=\"text-align: left;\">Il PouchTube Tester pu\u00f2 essere utilizzato per verificare la resistenza di tubetti, buste e altre ricariche direttamente ai margini della linea di produzione o in laboratorio. Pu\u00f2 essere utilizzato per sostituire i tester di saldatura per tubi ATS.<\/p>\n<p>Durante la saldatura a caldo, possono comparire difetti nella saldatura a causa delle temperature degli elettrodi e della presenza di impurit\u00e0.<\/p>\n<p>Il test di resistenza allo schiacciamento serve a verificare l&#8217;integrit\u00e0 della saldatura sul campione e quindi l&#8217;assenza di perdite o microperdite.<\/p>\n<p>Questo test \u00e8 essenziale per garantire che il campione sia saldato correttamente.<\/p>\n<p><a href=\"https:\/\/www.acrn.fr\/wp-content\/uploads\/2025\/01\/Fiche_Technique_PouchTubeTester_FR_V2.pdf\">Scheda tecnica del PouchTubeTester<\/a><\/p>\n","protected":false},"featured_media":14166,"template":"","meta":{"_acf_changed":false,"_et_pb_use_builder":"off","_et_pb_old_content":"<h2><strong>CrushTube - Tester di saldatura per tubi e sacchetti<\/strong><\/h2>\r\n<strong>\u00c9craseTube<\/strong>, <strong>un tester di saldatura per tubi e sacchetti<\/strong>, \u00e8 un pezzo essenziale dell'attrezzatura per il controllo della qualit\u00e0 degli imballaggi. Pu\u00f2 essere utilizzato per verificare l'integrit\u00e0 delle saldature su tubi, sacchetti o buste. Adatto sia alla produzione che al laboratorio, \u00c9craseTube garantisce risultati affidabili e ripetibili. Questo tester verifica rapidamente la qualit\u00e0 delle saldature per evitare difetti di termosaldatura e il rischio di perdite.   \r\n<h3><strong>Vantaggi principali :<\/strong><\/h3>\r\n<ul>\r\n \t<li><strong>Test veloci e affidabili :<\/strong> i test sono semplici, robusti e ripetibili. Ci\u00f2 significa che la saldatura pu\u00f2 essere controllata rapidamente. <\/li>\r\n \t<li><strong>Versatilit\u00e0 :<\/strong> \u00e8 adatto a un'ampia gamma di test, tra cui resistenza allo schiacciamento, prove di stress e prove di tenuta.<\/li>\r\n \t<li><strong>Adattato alla produzione :<\/strong> dal design ergonomico, <strong>\u00c9craseTube<\/strong> si integra facilmente negli ambienti di produzione.<\/li>\r\n \t<li><strong>Tracciabilit\u00e0 completa :<\/strong> esportazione dei risultati via USB o TCPIP, con compatibilit\u00e0 con i sistemi SPC (Freeweigh, SAP).<\/li>\r\n \t<li><strong>Non richiede manutenzione :<\/strong> il frantoio a tubo \u00e8 durevole e non richiede una manutenzione regolare, riducendo cos\u00ec i costi.<\/li>\r\n \t<li><strong>Modularit\u00e0 : <\/strong>le presse sono intercambiabili a seconda dell'imballaggio testato, garantendo la massima flessibilit\u00e0.<\/li>\r\n \t<li><strong>Sicurezza e conformit\u00e0 :<\/strong> gestione degli accessi degli utenti e inviolabilit\u00e0 dei dati tramite audit trail e backup automatico.<\/li>\r\n<\/ul>\r\n<h4><strong>Ampie possibilit\u00e0 di test :<\/strong><\/h4>\r\n<strong>TubeCrusher<\/strong>, un tester di saldatura per tubi e sacchi, offre un'ampia gamma di test per soddisfare esigenze specifiche:\r\n<ul>\r\n \t<li><strong>Test di resistenza allo schiacciamento :<\/strong> Verifica dell'integrit\u00e0 della saldatura sotto pressione.<\/li>\r\n \t<li><strong>Test ciclico :<\/strong> simulazione di cicli di apertura e chiusura per testare la durata dell'imballaggio.<\/li>\r\n \t<li><strong>Test manuale\/pressione interna :<\/strong> misura precisa della pressione interna dei campioni.<\/li>\r\n \t<li><strong>Test su misura :<\/strong> test personalizzati in base alle esigenze dei clienti.<\/li>\r\n \t<li><strong>Test sulle scale :<\/strong> esecuzione di test di sviluppo per determinare i valori di conformit\u00e0 del prodotto.<\/li>\r\n<\/ul>\r\n<h3><strong>tester di tenuta<\/strong> viene fornito con :<\/h3>\r\n<ul>\r\n \t<li>Un <strong>certificato di calibrazione<\/strong> LNE\/COFRAC, che garantisce la conformit\u00e0 dei test effettuati.<\/li>\r\n \t<li>Un <strong>pressore standard<\/strong> per le provette.<\/li>\r\n \t<li>Un <strong>layout interno<\/strong> con arresto regolabile per un posizionamento preciso dei campioni.<\/li>\r\n<\/ul>\r\n<h4><strong>Applicazioni del tester di tenuta :<\/strong><\/h4>\r\nIl <strong>Tube Crusher<\/strong>, un tester di saldatura per tubi e buste, \u00e8 utilizzato in molti settori industriali per garantire la qualit\u00e0 delle saldature, prevenire le perdite e assicurare l'integrit\u00e0 degli imballaggi. Questo versatile tester contribuisce a garantire la conformit\u00e0 e la sicurezza dei prodotti. ","_et_gb_content_width":""},"product_brand":[],"product_cat":[282],"product_tag":[],"class_list":{"0":"post-15379","1":"product","2":"type-product","3":"status-publish","4":"has-post-thumbnail","6":"product_cat-prova-di-tenuta-di-tubi-doypack-e-manicotti","8":"first","9":"instock","10":"shipping-taxable","11":"purchasable","12":"product-type-simple"},"acf":[],"_links":{"self":[{"href":"https:\/\/www.acrn.fr\/it\/wp-json\/wp\/v2\/product\/15379","targetHints":{"allow":["GET"]}}],"collection":[{"href":"https:\/\/www.acrn.fr\/it\/wp-json\/wp\/v2\/product"}],"about":[{"href":"https:\/\/www.acrn.fr\/it\/wp-json\/wp\/v2\/types\/product"}],"wp:featuredmedia":[{"embeddable":true,"href":"https:\/\/www.acrn.fr\/it\/wp-json\/wp\/v2\/media\/14166"}],"wp:attachment":[{"href":"https:\/\/www.acrn.fr\/it\/wp-json\/wp\/v2\/media?parent=15379"}],"wp:term":[{"taxonomy":"product_brand","embeddable":true,"href":"https:\/\/www.acrn.fr\/it\/wp-json\/wp\/v2\/product_brand?post=15379"},{"taxonomy":"product_cat","embeddable":true,"href":"https:\/\/www.acrn.fr\/it\/wp-json\/wp\/v2\/product_cat?post=15379"},{"taxonomy":"product_tag","embeddable":true,"href":"https:\/\/www.acrn.fr\/it\/wp-json\/wp\/v2\/product_tag?post=15379"}],"curies":[{"name":"wp","href":"https:\/\/api.w.org\/{rel}","templated":true}]}}