{"id":13100,"date":"2023-03-21T10:18:22","date_gmt":"2023-03-21T09:18:22","guid":{"rendered":"https:\/\/www.acrn.fr\/?post_type=product&#038;p=13100"},"modified":"2025-01-07T11:17:38","modified_gmt":"2025-01-07T10:17:38","slug":"lettura-console-vfti","status":"publish","type":"product","link":"https:\/\/www.acrn.fr\/it\/prodotto\/lettura-console-vfti\/","title":{"rendered":"Console di riproduzione VFTI"},"content":{"rendered":"<h3>Un dispositivo che offre ergonomia e precisione<\/h3>\n<p style=\"text-align: justify;\">La console di misura VFTI \u00e8 dotata di un touch screen e di una serie di funzioni innovative per soddisfare i requisiti chiave della maggior parte delle applicazioni <strong>di misura della forza e della coppia<\/strong>.<\/p>\n<p style=\"text-align: justify;\">\u00c8 collegato tramite un adattatore specifico ai vari <a href=\"https:\/\/www.acrn.fr\/it\/categoria-di-prodotto\/sensori-e-strumentazione\/sensore-di-forza\/\">sensori di forza<\/a> e di coppia. Grazie al riconoscimento automatico dei parametri di calibrazione di tutti i sensori, \u00e8 possibile effettuare misure con la massima precisione e sensibilit\u00e0 possibile.<\/p>\n<p style=\"text-align: justify;\">L&#8217;involucro in alluminio robusto e leggero e la batteria ricaricabile agli ioni di litio incorporata conferiscono al visualizzatore di coppia e forza VFTI una lunga durata. <strong>ergonomia<\/strong> ideale per l&#8217;uso come dispositivo portatile sia in fabbrica che fuori. Pu\u00f2 anche essere integrato in un banco di prova come dispositivo di misura da utilizzare nei laboratori di produzione, controllo qualit\u00e0 o ricerca e sviluppo.<\/p>\n<h3>Dotato di tecnologia Vector OS<\/h3>\n<p style=\"text-align: justify;\">Il touch screen da 5&#8243; funziona con il sistema operativo Vector OS: un&#8217;interfaccia che semplifica l&#8217;uso per tutti gli utenti. \u00c8 sufficiente far scorrere il dito sullo schermo per accedere ai menu di configurazione e configurare i test avanzati selezionando dall&#8217;elenco delle funzioni guidate dalle icone. \u00c8 possibile configurare la visualizzazione in modo da includere solo le opzioni desiderate. Pizzicare e zoomare lo schermo per espandere il grafico in tempo reale.<\/p>\n<h3>Caratteristiche<\/h3>\n<p>Questa apparecchiatura offre funzionalit\u00e0 di test e capacit\u00e0 di analisi dei dati migliorate:<\/p>\n<ul>\n<li>Modalit\u00e0 grafica: identificare gli eventi critici del test utilizzando una curva generata in diretta sullo schermo<\/li>\n<li>Acquisizione dei picchi: registrare i valori chiave di un test, come il primo e l&#8217;ultimo picco.<\/li>\n<li>Acquisizione precisa delle forze di rottura grazie all&#8217;elevata velocit\u00e0 di acquisizione<\/li>\n<li>Gli operatori sono avvisati del successo o del fallimento di un test da un allarme visivo.<\/li>\n<li>Il rischio di danni accidentali alla cella di carico \u00e8 ridotto al minimo grazie al sistema di avviso di sovraccarico.<\/li>\n<li>Memoria integrata per la memorizzazione dei risultati<\/li>\n<li>Esportazione dei dati tramite computer o stampante<\/li>\n<\/ul>\n<h3>Caratteristiche<\/h3>\n<p style=\"text-align: justify;\">La console di riproduzione VFTI ha un display a due zone, con la zona superiore che visualizza chiaramente <strong>i valori di picco<\/strong> in un&#8217;unit\u00e0 di misura preselezionata. La zona inferiore disegna un <strong>grafico<\/strong> in tempo reale della forza o della coppia. In questo modo \u00e8 facile identificare gli eventi critici, che non possono essere determinati solo da un valore di picco. Il layout dell&#8217;area inferiore pu\u00f2 essere modificato per visualizzare una panoramica statistica, che calcola il massimo, il minimo, la media e la deviazione standard dei valori di picco acquisiti e memorizzati nella memoria interna dell&#8217;apparecchiatura.<\/p>\n","protected":false},"excerpt":{"rendered":"<blockquote><p>La console di riproduzione di ultima generazione<\/p><\/blockquote>\n<p style=\"text-align: justify;\">La console di lettura VFTI \u00e8 dotata di un potente e versatile touchscreen e pu\u00f2 essere utilizzata con sensori di forza e di coppia. \u00c8 ideale per i test in cui precisione e flessibilit\u00e0 sono requisiti fondamentali.<\/p>\n<p style=\"text-align: justify;\">Basata sulla piattaforma Vector OS, questa console di lettura riconosce istantaneamente i sensori collegati senza l&#8217;intervento dell&#8217;operatore. Ideale come dispositivo portatile per i test in movimento o come strumento di misura integrato nel proprio banco di prova.<\/p>\n","protected":false},"featured_media":12563,"template":"","meta":{"_acf_changed":false,"_et_pb_use_builder":"","_et_pb_old_content":"","_et_gb_content_width":""},"product_brand":[],"product_cat":[309],"product_tag":[],"class_list":{"0":"post-13100","1":"product","2":"type-product","3":"status-publish","4":"has-post-thumbnail","6":"product_cat-console-di-misura-e-acquisizione","8":"first","9":"instock","10":"shipping-taxable","11":"purchasable","12":"product-type-simple"},"acf":[],"_links":{"self":[{"href":"https:\/\/www.acrn.fr\/it\/wp-json\/wp\/v2\/product\/13100","targetHints":{"allow":["GET"]}}],"collection":[{"href":"https:\/\/www.acrn.fr\/it\/wp-json\/wp\/v2\/product"}],"about":[{"href":"https:\/\/www.acrn.fr\/it\/wp-json\/wp\/v2\/types\/product"}],"wp:featuredmedia":[{"embeddable":true,"href":"https:\/\/www.acrn.fr\/it\/wp-json\/wp\/v2\/media\/12563"}],"wp:attachment":[{"href":"https:\/\/www.acrn.fr\/it\/wp-json\/wp\/v2\/media?parent=13100"}],"wp:term":[{"taxonomy":"product_brand","embeddable":true,"href":"https:\/\/www.acrn.fr\/it\/wp-json\/wp\/v2\/product_brand?post=13100"},{"taxonomy":"product_cat","embeddable":true,"href":"https:\/\/www.acrn.fr\/it\/wp-json\/wp\/v2\/product_cat?post=13100"},{"taxonomy":"product_tag","embeddable":true,"href":"https:\/\/www.acrn.fr\/it\/wp-json\/wp\/v2\/product_tag?post=13100"}],"curies":[{"name":"wp","href":"https:\/\/api.w.org\/{rel}","templated":true}]}}