{"id":12344,"date":"2020-09-29T19:33:53","date_gmt":"2020-09-29T19:33:53","guid":{"rendered":"https:\/\/www.acrn.fr\/product\/camera-di-prova-di-tenuta-cts"},"modified":"2026-01-05T15:33:51","modified_gmt":"2026-01-05T14:33:51","slug":"camera-a-vuoto-cts","status":"publish","type":"product","link":"https:\/\/www.acrn.fr\/it\/prodotto\/camera-a-vuoto-cts\/","title":{"rendered":"Camera a vuoto CTS"},"content":{"rendered":"<h2><strong>Il modello base &#8211; camera a vuoto CTS<\/strong><\/h2>\n<p>Il modello elementare CTS, come il CTE, \u00e8 progettato per testare la tenuta di imballaggi industriali come fiale, bottiglie, flaconi e altri contenitori ermetici. Come <strong>camera a vuoto<\/strong>, questa apparecchiatura garantisce l&#8217;affidabilit\u00e0 dei prodotti sigillati. Ci\u00f2 \u00e8 particolarmente importante in settori come la lavorazione degli alimenti, i cosmetici e i prodotti farmaceutici.<\/p>\n<h2><strong>Caratteristiche tecniche della camera per vuoto CTS<\/strong><\/h2>\n<p>Il modello CTS \u00e8 dotato di un sistema completamente pneumatico. Ci\u00f2 consente di creare una depressione in modo rapido ed efficiente. Ecco le caratteristiche principali di questa <strong>camera a vuoto<\/strong>:<\/p>\n<ul>\n<li><strong>Sistema pneumatico integrato<\/strong>: consente di aspirare senza componenti elettrici, rendendolo sicuro e robusto per gli ambienti industriali.<\/li>\n<li><strong>Valvola di controllo dell&#8217;aria compressa:<\/strong> questa valvola limita il flusso in entrata per garantire un controllo preciso della pressione.<\/li>\n<li><strong>Manometro ad ago: <\/strong> monitora continuamente la pressione per prevenire eventuali guasti.<\/li>\n<li><strong>Pompa per vuoto<\/strong> opzionale: disponibile nella versione con pompa per vuoto integrata per accelerare la generazione del vuoto.<\/li>\n<\/ul>\n<h2><strong>Applicazioni della camera del vuoto<\/strong><\/h2>\n<p>Questa <strong>camera a vuoto<\/strong> \u00e8 utilizzata in molti settori in cui l&#8217;integrit\u00e0 dell&#8217;imballaggio \u00e8 essenziale. Ad esempio, nell&#8217;industria alimentare, i prodotti devono essere conservati sotto vuoto. Allo stesso modo, per i dispositivi medici \u00e8 fondamentale che rimangano sterili. Il modello CTS soddisfa i requisiti pi\u00f9 severi per le prove di tenuta.<\/p>\n<h2><strong>Perch\u00e9 scegliere il modello CTS?<\/strong><\/h2>\n<p>Il modello CTS non offre solo prestazioni elevate. \u00c8 inoltre rinomata per la sua durata e affidabilit\u00e0. Progettato per ambienti di produzione intensiva, richiede poca manutenzione. Questo lo rende una scelta ideale per le aziende che vogliono ridurre i tempi di inattivit\u00e0 e i costi di manutenzione. Inoltre, grazie al funzionamento pneumatico, \u00e8 ecologico ed efficiente dal punto di vista energetico.<\/p>\n<h2><strong>Domande frequenti sulla camera di vuoto CTS<\/strong><\/h2>\n<ol>\n<li><strong>Quali dimensioni di imballaggio pu\u00f2 testare la camera del vuoto?<\/strong> <strong>La camera a vuoto<\/strong> CTS \u00e8 compatibile con un&#8217;ampia gamma di confezioni, dalle piccole fiale alle grandi bottiglie industriali.<\/li>\n<li><strong>Quali sono i vantaggi di scegliere un modello completamente pneumatico?<\/strong> Un sistema pneumatico garantisce una maggiore sicurezza, soprattutto in ambienti in cui i componenti elettrici possono rappresentare un rischio.<\/li>\n<\/ol>\n<h3><strong>Vantaggi<\/strong><\/h3>\n<ul>\n<li>Completamente pneumatico<\/li>\n<li>Nessuna manutenzione<\/li>\n<li>Intuitivo e facile da usare<\/li>\n<li>Possibilit\u00e0 di alloggiamento personalizzato, adattato alle esigenze del cliente<\/li>\n<\/ul>\n<h3>Informazioni tecniche<\/h3>\n<table style=\"border-collapse: collapse; width: 106.393%; height: 254px;\">\n<tbody>\n<tr style=\"height: 23px;\">\n<td style=\"width: 50%; height: 23px;\">Camera<\/td>\n<td style=\"width: 50%; height: 23px;\">Camera in PMMA trasparente incernierato<\/td>\n<\/tr>\n<tr style=\"height: 23px;\">\n<td style=\"width: 50%; height: 23px;\">Campo di misura e precisione<\/td>\n<td style=\"width: 50%; height: 23px;\">Da -0,1 a -0,85 Bar (pressione relativa) come standard. Precisione + \/ -2 %.<\/td>\n<\/tr>\n<tr style=\"height: 23px;\">\n<td style=\"width: 50%; height: 23px;\">Dimensioni utili<\/td>\n<td style=\"width: 50%; height: 23px;\">A seconda delle dimensioni dell&#8217;alloggiamento<\/td>\n<\/tr>\n<tr style=\"height: 23px;\">\n<td style=\"width: 50%; height: 23px;\">Leggere la depressione<\/td>\n<td style=\"width: 50%; height: 23px;\">Manometro ad ago con risoluzione di 50 mbar<\/td>\n<\/tr>\n<tr style=\"height: 23px;\">\n<td style=\"width: 50%; height: 23px;\">Unit\u00e0<\/td>\n<td style=\"width: 50%; height: 23px;\">Bar, Psi<\/td>\n<\/tr>\n<tr style=\"height: 23px;\">\n<td style=\"width: 50%; height: 23px;\">Alimentazione<\/td>\n<td style=\"width: 50%; height: 23px;\">Aria compressa da 6 a 8 bar collegata con tubo Rislan\u00ae da 8 mm \/ Pompa per vuoto<\/td>\n<\/tr>\n<tr style=\"height: 23px;\">\n<td style=\"width: 50%; height: 23px;\">Regolazione del vuoto<\/td>\n<td style=\"width: 50%; height: 23px;\">Valvola di espansione con filtro<\/td>\n<\/tr>\n<tr style=\"height: 23px;\">\n<td style=\"width: 50%; height: 23px;\">Durata della depressione<\/td>\n<td style=\"width: 50%; height: 23px;\">Ritardo regolabile da 0 a 999 secondi<\/td>\n<\/tr>\n<tr style=\"height: 23px;\">\n<td style=\"width: 50%; height: 23px;\">Principio del test<\/td>\n<td style=\"width: 50%; height: 23px;\">Visivo<\/td>\n<\/tr>\n<tr style=\"height: 23px;\">\n<td style=\"width: 50%; height: 23px;\">Temperatura<\/td>\n<td style=\"width: 50%; height: 23px;\">Da 0 a 40\u00b0C<\/td>\n<\/tr>\n<tr style=\"height: 24px;\">\n<td style=\"width: 50%; height: 24px;\">Standard<\/td>\n<td style=\"width: 50%; height: 24px;\">ASTM D4991, ASTM D5094, ASTM D4169, EN14401, DIN55528<\/td>\n<\/tr>\n<\/tbody>\n<\/table>\n<h3>Opzioni<\/h3>\n<table style=\"border-collapse: collapse; width: 100%;\">\n<tbody>\n<tr>\n<td style=\"width: 100%;\">Diminuzione del tempo di depressione<\/td>\n<\/tr>\n<tr>\n<td style=\"width: 100%;\">Valvola di scarico dell&#8217;aria per un facile ritorno all&#8217;AP<\/td>\n<\/tr>\n<tr>\n<td style=\"width: 100%;\">Molle a gas di sicurezza<\/td>\n<\/tr>\n<tr>\n<td style=\"width: 100%;\">Manovacuometro con ago con migliore risoluzione<\/td>\n<\/tr>\n<tr>\n<td style=\"width: 100%;\">Pompa per vuoto che sostituisce l&#8217;aria compressa<\/td>\n<\/tr>\n<\/tbody>\n<\/table>\n<h3>Consegnato con<\/h3>\n<p>Un certificato di calibrazione collegato all&#8217;LNE \/ COFRAC<\/p>\n","protected":false},"excerpt":{"rendered":"<blockquote><p>Il modello di base<\/p><\/blockquote>\n<p>La Camera a vuoto CTS consente, al pari della <a href=\"https:\/\/www.acrn.fr\/it\/?attachment_id=5076\">CTE<\/a>, di testare la tenuta degli imballaggi industriali come flaconi, bottiglie, fiale, ecc.<\/p>\n<p>Adatto agli ambienti di produzione, presenta solo un sistema completamente pneumatico, in grado di creare il vuoto, una valvola di controllo dell&#8217;aria compressa per limitare il flusso in entrata e un manometro ad ago.<\/p>\n<p>Questo modello \u00e8 disponibile con un sistema di pompa per il vuoto.<\/p>\n<p><a href=\"https:\/\/www.acrn.fr\/wp-content\/uploads\/2026\/01\/SCHEDA_TECNICA_CTS-1.pdf\" target=\"_blank\" rel=\"nofollow noopener\">Scheda tecnica CTS<\/a><\/p>\n<p>&nbsp;<\/p>\n","protected":false},"featured_media":21663,"template":"","meta":{"_acf_changed":false,"_et_pb_use_builder":"off","_et_pb_old_content":"<h2><strong>Il modello base - camera a vuoto CTS<\/strong><\/h2>\r\nIl modello elementare CTS, come il CTE, \u00e8 progettato per testare la tenuta di imballaggi industriali come fiale, bottiglie, flaconi e altri contenitori ermetici. Come <strong>camera a vuoto<\/strong>, questa apparecchiatura garantisce l'affidabilit\u00e0 dei prodotti sigillati. Ci\u00f2 \u00e8 particolarmente importante in settori come la lavorazione degli alimenti, i cosmetici e i prodotti farmaceutici.\r\n<h2><strong>Caratteristiche tecniche della camera per vuoto CTS<\/strong><\/h2>\r\nIl modello CTS \u00e8 dotato di un sistema completamente pneumatico. Ci\u00f2 consente di creare una depressione in modo rapido ed efficiente. Ecco le caratteristiche principali di questa <strong>camera a vuoto<\/strong>:\r\n<ul>\r\n \t<li><strong>Sistema pneumatico integrato<\/strong>: consente di aspirare senza componenti elettrici, rendendolo sicuro e robusto per gli ambienti industriali.<\/li>\r\n \t<li><strong>Valvola di controllo dell'aria compressa:<\/strong> questa valvola limita il flusso in entrata per garantire un controllo preciso della pressione.<\/li>\r\n \t<li><strong>Manometro ad ago: <\/strong> monitora continuamente la pressione per prevenire eventuali guasti.<\/li>\r\n \t<li><strong>Pompa per vuoto<\/strong> opzionale: disponibile nella versione con pompa per vuoto integrata per accelerare la generazione del vuoto.<\/li>\r\n<\/ul>\r\n<h2><strong>Applicazioni della camera del vuoto<\/strong><\/h2>\r\nQuesta <strong>camera a vuoto<\/strong> \u00e8 utilizzata in molti settori in cui l'integrit\u00e0 dell'imballaggio \u00e8 essenziale. Ad esempio, nell'industria alimentare, i prodotti devono essere conservati sotto vuoto. Allo stesso modo, per i dispositivi medici \u00e8 fondamentale che rimangano sterili. Il modello CTS soddisfa i requisiti pi\u00f9 severi per le prove di tenuta.\r\n<h2><strong>Perch\u00e9 scegliere il modello CTS?<\/strong><\/h2>\r\nIl modello CTS non offre solo prestazioni elevate. \u00c8 inoltre rinomata per la sua durata e affidabilit\u00e0. Progettato per ambienti di produzione intensiva, richiede poca manutenzione. Questo lo rende una scelta ideale per le aziende che vogliono ridurre i tempi di inattivit\u00e0 e i costi di manutenzione. Inoltre, grazie al funzionamento pneumatico, \u00e8 ecologico ed efficiente dal punto di vista energetico.\r\n<h2><strong>Domande frequenti sulla camera di vuoto CTS<\/strong><\/h2>\r\n<ol>\r\n \t<li><strong>Quali dimensioni di imballaggio pu\u00f2 testare la camera del vuoto?<\/strong>\r\nLa <strong> camera a vuoto CTS<\/strong> \u00e8 compatibile con un'ampia gamma di confezioni, dalle piccole fiale alle grandi bottiglie industriali.<\/li>\r\n \t<li><strong>Quali sono i vantaggi di scegliere un modello completamente pneumatico?<\/strong>\r\nUn sistema pneumatico garantisce una maggiore sicurezza, soprattutto in ambienti in cui i componenti elettrici possono rappresentare un rischio.<\/li>\r\n<\/ol>\r\n<h3><strong>Vantaggi<\/strong><\/h3>\r\n<ul>\r\n \t<li> Completamente pneumatico<\/li>\r\n \t<li>  Nessuna manutenzione<\/li>\r\n \t<li>  Intuitivo e facile da usare<\/li>\r\n \t<li>  Possibilit\u00e0 di alloggiamento personalizzato, adattato alle esigenze del cliente<\/li>\r\n<\/ul>\r\n<h3>Informazioni tecniche<\/h3>\r\n<table style=\"border-collapse: collapse;width: 106.393%;height: 254px\">\r\n<tbody>\r\n<tr style=\"height: 23px\">\r\n<td style=\"width: 50%;height: 23px\">Alloggiamento<\/td>\r\n<td style=\"width: 50%;height: 23px\">Alloggiamento in PMMA trasparente incernierato<\/td>\r\n<\/tr>\r\n<tr style=\"height: 23px\">\r\n<td style=\"width: 50%;height: 23px\">Campo di misura e precisione<\/td>\r\n<td style=\"width: 50%;height: 23px\">Da -0,1 a -0,85 Bar (pressione relativa) come standard. Precisione + \/ -2 %.<\/td>\r\n<\/tr>\r\n<tr style=\"height: 23px\">\r\n<td style=\"width: 50%;height: 23px\">Dimensioni utili<\/td>\r\n<td style=\"width: 50%;height: 23px\">A seconda delle dimensioni dell'alloggiamento<\/td>\r\n<\/tr>\r\n<tr style=\"height: 23px\">\r\n<td style=\"width: 50%;height: 23px\">Leggere la depressione<\/td>\r\n<td style=\"width: 50%;height: 23px\">Manometro ad ago con risoluzione di 50 mbar<\/td>\r\n<\/tr>\r\n<tr style=\"height: 23px\">\r\n<td style=\"width: 50%;height: 23px\">Unit\u00e0<\/td>\r\n<td style=\"width: 50%;height: 23px\">Bar, Psi<\/td>\r\n<\/tr>\r\n<tr style=\"height: 23px\">\r\n<td style=\"width: 50%;height: 23px\">Alimentazione<\/td>\r\n<td style=\"width: 50%;height: 23px\">Aria compressa da 6 a 8 bar collegata con tubo Rislan\u00ae da 8 mm \/ Pompa per vuoto<\/td>\r\n<\/tr>\r\n<tr style=\"height: 23px\">\r\n<td style=\"width: 50%;height: 23px\">Regolazione del vuoto<\/td>\r\n<td style=\"width: 50%;height: 23px\">Valvola di espansione con filtro<\/td>\r\n<\/tr>\r\n<tr style=\"height: 23px\">\r\n<td style=\"width: 50%;height: 23px\">Durata della depressione<\/td>\r\n<td style=\"width: 50%;height: 23px\">Ritardo regolabile da 0 a 999 secondi<\/td>\r\n<\/tr>\r\n<tr style=\"height: 23px\">\r\n<td style=\"width: 50%;height: 23px\">Principio del test<\/td>\r\n<td style=\"width: 50%;height: 23px\">Visivo<\/td>\r\n<\/tr>\r\n<tr style=\"height: 23px\">\r\n<td style=\"width: 50%;height: 23px\">Temperatura<\/td>\r\n<td style=\"width: 50%;height: 23px\">Da 0 a 40\u00b0C<\/td>\r\n<\/tr>\r\n<tr style=\"height: 24px\">\r\n<td style=\"width: 50%;height: 24px\">Standard<\/td>\r\n<td style=\"width: 50%;height: 24px\">ASTM D4991, ASTM D5094, ASTM D4169, EN14401, DIN55528<\/td>\r\n<\/tr>\r\n<\/tbody>\r\n<\/table>\r\n<h3>Opzioni<\/h3>\r\n<table style=\"border-collapse: collapse;width: 100%\">\r\n<tbody>\r\n<tr>\r\n<td style=\"width: 100%\">Diminuzione del tempo di depressione<\/td>\r\n<\/tr>\r\n<tr>\r\n<td style=\"width: 100%\">Valvola di scarico dell'aria per un facile ritorno all'AP<\/td>\r\n<\/tr>\r\n<tr>\r\n<td style=\"width: 100%\">Molle a gas di sicurezza<\/td>\r\n<\/tr>\r\n<tr>\r\n<td style=\"width: 100%\">Manovacuometro con ago con migliore risoluzione<\/td>\r\n<\/tr>\r\n<tr>\r\n<td style=\"width: 100%\">Pompa per vuoto che sostituisce l'aria compressa<\/td>\r\n<\/tr>\r\n<\/tbody>\r\n<\/table>\r\n<h3>Consegnato con<\/h3>\r\nUn certificato di calibrazione collegato all'LNE \/ COFRAC","_et_gb_content_width":""},"product_brand":[],"product_cat":[285],"product_tag":[],"class_list":{"0":"post-12344","1":"product","2":"type-product","3":"status-publish","4":"has-post-thumbnail","6":"product_cat-test-a-secco","8":"first","9":"instock","10":"shipping-taxable","11":"purchasable","12":"product-type-simple"},"acf":[],"_links":{"self":[{"href":"https:\/\/www.acrn.fr\/it\/wp-json\/wp\/v2\/product\/12344","targetHints":{"allow":["GET"]}}],"collection":[{"href":"https:\/\/www.acrn.fr\/it\/wp-json\/wp\/v2\/product"}],"about":[{"href":"https:\/\/www.acrn.fr\/it\/wp-json\/wp\/v2\/types\/product"}],"wp:featuredmedia":[{"embeddable":true,"href":"https:\/\/www.acrn.fr\/it\/wp-json\/wp\/v2\/media\/21663"}],"wp:attachment":[{"href":"https:\/\/www.acrn.fr\/it\/wp-json\/wp\/v2\/media?parent=12344"}],"wp:term":[{"taxonomy":"product_brand","embeddable":true,"href":"https:\/\/www.acrn.fr\/it\/wp-json\/wp\/v2\/product_brand?post=12344"},{"taxonomy":"product_cat","embeddable":true,"href":"https:\/\/www.acrn.fr\/it\/wp-json\/wp\/v2\/product_cat?post=12344"},{"taxonomy":"product_tag","embeddable":true,"href":"https:\/\/www.acrn.fr\/it\/wp-json\/wp\/v2\/product_tag?post=12344"}],"curies":[{"name":"wp","href":"https:\/\/api.w.org\/{rel}","templated":true}]}}