{"id":12339,"date":"2020-09-29T19:37:10","date_gmt":"2023-02-01T10:45:43","guid":{"rendered":"https:\/\/www.acrn.fr\/product\/camera-di-prova-di-tenuta-cte-gm"},"modified":"2025-07-07T09:39:18","modified_gmt":"2025-07-07T07:39:18","slug":"cte-gm","status":"publish","type":"product","link":"https:\/\/www.acrn.fr\/it\/prodotto\/cte-gm\/","title":{"rendered":"Camera di prova di tenuta CTE-GM"},"content":{"rendered":"<p>&nbsp;<\/p>\n<h3> Vantaggi<\/h3>\n<ul>\n<li><span style=\"color: #215876;\">Completamente pneumatico<\/span><\/li>\n<li><span style=\"color: #215876;\">Test semplici e veloci per grandi serie<\/span><\/li>\n<li><span style=\"color: #215876;\">Disponibile su carrello per una migliore mobilit\u00e0  <\/span><\/li>\n<li><span style=\"color: #215876;\">Layout con ripiano per un grande campionario<\/span><\/li>\n<\/ul>\n<h3>Opzioni<\/h3>\n<table style=\"border-collapse: collapse; width: 100%;\">\n<tbody>\n<tr>\n<td style=\"width: 100%;\">Valvola di scarico dell&#8217;aria per un facile ritorno all&#8217;AP<\/td>\n<\/tr>\n<tr>\n<td style=\"width: 100%;\">Carrello di supporto per una migliore mobilit\u00e0<\/td>\n<\/tr>\n<tr>\n<td style=\"width: 100%;\">Ritardo regolabile da 0 a 99.999 secondi<\/td>\n<\/tr>\n<tr>\n<td style=\"width: 100%;\">Vacuometro ad ago con migliore risoluzione<\/td>\n<\/tr>\n<\/tbody>\n<\/table>\n<h3>Consegnato con<\/h3>\n<p>Certificato di calibrazione collegato a LNE\/COFRAC<\/p>\n","protected":false},"excerpt":{"rendered":"<blockquote><p>Il grande armadio<\/p><\/blockquote>\n<p>Con una visibilit\u00e0 totale e grazie al <strong>design in plexiglass<\/strong>, \u00e8 molto facile e veloce <strong>osservare la presenza di perdite sulla confezione<\/strong>.<\/p>\n<p>Viene utilizzato soprattutto nell&#8217;industria ai margini della linea di produzione per la sua semplicit\u00e0 d&#8217;uso, il suo funzionamento interamente pneumatico e la sua grande capacit\u00e0 dedicata al controllo di grandi serie. \u00c8 particolarmente utile in caso di crisi o durante un audit per controllare un intero lotto.<\/p>\n<p>Utilizzato soprattutto per le bottiglie, viene anche utilizzato per rimuovere le bolle d&#8217;aria e le impurit\u00e0 dallo smalto, dall&#8217;emulsione o da quelle presenti prima della brasatura o della saldatura.<\/p>\n<p><a href=\"https:\/\/www.acrn.fr\/wp-content\/uploads\/2020\/09\/CTE-GM-fr-BD.pdf\" target=\"_blank\" rel=\"noopener\">Scheda tecnica ETC-GM<\/a><\/p>\n","protected":false},"featured_media":11855,"template":"","meta":{"_acf_changed":false,"_et_pb_use_builder":"","_et_pb_old_content":"","_et_gb_content_width":""},"product_brand":[],"product_cat":[320],"product_tag":[],"class_list":{"0":"post-12339","1":"product","2":"type-product","3":"status-publish","4":"has-post-thumbnail","6":"product_cat-grandi-dimensioni-test-di-tenuta-a-vuoto","8":"first","9":"instock","10":"shipping-taxable","11":"purchasable","12":"product-type-simple"},"acf":[],"_links":{"self":[{"href":"https:\/\/www.acrn.fr\/it\/wp-json\/wp\/v2\/product\/12339","targetHints":{"allow":["GET"]}}],"collection":[{"href":"https:\/\/www.acrn.fr\/it\/wp-json\/wp\/v2\/product"}],"about":[{"href":"https:\/\/www.acrn.fr\/it\/wp-json\/wp\/v2\/types\/product"}],"wp:featuredmedia":[{"embeddable":true,"href":"https:\/\/www.acrn.fr\/it\/wp-json\/wp\/v2\/media\/11855"}],"wp:attachment":[{"href":"https:\/\/www.acrn.fr\/it\/wp-json\/wp\/v2\/media?parent=12339"}],"wp:term":[{"taxonomy":"product_brand","embeddable":true,"href":"https:\/\/www.acrn.fr\/it\/wp-json\/wp\/v2\/product_brand?post=12339"},{"taxonomy":"product_cat","embeddable":true,"href":"https:\/\/www.acrn.fr\/it\/wp-json\/wp\/v2\/product_cat?post=12339"},{"taxonomy":"product_tag","embeddable":true,"href":"https:\/\/www.acrn.fr\/it\/wp-json\/wp\/v2\/product_tag?post=12339"}],"curies":[{"name":"wp","href":"https:\/\/api.w.org\/{rel}","templated":true}]}}