{"id":12336,"date":"2020-09-29T19:46:25","date_gmt":"2020-09-29T19:46:25","guid":{"rendered":"https:\/\/www.acrn.fr\/product\/dinamometro-bfg"},"modified":"2023-02-01T11:43:52","modified_gmt":"2023-02-01T10:43:52","slug":"dinamometro-ergonomico","status":"publish","type":"product","link":"https:\/\/www.acrn.fr\/it\/prodotto\/dinamometro-ergonomico\/","title":{"rendered":"Dinamometro BFG"},"content":{"rendered":"<h3>Dettagli delle caratteristiche<\/h3>\n<ul>\n<li>Avviso di sovraccarico con grafico a barre per ridurre al minimo i danni accidentali al sensore<\/li>\n<li>Lettura del carico massimo durante il test<\/li>\n<li>Trasferimento dati via RS232, digimatica o analogica &#8211; uscita dati su PC o stampante per ulteriori analisi<\/li>\n<li>Collegamento a un PC<\/li>\n<li>Montaggio ergonomico su banco di trazione\/compressione<\/li>\n<li>Elaborazione dei dati in forma grafica con Vector Pro Lite e report generati in formato PDF o Excel<\/li>\n<\/ul>\n<h3>Opzioni<\/h3>\n<table style=\"border-collapse: collapse; width: 100%;\">\n<tbody>\n<tr>\n<td style=\"width: 100%;\">Numerosi accessori per la tensione\/compressione (catalogo accessori dinamometro)<\/td>\n<\/tr>\n<tr>\n<td style=\"width: 100%;\">Software Vector Pro Lite per l&#8217;elaborazione\/acquisizione dei dati (1 licenza)<\/td>\n<\/tr>\n<tr>\n<td style=\"width: 100%;\">Cavo BFG alla porta Mitutoyo<\/td>\n<\/tr>\n<tr>\n<td style=\"width: 100%;\">Cavo da BFG a RS232<\/td>\n<\/tr>\n<tr>\n<td style=\"width: 100%;\">Cavo diretto da BFG a USB<\/td>\n<\/tr>\n<tr>\n<td style=\"width: 100%;\">Cavo da BFG a porta analogica<\/td>\n<\/tr>\n<tr>\n<td style=\"width: 100%;\">Software DataXport per l&#8217;esportazione di dati in Excel<\/td>\n<\/tr>\n<\/tbody>\n<\/table>\n<p>&nbsp;<\/p>\n<table style=\"border-collapse: collapse; width: 100%;\">\n<tbody>\n<tr>\n<td style=\"width: 20%;\">Modello<\/td>\n<td style=\"width: 20%;\">N<\/td>\n<td style=\"width: 20%;\">kgf<\/td>\n<td style=\"width: 20%;\">ozf<\/td>\n<td style=\"width: 20%;\">lbf<\/td>\n<\/tr>\n<tr>\n<td style=\"width: 20%;\">10<\/td>\n<td style=\"width: 20%;\">10 x 0.002<\/td>\n<td style=\"width: 20%;\">1 x 0.0002<\/td>\n<td style=\"width: 20%;\">35 x 0.01<\/td>\n<td style=\"width: 20%;\">2.2 x 0.0005<\/td>\n<\/tr>\n<tr>\n<td style=\"width: 20%;\">50<\/td>\n<td style=\"width: 20%;\">50 x 0.01<\/td>\n<td style=\"width: 20%;\">5 x 0.001<\/td>\n<td style=\"width: 20%;\">180 x 0.05<\/td>\n<td style=\"width: 20%;\">11 x 0.002<\/td>\n<\/tr>\n<tr>\n<td style=\"width: 20%;\">200<\/td>\n<td style=\"width: 20%;\">200 x 0.05<\/td>\n<td style=\"width: 20%;\">20 x 0.005<\/td>\n<td style=\"width: 20%;\">720 x 0.2<\/td>\n<td style=\"width: 20%;\">44 x 0.01<\/td>\n<\/tr>\n<tr>\n<td style=\"width: 20%;\">500<\/td>\n<td style=\"width: 20%;\">500 x 0.1<\/td>\n<td style=\"width: 20%;\">50 x 0.01<\/td>\n<td style=\"width: 20%;\">1800 x 0.5<\/td>\n<td style=\"width: 20%;\">110 x 0.02<\/td>\n<\/tr>\n<tr>\n<td style=\"width: 20%;\">1000<\/td>\n<td style=\"width: 20%;\">1000 x 0.2<\/td>\n<td style=\"width: 20%;\">100 x 0.02<\/td>\n<td style=\"width: 20%;\">3500 x 1<\/td>\n<td style=\"width: 20%;\">220 x 0.05<\/td>\n<\/tr>\n<tr>\n<td style=\"width: 20%;\">2500<\/td>\n<td style=\"width: 20%;\">2500 x 0.5<\/td>\n<td style=\"width: 20%;\">250 x 0.05<\/td>\n<td style=\"width: 20%;\">9000 x 2<\/td>\n<td style=\"width: 20%;\">550 x 0.1<\/td>\n<\/tr>\n<\/tbody>\n<\/table>\n","protected":false},"excerpt":{"rendered":"<blockquote><p>Il dinamometro essenziale<\/p><\/blockquote>\n<p>La BFG \u00e8 una cella di carico multifunzionale, ergonomica e conveniente per la misurazione delle forze di trazione\/compressione.<\/p>\n<p>Punti di forza del BFG:<\/p>\n<p><strong>Alta capacit\u00e0<\/strong><\/p>\n<p>Con capacit\u00e0 da 10 a 2500 N, pu\u00f2 essere montato su un banco di prova o utilizzato come dispositivo portatile. \u00c8 robusto e preciso fino a +\/- 0,25% del fondo scala.<\/p>\n<p><strong>Facile da usare<\/strong><\/p>\n<p>Con un display digitale e un menu multi-touch ben posizionato, \u00e8 molto facile da usare anche per gli operatori non specializzati.<\/p>\n<p><a href=\"https:\/\/www.acrn.fr\/wp-content\/uploads\/2020\/09\/BFG-fr09-V2-Valide-BD-2020.pdf\" target=\"_blank\" rel=\"noopener\">Scheda tecnica BFG<\/a><\/p>\n","protected":false},"featured_media":11314,"template":"","meta":{"_acf_changed":false,"_et_pb_use_builder":"","_et_pb_old_content":"","_et_gb_content_width":""},"product_brand":[],"product_cat":[306],"product_tag":[],"class_list":{"0":"post-12336","1":"product","2":"type-product","3":"status-publish","4":"has-post-thumbnail","6":"product_cat-dinamometro-digitale","8":"first","9":"instock","10":"shipping-taxable","11":"purchasable","12":"product-type-simple"},"acf":[],"_links":{"self":[{"href":"https:\/\/www.acrn.fr\/it\/wp-json\/wp\/v2\/product\/12336","targetHints":{"allow":["GET"]}}],"collection":[{"href":"https:\/\/www.acrn.fr\/it\/wp-json\/wp\/v2\/product"}],"about":[{"href":"https:\/\/www.acrn.fr\/it\/wp-json\/wp\/v2\/types\/product"}],"wp:featuredmedia":[{"embeddable":true,"href":"https:\/\/www.acrn.fr\/it\/wp-json\/wp\/v2\/media\/11314"}],"wp:attachment":[{"href":"https:\/\/www.acrn.fr\/it\/wp-json\/wp\/v2\/media?parent=12336"}],"wp:term":[{"taxonomy":"product_brand","embeddable":true,"href":"https:\/\/www.acrn.fr\/it\/wp-json\/wp\/v2\/product_brand?post=12336"},{"taxonomy":"product_cat","embeddable":true,"href":"https:\/\/www.acrn.fr\/it\/wp-json\/wp\/v2\/product_cat?post=12336"},{"taxonomy":"product_tag","embeddable":true,"href":"https:\/\/www.acrn.fr\/it\/wp-json\/wp\/v2\/product_tag?post=12336"}],"curies":[{"name":"wp","href":"https:\/\/api.w.org\/{rel}","templated":true}]}}