{"id":12332,"date":"2020-09-29T19:49:30","date_gmt":"2020-09-29T19:49:30","guid":{"rendered":"https:\/\/www.acrn.fr\/product\/panca-a-trazione-multitest-i"},"modified":"2025-11-05T11:30:45","modified_gmt":"2025-11-05T10:30:45","slug":"banco-di-tensione-compressione","status":"publish","type":"product","link":"https:\/\/www.acrn.fr\/it\/prodotto\/banco-di-tensione-compressione\/","title":{"rendered":"Banco di prova a compressione Multitest-Ic Mecmesin"},"content":{"rendered":"<p>L&#8217;<strong>impianto di prova<\/strong> di trazione e compressione <strong>MultiTest-i<\/strong> \u00e8 controllato da un software installato su un computer. Offre coerenza e affidabilit\u00e0 utilizzando parametri di prova chiave come forza, spostamento e velocit\u00e0.<\/p>\n<p>Banchi prova <strong>a colonna singola MultiTest<\/strong> sono la soluzione ideale per misurare forze fino a 5 kN (1100 lbf) su un&#8217;ampia variet\u00e0 di componenti di quasi tutti i materiali, sia durante il normale funzionamento sia quando vengono tirati o spinti fino al punto di rottura intenzionale.<\/p>\n<h3>Celle di carico<\/h3>\n<p>La gamma di<b>ILC<\/b> intercambiabili \u00e8 stata appositamente adattata al <strong>MultiTest-i.<\/strong> Si collegano al banco e le loro specifiche di calibrazione vengono immediatamente riconosciute dal tester, senza alcun intervento dell&#8217;operatore.<\/p>\n<p>Ogni sensore ILC viene fornito con il proprio certificato di calibrazione, in conformit\u00e0 agli standard nazionali.<\/p>\n<h3>Software<\/h3>\n<p>Il software Emperor \u00e8 il cuore del <strong>sistema MultiTest-i<\/strong>. Funziona su qualsiasi computer Windows e aziona il motore del banco di prova raccogliendo dati a ben 1.000 Hz dalla cella di carico ILC e dall&#8217;encoder con il movimento del banco.<\/p>\n<h3>Caratteristiche<\/h3>\n<ul>\n<li>Eseguire un&#8217;azione per un determinato periodo di tempo o finch\u00e9 non viene rilevata una forza, uno spostamento o una rottura nel campione.<\/li>\n<li>Esecuzione di test ad anello<\/li>\n<li>Ripetizione di sezioni di un programma<\/li>\n<li>Grazie alle sue funzioni di controllo intelligenti, consente una flessibilit\u00e0 illimitata nell&#8217;esecuzione dei test.<\/li>\n<li>Trasmissione di messaggi, tempistiche e ripresa del test da parte dell&#8217;operatore<\/li>\n<li>Riposizionamento automatico della traversa al termine del test<\/li>\n<\/ul>\n<h3>Possibili test<\/h3>\n<ul>\n<li>Compressione<\/li>\n<li>Trazione<\/li>\n<li>Rigidit\u00e0<\/li>\n<li>Flessione<\/li>\n<li>Torsione<\/li>\n<li>Attrito<\/li>\n<\/ul>\n<table style=\"border-collapse: collapse; width: 100%; height: 182px;\">\n<tbody>\n<tr style=\"height: 23px;\">\n<td style=\"width: 12.5%; height: 23px; text-align: center;\"><strong>Stand<\/strong><\/td>\n<td style=\"width: 12.5%; height: 23px; text-align: center;\">0.5<\/td>\n<td style=\"width: 12.5%; height: 23px; text-align: center;\">1<\/td>\n<td style=\"width: 12.5%; height: 23px; text-align: center;\">2.5<\/td>\n<td style=\"width: 12.5%; height: 23px; text-align: center;\">5<\/td>\n<td style=\"width: 12.5%; height: 23px; text-align: center;\">10<\/td>\n<td style=\"width: 12.5%; height: 23px; text-align: center;\">25<\/td>\n<td style=\"width: 12.5%; height: 23px; text-align: center;\">50<\/td>\n<\/tr>\n<tr style=\"height: 23px;\">\n<td style=\"width: 12.5%; height: 23px; text-align: center;\"><strong>Capacit\u00e0 N<\/strong><\/td>\n<td style=\"width: 12.5%; height: 23px; text-align: center;\">500<\/td>\n<td style=\"width: 12.5%; height: 23px; text-align: center;\">1000<\/td>\n<td style=\"width: 12.5%; height: 23px; text-align: center;\">2500<\/td>\n<td style=\"width: 12.5%; height: 23px; text-align: center;\">5000<\/td>\n<td style=\"width: 12.5%; height: 23px; text-align: center;\">10 000<\/td>\n<td style=\"width: 12.5%; height: 23px; text-align: center;\">25 000<\/td>\n<td style=\"width: 12.5%; height: 23px; text-align: center;\">50 000<\/td>\n<\/tr>\n<tr style=\"height: 23px;\">\n<td style=\"width: 12.5%; height: 23px; text-align: center;\"><strong>Capacit\u00e0 kgf<\/strong><\/td>\n<td style=\"width: 12.5%; height: 23px; text-align: center;\">50<\/td>\n<td style=\"width: 12.5%; height: 23px; text-align: center;\">10<\/td>\n<td style=\"width: 12.5%; height: 23px; text-align: center;\">250<\/td>\n<td style=\"width: 12.5%; height: 23px; text-align: center;\">500<\/td>\n<td style=\"width: 12.5%; height: 23px; text-align: center;\">1000<\/td>\n<td style=\"width: 12.5%; height: 23px; text-align: center;\">2500<\/td>\n<td style=\"width: 12.5%; height: 23px; text-align: center;\">5000<\/td>\n<\/tr>\n<tr style=\"height: 23px;\">\n<td style=\"width: 12.5%; height: 23px; text-align: center;\"><strong>Numero di colonne<\/strong><\/td>\n<td style=\"width: 12.5%; height: 23px; text-align: center;\"><\/td>\n<td style=\"width: 12.5%; height: 23px; text-align: center;\">1<\/td>\n<td style=\"width: 12.5%; height: 23px; text-align: center;\">1<\/td>\n<td style=\"width: 12.5%; height: 23px; text-align: center;\">1<\/td>\n<td style=\"width: 12.5%; height: 23px; text-align: center;\">2<\/td>\n<td style=\"width: 12.5%; height: 23px; text-align: center;\">2<\/td>\n<td style=\"width: 12.5%; height: 23px; text-align: center;\">2<\/td>\n<\/tr>\n<tr style=\"height: 21px;\">\n<td style=\"width: 12.5%; height: 21px; text-align: center;\"><strong>Velocit\u00e0 mm \/ min<\/strong><\/td>\n<td style=\"width: 12.5%; height: 21px; text-align: center;\">1 &#8211; 1000<\/td>\n<td style=\"width: 12.5%; height: 21px; text-align: center;\">1 &#8211; 1000<\/td>\n<td style=\"width: 12.5%; height: 21px; text-align: center;\">1 &#8211; 1000<\/td>\n<td style=\"width: 12.5%; height: 21px; text-align: center;\">1 &#8211; 500<\/td>\n<td style=\"width: 12.5%; height: 21px; text-align: center;\">1 &#8211; 1000<\/td>\n<td style=\"width: 12.5%; height: 21px; text-align: center;\">1 &#8211; 1000<\/td>\n<td style=\"width: 12.5%; height: 21px; text-align: center;\">1 &#8211; 400<\/td>\n<\/tr>\n<tr style=\"height: 46px;\">\n<td style=\"width: 12.5%; text-align: center; height: 46px;\"><strong>Precisione della velocit\u00e0 di traslazione<\/strong><\/td>\n<td style=\"text-align: center; height: 46px;\" colspan=\"7\">\u00b1 0,2 % della velocit\u00e0 indicata<\/td>\n<\/tr>\n<tr style=\"height: 23px;\">\n<td style=\"width: 12.5%; text-align: center; height: 23px;\"><strong>Tensione<\/strong><\/td>\n<td style=\"width: 12.5%; text-align: center; height: 23px;\" colspan=\"7\">230 V CA 50 Hz o 110 V CA 60 Hz<\/td>\n<\/tr>\n<\/tbody>\n<\/table>\n","protected":false},"excerpt":{"rendered":"<blockquote><p>Banco di trazione\/compressione motorizzato e controllato da computer<\/p><\/blockquote>\n<p>La gamma Multitest-i, sotto il controllo del potente software Emperor, \u00e8 un punto di riferimento nelle prove di trazione e compressione controllate da computer.<\/p>\n<ul>\n<li>Gamma completa da 2 N a 50.000 N, a colonna singola o doppia.<\/li>\n<li>Acquisizione di 1000 dati al secondo<\/li>\n<li>Celle di forza intercambiabili Plug &amp; Play<\/li>\n<li>Ingresso ausiliario per rilevare il segnale elettrico da un contatto: Aperto \/ Chiuso<\/li>\n<li>Pannello di controllo con pulsante di arresto di emergenza e protezione dagli spruzzi d&#8217;acqua<\/li>\n<\/ul>\n","protected":false},"featured_media":11543,"template":"","meta":{"_acf_changed":false,"_et_pb_use_builder":"","_et_pb_old_content":"","_et_gb_content_width":""},"product_brand":[],"product_cat":[284],"product_tag":[],"class_list":{"0":"post-12332","1":"product","2":"type-product","3":"status-publish","4":"has-post-thumbnail","6":"product_cat-banco-di-prova","8":"first","9":"instock","10":"shipping-taxable","11":"purchasable","12":"product-type-simple"},"acf":[],"_links":{"self":[{"href":"https:\/\/www.acrn.fr\/it\/wp-json\/wp\/v2\/product\/12332","targetHints":{"allow":["GET"]}}],"collection":[{"href":"https:\/\/www.acrn.fr\/it\/wp-json\/wp\/v2\/product"}],"about":[{"href":"https:\/\/www.acrn.fr\/it\/wp-json\/wp\/v2\/types\/product"}],"wp:featuredmedia":[{"embeddable":true,"href":"https:\/\/www.acrn.fr\/it\/wp-json\/wp\/v2\/media\/11543"}],"wp:attachment":[{"href":"https:\/\/www.acrn.fr\/it\/wp-json\/wp\/v2\/media?parent=12332"}],"wp:term":[{"taxonomy":"product_brand","embeddable":true,"href":"https:\/\/www.acrn.fr\/it\/wp-json\/wp\/v2\/product_brand?post=12332"},{"taxonomy":"product_cat","embeddable":true,"href":"https:\/\/www.acrn.fr\/it\/wp-json\/wp\/v2\/product_cat?post=12332"},{"taxonomy":"product_tag","embeddable":true,"href":"https:\/\/www.acrn.fr\/it\/wp-json\/wp\/v2\/product_tag?post=12332"}],"curies":[{"name":"wp","href":"https:\/\/api.w.org\/{rel}","templated":true}]}}