{"id":12330,"date":"2020-09-29T20:01:39","date_gmt":"2020-09-29T20:01:39","guid":{"rendered":"https:\/\/www.acrn.fr\/product\/dinamometro-elettronico-epx-t"},"modified":"2026-01-29T14:13:53","modified_gmt":"2026-01-29T13:13:53","slug":"cella-di-carico-digitale-epx-t","status":"publish","type":"product","link":"https:\/\/www.acrn.fr\/it\/prodotto\/cella-di-carico-digitale-epx-t\/","title":{"rendered":"Bilancia elettronica EPX-T"},"content":{"rendered":"<p>Il nostro pesone elettronico \u00e8 uno strumento di misura ad alta precisione progettato per soddisfare le esigenze delle industrie e dei laboratori. Affidabile ed ergonomico, consente di effettuare misurazioni della forza di trazione con grande precisione. Il suo display digitale chiaro e le sue funzionalit\u00e0 avanzate garantiscono un utilizzo intuitivo ed efficiente. Adatto a numerose applicazioni, \u00e8 lo strumento ideale per il controllo qualit\u00e0, le prove meccaniche e i test di resistenza. <a href=\"https:\/\/www.acrn.fr\/it\/prodotto\/cella-di-carico-digitale-epx-t\/#contactez\">Contattateci<\/a> per ricevere un preventivo.<\/p>\n<div class='content-column one_half'><h3>Vantaggi della bilancia elettronica epx-t:<span style=\"color: #d64914;\"><strong><br \/>\n<\/strong><\/span><\/h3>\n<ul>\n<li><span style=\"color: #d64914;\"><strong>Robusto<br \/>\n<\/strong><span style=\"color: #215876;\">Corpo in alluminio aeronautico resistente agli urti e alle cadute<\/span><strong><span style=\"color: #215876;\"><br \/>\n<\/span><br \/>\n<\/strong><\/span><\/li>\n<li><span style=\"color: #d64914;\"><strong>Pratico<br \/>\n<span style=\"color: #215876;\">Scatola di comando rimovibile, consente la lettura della misura a distanza<em><br \/>\n<\/em><\/span><\/strong><span style=\"color: #215876;\">Comunica in modalit\u00e0 wireless<\/span><span style=\"color: #215876;\"><\/div><\/span><br \/>\n<\/span><\/li>\n<\/ul>\n<p>&nbsp;<\/p>\n<div class='content-column one_half last_column'><img loading=\"lazy\" decoding=\"async\" class=\"alignnone wp-image-6694 size-full\" title=\"Bilancia elettronica\" src=\"https:\/\/www.acrn.fr\/wp-content\/uploads\/2020\/09\/epxt-2.png\" alt=\"Bilancia elettronica\" width=\"500\" height=\"350\" srcset=\"https:\/\/www.acrn.fr\/wp-content\/uploads\/2020\/09\/epxt-2.png 500w, https:\/\/www.acrn.fr\/wp-content\/uploads\/2020\/09\/epxt-2-480x336.png 480w\" sizes=\"(min-width: 0px) and (max-width: 480px) 480px, (min-width: 481px) 500px, 100vw\" \/><\/div><div class='clear_column'><\/div>\n<div class=\"accessories\">\n<div class=\"accessory\">\n<h4>Anello della testa<\/h4>\n<div class=\"accessory-img\"><img decoding=\"async\" src=\"\/wp-content\/uploads\/2021\/03\/acc-for-anneau_de_levage_EPX_T-1-BD.jpg\" alt=\"Anello della testa\" \/><\/div>\n<\/div>\n<div class=\"accessory\">\n<h4>Manila<\/h4>\n<div class=\"accessory-img\"><img decoding=\"async\" src=\"\/wp-content\/uploads\/2021\/03\/Manilles.jpg\" alt=\"catene\" \/><\/div>\n<\/div>\n<div class=\"accessory\">\n<h4>Gancio rotante<\/h4>\n<div class=\"accessory-img\"><img decoding=\"async\" src=\"\/wp-content\/uploads\/2021\/03\/acc-for-crochet_a%CC%80_manille_EPX_T-1-BD.jpg\" alt=\"gancio rotante\" \/><\/div>\n<\/div>\n<\/div>\n<h3>Capacit\u00e0 del pesone<\/h3>\n<p>La bilancia elettronica EPX-T \u00e8 disponibile in diverse capacit\u00e0:<\/p>\n<ul>\n<li>EPX-T 3000 daN<\/li>\n<li>EPX-T 6000 daN<\/li>\n<li>EPX-T 10 000 daN<\/li>\n<li>EPX-T 20 000 daN<\/li>\n<li>EPX-T 25 000 daN<\/li>\n<\/ul>\n","protected":false},"excerpt":{"rendered":"<blockquote><p>LA BILANCIA AD ALTA CAPACIT\u00c0 CON DISPLAY REMOTO<\/p><\/blockquote>\n<p>L&#8217;EPX-T \u00e8 un misuratore elettronico di forza industriale di precisione con display remoto, per la misurazione delle forze di trazione o di sollevamento di carichi sospesi da 300 kg a 20T.<\/p>\n<p>La cella di carico EPX-T \u00e8 completamente digitale, sensibile al tocco, non richiede regolazioni manuali ed \u00e8 estremamente facile da usare.<\/p>\n<p><a href=\"https:\/\/www.acrn.fr\/wp-content\/uploads\/2026\/01\/Scheda_tecnicas_EPX_IT_V2.pdf.pdf\" target=\"_blank\" rel=\"noopener\">Scheda tecnica EPX-T<\/a><\/p>\n","protected":false},"featured_media":22342,"template":"","meta":{"_acf_changed":false,"_et_pb_use_builder":"off","_et_pb_old_content":"<img class=\"alignnone size-medium wp-image-621\" src=\"https:\/\/www.acrn.fr\/wp-content\/uploads\/2020\/09\/epx-t4-300x300.jpg\" alt=\"\" width=\"300\" height=\"300\"> <img class=\"alignnone size-medium wp-image-620\" src=\"https:\/\/www.acrn.fr\/wp-content\/uploads\/2020\/09\/epx-t2-300x300.jpg\" alt=\"\" width=\"300\" height=\"300\"> <img class=\"alignnone size-medium wp-image-619\" src=\"https:\/\/www.acrn.fr\/wp-content\/uploads\/2020\/09\/epx-t1-300x300.jpg\" alt=\"\" width=\"300\" height=\"300\"> <img class=\"alignnone size-medium wp-image-618\" src=\"https:\/\/www.acrn.fr\/wp-content\/uploads\/2020\/09\/epx-t3-300x300.jpg\" alt=\"\" width=\"300\" height=\"300\">FUNZIONE\r\nL'EPX-T \u00e8 progettato per misurare le forze di trazione o di sollevamento di carichi sospesi da 300 kg a 20 T. L'EPX-T \u00e8 completamente digitale, sensibile al tocco, senza regolazioni manuali e molto facile da usare.\r\n\r\nVANTAGGI dell'EPX-T :\r\n\r\nErgonomico\r\nPu\u00f2 essere utilizzato in tutte le direzioni\r\n\r\nRobusto\r\nCorpo in alluminio aerospaziale\r\nresistente agli urti e alle cadute\r\n\r\nAstratto\r\nIndicazione di sovraccarico al 110%\r\n\r\nPratica\r\nScatola di controllo remoto\r\nComunica in modalit\u00e0 wireless\r\n\r\nCONTENUTI\r\n\r\nUna valigetta\r\n\r\nUn certificato di taratura ACRN\r\n\r\nUn manuale di istruzioni\r\n\r\nUn caricatore\r\n\r\n \r\n<table style=\"border-collapse: collapse;width: 100%\">\r\n<tbody>\r\n<tr>\r\n<td style=\"width: 100%\">CONTENUTO DELLA VALIGETTA<\/td>\r\n<\/tr>\r\n<tr>\r\n<td style=\"width: 100%\">Una custodia per il trasporto<\/td>\r\n<\/tr>\r\n<tr>\r\n<td style=\"width: 100%\">Un certificato di taratura ACRN<\/td>\r\n<\/tr>\r\n<tr>\r\n<td style=\"width: 100%\">Un manuale di istruzioni<\/td>\r\n<\/tr>\r\n<tr>\r\n<td style=\"width: 100%\">Un caricatore<\/td>\r\n<\/tr>\r\n<\/tbody>\r\n<\/table>\r\n[box type=\"download\"]  SCARICA LA SCHEDA TECNICA[\/box]\r\n\r\n[learn_more caption=\"Essai Henri Bloc Bascule\"]  Contenuto del blocco di Henri[\/learn_more]","_et_gb_content_width":""},"product_brand":[],"product_cat":[307,281,306],"product_tag":[],"class_list":{"0":"post-12330","1":"product","2":"type-product","3":"status-publish","4":"has-post-thumbnail","6":"product_cat-cella-di-carico","7":"product_cat-prodotti-home","8":"product_cat-dinamometro-digitale","10":"first","11":"instock","12":"shipping-taxable","13":"purchasable","14":"product-type-simple"},"acf":[],"_links":{"self":[{"href":"https:\/\/www.acrn.fr\/it\/wp-json\/wp\/v2\/product\/12330","targetHints":{"allow":["GET"]}}],"collection":[{"href":"https:\/\/www.acrn.fr\/it\/wp-json\/wp\/v2\/product"}],"about":[{"href":"https:\/\/www.acrn.fr\/it\/wp-json\/wp\/v2\/types\/product"}],"wp:featuredmedia":[{"embeddable":true,"href":"https:\/\/www.acrn.fr\/it\/wp-json\/wp\/v2\/media\/22342"}],"wp:attachment":[{"href":"https:\/\/www.acrn.fr\/it\/wp-json\/wp\/v2\/media?parent=12330"}],"wp:term":[{"taxonomy":"product_brand","embeddable":true,"href":"https:\/\/www.acrn.fr\/it\/wp-json\/wp\/v2\/product_brand?post=12330"},{"taxonomy":"product_cat","embeddable":true,"href":"https:\/\/www.acrn.fr\/it\/wp-json\/wp\/v2\/product_cat?post=12330"},{"taxonomy":"product_tag","embeddable":true,"href":"https:\/\/www.acrn.fr\/it\/wp-json\/wp\/v2\/product_tag?post=12330"}],"curies":[{"name":"wp","href":"https:\/\/api.w.org\/{rel}","templated":true}]}}