{"id":12322,"date":"2020-10-07T14:11:20","date_gmt":"2023-02-01T10:29:28","guid":{"rendered":"https:\/\/www.acrn.fr\/product\/dinamometro-afg"},"modified":"2023-02-02T15:58:36","modified_gmt":"2023-02-02T14:58:36","slug":"dinamometro-elettronico-afg","status":"publish","type":"product","link":"https:\/\/www.acrn.fr\/it\/prodotto\/dinamometro-elettronico-afg\/","title":{"rendered":"Dinamometro AFG"},"content":{"rendered":"<h3>Dettagli delle caratteristiche<\/h3>\n<ul>\n<li>Modalit\u00e0 massima e 1\u00b0 picco: identifica i punti di carico critici del test.<\/li>\n<li>Elevata acquisizione di dati &#8211; cattura accuratamente le letture della forza di frattura<\/li>\n<li>Allarmi di conformit\u00e0 acustici e visivi &#8211; avvisano immediatamente gli operatori durante i test<\/li>\n<li>Avviso di sovraccarico con grafico a barre &#8211; per ridurre al minimo i danni accidentali al sensore<\/li>\n<li>Memorizzazione integrata per un massimo di 400 letture: test rapidi e download dei risultati in un secondo momento.<\/li>\n<li>Trasferimento dati via RS232, digimatica o analogica &#8211; uscita dati su PC o stampante per ulteriori analisi<\/li>\n<li>Possibilit\u00e0 di collegare sensori di forza e di coppia esterni &#8211; diventa un display versatile per molte applicazioni diverse<\/li>\n<\/ul>\n<h3>Opzioni<\/h3>\n<table style=\"border-collapse: collapse; width: 100%;\">\n<tbody>\n<tr>\n<td style=\"width: 100%;\">Numerosi accessori di trazione\/compressione (vedi catalogo)<\/td>\n<\/tr>\n<tr>\n<td style=\"width: 100%;\">Software Vector Pro Lite per l&#8217;elaborazione\/acquisizione dei dati (1 licenza)<\/td>\n<\/tr>\n<tr>\n<td style=\"width: 100%;\">Cavo AFG alla porta Mitutoyo<\/td>\n<\/tr>\n<tr>\n<td style=\"width: 100%;\">Cavo da AFG a RS232<\/td>\n<\/tr>\n<tr>\n<td style=\"width: 100%;\">Cavo diretto da AFG a USB<\/td>\n<\/tr>\n<tr>\n<td style=\"width: 100%;\">Cavo da AFG a porta analogica<\/td>\n<\/tr>\n<tr>\n<td style=\"width: 100%;\">Software DataXport per l&#8217;esportazione di dati in Excel<\/td>\n<\/tr>\n<\/tbody>\n<\/table>\n<p>&nbsp;<\/p>\n<h3>Modelli, capacit\u00e0 X Risoluzione<\/h3>\n<table style=\"border-collapse: collapse; width: 100%;\">\n<tbody>\n<tr>\n<td style=\"width: 20%; text-align: center;\">Modello<\/td>\n<td style=\"width: 20%; text-align: center;\">N<\/td>\n<td style=\"width: 20%; text-align: center;\">kgf<\/td>\n<td style=\"width: 20%; text-align: center;\">ozf<\/td>\n<td style=\"text-align: center; width: 19.9851%;\">lbf<\/td>\n<\/tr>\n<tr>\n<td style=\"width: 20%; text-align: center;\">AFG 2.5<\/td>\n<td style=\"width: 20%; text-align: center;\">2.5 x 0.0005<\/td>\n<td style=\"width: 20%; text-align: center;\">&#8211;<\/td>\n<td style=\"width: 20%; text-align: center;\">9 x 0.002<\/td>\n<td style=\"width: 19.9851%; text-align: center;\">0.55 x 0.0001<\/td>\n<\/tr>\n<tr>\n<td style=\"width: 20%; text-align: center;\">AFG 5<\/td>\n<td style=\"width: 20%; text-align: center;\">5 x 0.001<\/td>\n<td style=\"width: 20%; text-align: center;\">0.5 x 0.0001<\/td>\n<td style=\"width: 20%; text-align: center;\">18 x 0.005<\/td>\n<td style=\"width: 19.9851%; text-align: center;\">1.1 x 0.0002<\/td>\n<\/tr>\n<tr>\n<td style=\"width: 20%; text-align: center;\">AFG 10<\/td>\n<td style=\"width: 20%; text-align: center;\">10 x 0.002<\/td>\n<td style=\"width: 20%; text-align: center;\">1 x 0.0002<\/td>\n<td style=\"width: 20%; text-align: center;\">35 x 0.01<\/td>\n<td style=\"width: 19.9851%; text-align: center;\">2.2 x 0.0005<\/td>\n<\/tr>\n<tr>\n<td style=\"width: 20%; text-align: center;\">AFG 25<\/td>\n<td style=\"width: 20%; text-align: center;\">25 x 0.005<\/td>\n<td style=\"width: 20%; text-align: center;\">2.5 x 0.0005<\/td>\n<td style=\"width: 20%; text-align: center;\">90 x 0.02<\/td>\n<td style=\"width: 19.9851%; text-align: center;\">5.5 x 0.001<\/td>\n<\/tr>\n<tr>\n<td style=\"width: 20%; text-align: center;\">AFG 50<\/td>\n<td style=\"width: 20%; text-align: center;\">50 x 0.01<\/td>\n<td style=\"width: 20%; text-align: center;\">5 x 0.001<\/td>\n<td style=\"width: 20%; text-align: center;\">180 x 0.05<\/td>\n<td style=\"width: 19.9851%; text-align: center;\">11 x 0.002<\/td>\n<\/tr>\n<tr>\n<td style=\"width: 20%; text-align: center;\">AFG 100<\/td>\n<td style=\"width: 20%; text-align: center;\">100 x 0.02<\/td>\n<td style=\"width: 20%; text-align: center;\">10 x 0.002<\/td>\n<td style=\"width: 20%; text-align: center;\">350 x 0.1<\/td>\n<td style=\"width: 19.9851%; text-align: center;\">22 x 0.005<\/td>\n<\/tr>\n<tr>\n<td style=\"width: 20%; text-align: center;\">AFG 250<\/td>\n<td style=\"width: 20%; text-align: center;\">250 x 0.05<\/td>\n<td style=\"width: 20%; text-align: center;\">25 x 0.005<\/td>\n<td style=\"width: 20%; text-align: center;\">900 x 0.2<\/td>\n<td style=\"width: 19.9851%; text-align: center;\">55 x 0.01<\/td>\n<\/tr>\n<tr>\n<td style=\"width: 20%; text-align: center;\">AFG 500<\/td>\n<td style=\"width: 20%; text-align: center;\">500 x 0.1<\/td>\n<td style=\"width: 20%; text-align: center;\">50 x 0.01<\/td>\n<td style=\"width: 20%; text-align: center;\">1800 x 0.5<\/td>\n<td style=\"width: 19.9851%; text-align: center;\">110 x 0.02<\/td>\n<\/tr>\n<tr>\n<td style=\"width: 20%; text-align: center;\">AFG 1000<\/td>\n<td style=\"width: 20%; text-align: center;\">1000 x 0.2<\/td>\n<td style=\"width: 20%; text-align: center;\">100 x 0.02<\/td>\n<td style=\"width: 20%; text-align: center;\">3500 x 1<\/td>\n<td style=\"width: 19.9851%; text-align: center;\">220 x 0.05<\/td>\n<\/tr>\n<tr>\n<td style=\"width: 20%; text-align: center;\">AFG 2500<\/td>\n<td style=\"width: 20%; text-align: center;\">2500 x 0.5<\/td>\n<td style=\"width: 20%; text-align: center;\">250 x 0.05<\/td>\n<td style=\"width: 20%; text-align: center;\">9000 x 2<\/td>\n<td style=\"width: 19.9851%; text-align: center;\">550 x 0.1<\/td>\n<\/tr>\n<\/tbody>\n<\/table>\n<p>&nbsp;<\/p>\n","protected":false},"excerpt":{"rendered":"<blockquote><p>Il dinamometro avanzato<\/p><\/blockquote>\n<p>L&#8217;AFG \u00e8 una cella di carico multifunzionale, ergonomica e conveniente per la misurazione delle forze di trazione\/compressione.<\/p>\n<p>L&#8217;AFG \u00e8 il misuratore di forza pi\u00f9 versatile e completo sul mercato.<\/p>\n<p>Con capacit\u00e0 da 2,5 a 2.500 N, \u00e8 ideale per essere montato su un banco di prova o per essere utilizzato come dispositivo portatile. \u00c8 robusto e preciso allo 0,1% del fondo scala.<\/p>\n<p>Tutte le sue utili funzioni vi permetteranno di impostare i controlli di trazione e compressione in base alle vostre esigenze.<\/p>\n<p><a href=\"https:\/\/www.acrn.fr\/wp-content\/uploads\/2020\/10\/AFG-fr11-2020-BD.pdf\" target=\"_blank\" rel=\"noopener\">Scheda tecnica AFG<\/a><\/p>\n","protected":false},"featured_media":12528,"template":"","meta":{"_acf_changed":false,"_et_pb_use_builder":"","_et_pb_old_content":"","_et_gb_content_width":""},"product_brand":[],"product_cat":[306],"product_tag":[],"class_list":{"0":"post-12322","1":"product","2":"type-product","3":"status-publish","4":"has-post-thumbnail","6":"product_cat-dinamometro-digitale","8":"first","9":"instock","10":"shipping-taxable","11":"purchasable","12":"product-type-variable"},"acf":[],"_links":{"self":[{"href":"https:\/\/www.acrn.fr\/it\/wp-json\/wp\/v2\/product\/12322","targetHints":{"allow":["GET"]}}],"collection":[{"href":"https:\/\/www.acrn.fr\/it\/wp-json\/wp\/v2\/product"}],"about":[{"href":"https:\/\/www.acrn.fr\/it\/wp-json\/wp\/v2\/types\/product"}],"wp:featuredmedia":[{"embeddable":true,"href":"https:\/\/www.acrn.fr\/it\/wp-json\/wp\/v2\/media\/12528"}],"wp:attachment":[{"href":"https:\/\/www.acrn.fr\/it\/wp-json\/wp\/v2\/media?parent=12322"}],"wp:term":[{"taxonomy":"product_brand","embeddable":true,"href":"https:\/\/www.acrn.fr\/it\/wp-json\/wp\/v2\/product_brand?post=12322"},{"taxonomy":"product_cat","embeddable":true,"href":"https:\/\/www.acrn.fr\/it\/wp-json\/wp\/v2\/product_cat?post=12322"},{"taxonomy":"product_tag","embeddable":true,"href":"https:\/\/www.acrn.fr\/it\/wp-json\/wp\/v2\/product_tag?post=12322"}],"curies":[{"name":"wp","href":"https:\/\/api.w.org\/{rel}","templated":true}]}}