{"id":12312,"date":"2021-03-24T13:25:06","date_gmt":"2021-03-24T13:25:06","guid":{"rendered":"https:\/\/www.acrn.fr\/product\/tester-pneumatico-ats-per-la-saldatura-dei-tubi"},"modified":"2025-12-02T16:04:52","modified_gmt":"2025-12-02T15:04:52","slug":"tester-per-la-saldatura-dei-tubi","status":"publish","type":"product","link":"https:\/\/www.acrn.fr\/it\/prodotto\/tester-per-la-saldatura-dei-tubi\/","title":{"rendered":"Tester pneumatico ATS per la saldatura dei tubi"},"content":{"rendered":"<h3>Funzione<\/h3>\n<p>Il dispositivo ATS viene utilizzato in un test distruttivo di frequenza che consiste nel mostrare la pressione interna del tubo, mediante compressione esterna. Evidenzia le perdite e le microperdite che sollecitano la saldatura. Le forme del pressore, la pressione esercitata e i punti di appoggio dipendono dai tubi e dai materiali testati. ACRN, con 20 anni di esperienza nel settore, sar\u00e0 in grado di guidarvi attraverso questi aggiustamenti. Grazie al suo design intuitivo e ai vari accessori, permette all&#8217;operatore di <strong>eseguire una prova ripetibile e verificare l&#8217;integrit\u00e0 della saldatura mediante l&#8217;assenza di perdite sotto l&#8217;effetto di una forza di schiacciamento applicata al campione di prova.<\/strong> Dopo aver impostato il ritardo e aperto lo sportello dell&#8217;ATS, posizionare il campione, chiudere lo sportello e il ciclo si avvia automaticamente. Come promemoria, consente di impostare due tipi di test:<\/p>\n<ul>\n<li>Test con microperdita che si espande con la pressurizzazione e provoca uno scoppio<\/li>\n<li>Prova di scoppio per determinare la resistenza delle saldature.<\/li>\n<\/ul>\n<h3>Attivit\u00e0<\/h3>\n<ul>\n<li style=\"list-style-type: none;\">\n<ul>\n<li><span style=\"color: #215876;\">Test semplice, rapido e completamente ripetibile<\/span><\/li>\n<\/ul>\n<\/li>\n<\/ul>\n<p>&nbsp;<\/p>\n<ul>\n<li style=\"list-style-type: none;\">\n<ul>\n<li><span style=\"color: #215876;\">Completamente pneumatico<\/span><\/li>\n<\/ul>\n<\/li>\n<\/ul>\n<p>&nbsp;<\/p>\n<ul>\n<li style=\"list-style-type: none;\">\n<ul>\n<li><span style=\"color: #215876;\">Localizzazione precisa della perdita<\/span><\/li>\n<\/ul>\n<\/li>\n<\/ul>\n<p>&nbsp;<\/p>\n<ul>\n<li style=\"list-style-type: none;\">\n<ul>\n<li><span style=\"color: #215876;\">Soluzioni esistenti per un&#8217;ampia gamma di tubi e imballaggi<\/span><\/li>\n<\/ul>\n<\/li>\n<\/ul>\n<p>&nbsp;<\/p>\n<ul>\n<li style=\"list-style-type: none;\">\n<ul>\n<li><span style=\"color: #215876;\">Il portacampioni \u00e8 dotato di un fermo regolabile, che consente di testare un&#8217;ampia variet\u00e0 di forme di campioni.<\/span><\/li>\n<\/ul>\n<\/li>\n<\/ul>\n<p>&nbsp;<\/p>\n<ul>\n<li style=\"list-style-type: none;\">\n<ul>\n<li><span style=\"color: #215876;\">Permette di eseguire i test in totale sicurezza grazie al coperchio di sicurezza in policarbonato trasparente che impedisce l&#8217;apertura durante il test e l&#8217;avvio del ciclo una volta aperto.<\/span><\/li>\n<\/ul>\n<\/li>\n<\/ul>\n<p>&nbsp;<\/p>\n<ul>\n<li style=\"list-style-type: none;\">\n<ul>\n<li><span style=\"color: #215876;\">Il recipiente trasparente pu\u00f2 essere pulito in caso di rottura del tubo<\/span><\/li>\n<\/ul>\n<\/li>\n<\/ul>\n<p><iframe title=\"Tester Pneumatico di Tenuta dei Tubi ATS -  ACRN\" width=\"1080\" height=\"608\" src=\"https:\/\/www.youtube.com\/embed\/dQT0Jha9rCw?feature=oembed&#038;enablejsapi=1&#038;origin=https:\/\/www.acrn.fr\"  allow=\"accelerometer; autoplay; clipboard-write; encrypted-media; gyroscope; picture-in-picture; web-share\" referrerpolicy=\"strict-origin-when-cross-origin\" allowfullscreen><\/iframe><\/p>\n<h2>Presse<\/h2>\n[et_pb_section global_module=\"2561\"][\/et_pb_section]\n","protected":false},"excerpt":{"rendered":"<blockquote><p>Il modello veloce e affidabile<\/p><\/blockquote>\n<p>Questa macchina consente di testare tubi termosaldati in plastica e metallo, doypack, buste e altri imballaggi, direttamente sulla linea di produzione o in laboratorio.<\/p>\n<p>Perch\u00e9 testare la saldatura? Durante la saldatura a caldo, possono verificarsi difetti nella saldatura a causa delle temperature degli elettrodi, dello spessore del materiale, della presenza di impurit\u00e0. Le fonti di difetti in questo processo sono numerose e l&#8217;implementazione di un controllo affidabile il pi\u00f9 vicino possibile alla linea di produzione \u00e8 essenziale.<\/p>\n<p>Si tratta di un test rapido, semplice, economico e totalmente affidabile, utilizzato da molti produttori di imballaggi.<\/p>\n<p><a href=\"https:\/\/www.acrn.fr\/wp-content\/uploads\/2021\/03\/ATS-fr10-2020-BD.pdf\" target=\"_blank\" rel=\"noopener\">Scheda tecnica ATS<\/a><\/p>\n","protected":false},"featured_media":11259,"template":"","meta":{"_acf_changed":false,"_et_pb_use_builder":"off","_et_pb_old_content":"<h3>Funzione<\/h3>\r\nIl dispositivo ATS viene utilizzato in un test distruttivo di frequenza che consiste nel mostrare la pressione interna del tubo, mediante compressione esterna. Evidenzia le perdite e le microperdite che sollecitano la saldatura. Le forme del pressore, la pressione esercitata e i punti di appoggio dipendono dai tubi e dai materiali testati. ACRN, con 20 anni di esperienza nel settore, sar\u00e0 in grado di guidarvi attraverso questi aggiustamenti.\r\n\r\nGrazie al suo design intuitivo e ai vari accessori, consente all'operatore di <strong>eseguire un test ripetibile e di verificare l'integrit\u00e0 della saldatura attraverso l'assenza di perdite sotto l'effetto di una forza di schiacciamento applicata al campione di prova<\/strong>.\r\n\r\nDopo aver impostato il ritardo e aperto lo sportello dell'ATS, posizionare il campione, chiudere lo sportello e il ciclo si avvia automaticamente.\r\n\r\nCome promemoria, consente di impostare due tipi di test:\r\n<ul>\r\n \t<li>Test con microperdita che si espande con la pressurizzazione e provoca uno scoppio<\/li>\r\n \t<li>Prova di scoppio per determinare la resistenza delle saldature.<\/li>\r\n<\/ul>\r\n<h3>Vantaggi<\/h3>\r\n<ul>\r\n \t<li>Test semplice, rapido e completamente ripetibile<\/li>\r\n \t<li>Completamente pneumatico<\/li>\r\n \t<li>Localizzazione precisa della perdita<\/li>\r\n \t<li>Soluzioni esistenti per un'ampia gamma di tubi e imballaggi<\/li>\r\n \t<li>Il portacampioni \u00e8 dotato di un fermo regolabile, che consente di testare un'ampia variet\u00e0 di forme di campioni.<\/li>\r\n \t<li>Permette di eseguire i test in totale sicurezza grazie al coperchio di sicurezza in policarbonato trasparente che impedisce l'apertura durante il test e l'avvio del ciclo una volta aperto.<\/li>\r\n \t<li>Il recipiente trasparente pu\u00f2 essere pulito in caso di rottura del tubo<\/li>\r\n<\/ul>\r\n<div class=\"product-video\">\r\n\r\n<video autoplay=\"autoplay\" loop=\"loop\" muted=\"muted\" width=\"auto\" height=\"auto\"> \r\n\r\n<\/video>\r\n\r\n<\/div>\r\n<h2>Presse<\/h2>\r\n<table style=\"border-collapse: collapse;width: 100%;height: 138px\">\r\n<tbody>\r\n<tr style=\"height: 23px\">\r\n<td style=\"width: 100%;height: 23px\">Fungo grande<\/td>\r\n<\/tr>\r\n<tr style=\"height: 23px\">\r\n<td style=\"width: 100%;height: 23px\">Fungo piccolo<\/td>\r\n<\/tr>\r\n<tr style=\"height: 23px\">\r\n<td style=\"width: 100%;height: 23px\">Incudine grande<\/td>\r\n<\/tr>\r\n<tr style=\"height: 23px\">\r\n<td style=\"width: 100%;height: 23px\">Incudine media<\/td>\r\n<\/tr>\r\n<tr style=\"height: 23px\">\r\n<td style=\"width: 100%;height: 23px\">Incudine piccola<\/td>\r\n<\/tr>\r\n<tr>\r\n<td style=\"width: 100%\">Incudine piatta<\/td>\r\n<\/tr>\r\n<tr>\r\n<td style=\"width: 100%\">Cartella stampa non distruttiva<\/td>\r\n<\/tr>\r\n<tr style=\"height: 23px\">\r\n<td style=\"width: 100%;height: 23px\">Incudini speciali su richiesta<\/td>\r\n<\/tr>\r\n<\/tbody>\r\n<\/table>\r\n[showmodule id=\"2561\"]","_et_gb_content_width":""},"product_brand":[],"product_cat":[282],"product_tag":[],"class_list":{"0":"post-12312","1":"product","2":"type-product","3":"status-publish","4":"has-post-thumbnail","6":"product_cat-prova-di-tenuta-di-tubi-doypack-e-manicotti","8":"first","9":"instock","10":"shipping-taxable","11":"purchasable","12":"product-type-simple"},"acf":[],"_links":{"self":[{"href":"https:\/\/www.acrn.fr\/it\/wp-json\/wp\/v2\/product\/12312","targetHints":{"allow":["GET"]}}],"collection":[{"href":"https:\/\/www.acrn.fr\/it\/wp-json\/wp\/v2\/product"}],"about":[{"href":"https:\/\/www.acrn.fr\/it\/wp-json\/wp\/v2\/types\/product"}],"wp:featuredmedia":[{"embeddable":true,"href":"https:\/\/www.acrn.fr\/it\/wp-json\/wp\/v2\/media\/11259"}],"wp:attachment":[{"href":"https:\/\/www.acrn.fr\/it\/wp-json\/wp\/v2\/media?parent=12312"}],"wp:term":[{"taxonomy":"product_brand","embeddable":true,"href":"https:\/\/www.acrn.fr\/it\/wp-json\/wp\/v2\/product_brand?post=12312"},{"taxonomy":"product_cat","embeddable":true,"href":"https:\/\/www.acrn.fr\/it\/wp-json\/wp\/v2\/product_cat?post=12312"},{"taxonomy":"product_tag","embeddable":true,"href":"https:\/\/www.acrn.fr\/it\/wp-json\/wp\/v2\/product_tag?post=12312"}],"curies":[{"name":"wp","href":"https:\/\/api.w.org\/{rel}","templated":true}]}}