{"id":12257,"date":"2021-06-01T07:11:09","date_gmt":"2021-06-01T07:11:09","guid":{"rendered":"https:\/\/www.acrn.fr\/product\/crimpatrice-manuale-ap93l"},"modified":"2026-04-22T11:02:33","modified_gmt":"2026-04-22T09:02:33","slug":"cucitrice-a-mano","status":"publish","type":"product","link":"https:\/\/www.acrn.fr\/it\/prodotto\/cucitrice-a-mano\/","title":{"rendered":"Crimpatrice manuale AP93L"},"content":{"rendered":"<p>Scopri la nostra pressatrice manuale<\/p>\n<h2><span style=\"color: #215876;\"><strong>Una chiusura precisa con un solo gesto<\/strong> <\/span><\/h2>\n<p>\u00c8 sufficiente un unico movimento a leva (circa 100\u00b0) per eseguire una montatura completa e riproducibile. La corsa della leva \u00e8 calibrata per garantire una pressione di serraggio costante, indipendentemente dall&#8217;operatore. Questo semplice principio meccanico elimina le variazioni dovute alla forza manuale e garantisce una qualit\u00e0 di aggraffatura uniforme su tutta la produzione.<\/p>\n<hr>\n<h2><span style=\"color: #215876;\"><strong>Testine intercambiabili in pochi secondi<\/strong><\/span><\/h2>\n<p>La sostituzione della testa di aggraffatura \u00e8 un&#8217;operazione rapida che non richiede attrezzi specifici. Una volta fissate, le teste sono pronte per un nuovo utilizzo immediato. Questa struttura modulare consente di passare da un diametro della pompa a un altro senza tempi di fermo significativi, il che risulta particolarmente utile in contesti di produzione con pi\u00f9 referenze.<\/p>\n<hr>\n<h2><span style=\"color: #215876;\"><strong>Un supporto integrato per il flacone che garantisce un posizionamento preciso<\/strong><\/span><\/h2>\n<p>Il supporto per flaconi garantisce il centraggio e la stabilit\u00e0 del flacone durante l&#8217;operazione di aggraffatura, riducendo il rischio di aggraffature eccentriche o incomplete. \u00c8 adatto alle geometrie pi\u00f9 comuni dei flaconi da profumeria e pu\u00f2 essere adattato in base al formato utilizzato.<\/p>\n<p>&nbsp;<\/p>\n<p>Un solo movimento verso il basso della leva (circa 100\u00b0) consente alla macchina di eseguire la crimpatura. La sostituzione della testa di crimpatura \u00e8 un&#8217;operazione facile e veloce che rende questa macchina molto versatile. Una volta fissate, le teste di crimpatura sono di nuovo pronte all&#8217;uso.<\/p>\n<h3>Opzione<\/h3>\n<table style=\"border-collapse: collapse; width: 100%;\">\n<tbody>\n<tr>\n<td style=\"width: 100%;\">Sono disponibili altre teste di crimpatura<\/td>\n<\/tr>\n<tr>\n<td style=\"width: 100%;\">(Diametri disponibili: 11, 13, 15, 17, 18 e 20 mm)<\/td>\n<\/tr>\n<\/tbody>\n<\/table>\n<h3>Consegnato con<\/h3>\n<ul>\n<li>1 testa di crimpatura (diametro a scelta),<\/li>\n<li>2 dispositivi di centratura delle bottiglie, chiavi di servizio<\/li>\n<\/ul>\n<hr>\n<h2><span style=\"color: #215876;\"><strong>Applicazioni e settori di impiego<\/strong><\/span><\/h2>\n<p class=\"font-claude-response-body break-words whitespace-normal leading-[1.7]\">La pressatrice manuale AP93\/L viene utilizzata principalmente nei seguenti settori:<\/p>\n<p class=\"font-claude-response-body break-words whitespace-normal leading-[1.7]\"><span style=\"color: #95cceb;\"><strong>\ud83d\udd38Profumeria e cosmetici<\/strong><\/span> \u2014 montaggio delle pompe su flaconi di profumo, eau de toilette e prodotti per la cura della persona. La macchina \u00e8 adatta alle operazioni di controllo qualit\u00e0 in laboratorio, alla produzione in piccole serie e alle postazioni di risigillatura dopo il riempimento o in caso di difetti.<\/p>\n<p class=\"font-claude-response-body break-words whitespace-normal leading-[1.7]\"><span style=\"color: #95cceb;\"><strong>\ud83d\udd38Farmacia<\/strong><\/span>\u2014 saldatura di pompe dosatrici su flaconi di prodotti farmaceutici liquidi che richiedono un confezionamento preciso e riproducibile.<\/p>\n<p class=\"font-claude-response-body break-words whitespace-normal leading-[1.7]\"><span style=\"color: #95cceb;\"><strong>\ud83d\udd38Controllo qualit\u00e0 e ricerca e sviluppo<\/strong><\/span> \u2014 utilizzata come punto di riferimento per convalidare i parametri di aggraffatura prima dell&#8217;avvio della produzione sulla linea automatica, oppure per realizzare campioni di prova durante la fase di sviluppo del prodotto.<\/p>\n<hr>\n<h2><strong><span style=\"color: #215876;\">Perch\u00e9 scegliere l&#8217;AP93\/L<\/span><\/strong><\/h2>\n<p data-start=\"1623\" data-end=\"1643\">\ud83d\udd38 <span style=\"color: #95cceb;\"><strong>Robustezza e durata<\/strong><\/span> La structure m\u00e9tallique de la AP93\/L est con\u00e7ue pour une utilisation intensive en atelier. A differenza delle pressatrici pneumatiche o elettriche, l&#8217;assenza di componenti motorizzati riduce le esigenze di manutenzione e il rischio di guasti. La macchina non richiede n\u00e9 alimentazione elettrica n\u00e9 aria compressa: \u00e8 operativa ovunque, comprese le zone ATEX o le camere bianche ad accesso limitato.<\/p>\n<p class=\"font-claude-response-body break-words whitespace-normal leading-[1.7]\"><span style=\"color: #95cceb;\"><strong>\ud83d\udd38Un investimento oculato<\/strong><\/span> Per le produzioni in piccole serie, i laboratori di controllo qualit\u00e0 o le postazioni di riserraggio, la pressa manuale AP93\/L offre un rapporto qualit\u00e0-prezzo imbattibile rispetto alle soluzioni automatizzate. Il costo di acquisto \u00e8 contenuto, le teste di crimpatura sono economiche e la macchina non comporta alcun costo di esercizio.<\/p>\n<p class=\"font-claude-response-body break-words whitespace-normal leading-[1.7]\"><span style=\"color: #95cceb;\"><strong>\ud83d\udd38Assistenza per un SAV ACRN<\/strong><\/span>Come tutte le apparecchiature della gamma ACRN, anche l&#8217;AP93\/L beneficia dell&#8217;assistenza tecnica e del servizio post-vendita dei nostri tecnici con sede in Normandia. Le teste di crimpatura e i ricambi sono disponibili a magazzino.<\/p>\n<hr>\n<h2><strong><span style=\"color: #215876;\"> La chiusura dei flaconi: di cosa si tratta?<\/span><\/strong><\/h2>\n<p class=\"font-claude-response-body break-words whitespace-normal leading-[1.7]\">La crimpatura \u00e8 un&#8217;operazione meccanica che consiste nel deformare plasticamente la ghiera metallica di una pompa o di uno spruzzatore per fissarla in modo permanente sul collo di un flacone. Si tratta del processo standard utilizzato nell&#8217;industria cosmetica e farmaceutica per il confezionamento di profumi, acque di toilette, spray nasali e prodotti per la cura della persona in flaconi pressurizzati.<\/p>\n<p class=\"font-claude-response-body break-words whitespace-normal leading-[1.7]\">Una sigillatura eseguita correttamente garantisce la tenuta del flacone, la resistenza meccanica della pompa e la conformit\u00e0 ai requisiti normativi applicabili ai prodotti cosmetici e farmaceutici. Una sigillatura inadeguata pu\u00f2 causare perdite, la contaminazione del prodotto o il rifiuto durante i controlli di qualit\u00e0 in linea.<\/p>\n<p class=\"font-claude-response-body break-words whitespace-normal leading-[1.7]\">Il diametro di aggraffatura deve corrispondere esattamente al diametro della pompa utilizzata; per questo motivo, il modello AP93\/L \u00e8 disponibile con teste di aggraffatura per i diametri standard di 11, 13, 15, 17, 18 e 20 mm, coprendo cos\u00ec la maggior parte dei formati di pompe utilizzati nell&#8217;industria cosmetica e farmaceutica.<\/p>\n","protected":false},"excerpt":{"rendered":"<p class=\"font-claude-response-body break-words whitespace-normal leading-[1.7]\">La pressa manuale AP93\/L \u00e8 progettata per la pressatura dei tappi dei flaconi di profumi e cosmetici. Facile da usare e senza bisogno di alimentazione elettrica, \u00e8 ideale per i laboratori di controllo qualit\u00e0, gli impianti di confezionamento a bassa produttivit\u00e0 e le postazioni di sostituzione o ricertificazione in produzione.<\/p>\n<p class=\"font-claude-response-body break-words whitespace-normal leading-[1.7]\">La macchina \u00e8 dotata di teste di aggraffatura intercambiabili che coprono i diametri standard del settore cosmetico (da 11 a 20 mm), il che le conferisce una grande versatilit\u00e0 per le linee che lavorano su diversi modelli di flaconi.<\/p>\n<p><a href=\"https:\/\/www.acrn.fr\/wp-content\/uploads\/2021\/06\/FicheTechnique-SERTISSEUSE-AP93L.pdf\" target=\"_blank\" rel=\"noopener\">Scheda tecnica AP93L MACCHINA SERTISSE<\/a><\/p>\n","protected":false},"featured_media":11685,"template":"","meta":{"_acf_changed":false,"_et_pb_use_builder":"","_et_pb_old_content":"","_et_gb_content_width":""},"product_brand":[],"product_cat":[278],"product_tag":[],"class_list":{"0":"post-12257","1":"product","2":"type-product","3":"status-publish","4":"has-post-thumbnail","6":"product_cat-crimpatura-e-ispezione-di-flaconi-di-profumo","8":"first","9":"instock","10":"shipping-taxable","11":"purchasable","12":"product-type-simple"},"acf":[],"_links":{"self":[{"href":"https:\/\/www.acrn.fr\/it\/wp-json\/wp\/v2\/product\/12257","targetHints":{"allow":["GET"]}}],"collection":[{"href":"https:\/\/www.acrn.fr\/it\/wp-json\/wp\/v2\/product"}],"about":[{"href":"https:\/\/www.acrn.fr\/it\/wp-json\/wp\/v2\/types\/product"}],"wp:featuredmedia":[{"embeddable":true,"href":"https:\/\/www.acrn.fr\/it\/wp-json\/wp\/v2\/media\/11685"}],"wp:attachment":[{"href":"https:\/\/www.acrn.fr\/it\/wp-json\/wp\/v2\/media?parent=12257"}],"wp:term":[{"taxonomy":"product_brand","embeddable":true,"href":"https:\/\/www.acrn.fr\/it\/wp-json\/wp\/v2\/product_brand?post=12257"},{"taxonomy":"product_cat","embeddable":true,"href":"https:\/\/www.acrn.fr\/it\/wp-json\/wp\/v2\/product_cat?post=12257"},{"taxonomy":"product_tag","embeddable":true,"href":"https:\/\/www.acrn.fr\/it\/wp-json\/wp\/v2\/product_tag?post=12257"}],"curies":[{"name":"wp","href":"https:\/\/api.w.org\/{rel}","templated":true}]}}