{"id":12251,"date":"2021-05-27T14:46:36","date_gmt":"2021-05-27T14:46:36","guid":{"rendered":"https:\/\/www.acrn.fr\/product\/cacciavite-elettronico-ts"},"modified":"2026-04-28T15:34:19","modified_gmt":"2026-04-28T13:34:19","slug":"cacciavite-elettronico","status":"publish","type":"product","link":"https:\/\/www.acrn.fr\/it\/prodotto\/cacciavite-elettronico\/","title":{"rendered":"Cacciavite elettronico TS"},"content":{"rendered":"<h2><span style=\"color: #215876;\"><strong>Il cacciavite elettronico TS<\/strong><\/span><\/h2>\n<p>Il cacciavite elettronico TS pu\u00f2 essere utilizzato in modo completamente autonomo oppure fissato a un banco da lavoro per eseguire prove in posizione fissa. Il suo mandrino a tre ganasce di tipo JACOBS (smontabile) si adatta alla maggior parte delle forme di tappi, pomelli e perni, comprese quelle irregolari.<\/p>\n<p>Per le applicazioni che richiedono inserti standard, \u00e8 possibile sostituire il mandrino con un attacco quadrato da 3\/8&#8243;.<br \/>\nSe abbinato alla console XA-m ACRN o all&#8217;indicatore AFTI, il TS diventa una soluzione di misura completa con memorizzazione dei valori, gestione dei programmi ed esportazione dei dati. Fornito con cavo di collegamento, mandrino regolabile e certificato di taratura.<\/p>\n<h2><span style=\"color: #215876;\"><strong>Applicazioni del cacciavite dinamometrico elettronico TS<\/strong><\/span><\/h2>\n<p>L&#8217;avvitatore elettronico TS viene utilizzato in tutti i settori industriali in cui \u00e8 necessaria la misurazione della coppia statica:<\/p>\n<p><strong><span style=\"color: #95cceb;\">Cosmetica e tappatura <\/span><\/strong><br \/>\nMisurazione della coppia di chiusura e apertura dei tappi dei flaconi, verifica della coppia di serraggio delle pompe e dei tappi sulle linee di confezionamento di prodotti cosmetici. Il mandrino JACOBS si adatta a quasi tutte le geometrie dei tappi senza bisogno di adattatori aggiuntivi.<\/p>\n<p><strong><span style=\"color: #95cceb;\">Farmaceutico<\/span><\/strong><br \/>\nControllo della coppia di serraggio dei tappi a prova di bambino, verifica della coppia di svitamento sulle confezioni primarie in conformit\u00e0 con i requisiti GMP.<\/p>\n<p><strong><span style=\"color: #95cceb;\">Settore agroalimentare<br \/>\n<\/span><\/strong>Misurazione della coppia di apertura e chiusura di tappi e coperchi su barattoli, bottiglie e contenitori alimentari, per garantire la conformit\u00e0 delle coppie di serraggio sulla linea di riempimento.<\/p>\n<p><strong><span style=\"color: #95cceb;\">Elettronica e meccanica di precisione <\/span><\/strong><br \/>\nMisurazione della coppia di avviamento e di funzionamento di manopole, potenziometri, encoder e piccoli meccanismi, grazie a un campo di misura compreso tra 0,3 e 10 N\u00b7m.<\/p>\n<p><strong><span style=\"color: #95cceb;\">Ricerca e sviluppo e laboratori <\/span><\/strong><br \/>\nConvalida dei processi di tappatura, caratterizzazione del comportamento in coppia di nuovi assemblaggi, studi di ripetibilit\u00e0 e riproducibilit\u00e0.<\/p>\n<h2><strong><span style=\"color: #215876;\">\u00c8 meglio usare il TS da solo o in combinazione con una console?<\/span><\/strong><\/h2>\n<p>In modalit\u00e0 autonoma, il TS \u00e8 collegato direttamente a un display portatile. Misura e visualizza la coppia in tempo reale, ideale per controlli puntuali sulla linea di produzione senza necessit\u00e0 di installazioni particolari.<br \/>\nCon la <strong>console XA-m<\/strong>: memorizzazione di 200 valori, 15 programmi configurabili con soglie min\/max, collegamento a una stampante ed esportazione RS232.<\/p>\n<p>\u00c8 la soluzione consigliata per i reparti di controllo qualit\u00e0 che richiedono una tracciabilit\u00e0 documentata e una gestione di pi\u00f9 referenze.<br \/>\nCon <strong>l&#8217;indicatore AFTI<\/strong>: registrazione delle misurazioni, segnalazione di sovraccarico, modalit\u00e0 picco o tracciamento selezionabile. Soluzione intermedia tra il sistema autonomo e la console XA-m, adatta ai controlli sul campo con archiviazione semplificata.<\/p>\n<h3>Punti di forza della ST<\/h3>\n<ul>\n<li style=\"list-style-type: none;\">\n<ul>\n<li><span style=\"color: #215876;\"><span style=\"color: #215876;\">Portatile e autonomo<\/span><\/span><\/li>\n<\/ul>\n<\/li>\n<\/ul>\n<p>&nbsp;<\/p>\n<ul>\n<li style=\"list-style-type: none;\">\n<ul>\n<li><span style=\"color: #215876;\"><span style=\"color: #215876;\">Regolabile con questi diversi tappi terminali<\/span><\/span><\/li>\n<\/ul>\n<\/li>\n<\/ul>\n<p>&nbsp;<\/p>\n<ul>\n<li style=\"list-style-type: none;\">\n<ul>\n<li><span style=\"color: #215876;\"><span style=\"color: #215876;\">Preciso e veloce<\/span><\/span><\/li>\n<\/ul>\n<\/li>\n<\/ul>\n<p>&nbsp;<\/p>\n<ul>\n<li style=\"list-style-type: none;\">\n<ul>\n<li><span style=\"color: #215876;\"><span style=\"color: #215876;\"><span style=\"color: #008080;\">Collegamento a una console di riproduzione avanzata<\/span><\/span><\/span><\/li>\n<\/ul>\n<\/li>\n<\/ul>\n<p>&nbsp;<\/p>\n<h3>Opzioni<\/h3>\n<table style=\"border-collapse: collapse; width: 100%; height: 69px;\">\n<tbody>\n<tr style=\"height: 23px;\">\n<td style=\"width: 33.3333%; height: 23px; text-align: center;\">Mandrino speciale<\/td>\n<td style=\"width: 33.3333%; height: 23px; text-align: center;\" colspan=\"2\">Mandrino a 3 griffe con apertura di \u00bd&#8221;.<\/td>\n<\/tr>\n<tr style=\"height: 23px;\">\n<td style=\"width: 33.3333%; height: 23px; text-align: center;\">Console di lettura<\/td>\n<td style=\"width: 33.3333%; height: 23px; text-align: center;\">AFTI<\/td>\n<td style=\"width: 33.3333%; height: 23px; text-align: center;\">XA-m<\/td>\n<\/tr>\n<tr style=\"height: 23px;\">\n<td style=\"width: 33.3333%; height: 23px; text-align: center;\">Software di elaborazione dati<\/td>\n<td style=\"width: 33.3333%; height: 23px; text-align: center;\">Vector Pro Lite<\/td>\n<td style=\"width: 33.3333%; height: 23px; text-align: center;\">DataXport<\/td>\n<\/tr>\n<\/tbody>\n<\/table>\n<p>&nbsp;<\/p>\n<p><img decoding=\"async\" class=\"size-full wp-image-5487 aligncenter\" src=\"https:\/\/www.acrn.fr\/wp-content\/uploads\/2021\/05\/TS.png\" alt=\"Piano TS\" width=\"750\" height=\"200\" srcset=\"https:\/\/www.acrn.fr\/wp-content\/uploads\/2021\/05\/TS.png 750w, https:\/\/www.acrn.fr\/wp-content\/uploads\/2021\/05\/TS-480x128.png 480w\" sizes=\"(min-width: 0px) and (max-width: 480px) 480px, (min-width: 481px) 750px, 100vw\" \/><\/p>\n<p>&nbsp;<\/p>\n<h2><strong><span style=\"color: #215876;\">Perch\u00e9 scegliere un cacciavite dinamometrico elettronico anzich\u00e9 uno meccanico<\/span><\/strong><\/h2>\n<p class=\"font-claude-response-body break-words whitespace-normal leading-[1.7]\">Gli avvitatori dinamometrici meccanici con scatto (come l&#8217;LTDK o il DPSK) sono progettati per applicare una coppia precisa durante il serraggio: si disinnestano quando viene raggiunto il valore preimpostato. Il TS svolge una funzione diversa e complementare: <strong>misura<\/strong> la coppia effettivamente trasmessa, senza interruzioni, visualizzandone il valore in modo continuo.<\/p>\n<p class=\"font-claude-response-body break-words whitespace-normal leading-[1.7]\">Questa differenza \u00e8 fondamentale in un contesto di controllo qualit\u00e0. Un cacciavite a scatto ti segnala che \u00ab\u00e8 stata raggiunta la coppia preimpostata\u00bb, ma non ti dice quale valore esatto \u00e8 stato trasmesso al tappo, n\u00e9 se tale valore rientrava nel tuo intervallo di tolleranza.<br \/>\nIl TS, abbinato a una console XA-m con soglie configurabili, fornisce un valore numerico, tracciabile e archiviabile per ogni misurazione effettuata.<\/p>\n<p class=\"font-claude-response-body break-words whitespace-normal leading-[1.7]\">\u00c8 proprio questa capacit\u00e0 di misurazione e documentazione che rende il TS lo strumento di riferimento per la qualificazione dei processi di tappatura, la convalida delle linee di confezionamento e gli audit di qualit\u00e0 in cui \u00e8 richiesta la tracciabilit\u00e0 delle misurazioni.<\/p>\n<p class=\"font-claude-response-body break-words whitespace-normal leading-[1.7]\"><strong>Da scoprire anche:<\/strong><\/p>\n<ul class=\"[li_&amp;]:mb-0 [li_&amp;]:mt-1 [li_&amp;]:gap-1 [&amp;:not(:last-child)_ul]:pb-1 [&amp;:not(:last-child)_ol]:pb-1 list-disc flex flex-col gap-1 pl-8 mb-3\">\n<li class=\"whitespace-normal break-words pl-2\">Il <strong><a class=\"underline underline underline-offset-2 decoration-1 decoration-current\/40 hover:decoration-current focus:decoration-current\" href=\"https:\/\/www.acrn.fr\/it\/prodotto\/dinamometro-driver-ltdk\/\">cacciavite dinamometrico LTDK<\/a><\/strong> \u2014 cacciavite con scatto meccanico per serraggi a coppia preimpostata.<\/li>\n<li class=\"whitespace-normal break-words pl-2\">Il <strong><a class=\"underline underline underline-offset-2 decoration-1 decoration-current\/40 hover:decoration-current focus:decoration-current\" href=\"https:\/\/www.acrn.fr\/it\/prodotto\/dinamometro-driver-statico-tth\/\">cacciavite dinamometrico statico TTH<\/a><\/strong> \u2014 sensore di coppia statico per la misurazione su avvitatori industriali.<\/li>\n<li class=\"whitespace-normal break-words pl-2\">La <strong><a class=\"underline underline underline-offset-2 decoration-1 decoration-current\/40 hover:decoration-current focus:decoration-current\" href=\"https:\/\/www.acrn.fr\/it\/prodotto\/console-di-misura-xa\/\">console di misurazione XA-m<\/a><\/strong> \u2014 console di lettura consigliata per il TS, dotata di memoria, programmi e funzione di esportazione dei dati.<\/li>\n<li class=\"whitespace-normal break-words pl-2\">Il nostro servizio <strong><a class=\"underline underline underline-offset-2 decoration-1 decoration-current\/40 hover:decoration-current focus:decoration-current\" href=\"https:\/\/www.acrn.fr\/it\/calibrazione-e-metrologia\/\">di taratura e calibrazione<\/a><\/strong> \u2014 verifica metrologica periodica del TS nel nostro laboratorio in Normandia.<\/li>\n<\/ul>\n","protected":false},"excerpt":{"rendered":"<blockquote><p>Avvitare la coppia desiderata con l&#8217;avvitatore elettronico TS<br \/>\nCapacit\u00e0 da 0,3 a 10N.m<\/p><\/blockquote>\n<p>Il cacciavite dinamometrico elettronico TS \u00e8 un sensore di coppia statico portatile progettato per la misurazione precisa della coppia applicata durante le operazioni di avvitamento, svitamento o controllo della coppia su qualsiasi tipo di pezzo. La sua tecnologia di misurazione statica, a differenza dei cacciaviti dinamometrici con scatto meccanico, gli consente di visualizzare in modo continuo il valore della coppia in tempo reale, con una precisione pari a \u00b10,5% del fondo scala.<\/p>\n<p><a href=\"https:\/\/www.acrn.fr\/wp-content\/uploads\/2021\/12\/Technical_Datasheet_Srewdriver_TS_V1.0.pdf\" target=\"_blank\" rel=\"noopener\">Prospetto tecnico Cacciavite TS<\/a><\/p>\n","protected":false},"featured_media":11676,"template":"","meta":{"_acf_changed":false,"_et_pb_use_builder":"","_et_pb_old_content":"","_et_gb_content_width":""},"product_brand":[],"product_cat":[283],"product_tag":[],"class_list":{"0":"post-12251","1":"product","2":"type-product","3":"status-publish","4":"has-post-thumbnail","6":"product_cat-cacciavite-dinamometrico","8":"first","9":"instock","10":"shipping-taxable","11":"purchasable","12":"product-type-simple"},"acf":[],"_links":{"self":[{"href":"https:\/\/www.acrn.fr\/it\/wp-json\/wp\/v2\/product\/12251","targetHints":{"allow":["GET"]}}],"collection":[{"href":"https:\/\/www.acrn.fr\/it\/wp-json\/wp\/v2\/product"}],"about":[{"href":"https:\/\/www.acrn.fr\/it\/wp-json\/wp\/v2\/types\/product"}],"wp:featuredmedia":[{"embeddable":true,"href":"https:\/\/www.acrn.fr\/it\/wp-json\/wp\/v2\/media\/11676"}],"wp:attachment":[{"href":"https:\/\/www.acrn.fr\/it\/wp-json\/wp\/v2\/media?parent=12251"}],"wp:term":[{"taxonomy":"product_brand","embeddable":true,"href":"https:\/\/www.acrn.fr\/it\/wp-json\/wp\/v2\/product_brand?post=12251"},{"taxonomy":"product_cat","embeddable":true,"href":"https:\/\/www.acrn.fr\/it\/wp-json\/wp\/v2\/product_cat?post=12251"},{"taxonomy":"product_tag","embeddable":true,"href":"https:\/\/www.acrn.fr\/it\/wp-json\/wp\/v2\/product_tag?post=12251"}],"curies":[{"name":"wp","href":"https:\/\/api.w.org\/{rel}","templated":true}]}}