{"id":12248,"date":"2021-06-01T13:08:14","date_gmt":"2021-06-01T13:08:14","guid":{"rendered":"https:\/\/www.acrn.fr\/product\/cacciavite-dinamometrico-ltdk"},"modified":"2026-01-21T15:46:45","modified_gmt":"2026-01-21T14:46:45","slug":"dinamometro-driver-ltdk","status":"publish","type":"product","link":"https:\/\/www.acrn.fr\/it\/prodotto\/dinamometro-driver-ltdk\/","title":{"rendered":"Cacciavite dinamometrico LTDK"},"content":{"rendered":"<div class='content-column one_half'><\/div>\n<h3>Attivit\u00e0 della LTDK<\/h3>\n<div class='content-column one_half'><\/div>\n<ul>\n<li style=\"list-style-type: none;\">\n<ul>\n<li><span style=\"color: #215876;\"><span style=\"color: #215876;\">Impugnatura confortevole per un uso prolungato<\/span><\/span><\/li>\n<\/ul>\n<\/li>\n<\/ul>\n<p>&nbsp;<\/p>\n<ul>\n<li style=\"list-style-type: none;\">\n<ul>\n<li><span style=\"color: #215876;\"><span style=\"color: #215876;\">La leggerezza e la lunghezza complessiva ne facilitano l&#8217;uso.<\/span><\/span><\/li>\n<\/ul>\n<\/li>\n<\/ul>\n<p>&nbsp;<\/p>\n<ul>\n<li style=\"list-style-type: none;\">\n<ul>\n<li><span style=\"color: #215876;\"><span style=\"color: #215876;\">Il rilascio sensibile della frizione consente all&#8217;operatore di percepire il raggiungimento della coppia.<\/span><\/span><\/li>\n<\/ul>\n<\/li>\n<\/ul>\n<p>&nbsp;<\/p>\n<ul>\n<li style=\"list-style-type: none;\">\n<ul>\n<li><span style=\"color: #215876;\"><span style=\"color: #215876;\">Sono incluse due punte Phillips<\/span><\/span><\/li>\n<\/ul>\n<\/li>\n<\/ul>\n<p>&nbsp;<\/p>\n<ul>\n<li style=\"list-style-type: none;\">\n<ul>\n<li><span style=\"color: #215876;\"><span style=\"color: #215876;\">Utilizzato per il serraggio in senso orario e antiorario<\/span><\/span><\/li>\n<\/ul>\n<\/li>\n<\/ul>\n<p>&nbsp;<\/p>\n<ul>\n<li style=\"list-style-type: none;\">\n<ul>\n<li><span style=\"color: #215876;\"><span style=\"color: #215876;\">Precisione: \u00b1 3% del valore indicato sull&#8217;intera gamma, in senso orario.<\/span><\/span><\/li>\n<\/ul>\n<\/li>\n<\/ul>\n<p>&nbsp;<\/p>\n<ul>\n<li style=\"list-style-type: none;\">\n<ul>\n<li><span style=\"color: #215876;\"><span style=\"color: #215876;\">I modelli &#8220;H&#8221; accettano punte standard invece di punte CB<\/span><\/span><\/li>\n<\/ul>\n<\/li>\n<\/ul>\n<p>&nbsp;<\/p>\n<p>&nbsp;<\/p>\n<p>[\/]<\/p>\n<div class='content-column one_half last_column'><img decoding=\"async\" class=\"alignnone wp-image-5503 size-full\" src=\"https:\/\/www.acrn.fr\/wp-content\/uploads\/2021\/06\/ltdk-3.png\" alt=\"LTDK-3\" width=\"600\" height=\"600\" srcset=\"https:\/\/www.acrn.fr\/wp-content\/uploads\/2021\/06\/ltdk-3.png 600w, https:\/\/www.acrn.fr\/wp-content\/uploads\/2021\/06\/ltdk-3-480x480.png 480w\" sizes=\"(min-width: 0px) and (max-width: 480px) 480px, (min-width: 481px) 600px, 100vw\" \/><\/div><div class='clear_column'><\/div>\n<h3>Opzioni<\/h3>\n<table style=\"border-collapse: collapse; width: 100%; height: 23px;\">\n<tbody>\n<tr style=\"height: 23px;\">\n<td style=\"width: 100%; height: 23px;\">Sono disponibili diverse punte esagonali e a scatola.<\/td>\n<\/tr>\n<tr>\n<td style=\"width: 100%;\">Disponibile in formato metrico<\/td>\n<\/tr>\n<tr>\n<td style=\"width: 100%;\">Attacco esagonale da \u00bc&#8221; per i modelli N1,5 LTDK e N3 LTDK<\/td>\n<\/tr>\n<\/tbody>\n<\/table>\n<p><img decoding=\"async\" class=\"aligncenter wp-image-5496 size-full\" src=\"https:\/\/www.acrn.fr\/wp-content\/uploads\/2021\/06\/LTDK-fr-1.png\" alt=\"schema\" width=\"500\" height=\"200\" srcset=\"https:\/\/www.acrn.fr\/wp-content\/uploads\/2021\/06\/LTDK-fr-1.png 500w, https:\/\/www.acrn.fr\/wp-content\/uploads\/2021\/06\/LTDK-fr-1-480x192.png 480w\" sizes=\"(min-width: 0px) and (max-width: 480px) 480px, (min-width: 481px) 500px, 100vw\" \/><\/p>\n<table style=\"border-collapse: collapse; width: 100%;\">\n<tbody>\n<tr>\n<td style=\"width: 25%; text-align: center;\"><strong>Modello<\/strong><\/td>\n<td style=\"width: 25%; text-align: center;\"><strong>Capacit\u00e0<\/strong><\/td>\n<td style=\"width: 25%; text-align: center;\"><strong>Scala<\/strong><\/td>\n<td style=\"width: 25%; text-align: center;\"><strong>Lunghezza<\/strong><\/td>\n<\/tr>\n<tr>\n<td style=\"width: 25%; text-align: center;\">N1,5 LTDK<\/td>\n<td style=\"width: 25%; text-align: center;\">1 &#8211; 15 cN.m<\/td>\n<td style=\"width: 25%; text-align: center;\">0,1 cN.m<\/td>\n<td style=\"width: 25%; text-align: center;\">96 mm<\/td>\n<\/tr>\n<tr>\n<td style=\"width: 25%; text-align: center;\">N3 LTDK<\/td>\n<td style=\"width: 25%; text-align: center;\">2 &#8211; 30 cN.m<\/td>\n<td style=\"width: 25%; text-align: center;\">0,2 cN.m<\/td>\n<td style=\"width: 25%; text-align: center;\">96 mm<\/td>\n<\/tr>\n<tr>\n<td style=\"width: 25%; text-align: center;\">N6 LTDK<\/td>\n<td style=\"width: 25%; text-align: center;\">5 &#8211; 60 cN.m<\/td>\n<td style=\"width: 25%; text-align: center;\">0,5 cN.m<\/td>\n<td style=\"width: 25%; text-align: center;\">110 mm<\/td>\n<\/tr>\n<tr>\n<td style=\"width: 25%; text-align: center;\">N12 LTDK<\/td>\n<td style=\"width: 25%; text-align: center;\">20 &#8211; 120 cN.m<\/td>\n<td style=\"width: 25%; text-align: center;\">1 cN.m<\/td>\n<td style=\"width: 25%; text-align: center;\">160 mm<\/td>\n<\/tr>\n<tr>\n<td style=\"width: 25%; text-align: center;\">N20 LTDK<\/td>\n<td style=\"width: 25%; text-align: center;\">40 &#8211; 200 cN.m<\/td>\n<td style=\"width: 25%; text-align: center;\">1 cN.m<\/td>\n<td style=\"width: 25%; text-align: center;\">160 mm<\/td>\n<\/tr>\n<tr>\n<td style=\"width: 25%; text-align: center;\">N30 LTDK<\/td>\n<td style=\"width: 25%; text-align: center;\">40 &#8211; 300 cN.m<\/td>\n<td style=\"width: 25%; text-align: center;\">1 cN.m<\/td>\n<td style=\"width: 25%; text-align: center;\">160 mm<\/td>\n<\/tr>\n<tr>\n<td style=\"width: 25%; text-align: center;\">N50 LTDK<\/td>\n<td style=\"width: 25%; text-align: center;\">100 &#8211; 500 cN.m<\/td>\n<td style=\"width: 25%; text-align: center;\">2,5 cN.m<\/td>\n<td style=\"width: 25%; text-align: center;\">200 mm<\/td>\n<\/tr>\n<tr>\n<td style=\"width: 25%; text-align: center;\">N100 LTDK<\/td>\n<td style=\"width: 25%; text-align: center;\">2 -10 N.m<\/td>\n<td style=\"width: 25%; text-align: center;\">0,05 mm<\/td>\n<td style=\"width: 25%; text-align: center;\">235 mm<\/td>\n<\/tr>\n<\/tbody>\n<\/table>\n<h3>Consegnato con<\/h3>\n<p>Certificato di calibrazione<\/p>\n","protected":false},"excerpt":{"rendered":"<blockquote><p>Avvitare alla coppia selezionata<br \/>\nCapacit\u00e0 da 0,15 a 10 N.m<\/p><\/blockquote>\n<p>Il cacciavite LTDK \u00e8 ideale per serrare piccole viti in serie. La coppia desiderata pu\u00f2 essere impostata con precisione e facilit\u00e0 sulla scala micrometrica esterna.<\/p>\n<p>Il cacciavite LTDK \u00e8 regolabile micrometricamente e completamente sganciabile.<\/p>\n","protected":false},"featured_media":11695,"template":"","meta":{"_acf_changed":false,"_et_pb_use_builder":"","_et_pb_old_content":"","_et_gb_content_width":""},"product_brand":[],"product_cat":[283],"product_tag":[],"class_list":{"0":"post-12248","1":"product","2":"type-product","3":"status-publish","4":"has-post-thumbnail","6":"product_cat-cacciavite-dinamometrico","8":"first","9":"instock","10":"shipping-taxable","11":"purchasable","12":"product-type-simple"},"acf":[],"_links":{"self":[{"href":"https:\/\/www.acrn.fr\/it\/wp-json\/wp\/v2\/product\/12248","targetHints":{"allow":["GET"]}}],"collection":[{"href":"https:\/\/www.acrn.fr\/it\/wp-json\/wp\/v2\/product"}],"about":[{"href":"https:\/\/www.acrn.fr\/it\/wp-json\/wp\/v2\/types\/product"}],"wp:featuredmedia":[{"embeddable":true,"href":"https:\/\/www.acrn.fr\/it\/wp-json\/wp\/v2\/media\/11695"}],"wp:attachment":[{"href":"https:\/\/www.acrn.fr\/it\/wp-json\/wp\/v2\/media?parent=12248"}],"wp:term":[{"taxonomy":"product_brand","embeddable":true,"href":"https:\/\/www.acrn.fr\/it\/wp-json\/wp\/v2\/product_brand?post=12248"},{"taxonomy":"product_cat","embeddable":true,"href":"https:\/\/www.acrn.fr\/it\/wp-json\/wp\/v2\/product_cat?post=12248"},{"taxonomy":"product_tag","embeddable":true,"href":"https:\/\/www.acrn.fr\/it\/wp-json\/wp\/v2\/product_tag?post=12248"}],"curies":[{"name":"wp","href":"https:\/\/api.w.org\/{rel}","templated":true}]}}