{"id":12242,"date":"2021-10-05T16:38:06","date_gmt":"2021-10-05T14:38:06","guid":{"rendered":"https:\/\/www.acrn.fr\/product\/torsiometro-automatico-vortex-i"},"modified":"2025-07-07T17:06:51","modified_gmt":"2025-07-07T15:06:51","slug":"torsiometro-automatico-vortex-i","status":"publish","type":"product","link":"https:\/\/www.acrn.fr\/it\/prodotto\/torsiometro-automatico-vortex-i\/","title":{"rendered":"Misuratore di coppia automatizzato Mecmesin Vortex-I"},"content":{"rendered":"<p>Il vortex-i \u00e8 una soluzione semplice ed efficace per simulare le applicazioni di coppia quotidiane in molti settori.<\/p>\n<p>Un robusto telaio a due montanti in grado di applicare coppie fino a 10 N.m (90 lbf.in).<\/p>\n<p>Grandi e larghi a sufficienza per accettare una variet\u00e0 di campioni di prova, ma abbastanza compatti per essere utilizzati come attrezzature di laboratorio.<br \/>\n<div class='content-column one_half'><h3>Vantaggi del Vortex-I<\/h3>\n<h4><span style=\"color: #d64914;\">Piastra di presa<\/span><\/h4>\n<p><span style=\"color: #215876;\">Versatile (opzionale) completamente regolabile per posizionare e fissare un&#8217;ampia gamma di campioni. Su richiesta sono disponibili anche accessori personalizzati.<\/span><\/p>\n<h4><span style=\"color: #d64914;\">Funzione di carico assiale<\/span><\/h4>\n<p><span style=\"color: #215876;\">Per applicare un carico fisso durante l&#8217;esecuzione di prove di coppia. Ideale per testare le chiusure a prova di bambino (CRC).<\/span><\/p>\n<h4><span style=\"color: #d64914;\">Design robusto<\/span><\/h4>\n<p><span style=\"color: #215876;\">Base robusta e impermeabile, ideale per l&#8217;uso in ambienti di produzione e di laboratorio. Progettato in ambiente controllato con marchio CE per soddisfare gli standard europei di sicurezza e protezione ambientale.<\/span><\/p>\n<h4><span style=\"color: #d64914;\">Direzione della coppia<\/span><\/h4>\n<p><span style=\"color: #215876;\">Oppure spostare il motore in modalit\u00e0 manuale.<\/span><\/p>\n<h4><span style=\"color: #d64914;\">Pulsante di arresto di emergenza<\/span><\/h4>\n<p><span style=\"color: #215876;\">Per la sicurezza e la conformit\u00e0 CE.<\/span><\/p>\n<h4><span style=\"color: #d64914;\">LED di indicazione dell&#8217;alimentazione<\/span><\/h4>\n<p><span style=\"color: #215876;\">Fusibile e pulsante di avvio\/arresto sul retro della macchina.<\/span><\/div><\/p>\n<div class='content-column one_half last_column'><img decoding=\"async\" class=\"alignnone size-full wp-image-7367\" src=\"https:\/\/www.acrn.fr\/wp-content\/uploads\/2021\/10\/Sans-titre-1.png\" alt=\"vortice-i\" width=\"500\" height=\"600\" srcset=\"https:\/\/www.acrn.fr\/wp-content\/uploads\/2021\/10\/Sans-titre-1.png 500w, https:\/\/www.acrn.fr\/wp-content\/uploads\/2021\/10\/Sans-titre-1-480x576.png 480w\" sizes=\"(min-width: 0px) and (max-width: 480px) 480px, (min-width: 481px) 500px, 100vw\" \/><\/div><div class='clear_column'><\/div>\n<p>&nbsp;<\/p>\n<p>&nbsp;<\/p>\n<div class='content-column one_half'><img decoding=\"async\" class=\"alignnone size-full wp-image-7365\" src=\"https:\/\/www.acrn.fr\/wp-content\/uploads\/2021\/10\/Emperor-2.png\" alt=\"\" width=\"500\" height=\"250\" srcset=\"https:\/\/www.acrn.fr\/wp-content\/uploads\/2021\/10\/Emperor-2.png 500w, https:\/\/www.acrn.fr\/wp-content\/uploads\/2021\/10\/Emperor-2-480x240.png 480w\" sizes=\"(min-width: 0px) and (max-width: 480px) 480px, (min-width: 481px) 500px, 100vw\" \/><\/div>\n<h3>Software Emperor<\/h3>\n<div class='content-column one_half last_column'>Il software Emperor \u00e8 stato progettato per funzionare con i banchi di trazione\/compressione. \u00c8 adatto all&#8217;uso in laboratori e fabbriche. Ha 2 modalit\u00e0 di funzionamento:<\/p>\n<ul>\n<li>Una modalit\u00e0 Console, che consente di creare programmi semplici e di controllare il dispositivo con un minimo di pulsanti. Sono disponibili diversi test preregistrati. Questa modalit\u00e0 \u00e8 adatta all&#8217;uso in fabbrica.<\/li>\n<li>Una modalit\u00e0 di test programmato pi\u00f9 completa per spingere ulteriormente le capacit\u00e0 dei banchi di prova.<\/li>\n<\/ul><\/div><div class='clear_column'><\/div>\n<div class='content-column one_half'><h4><span style=\"color: #d64914;\">Creare<\/span><\/h4>\n<ul>\n<li>Interfaccia utente intuitiva<\/li>\n<li>Costruzione passo-passo delle routine di test<\/li>\n<li>Selezione con un solo clic delle procedure di test preferite<\/li>\n<\/ul>\n<h4><span style=\"color: #d64914;\">Test<\/span><\/h4>\n<ul>\n<li>Grafica in tempo reale<\/li>\n<li>Visualizzazione dei valori misurati e calcolati<\/li>\n<li>Indicazione chiara e precisa della conformit\u00e0 (Pass\/Fail)<\/li>\n<\/ul>\n<h4><span style=\"color: #d64914;\">Rapporti<\/span><\/h4>\n<ul>\n<li>Modelli standard e personalizzabili<\/li>\n<li>Stampa dei risultati in formato Adobe PDF<\/li>\n<li>Esportazione dei risultati in Excel e SPC<\/li>\n<\/ul><\/div>\n<div class='content-column one_half last_column'><img decoding=\"async\" class=\"alignnone size-full wp-image-7363\" src=\"https:\/\/www.acrn.fr\/wp-content\/uploads\/2021\/10\/emperor.png\" alt=\"\" width=\"500\" height=\"400\" srcset=\"https:\/\/www.acrn.fr\/wp-content\/uploads\/2021\/10\/emperor.png 500w, https:\/\/www.acrn.fr\/wp-content\/uploads\/2021\/10\/emperor-480x384.png 480w\" sizes=\"(min-width: 0px) and (max-width: 480px) 480px, (min-width: 481px) 500px, 100vw\" \/><\/div><div class='clear_column'><\/div>\n<p>&nbsp;<\/p>\n<table style=\"border-collapse: collapse; width: 100%; height: 161px;\">\n<tbody>\n<tr style=\"height: 23px;\">\n<td style=\"width: 50%; height: 23px; text-align: center;\">Lettura digitale di carico \/ angolo \/ velocit\u00e0<\/td>\n<td style=\"width: 50%; height: 23px; text-align: center;\">  S\u00ec<\/td>\n<\/tr>\n<tr style=\"height: 23px;\">\n<td style=\"width: 50%; height: 23px; text-align: center;\">Comunicazione con il banco di prova<\/td>\n<td style=\"width: 50%; height: 23px; text-align: center;\">Tramite porta RS232 o porta USB (convertitore in dotazione)<\/td>\n<\/tr>\n<tr style=\"height: 23px;\">\n<td style=\"width: 50%; height: 23px; text-align: center;\">Caratteristiche richieste<\/td>\n<td style=\"width: 50%; height: 23px; text-align: center;\">100 Mb disponibili HD, CD-Rom + porta RS232\/USB disponibile<\/td>\n<\/tr>\n<tr style=\"height: 23px;\">\n<td style=\"width: 50%; height: 23px; text-align: center;\">Sistema operativo<\/td>\n<td style=\"width: 50%; height: 23px; text-align: center;\">Compatibile con Windows\u00ae 2000, XP, Vista, 7, 8 e 10<\/td>\n<\/tr>\n<tr style=\"height: 23px;\">\n<td style=\"width: 50%; height: 23px; text-align: center;\">Velocit\u00e0 di acquisizione<\/td>\n<td style=\"width: 50%; height: 23px; text-align: center;\">Scelta di 1000 Hz, 500 Hz, 50 Hz e 10 Hz<\/td>\n<\/tr>\n<tr style=\"height: 23px;\">\n<td style=\"width: 50%; height: 23px; text-align: center;\">Ingresso secondario<\/td>\n<td style=\"width: 50%; height: 23px; text-align: center;\">Ingresso evento (interruttore), controlli digitali Porte I\/O<\/td>\n<\/tr>\n<tr style=\"height: 23px;\">\n<td style=\"width: 50%; height: 23px; text-align: center;\">Uscita dati<\/td>\n<td style=\"width: 50%; height: 23px; text-align: center;\">Porta RS232 (direttamente o tramite convertitore USB\/rete in formato ASCII) ASCII (esportazione in tabella, software SPC&#8230;)<\/td>\n<\/tr>\n<\/tbody>\n<\/table>\n<p>Scopri il nostro articolo sul nostro nuovo misuratore di coppia: <a href=\"https:\/\/www.acrn.fr\/it\/repeatork-misuratore-coppia-motorizzato-controlli-qualita\/\">il Repeatork<\/a><\/p>\n","protected":false},"excerpt":{"rendered":"<blockquote><p>Il modello ottimizzato con possibilit\u00e0 illimitate<\/p><\/blockquote>\n<p>Il Vortex-I \u00e8 un <strong>torsiometro di fascia alta controllato da un software in esecuzione su un PC<\/strong>.<\/p>\n<p>Accurato, facile da usare e ottimizzato dalla scelta dei materiali e delle caratteristiche, consente di <strong>misurare la coppia statica fino a 10 N.m.<\/strong><\/p>\n<p>La soluzione flessibile e all&#8217;avanguardia per le prove di coppia automatizzate su un&#8217;ampia gamma di otturatori e componenti.<\/p>\n<p><a href=\"https:\/\/www.acrn.fr\/wp-content\/uploads\/2021\/10\/vortex-I-fr-BD.pdf\">Scheda tecnica Vortex-I<\/a><\/p>\n","protected":false},"featured_media":11950,"template":"","meta":{"_acf_changed":false,"_et_pb_use_builder":"","_et_pb_old_content":"","_et_gb_content_width":""},"product_brand":[],"product_cat":[327],"product_tag":[],"class_list":{"0":"post-12242","1":"product","2":"type-product","3":"status-publish","4":"has-post-thumbnail","6":"product_cat-torsiometri-motorizzati","8":"first","9":"instock","10":"shipping-taxable","11":"purchasable","12":"product-type-simple"},"acf":[],"_links":{"self":[{"href":"https:\/\/www.acrn.fr\/it\/wp-json\/wp\/v2\/product\/12242","targetHints":{"allow":["GET"]}}],"collection":[{"href":"https:\/\/www.acrn.fr\/it\/wp-json\/wp\/v2\/product"}],"about":[{"href":"https:\/\/www.acrn.fr\/it\/wp-json\/wp\/v2\/types\/product"}],"wp:featuredmedia":[{"embeddable":true,"href":"https:\/\/www.acrn.fr\/it\/wp-json\/wp\/v2\/media\/11950"}],"wp:attachment":[{"href":"https:\/\/www.acrn.fr\/it\/wp-json\/wp\/v2\/media?parent=12242"}],"wp:term":[{"taxonomy":"product_brand","embeddable":true,"href":"https:\/\/www.acrn.fr\/it\/wp-json\/wp\/v2\/product_brand?post=12242"},{"taxonomy":"product_cat","embeddable":true,"href":"https:\/\/www.acrn.fr\/it\/wp-json\/wp\/v2\/product_cat?post=12242"},{"taxonomy":"product_tag","embeddable":true,"href":"https:\/\/www.acrn.fr\/it\/wp-json\/wp\/v2\/product_tag?post=12242"}],"curies":[{"name":"wp","href":"https:\/\/api.w.org\/{rel}","templated":true}]}}