{"id":12225,"date":"2022-09-06T08:56:26","date_gmt":"2022-09-06T06:56:26","guid":{"rendered":"https:\/\/www.acrn.fr\/product\/tester-di-tenuta-per-sacchetti-compresspack-e-doypack"},"modified":"2025-12-02T15:25:56","modified_gmt":"2025-12-02T14:25:56","slug":"compresspack","status":"publish","type":"product","link":"https:\/\/www.acrn.fr\/it\/prodotto\/compresspack\/","title":{"rendered":"Compressiometri in bustina e doypack CompressPack"},"content":{"rendered":"<p>Il CompressPack \u00e8 un tester di resistenza alla compressione, ideale per verificare l&#8217;integrit\u00e0 delle saldature su una variet\u00e0 di imballaggi, tra cui doypack, buste e tubi. Grazie a funzioni avanzate come le prove cicliche, manuali e di esplosione, questa apparecchiatura garantisce una convalida rapida ed efficiente della qualit\u00e0 della saldatura in produzione. Progettato per gli ambienti industriali, il CompressPack, un vero e proprio comprimometro, \u00e8 anche in grado di gestire la tracciabilit\u00e0 dei dati e di esportare i risultati per una migliore analisi della conformit\u00e0.<\/p>\n<h3>Vantaggi del comprimometro CompressPack<\/h3>\n<p>Ecco i diversi vantaggi del comprimometro<\/p>\n<div class='content-column one_half'>&#8211; Interfaccia digitale touch <strong>di facile utilizzo<\/strong><br \/>\n&#8211; Progettato per molti tipi di test (prova di fatica, prova di stress, prova di scoppio, prova di tenuta, ecc.)<br \/>\n&#8211; <strong>Adatto agli ambienti di produzione<\/strong> grazie al suo design innovativo e intuitivo<br \/>\n&#8211; Tracciabilit\u00e0 e convalida della conformit\u00e0 ai test; gestione dei numeri di lotto; identificazione degli utenti con limiti di accesso<br \/>\n&#8211; <strong>Pressori a cambio<\/strong> rapido per diversi tipi di imballaggio<br \/>\n&#8211; Migliore pulibilit\u00e0 grazie allo sportello ad apertura multipla o all&#8217;uso di un pratico vassoio di ritenzione per i test di sviluppo<br \/>\n&#8211; <strong>Integrit\u00e0 dei dati<\/strong>: analisi\/esportazione avanzata dei risultati (USB, TCPIP)<br \/>\n&#8211; Capacit\u00e0 di autodiagnosi (deriva del sensore,&#8230;)<br \/>\n&#8211; Grafico della depressione del test simultaneo<br \/>\n&#8211; Scatola di controllo staccabile per facilitare <strong>la manutenzione<\/strong> e unit\u00e0 portatile per ambienti ostili o congestionati.<\/div>\n<div class='content-column one_half last_column'><img decoding=\"async\" class=\"alignnone wp-image-9661 size-full\" src=\"https:\/\/www.acrn.fr\/wp-content\/uploads\/2022\/05\/CONCUpour.png\" alt=\"pictogramme iso astm standards\" width=\"400\" height=\"300\" srcset=\"https:\/\/www.acrn.fr\/wp-content\/uploads\/2022\/05\/CONCUpour.png 400w, https:\/\/www.acrn.fr\/wp-content\/uploads\/2022\/05\/CONCUpour-64x48.png 64w, https:\/\/www.acrn.fr\/wp-content\/uploads\/2022\/05\/CONCUpour-300x225.png 300w\" sizes=\"(max-width: 400px) 100vw, 400px\" \/><\/div><div class='clear_column'><\/div>\n<h3>\u00c8 possibile eseguire diversi test:<\/h3>\n<p><strong><span style=\"color: #215876;\">Il test di resistenza<\/span><\/strong><\/p>\n<p>Verificate il vostro imballaggio con la funzione Ciclo per testare l&#8217;integrit\u00e0 del vostro imballaggio.<\/p>\n<p><strong><span style=\"color: #215876;\">Test ciclici<\/span><\/strong><\/p>\n<p>Eseguire una prova di forza sollevando e abbassando il cilindro pneumatico.<\/p>\n<p><strong><span style=\"color: #215876;\">Test manuale\/pressione interna<\/span><\/strong><\/p>\n<p>Eseguire un test graduale per facilitare la misurazione interna per un test affidabile e accurato.<\/p>\n<p><strong><span style=\"color: #215876;\">Il test di esplosione<\/span><\/strong><\/p>\n<p>Eseguire un test con rilevamento della soglia di scoppio.<\/p>\n<p><strong><span style=\"color: #215876;\">Test su misura<\/span><\/strong><\/p>\n<p>Il CompressPack pu\u00f2 integrare un programma sviluppato specificamente per il cliente (ad esempio, un protocollo di prova interno di un produttore che pu\u00f2 essere distribuito in tutti i siti di produzione tramite un file sorgente su una chiave USB).<\/p>\n<p><strong><span style=\"color: #215876;\">Il test delle scale<\/span><\/strong><\/p>\n<p>Eseguire un test di sviluppo\/qualificazione per determinare i valori di conformit\u00e0 di un prodotto.<\/p>\n<div class='content-column one_half'><h3>Imballaggio tipico:<\/h3>\n<p><span style=\"color: #215876;\"><strong>Imballaggi flessibili, semirigidi e rigidi<\/strong><\/span><br \/><\/div>\n<div class='content-column one_half last_column'><img decoding=\"async\" class=\"alignnone wp-image-9903 size-full\" src=\"https:\/\/www.acrn.fr\/wp-content\/uploads\/2022\/09\/emballage-compresspack450x150.png\" alt=\"emballage-compressometro\" width=\"450\" height=\"150\" srcset=\"https:\/\/www.acrn.fr\/wp-content\/uploads\/2022\/09\/emballage-compresspack450x150.png 450w, https:\/\/www.acrn.fr\/wp-content\/uploads\/2022\/09\/emballage-compresspack450x150-64x21.png 64w, https:\/\/www.acrn.fr\/wp-content\/uploads\/2022\/09\/emballage-compresspack450x150-300x100.png 300w\" sizes=\"(max-width: 450px) 100vw, 450px\" \/><\/div><div class='clear_column'><\/div>\n<h3>Specifiche tecniche in base alla forza di supporto:<\/h3>\n<table style=\"border-collapse: collapse; width: 92.5301%; height: 241px;\">\n<tbody>\n<tr style=\"height: 23px;\">\n<td style=\"width: 14.2857%; height: 23px; text-align: center;\"><\/td>\n<td style=\"width: 9.56755%; height: 23px; text-align: center;\">L75<\/td>\n<td style=\"width: 9.89501%; height: 23px; text-align: center;\">L190<\/td>\n<td style=\"width: 9.82963%; height: 23px; text-align: center;\">L300<\/td>\n<td style=\"width: 9.82959%; height: 23px; text-align: center;\">L1600<\/td>\n<td style=\"width: 9.76416%; height: 23px; text-align: center;\">L3000<\/td>\n<td style=\"width: 9.87868%; height: 23px; text-align: center;\">S190<\/td>\n<td style=\"width: 9.29861%; text-align: center;\">S300<\/td>\n<td style=\"width: 10.0065%; text-align: center;\">S1600<\/td>\n<\/tr>\n<tr style=\"height: 23px;\">\n<td style=\"width: 14.2857%; height: 23px; text-align: center;\">Forza minima (daN)<\/p>\n<p>Pressione minima (bar)<\/td>\n<td style=\"width: 9.56755%; height: 23px; text-align: center;\">2<\/p>\n<p>0,2<\/td>\n<td style=\"width: 9.89501%; height: 23px; text-align: center;\">6<\/p>\n<p>0,2<\/td>\n<td style=\"width: 9.82963%; height: 23px; text-align: center;\">10<\/p>\n<p>0,2<\/td>\n<td style=\"width: 9.82959%; height: 23px; text-align: center;\">50<\/p>\n<p>0,2<\/td>\n<td style=\"width: 9.76416%; height: 23px; text-align: center;\">100<\/p>\n<p>0,2<\/td>\n<td style=\"width: 9.87868%; height: 23px; text-align: center;\">6<\/p>\n<p>0,2<\/td>\n<td style=\"width: 9.29861%; height: 23px; text-align: center;\">10<\/p>\n<p>0,2<\/td>\n<td style=\"width: 10.0065%; height: 23px; text-align: center;\">50<\/p>\n<p>0,2<\/td>\n<\/tr>\n<tr>\n<td style=\"width: 14.2857%; text-align: center;\">Forza standard (daN)<\/p>\n<p>Pressione standard (bar)<\/td>\n<td style=\"width: 9.56755%; text-align: center;\">75<\/p>\n<p>6<\/td>\n<td style=\"width: 9.89501%; text-align: center;\">190<\/p>\n<p>6<\/td>\n<td style=\"width: 9.82963%; text-align: center;\">300<\/p>\n<p>6<\/td>\n<td style=\"width: 9.82959%; text-align: center;\">1600<\/p>\n<p>6<\/td>\n<td style=\"width: 9.76416%; text-align: center;\">3000<\/p>\n<p>6<\/td>\n<td style=\"width: 9.87868%; text-align: center;\">190<\/p>\n<p>6<\/td>\n<td style=\"width: 9.29861%; text-align: center;\">300<\/p>\n<p>6<\/td>\n<td style=\"width: 10.0065%; text-align: center;\">1600<\/p>\n<p>6<\/td>\n<\/tr>\n<tr style=\"height: 103px;\">\n<td style=\"width: 14.2857%; height: 103px; text-align: center;\">Forza massima (daN)<\/p>\n<p>Pressione massima (bar)<\/td>\n<td style=\"width: 9.56755%; height: 103px; text-align: center;\">100<\/p>\n<p>8<\/td>\n<td style=\"width: 9.89501%; height: 103px; text-align: center;\">250<\/p>\n<p>8<\/td>\n<td style=\"width: 9.82963%; height: 103px; text-align: center;\">400<\/p>\n<p>8<\/td>\n<td style=\"width: 9.82959%; height: 103px; text-align: center;\">2100<\/p>\n<p>8<\/td>\n<td style=\"width: 9.76416%; height: 103px; text-align: center;\">4000<\/p>\n<p>8<\/td>\n<td style=\"width: 9.87868%; height: 103px; text-align: center;\">250<\/p>\n<p>8<\/td>\n<td style=\"width: 9.29861%; height: 103px; text-align: center;\">400<\/p>\n<p>8<\/td>\n<td style=\"width: 10.0065%; height: 103px; text-align: center;\">2100<\/p>\n<p>8<\/td>\n<\/tr>\n<tr style=\"height: 23px;\">\n<td style=\"width: 14.2857%; height: 23px; text-align: center;\">Dimensioni esterne (mm) (L*P*A)<\/td>\n<td style=\"width: 9.56755%; height: 23px; text-align: center;\">570*460*650<\/td>\n<td style=\"width: 9.89501%; height: 23px; text-align: center;\">570*460*650<\/td>\n<td style=\"width: 9.82963%; height: 23px; text-align: center;\">570*460*693<\/td>\n<td style=\"width: 9.82959%; height: 23px; text-align: center;\">570*460*727<\/td>\n<td style=\"width: 9.76416%; height: 23px; text-align: center;\">546*398*710<\/td>\n<td style=\"width: 9.87868%; height: 23px; text-align: center;\">380*460*449<\/td>\n<td style=\"width: 9.29861%; height: 23px; text-align: center;\">380*460*492<\/td>\n<td style=\"width: 10.0065%; height: 23px; text-align: center;\">380*460*526<\/td>\n<\/tr>\n<tr style=\"height: 23px;\">\n<td style=\"width: 14.2857%; height: 23px; text-align: center;\">Dimensione massima del campione (mm) (L*P*H)<\/td>\n<td style=\"width: 9.56755%; height: 23px; text-align: center;\">340*270*185<\/td>\n<td style=\"width: 9.89501%; height: 23px; text-align: center;\">340*270*180<\/td>\n<td style=\"width: 9.82963%; height: 23px; text-align: center;\">340*270*160<\/td>\n<td style=\"width: 9.82959%; height: 23px; text-align: center;\">340*270*120<\/td>\n<td style=\"width: 9.76416%; height: 23px; text-align: center;\">340*270*110<\/td>\n<td style=\"width: 9.87868%; height: 23px; text-align: center;\">230*132*185<\/td>\n<td style=\"width: 9.29861%; height: 23px; text-align: center;\">230*132*165<\/td>\n<td style=\"width: 10.0065%; height: 23px; text-align: center;\">230*132*125<\/td>\n<\/tr>\n<\/tbody>\n<\/table>\n<p><iframe title=\"CompressPack \u2013 Seal Strength Tester for Flexible Packaging | ACRN\" width=\"1080\" height=\"608\" src=\"https:\/\/www.youtube.com\/embed\/rJB4z5ao3nw?feature=oembed&#038;enablejsapi=1&#038;origin=https:\/\/www.acrn.fr\"  allow=\"accelerometer; autoplay; clipboard-write; encrypted-media; gyroscope; picture-in-picture; web-share\" referrerpolicy=\"strict-origin-when-cross-origin\" allowfullscreen><\/iframe><\/p>\n<h3>Lo sviluppo di questa struttura \u00e8 stato sostenuto dalla regione Normandia.<\/h3>\n<p><img decoding=\"async\" class=\"alignnone wp-image-13951 size-medium\" src=\"https:\/\/www.acrn.fr\/wp-content\/uploads\/2024\/06\/LOGO-AD-NORMANDIE-300x115.png\" alt=\"logo normandie\" width=\"300\" height=\"115\" srcset=\"https:\/\/www.acrn.fr\/wp-content\/uploads\/2024\/06\/LOGO-AD-NORMANDIE-300x115.png 300w, https:\/\/www.acrn.fr\/wp-content\/uploads\/2024\/06\/LOGO-AD-NORMANDIE-64x25.png 64w, https:\/\/www.acrn.fr\/wp-content\/uploads\/2024\/06\/LOGO-AD-NORMANDIE.png 389w\" sizes=\"(max-width: 300px) 100vw, 300px\" \/><\/p>\n","protected":false},"excerpt":{"rendered":"<blockquote><p>Testate le guarnizioni degli imballaggi in pochi secondi<\/p><\/blockquote>\n<p>Il CompressPack viene utilizzato per verificare l&#8217;integrit\u00e0 della tenuta di imballaggi in plastica o metallo come doypack, ricariche doypack, buste, sacchetti e tubi direttamente sulla linea di produzione o in laboratorio.<br \/>\nPu\u00f2 essere utilizzato in aggiunta ai tester di saldatura per tubi ATS.<\/p>\n<p>Perch\u00e9 testare le saldature? Durante la saldatura a caldo, possono verificarsi difetti nella saldatura a causa delle temperature degli elettrodi e della presenza di impurit\u00e0.<br \/>\nL&#8217;esecuzione di un test di schiacciamento consente di verificare l&#8217;integrit\u00e0 della saldatura del campione e quindi l&#8217;assenza di perdite o microperdite. Questo test \u00e8 essenziale per convalidare la corretta sigillatura dei campioni.<\/p>\n<p><a href=\"https:\/\/www.acrn.fr\/wp-content\/uploads\/2024\/04\/compresspack-fr-v2.pdf\" target=\"_blank\" rel=\"noopener\">Scheda tecnica CompressPack<\/a><\/p>\n","protected":false},"featured_media":12115,"template":"","meta":{"_acf_changed":false,"_et_pb_use_builder":"","_et_pb_old_content":"","_et_gb_content_width":""},"product_brand":[],"product_cat":[282,281],"product_tag":[],"class_list":{"0":"post-12225","1":"product","2":"type-product","3":"status-publish","4":"has-post-thumbnail","6":"product_cat-prova-di-tenuta-di-tubi-doypack-e-manicotti","7":"product_cat-prodotti-home","9":"first","10":"instock","11":"shipping-taxable","12":"purchasable","13":"product-type-simple"},"acf":[],"_links":{"self":[{"href":"https:\/\/www.acrn.fr\/it\/wp-json\/wp\/v2\/product\/12225","targetHints":{"allow":["GET"]}}],"collection":[{"href":"https:\/\/www.acrn.fr\/it\/wp-json\/wp\/v2\/product"}],"about":[{"href":"https:\/\/www.acrn.fr\/it\/wp-json\/wp\/v2\/types\/product"}],"wp:featuredmedia":[{"embeddable":true,"href":"https:\/\/www.acrn.fr\/it\/wp-json\/wp\/v2\/media\/12115"}],"wp:attachment":[{"href":"https:\/\/www.acrn.fr\/it\/wp-json\/wp\/v2\/media?parent=12225"}],"wp:term":[{"taxonomy":"product_brand","embeddable":true,"href":"https:\/\/www.acrn.fr\/it\/wp-json\/wp\/v2\/product_brand?post=12225"},{"taxonomy":"product_cat","embeddable":true,"href":"https:\/\/www.acrn.fr\/it\/wp-json\/wp\/v2\/product_cat?post=12225"},{"taxonomy":"product_tag","embeddable":true,"href":"https:\/\/www.acrn.fr\/it\/wp-json\/wp\/v2\/product_tag?post=12225"}],"curies":[{"name":"wp","href":"https:\/\/api.w.org\/{rel}","templated":true}]}}