{"id":18803,"date":"2025-04-30T09:03:01","date_gmt":"2025-04-30T07:03:01","guid":{"rendered":"https:\/\/www.acrn.fr\/sensori-e-strumentazione\/"},"modified":"2025-04-30T09:21:46","modified_gmt":"2025-04-30T07:21:46","slug":"sensori-e-strumentazione","status":"publish","type":"page","link":"https:\/\/www.acrn.fr\/it\/sensori-e-strumentazione\/","title":{"rendered":"Sensori e strumentazione"},"content":{"rendered":"<p>[et_pb_section fb_built=&#8221;1&#8243; _builder_version=&#8221;4.27.4&#8243; _module_preset=&#8221;default&#8221; background_color=&#8221;#95cceb&#8221; locked=&#8221;off&#8221; global_colors_info=&#8221;{}&#8221;][et_pb_row _builder_version=&#8221;4.27.4&#8243; _module_preset=&#8221;default&#8221; global_colors_info=&#8221;{}&#8221;][et_pb_column type=&#8221;4_4&#8243; _builder_version=&#8221;4.27.4&#8243; _module_preset=&#8221;default&#8221; global_colors_info=&#8221;{}&#8221;][et_pb_text _builder_version=&#8221;4.27.4&#8243; _module_preset=&#8221;default&#8221; header_font=&#8221;heavitas||||||||&#8221; header_text_align=&#8221;center&#8221; header_text_color=&#8221;#215876&#8243; header_font_size=&#8221;50px&#8221; header_letter_spacing=&#8221;1px&#8221; header_line_height=&#8221;1.5em&#8221; header_2_text_color=&#8221;#215876&#8243; width=&#8221;54%&#8221; module_alignment=&#8221;center&#8221; global_colors_info=&#8221;{}&#8221;]<\/p>\n<h1 style=\"text-align: center\">Sensori e strumentazione<\/h1>\n<p style=\"text-align: center\"><span style=\"color: #000000\">Scoprite la nostra gamma completa di strumenti di precisione per il controllo della coppia e la misurazione della forza, appositamente progettati per soddisfare i pi\u00f9 severi requisiti industriali.<\/span><\/p>\n<p>[\/et_pb_text][dsm_icon_list icon_font_size=&#8221;26px&#8221; list_layout=&#8221;horizontal&#8221; list_alignment=&#8221;center&#8221; list_space_between=&#8221;50px&#8221; text_indent=&#8221;9px&#8221; _builder_version=&#8221;4.27.4&#8243; _module_preset=&#8221;default&#8221; text_text_color=&#8221;#000000&#8243; global_colors_info=&#8221;{}&#8221;][dsm_icon_list_child text=&#8221;Alta precisione&#8221; font_icon=&#8221;&#xf78c;||fa||900&#8243; _builder_version=&#8221;4.27.4&#8243; _module_preset=&#8221;default&#8221; global_colors_info=&#8221;{}&#8221;][\/dsm_icon_list_child][dsm_icon_list_child text=&#8221;Soluzioni personalizzate&#8221; font_icon=&#8221;&#xf0eb;||fa||900&#8243; _builder_version=&#8221;4.27.4&#8243; _module_preset=&#8221;default&#8221; global_colors_info=&#8221;{}&#8221;][\/dsm_icon_list_child][dsm_icon_list_child text=&#8221;Affidabilit\u00e0&#8221; font_icon=&#8221;&#xe036;||divi||400&#8243; _builder_version=&#8221;4.27.4&#8243; _module_preset=&#8221;default&#8221; global_colors_info=&#8221;{}&#8221;][\/dsm_icon_list_child][\/dsm_icon_list][\/et_pb_column][\/et_pb_row][\/et_pb_section][et_pb_section fb_built=&#8221;1&#8243; _builder_version=&#8221;4.27.4&#8243; _module_preset=&#8221;default&#8221; background_color=&#8221;#f4f4f4&#8243; locked=&#8221;off&#8221; global_colors_info=&#8221;{}&#8221;][et_pb_row _builder_version=&#8221;4.27.4&#8243; _module_preset=&#8221;default&#8221; global_colors_info=&#8221;{}&#8221;][et_pb_column type=&#8221;4_4&#8243; _builder_version=&#8221;4.27.4&#8243; _module_preset=&#8221;default&#8221; global_colors_info=&#8221;{}&#8221;][et_pb_text _builder_version=&#8221;4.27.4&#8243; _module_preset=&#8221;default&#8221; header_text_align=&#8221;center&#8221; header_2_font=&#8221;heavitas||||||||&#8221; header_2_text_color=&#8221;#215876&#8243; header_2_font_size=&#8221;30px&#8221; text_orientation=&#8221;justified&#8221; width=&#8221;100%&#8221; module_alignment=&#8221;center&#8221; global_colors_info=&#8221;{}&#8221;]<\/p>\n<h2 style=\"text-align: center\">La nostra esperienza in sensori e strumentazione<\/h2>\n<p>&nbsp;<\/p>\n<p data-pm-slice=\"1 1 []\"><span style=\"color: #000000\">Offriamo una gamma completa di strumenti industriali dedicati alla misurazione della coppia, trasduttori di forza e controlli associati, per soddisfare tutte le vostre esigenze industriali. Le nostre soluzioni offrono precisione, affidabilit\u00e0 e facilit\u00e0 d&#8217;uso, garantendo misure accurate e ripetibili in tutti i processi di produzione e controllo qualit\u00e0.<\/span><\/p>\n<p><span style=\"color: #000000\">La misurazione di coppie e forze meccaniche \u00e8 essenziale nella produzione di molti manufatti. Che si tratti di controllo qualit\u00e0, sicurezza o conformit\u00e0 alle normative, le nostre apparecchiature garantiscono risultati coerenti e accurati in tutte le applicazioni industriali.<\/span><\/p>\n<p><span style=\"color: #000000\">Scegliendo i nostri strumenti, optate per soluzioni affidabili, robuste e maneggevoli, adatte sia al laboratorio che all&#8217;uso intensivo in produzione. Migliorate le vostre prestazioni industriali garantendo qualit\u00e0 e sicurezza ottimali e la massima soddisfazione dei vostri clienti grazie ai nostri strumenti di misura precisi e ad alte prestazioni.<\/span><\/p>\n<p>[\/et_pb_text][\/et_pb_column][\/et_pb_row][et_pb_row column_structure=&#8221;1_3,1_3,1_3&#8243; make_equal=&#8221;on&#8221; _builder_version=&#8221;4.27.4&#8243; _module_preset=&#8221;default&#8221; locked=&#8221;off&#8221; global_colors_info=&#8221;{}&#8221;][et_pb_column type=&#8221;1_3&#8243; _builder_version=&#8221;4.27.4&#8243; _module_preset=&#8221;default&#8221; background_color=&#8221;#215876&#8243; custom_padding=&#8221;|0px||0px|false|false&#8221; custom_css_main_element=&#8221;display:flex;||flex-direction:column;&#8221; border_radii=&#8221;on|10px|10px|10px|10px&#8221; box_shadow_style=&#8221;preset1&#8243; global_colors_info=&#8221;{}&#8221;][ba_image_carousel content_alignment=&#8221;center&#8221; is_autoplay=&#8221;off&#8221; use_nav=&#8221;off&#8221; slide_count=&#8221;1&#8243; nav_height=&#8221;48px&#8221; nav_width=&#8221;48px&#8221; nav_color=&#8221;#ffffff&#8221; nav_bg=&#8221;#3979ff&#8221; icon_left=&#8221;&#xf104;||fa||900&#8243; icon_right=&#8221;&#xf105;||fa||900&#8243; admin_label=&#8221;Image Carousel&#8221; _builder_version=&#8221;4.27.4&#8243; _module_preset=&#8221;default&#8221; custom_margin=&#8221;-15%|-5%||-5%|false|false&#8221; custom_padding=&#8221;||||false|false&#8221; locked=&#8221;off&#8221; global_colors_info=&#8221;{}&#8221;][ba_image_carousel_child photo=&#8221;https:\/\/www.acrn.fr\/wp-content\/uploads\/2021\/06\/Cellule-de-force-haute-capacite\u0301.jpg&#8221; photo_alt=&#8221;sensore di forza&#8221; _builder_version=&#8221;4.27.4&#8243; _module_preset=&#8221;default&#8221; global_colors_info=&#8221;{}&#8221;][\/ba_image_carousel_child][\/ba_image_carousel][et_pb_text _builder_version=&#8221;4.27.4&#8243; _module_preset=&#8221;default&#8221; text_text_color=&#8221;#FFFFFF&#8221; header_text_color=&#8221;#FFFFFF&#8221; header_3_font=&#8221;heavitas||||||||&#8221; header_3_text_color=&#8221;#FFFFFF&#8221; header_3_font_size=&#8221;20px&#8221; background_enable_image=&#8221;off&#8221; custom_padding=&#8221;5%|7%||7%|false|false&#8221; locked=&#8221;off&#8221; global_colors_info=&#8221;{}&#8221;]<\/p>\n<h3>Sensore di forza<\/h3>\n<p>&nbsp;<\/p>\n<p>[\/et_pb_text][et_pb_text _builder_version=&#8221;4.27.4&#8243; _module_preset=&#8221;default&#8221; header_4_font=&#8221;heavitas||||||||&#8221; header_4_text_align=&#8221;left&#8221; header_4_text_color=&#8221;#FFFFFF&#8221; header_4_font_size=&#8221;15px&#8221; custom_margin=&#8221;0px||||false|false&#8221; custom_padding=&#8221;|7%||7%|false|false&#8221; global_colors_info=&#8221;{}&#8221;]<\/p>\n<h4>Caratteristiche principali<\/h4>\n<p>[\/et_pb_text][dsm_icon_list icon_color=&#8221;#FFFFFF&#8221; _builder_version=&#8221;4.27.4&#8243; _module_preset=&#8221;default&#8221; text_text_color=&#8221;#FFFFFF&#8221; custom_margin=&#8221;0px|||20px|false|false&#8221; global_colors_info=&#8221;{}&#8221;][dsm_icon_list_child text=&#8221;Misura di alta precisione&#8221; font_icon=&#8221;&#x35;||divi||400&#8243; _builder_version=&#8221;4.27.4&#8243; _module_preset=&#8221;default&#8221; text_text_color=&#8221;#FFFFFF&#8221; global_colors_info=&#8221;{}&#8221;][\/dsm_icon_list_child][dsm_icon_list_child text=&#8221;Ampia scelta di sensori&#8221; font_icon=&#8221;&#x35;||divi||400&#8243; _builder_version=&#8221;4.27.4&#8243; _module_preset=&#8221;default&#8221; text_text_color=&#8221;#FFFFFF&#8221; global_colors_info=&#8221;{}&#8221;][\/dsm_icon_list_child][dsm_icon_list_child text=&#8221;Facile integrazione&#8221; font_icon=&#8221;&#x35;||divi||400&#8243; _builder_version=&#8221;4.27.4&#8243; _module_preset=&#8221;default&#8221; text_text_color=&#8221;#FFFFFF&#8221; global_colors_info=&#8221;{}&#8221;][\/dsm_icon_list_child][\/dsm_icon_list][et_pb_button button_url=&#8221;https:\/\/www.acrn.fr\/it\/sensore-di-forza\/&#8221; button_text=&#8221;Per saperne di pi\u00f9 &#8221; _builder_version=&#8221;4.27.4&#8243; _module_preset=&#8221;default&#8221; custom_button=&#8221;on&#8221; button_text_color=&#8221;#215876&#8243; button_bg_color=&#8221;#FFFFFF&#8221; button_border_color=&#8221;RGBA(255,255,255,0)&#8221; button_border_radius=&#8221;16px&#8221; button_font=&#8221;|700|||||||&#8221; custom_margin=&#8221;auto|||20px|false|false&#8221; global_colors_info=&#8221;{}&#8221;][\/et_pb_button][dipi_price_list _builder_version=&#8221;4.27.4&#8243; _module_preset=&#8221;default&#8221; global_colors_info=&#8221;{}&#8221;][\/dipi_price_list][\/et_pb_column][et_pb_column type=&#8221;1_3&#8243; _builder_version=&#8221;4.27.4&#8243; _module_preset=&#8221;default&#8221; background_color=&#8221;#215876&#8243; custom_padding=&#8221;|0px||0px|false|false&#8221; custom_css_main_element=&#8221;display:flex;||flex-direction:column;&#8221; border_radii=&#8221;on|10px|10px|10px|10px&#8221; box_shadow_style=&#8221;preset1&#8243; global_colors_info=&#8221;{}&#8221;][ba_image_carousel content_alignment=&#8221;center&#8221; is_autoplay=&#8221;off&#8221; use_nav=&#8221;off&#8221; slide_count=&#8221;1&#8243; nav_height=&#8221;48px&#8221; nav_width=&#8221;48px&#8221; nav_color=&#8221;#ffffff&#8221; nav_bg=&#8221;#3979ff&#8221; icon_left=&#8221;&#xf104;||fa||900&#8243; icon_right=&#8221;&#xf105;||fa||900&#8243; _builder_version=&#8221;4.27.4&#8243; _module_preset=&#8221;default&#8221; custom_margin=&#8221;-15%|-5%||-5%|false|false&#8221; custom_padding=&#8221;||||false|false&#8221; locked=&#8221;off&#8221; global_colors_info=&#8221;{}&#8221;][ba_image_carousel_child photo=&#8221;https:\/\/www.acrn.fr\/wp-content\/uploads\/2021\/05\/Photo-B.jpg&#8221; photo_alt=&#8221;controllo della coppia&#8221; _builder_version=&#8221;4.27.4&#8243; _module_preset=&#8221;default&#8221; global_colors_info=&#8221;{}&#8221;][\/ba_image_carousel_child][\/ba_image_carousel][et_pb_text _builder_version=&#8221;4.27.4&#8243; _module_preset=&#8221;default&#8221; text_text_color=&#8221;#FFFFFF&#8221; header_text_color=&#8221;#FFFFFF&#8221; header_3_font=&#8221;heavitas||||||||&#8221; header_3_text_color=&#8221;#FFFFFF&#8221; header_3_font_size=&#8221;20px&#8221; background_enable_image=&#8221;off&#8221; custom_padding=&#8221;5%|7%||7%|false|false&#8221; locked=&#8221;off&#8221; global_colors_info=&#8221;{}&#8221;]<\/p>\n<h3>Controllo della coppia<\/h3>\n<p>&nbsp;<\/p>\n<p>[\/et_pb_text][et_pb_text _builder_version=&#8221;4.27.4&#8243; _module_preset=&#8221;default&#8221; header_4_font=&#8221;heavitas||||||||&#8221; header_4_text_align=&#8221;left&#8221; header_4_text_color=&#8221;#FFFFFF&#8221; header_4_font_size=&#8221;15px&#8221; custom_margin=&#8221;||||false|false&#8221; custom_padding=&#8221;|7%||7%|false|false&#8221; global_colors_info=&#8221;{}&#8221;]<\/p>\n<h4>Caratteristiche principali<\/h4>\n<p>[\/et_pb_text][dsm_icon_list icon_color=&#8221;#FFFFFF&#8221; _builder_version=&#8221;4.27.4&#8243; _module_preset=&#8221;default&#8221; text_text_color=&#8221;#FFFFFF&#8221; custom_margin=&#8221;0px|||20px|false|false&#8221; global_colors_info=&#8221;{}&#8221;][dsm_icon_list_child text=&#8221;Precisione di serraggio\/stringimento&#8221; font_icon=&#8221;&#x35;||divi||400&#8243; _builder_version=&#8221;4.27.4&#8243; _module_preset=&#8221;default&#8221; global_colors_info=&#8221;{}&#8221;][\/dsm_icon_list_child][dsm_icon_list_child text=&#8221;Compatibilit\u00e0 delle apparecchiature&#8221; font_icon=&#8221;&#x35;||divi||400&#8243; _builder_version=&#8221;4.27.4&#8243; _module_preset=&#8221;default&#8221; global_colors_info=&#8221;{}&#8221;][\/dsm_icon_list_child][dsm_icon_list_child text=&#8221;Soluzioni su misura&#8221; font_icon=&#8221;&#x35;||divi||400&#8243; _builder_version=&#8221;4.27.4&#8243; _module_preset=&#8221;default&#8221; global_colors_info=&#8221;{}&#8221;][\/dsm_icon_list_child][\/dsm_icon_list][et_pb_button button_url=&#8221;https:\/\/www.acrn.fr\/it\/prodotto\/cacciavite-a-controllo-di-coppia\/&#8221; button_text=&#8221;Per saperne di pi\u00f9 &#8221; _builder_version=&#8221;4.27.4&#8243; _module_preset=&#8221;default&#8221; custom_button=&#8221;on&#8221; button_text_color=&#8221;#215876&#8243; button_bg_color=&#8221;#FFFFFF&#8221; button_border_color=&#8221;RGBA(255,255,255,0)&#8221; button_border_radius=&#8221;16px&#8221; button_font=&#8221;|700|||||||&#8221; custom_margin=&#8221;auto|||20px|false|false&#8221; global_colors_info=&#8221;{}&#8221;][\/et_pb_button][dipi_price_list _builder_version=&#8221;4.27.4&#8243; _module_preset=&#8221;default&#8221; global_colors_info=&#8221;{}&#8221;][\/dipi_price_list][\/et_pb_column][et_pb_column type=&#8221;1_3&#8243; _builder_version=&#8221;4.27.4&#8243; _module_preset=&#8221;default&#8221; background_color=&#8221;#215876&#8243; custom_padding=&#8221;|0px||0px|false|false&#8221; custom_css_main_element=&#8221;display:flex;||flex-direction:column;&#8221; border_radii=&#8221;on|10px|10px|10px|10px&#8221; box_shadow_style=&#8221;preset1&#8243; global_colors_info=&#8221;{}&#8221;][ba_image_carousel content_alignment=&#8221;center&#8221; is_autoplay=&#8221;off&#8221; use_nav=&#8221;off&#8221; slide_count=&#8221;1&#8243; nav_height=&#8221;48px&#8221; nav_width=&#8221;48px&#8221; nav_color=&#8221;#ffffff&#8221; nav_bg=&#8221;#3979ff&#8221; icon_left=&#8221;&#xf104;||fa||900&#8243; icon_right=&#8221;&#xf105;||fa||900&#8243; _builder_version=&#8221;4.27.4&#8243; _module_preset=&#8221;default&#8221; custom_margin=&#8221;-15%|-5%||-5%|false|false&#8221; custom_padding=&#8221;||||false|false&#8221; locked=&#8221;off&#8221; global_colors_info=&#8221;{}&#8221;][ba_image_carousel_child photo=&#8221;https:\/\/www.acrn.fr\/wp-content\/uploads\/2020\/09\/pho-ins-console_XAm-1-BD.jpg&#8221; photo_alt=&#8221;console di misura&#8221; _builder_version=&#8221;4.27.4&#8243; _module_preset=&#8221;default&#8221; global_colors_info=&#8221;{}&#8221;][\/ba_image_carousel_child][\/ba_image_carousel][et_pb_text _builder_version=&#8221;4.27.4&#8243; _module_preset=&#8221;default&#8221; text_text_color=&#8221;#FFFFFF&#8221; header_text_color=&#8221;#FFFFFF&#8221; header_3_font=&#8221;heavitas||||||||&#8221; header_3_text_color=&#8221;#FFFFFF&#8221; header_3_font_size=&#8221;20px&#8221; background_enable_image=&#8221;off&#8221; custom_padding=&#8221;5%|7%||7%|false|false&#8221; locked=&#8221;off&#8221; global_colors_info=&#8221;{}&#8221;]<\/p>\n<h3>Console di misura e acquisizione<\/h3>\n<p>[\/et_pb_text][et_pb_text _builder_version=&#8221;4.27.4&#8243; _module_preset=&#8221;default&#8221; header_text_color=&#8221;#FFFFFF&#8221; header_4_font=&#8221;heavitas||||||||&#8221; header_4_text_align=&#8221;left&#8221; header_4_text_color=&#8221;#FFFFFF&#8221; header_4_font_size=&#8221;15px&#8221; custom_margin=&#8221;||||false|false&#8221; custom_padding=&#8221;|7%||7%|false|false&#8221; global_colors_info=&#8221;{}&#8221;]<\/p>\n<h4>Caratteristiche principali<\/h4>\n<p>[\/et_pb_text][dsm_icon_list icon_color=&#8221;#FFFFFF&#8221; _builder_version=&#8221;4.27.4&#8243; _module_preset=&#8221;default&#8221; text_text_color=&#8221;#FFFFFF&#8221; custom_margin=&#8221;0px|||20px|false|false&#8221; global_colors_info=&#8221;{}&#8221;][dsm_icon_list_child text=&#8221;Visualizzazione istantanea&#8221; font_icon=&#8221;&#x35;||divi||400&#8243; _builder_version=&#8221;4.27.4&#8243; _module_preset=&#8221;default&#8221; global_colors_info=&#8221;{}&#8221;][\/dsm_icon_list_child][dsm_icon_list_child text=&#8221;Stoccaggio ed esportazione&#8221; font_icon=&#8221;&#x35;||divi||400&#8243; _builder_version=&#8221;4.27.4&#8243; _module_preset=&#8221;default&#8221; global_colors_info=&#8221;{}&#8221;][\/dsm_icon_list_child][dsm_icon_list_child text=&#8221;Compatibilit\u00e0 dei sensori&#8221; font_icon=&#8221;&#x35;||divi||400&#8243; _builder_version=&#8221;4.27.4&#8243; _module_preset=&#8221;default&#8221; global_colors_info=&#8221;{}&#8221;][\/dsm_icon_list_child][\/dsm_icon_list][et_pb_button button_url=&#8221;https:\/\/www.acrn.fr\/it\/indicatore-di-forza\/&#8221; button_text=&#8221;Per saperne di pi\u00f9 &#8221; _builder_version=&#8221;4.27.4&#8243; _module_preset=&#8221;default&#8221; custom_button=&#8221;on&#8221; button_text_color=&#8221;#215876&#8243; button_bg_color=&#8221;#FFFFFF&#8221; button_border_color=&#8221;RGBA(255,255,255,0)&#8221; button_border_radius=&#8221;16px&#8221; button_font=&#8221;|700|||||||&#8221; custom_margin=&#8221;auto|||20px|false|false&#8221; global_colors_info=&#8221;{}&#8221;][\/et_pb_button][dipi_price_list _builder_version=&#8221;4.27.4&#8243; _module_preset=&#8221;default&#8221; global_colors_info=&#8221;{}&#8221;][\/dipi_price_list][\/et_pb_column][\/et_pb_row][\/et_pb_section][et_pb_section fb_built=&#8221;1&#8243; _builder_version=&#8221;4.27.4&#8243; _module_preset=&#8221;default&#8221; locked=&#8221;off&#8221; global_colors_info=&#8221;{}&#8221;][et_pb_row _builder_version=&#8221;4.27.4&#8243; _module_preset=&#8221;default&#8221; locked=&#8221;off&#8221; global_colors_info=&#8221;{}&#8221;][et_pb_column type=&#8221;4_4&#8243; _builder_version=&#8221;4.27.4&#8243; _module_preset=&#8221;default&#8221; global_colors_info=&#8221;{}&#8221;][et_pb_text _builder_version=&#8221;4.27.4&#8243; _module_preset=&#8221;default&#8221; header_2_font=&#8221;heavitas||||||||&#8221; header_2_text_color=&#8221;gcid-primary-color&#8221; header_2_font_size=&#8221;24px&#8221; global_colors_info=&#8221;{%22gcid-primary-color%22:%91%22header_2_text_color%22%93}&#8221;]<\/p>\n<h2>Principali settori di attivit\u00e0<\/h2>\n<p>[\/et_pb_text][\/et_pb_column][\/et_pb_row][et_pb_row column_structure=&#8221;1_3,1_3,1_3&#8243; make_equal=&#8221;on&#8221; _builder_version=&#8221;4.27.4&#8243; _module_preset=&#8221;default&#8221; locked=&#8221;off&#8221; global_colors_info=&#8221;{}&#8221;][et_pb_column type=&#8221;1_3&#8243; _builder_version=&#8221;4.27.4&#8243; _module_preset=&#8221;default&#8221; custom_padding=&#8221;|0px||0px|false|false&#8221; border_radii=&#8221;on|10px|10px|10px|10px&#8221; box_shadow_style=&#8221;preset1&#8243; global_colors_info=&#8221;{}&#8221;][et_pb_image src=&#8221;https:\/\/www.acrn.fr\/wp-content\/uploads\/2025\/03\/Industria-Cosmeticos-it.png&#8221; alt=&#8221;Industria Cosm\u00e9ticos&#8221; title_text=&#8221;Industria Cosm\u00e9ticos it&#8221; _builder_version=&#8221;4.27.4&#8243; _module_preset=&#8221;default&#8221; global_colors_info=&#8221;{}&#8221;][\/et_pb_image][\/et_pb_column][et_pb_column type=&#8221;1_3&#8243; _builder_version=&#8221;4.27.4&#8243; _module_preset=&#8221;default&#8221; custom_padding=&#8221;|0px||0px|false|false&#8221; border_radii=&#8221;on|10px|10px|10px|10px&#8221; box_shadow_style=&#8221;preset1&#8243; global_colors_info=&#8221;{}&#8221;][et_pb_image src=&#8221;https:\/\/www.acrn.fr\/wp-content\/uploads\/2025\/03\/farmaceutico-industria-es-1-1.png&#8221; alt=&#8221;farmaceutico industria&#8221; title_text=&#8221;farmaceutico industria es (1)&#8221; _builder_version=&#8221;4.27.4&#8243; _module_preset=&#8221;default&#8221; global_colors_info=&#8221;{}&#8221;][\/et_pb_image][\/et_pb_column][et_pb_column type=&#8221;1_3&#8243; _builder_version=&#8221;4.27.4&#8243; _module_preset=&#8221;default&#8221; custom_padding=&#8221;|0px||0px|false|false&#8221; border_radii=&#8221;on|10px|10px|10px|10px&#8221; box_shadow_style=&#8221;preset1&#8243; global_colors_info=&#8221;{}&#8221;][et_pb_image src=&#8221;https:\/\/www.acrn.fr\/wp-content\/uploads\/2025\/03\/Industria-AGRI-ALIMENTARE-es.png&#8221; alt=&#8221;Industria AGRI-ALIMENTARE&#8221; title_text=&#8221;Industria AGRI-ALIMENTARE it&#8221; _builder_version=&#8221;4.27.4&#8243; _module_preset=&#8221;default&#8221; global_colors_info=&#8221;{}&#8221;][\/et_pb_image][\/et_pb_column][\/et_pb_row][et_pb_row _builder_version=&#8221;4.27.4&#8243; _module_preset=&#8221;default&#8221; global_colors_info=&#8221;{}&#8221;][et_pb_column type=&#8221;4_4&#8243; _builder_version=&#8221;4.27.4&#8243; _module_preset=&#8221;default&#8221; global_colors_info=&#8221;{}&#8221;][ba_alert icon=&#8221;&#x72;||divi||400&#8243; title=&#8221;ATTENZIONE&#8221; description=&#8221;<\/p>\n<p>Queste sono le nostre principali aree di competenza, ma le nostre soluzioni possono essere adattate a molti altri settori industriali. Contattateci per discutere le vostre esigenze specifiche, qualunque sia il vostro settore.<\/p>\n<p>&#8221; alert_type=&#8221;warning&#8221; show_dismiss=&#8221;off&#8221; icon_size=&#8221;34px&#8221; icon_color=&#8221;#ee7f00&#8243; icon_spacing=&#8221;15px&#8221; _builder_version=&#8221;4.27.4&#8243; _module_preset=&#8221;default&#8221; title_font=&#8221;|700|||||||&#8221; title_text_color=&#8221;#FFFFFF&#8221; title_font_size=&#8221;  16px&#8221; title_line_height=&#8221;1.4em&#8221; body_text_color=&#8221;#FFFFFF&#8221; body_line_height=&#8221;1.6em&#8221; background_color=&#8221;#215876&#8243; width=&#8221;100%&#8221; hover_enabled=&#8221;0&#8243; border_radii_main=&#8221;on|10px|10px|10px|10px&#8221; box_shadow_style=&#8221;preset1&#8243; global_colors_info=&#8221;{}&#8221; sticky_enabled=&#8221;0&#8243;][\/ba_alert][\/et_pb_column][\/et_pb_row][\/et_pb_section][et_pb_section fb_built=&#8221;1&#8243; _builder_version=&#8221;4.27.4&#8243; _module_preset=&#8221;default&#8221; global_module=&#8221;18712&#8243; locked=&#8221;off&#8221; global_colors_info=&#8221;{}&#8221;][et_pb_row _builder_version=&#8221;4.27.4&#8243; _module_preset=&#8221;default&#8221; max_width=&#8221;800px&#8221; global_colors_info=&#8221;{}&#8221;][et_pb_column type=&#8221;4_4&#8243; _builder_version=&#8221;4.27.4&#8243; _module_preset=&#8221;default&#8221; global_colors_info=&#8221;{}&#8221;][et_pb_text _builder_version=&#8221;4.27.4&#8243; _module_preset=&#8221;default&#8221; text_text_color=&#8221;#000000&#8243; text_font_size=&#8221;16px&#8221; header_4_font=&#8221;heavitas||||||||&#8221; header_4_text_align=&#8221;center&#8221; header_4_text_color=&#8221;#215876&#8243; text_orientation=&#8221;center&#8221; global_colors_info=&#8221;{}&#8221;]<\/p>\n<h4>Avete bisogno di ulteriori informazioni?<\/h4>\n<p>I nostri esperti sono a disposizione per rispondere alle vostre domande e aiutarvi a scegliere la soluzione giusta per le vostre esigenze.<\/p>\n<p>[\/et_pb_text][ba_dual_button btn_alignment=&#8221;center&#8221; btn_a_text=&#8221;contact@acrn.fr&#8221; btn_b_text=&#8221;+33 2 32 80 81 40&#8243; button_gap=&#8221;10px&#8221; module_class=&#8221;faux-bouton&#8221; _builder_version=&#8221;4.27.4&#8243; _module_preset=&#8221;default&#8221; custom_btn_a=&#8221;on&#8221; btn_a_text_size=&#8221;1rem&#8221; btn_a_text_color=&#8221;#ffffff&#8221; btn_a_bg_color=&#8221;#215876&#8243; btn_a_border_color=&#8221;RGBA(255,255,255,0)&#8221; btn_a_border_radius=&#8221;10px&#8221; btn_a_icon=&#8221;&#xe010;||divi||400&#8243; btn_a_icon_color=&#8221;#FFFFFF&#8221; btn_a_icon_placement=&#8221;left&#8221; btn_a_on_hover=&#8221;off&#8221; custom_btn_b=&#8221;on&#8221; btn_b_text_size=&#8221;1rem&#8221; btn_b_text_color=&#8221;#215876&#8243; btn_b_bg_color=&#8221;#FFFFFF&#8221; btn_b_border_color=&#8221;RGBA(255,255,255,0)&#8221; btn_b_border_radius=&#8221;5px&#8221; btn_b_icon=&#8221;&#xe090;||divi||400&#8243; btn_b_icon_color=&#8221;#215876&#8243; btn_b_icon_placement=&#8221;left&#8221; btn_b_on_hover=&#8221;off&#8221; custom_css_free_form=&#8221;.faux-bouton {||  pointer-events: none; \/* d\u00e9sactive le clic *\/||  cursor: default; \/* curseur normal *\/||}||||.faux-bouton .et_pb_button {||  background-color: #007bff; \/* couleur du bouton *\/||  color: #ffffff; \/* couleur du texte *\/||  border-radius: 30px;||  padding: 10px 20px;||  font-weight: bold;||  font-size: 16px;||  box-shadow: 0 4px 6px rgba(0,0,0,0.1);||  transition: background-color 0.3s ease;||}||||.faux-bouton .et_pb_button:hover {||  background-color: #0056b3; \/* couleur au hover *\/||}||&#8221; box_shadow_style_btn_a=&#8221;preset1&#8243; box_shadow_style_btn_b=&#8221;preset1&#8243; locked=&#8221;off&#8221; global_colors_info=&#8221;{}&#8221;][\/ba_dual_button][\/et_pb_column][\/et_pb_row][\/et_pb_section]<\/p>\n","protected":false},"excerpt":{"rendered":"<p>Sensori e strumentazione Scoprite la nostra gamma completa di strumenti di precisione per il controllo della coppia e la misurazione della forza, appositamente progettati per soddisfare i pi\u00f9 severi requisiti industriali.<div class=\"et_pb_module dsm_icon_list dsm_icon_list_0\">\n\t\t\t\t\n\t\t\t\t\n\t\t\t\t\n\t\t\t\t\n\t\t\t\t\n\t\t\t\t\n\t\t\t\t<div class=\"et_pb_module_inner\">\n\t\t\t\t\t<ul class=\"dsm_icon_list_items dsm_icon_list_ltr_direction dsm_icon_list_layout_horizontal\"><\/ul>\n\t\t\t\t<\/div>\n\t\t\t<\/div><li class=\"dsm_icon_list_child dsm_icon_list_child_0\">\n\t\t\t\t\n\t\t\t\t\n\t\t\t\t\n\t\t\t\t\n\t\t\t\t<span class=\"dsm_icon_list_wrapper\"><span class=\"dsm_icon_list_icon\">\uf78c<\/span><\/span><span class=\"dsm_icon_list_text\">Alta precisione<\/span>\n\t\t\t<\/li><li class=\"dsm_icon_list_child dsm_icon_list_child_1\">\n\t\t\t\t\n\t\t\t\t\n\t\t\t\t\n\t\t\t\t\n\t\t\t\t<span class=\"dsm_icon_list_wrapper\"><span class=\"dsm_icon_list_icon\">\uf0eb<\/span><\/span><span class=\"dsm_icon_list_text\">Soluzioni personalizzate<\/span>\n\t\t\t<\/li><li class=\"dsm_icon_list_child dsm_icon_list_child_2\">\n\t\t\t\t\n\t\t\t\t\n\t\t\t\t\n\t\t\t\t\n\t\t\t\t<span class=\"dsm_icon_list_wrapper\"><span class=\"dsm_icon_list_icon\"><\/span><\/span><span class=\"dsm_icon_list_text\">&#8221;Affidabilit\u00e0&#8221;<\/span>\n\t\t\t<\/li><\/p>\n","protected":false},"author":3,"featured_media":0,"parent":0,"menu_order":0,"comment_status":"closed","ping_status":"closed","template":"","meta":{"_acf_changed":false,"_et_pb_use_builder":"on","_et_pb_old_content":"","_et_gb_content_width":"","footnotes":""},"dipi_cpt_category":[],"class_list":["post-18803","page","type-page","status-publish","hentry"],"acf":[],"_links":{"self":[{"href":"https:\/\/www.acrn.fr\/it\/wp-json\/wp\/v2\/pages\/18803","targetHints":{"allow":["GET"]}}],"collection":[{"href":"https:\/\/www.acrn.fr\/it\/wp-json\/wp\/v2\/pages"}],"about":[{"href":"https:\/\/www.acrn.fr\/it\/wp-json\/wp\/v2\/types\/page"}],"author":[{"embeddable":true,"href":"https:\/\/www.acrn.fr\/it\/wp-json\/wp\/v2\/users\/3"}],"replies":[{"embeddable":true,"href":"https:\/\/www.acrn.fr\/it\/wp-json\/wp\/v2\/comments?post=18803"}],"version-history":[{"count":0,"href":"https:\/\/www.acrn.fr\/it\/wp-json\/wp\/v2\/pages\/18803\/revisions"}],"wp:attachment":[{"href":"https:\/\/www.acrn.fr\/it\/wp-json\/wp\/v2\/media?parent=18803"}],"wp:term":[{"taxonomy":"dipi_cpt_category","embeddable":true,"href":"https:\/\/www.acrn.fr\/it\/wp-json\/wp\/v2\/dipi_cpt_category?post=18803"}],"curies":[{"name":"wp","href":"https:\/\/api.w.org\/{rel}","templated":true}]}}