{"id":12160,"date":"2023-01-31T10:19:11","date_gmt":"2023-01-31T09:19:11","guid":{"rendered":"https:\/\/www.acrn.fr\/le-nostre-gamme-di-prodotti"},"modified":"2026-04-20T10:52:23","modified_gmt":"2026-04-20T08:52:23","slug":"le-nostre-gamme-di-prodotti","status":"publish","type":"page","link":"https:\/\/www.acrn.fr\/it\/le-nostre-gamme-di-prodotti\/","title":{"rendered":"Le nostre gamme di prodotti"},"content":{"rendered":"<p>[et_pb_section fb_built=&#8221;1&#8243; _builder_version=&#8221;4.16&#8243; _module_preset=&#8221;default&#8221; global_colors_info=&#8221;{}&#8221;][et_pb_row _builder_version=&#8221;4.16&#8243; _module_preset=&#8221;default&#8221; global_colors_info=&#8221;{}&#8221;][et_pb_column type=&#8221;4_4&#8243; _builder_version=&#8221;4.16&#8243; _module_preset=&#8221;default&#8221; global_colors_info=&#8221;{}&#8221;][et_pb_text _builder_version=&#8221;4.16&#8243; text_font=&#8221;|600|||||||&#8221; text_line_height=&#8221;1.8em&#8221; header_font=&#8221;|700||on|||||&#8221; header_font_size=&#8221;60px&#8221; header_2_font=&#8221;|600||on|||||&#8221; header_2_font_size=&#8221;60px&#8221; header_4_font=&#8221;||||||||&#8221; header_4_text_color=&#8221;#295c7b&#8221; header_4_line_height=&#8221;1.4em&#8221; header_font_size_tablet=&#8221;&#8221; header_font_size_phone=&#8221;35px&#8221; header_font_size_last_edited=&#8221;on|phone&#8221; header_2_font_size_tablet=&#8221;60px&#8221; header_2_font_size_phone=&#8221;35px&#8221; header_2_font_size_last_edited=&#8221;on|desktop&#8221; header_4_font_size_tablet=&#8221;20px&#8221; header_4_font_size_phone=&#8221;14px&#8221; header_4_font_size_last_edited=&#8221;on|phone&#8221; locked=&#8221;off&#8221; global_colors_info=&#8221;{}&#8221;]<\/p>\n<h4>I nostri strumenti di controllo qualit\u00e0<\/h4>\n<h1>La nostra gamma di prodotti<\/h1>\n<p>[\/et_pb_text][\/et_pb_column][\/et_pb_row][et_pb_row _builder_version=&#8221;4.16&#8243; _module_preset=&#8221;default&#8221; global_colors_info=&#8221;{}&#8221;][et_pb_column type=&#8221;4_4&#8243; _builder_version=&#8221;4.16&#8243; _module_preset=&#8221;default&#8221; global_colors_info=&#8221;{}&#8221;][et_pb_text _builder_version=&#8221;4.27.4&#8243; _module_preset=&#8221;default&#8221; text_text_color=&#8221;#000000&#8243; global_colors_info=&#8221;{}&#8221;]<\/p>\n<p class=\"font-claude-response-body break-words whitespace-normal leading-[1.7]\">La misurazione della coppia \u00e8 al centro di molte procedure di qualit\u00e0 industriale: controllo del serraggio dei tappi, verifica della coppia di rimozione, validazione degli strumenti di avvitatura. ACRN propone una gamma completa di strumenti adattati ad ogni esigenza: coppiametri da banco, torcimetri motorizzati, chiavi dinamometriche meccaniche ed elettroniche, controllori di chiavi e sensori di coppia per avvitatori.<\/p>\n<p class=\"font-claude-response-body break-words whitespace-normal leading-[1.7]\">I nostri apparecchi coprono gamme di misura che vanno da pochi mN.m a diverse centinaia di N.m, con livelli di precisione adattati sia agli ambienti di produzione che ai laboratori di taratura. Progettati per un utilizzo quotidiano intensivo, coniugano robustezza e ripetibilit\u00e0.<\/p>\n<p>[\/et_pb_text][\/et_pb_column][\/et_pb_row][et_pb_row column_structure=&#8221;1_4,1_4,1_4,1_4&#8243; _builder_version=&#8221;4.16&#8243; _module_preset=&#8221;default&#8221; width=&#8221;90%&#8221; max_width=&#8221;1168px&#8221; global_colors_info=&#8221;{}&#8221;][et_pb_column type=&#8221;1_4&#8243; _builder_version=&#8221;4.16&#8243; _module_preset=&#8221;default&#8221; global_colors_info=&#8221;{}&#8221;][et_pb_image src=&#8221;https:\/\/www.acrn.fr\/wp-content\/uploads\/2021\/04\/couple2BLEU.png&#8221; alt=&#8221;Misura della coppia&#8221; url=&#8221;https:\/\/www.acrn.fr\/it\/misura-della-coppia\/&#8221; align=&#8221;center&#8221; _builder_version=&#8221;4.27.4&#8243; _module_preset=&#8221;default&#8221; width=&#8221;100px&#8221; custom_margin=&#8221;||0px||false|false&#8221; custom_padding=&#8221;|0px|0px|0px|false|false&#8221; hover_transition_duration=&#8221;500ms&#8221; global_colors_info=&#8221;{}&#8221; transform_styles__hover_enabled=&#8221;on|hover&#8221; transform_scale__hover_enabled=&#8221;on|desktop&#8221; transform_translate__hover_enabled=&#8221;on|desktop&#8221; transform_rotate__hover_enabled=&#8221;on|hover&#8221; transform_skew__hover_enabled=&#8221;on|desktop&#8221; transform_origin__hover_enabled=&#8221;on|desktop&#8221; transform_rotate__hover=&#8221;0deg|0deg|45deg&#8221;][\/et_pb_image][et_pb_text _builder_version=&#8221;4.27.4&#8243; _module_preset=&#8221;default&#8221; header_3_font=&#8221;|700||on|||||&#8221; header_3_text_color=&#8221;#295c7b&#8221; custom_margin=&#8221;0px|0px|0px|0px|false|false&#8221; custom_padding=&#8221;0px|0px|0px|0px|false|false&#8221; hover_transition_duration=&#8221;500ms&#8221; link_option_url=&#8221;https:\/\/www.acrn.fr\/it\/misura-della-coppia\/&#8221; header_3_text_shadow_style=&#8221;preset2&#8243; header_3_text_shadow_horizontal_length=&#8221;0.05em&#8221; header_3_text_shadow_vertical_length=&#8221;0.05em&#8221; header_3_text_shadow_color=&#8221;#ffffff&#8221; border_color_all=&#8221;#ffffff&#8221; global_colors_info=&#8221;{}&#8221; header_3_text_color__hover_enabled=&#8221;on|hover&#8221; header_3_text_color__hover=&#8221;#E09900&#8243;]<\/p>\n<h3 style=\"text-align: center;\"><a href=\"https:\/\/www.acrn.fr\/it\/misura-della-coppia\/\">Misura della coppia<\/a><\/h3>\n<p>[\/et_pb_text][\/et_pb_column][et_pb_column type=&#8221;1_4&#8243; _builder_version=&#8221;4.16&#8243; _module_preset=&#8221;default&#8221; global_colors_info=&#8221;{}&#8221;][et_pb_image src=&#8221;https:\/\/www.acrn.fr\/wp-content\/uploads\/2021\/04\/dynamometreBLEU.png&#8221; alt=&#8221;Forza e coppia&#8221; url=&#8221;https:\/\/www.acrn.fr\/it\/misurazione-della-forza\/&#8221; align=&#8221;center&#8221; _builder_version=&#8221;4.27.4&#8243; _module_preset=&#8221;default&#8221; width=&#8221;100px&#8221; custom_margin=&#8221;||0px||false|false&#8221; custom_padding=&#8221;|0px|0px|0px|false|false&#8221; hover_transition_duration=&#8221;500ms&#8221; global_colors_info=&#8221;{}&#8221; transform_styles__hover_enabled=&#8221;on|hover&#8221; transform_scale__hover_enabled=&#8221;on|desktop&#8221; transform_translate__hover_enabled=&#8221;on|desktop&#8221; transform_rotate__hover_enabled=&#8221;on|hover&#8221; transform_skew__hover_enabled=&#8221;on|desktop&#8221; transform_origin__hover_enabled=&#8221;on|desktop&#8221; transform_rotate__hover=&#8221;0deg|0deg|-45deg&#8221;][\/et_pb_image][et_pb_text _builder_version=&#8221;4.27.4&#8243; _module_preset=&#8221;default&#8221; header_3_font=&#8221;|700||on|||||&#8221; header_3_text_color=&#8221;#295c7b&#8221; custom_margin=&#8221;0px|0px|0px|0px|false|false&#8221; custom_padding=&#8221;0px|0px|0px|0px|false|false&#8221; hover_transition_duration=&#8221;500ms&#8221; link_option_url=&#8221;https:\/\/www.acrn.fr\/it\/misurazione-della-forza\/&#8221; header_3_text_shadow_style=&#8221;preset2&#8243; header_3_text_shadow_horizontal_length=&#8221;0.05em&#8221; header_3_text_shadow_vertical_length=&#8221;0.05em&#8221; header_3_text_shadow_color=&#8221;#ffffff&#8221; border_color_all=&#8221;#ffffff&#8221; global_colors_info=&#8221;{}&#8221; header_3_text_color__hover_enabled=&#8221;on|hover&#8221; header_3_text_color__hover=&#8221;#E09900&#8243;]<\/p>\n<h3 style=\"text-align: center;\"><a href=\"https:\/\/www.acrn.fr\/it\/misurazione-della-forza\/\">Forza e coppia<\/a><\/h3>\n<p>[\/et_pb_text][\/et_pb_column][et_pb_column type=&#8221;1_4&#8243; _builder_version=&#8221;4.16&#8243; _module_preset=&#8221;default&#8221; global_colors_info=&#8221;{}&#8221;][et_pb_image src=&#8221;https:\/\/www.acrn.fr\/wp-content\/uploads\/2021\/04\/etancheite-3.png&#8221; alt=&#8221;Sigillatura e perdite&#8221; url=&#8221;https:\/\/www.acrn.fr\/it\/test-di-tenuta-degli-imballaggi\/&#8221; align=&#8221;center&#8221; _builder_version=&#8221;4.27.4&#8243; _module_preset=&#8221;default&#8221; width=&#8221;100px&#8221; custom_margin=&#8221;||0px||false|false&#8221; custom_padding=&#8221;|0px|0px|0px|false|false&#8221; hover_transition_duration=&#8221;500ms&#8221; global_colors_info=&#8221;{}&#8221; transform_styles__hover_enabled=&#8221;on|hover&#8221; transform_scale__hover_enabled=&#8221;on|hover&#8221; transform_translate__hover_enabled=&#8221;on|desktop&#8221; transform_rotate__hover_enabled=&#8221;on|desktop&#8221; transform_skew__hover_enabled=&#8221;on|desktop&#8221; transform_origin__hover_enabled=&#8221;on|desktop&#8221; transform_rotate__hover=&#8221;0deg|0deg|45deg&#8221;][\/et_pb_image][et_pb_text _builder_version=&#8221;4.27.4&#8243; _module_preset=&#8221;default&#8221; header_3_font=&#8221;|700||on|||||&#8221; header_3_text_color=&#8221;#295c7b&#8221; custom_margin=&#8221;0px|0px|0px|0px|false|false&#8221; custom_padding=&#8221;0px|0px|0px|0px|false|false&#8221; hover_transition_duration=&#8221;500ms&#8221; link_option_url=&#8221;https:\/\/www.acrn.fr\/it\/test-di-tenuta-degli-imballaggi\/&#8221; header_3_text_shadow_style=&#8221;preset2&#8243; header_3_text_shadow_horizontal_length=&#8221;0.05em&#8221; header_3_text_shadow_vertical_length=&#8221;0.05em&#8221; header_3_text_shadow_color=&#8221;#ffffff&#8221; border_color_all=&#8221;#ffffff&#8221; global_colors_info=&#8221;{}&#8221; header_3_text_color__hover_enabled=&#8221;on|hover&#8221; header_3_text_color__hover=&#8221;#E09900&#8243;]<\/p>\n<h3 style=\"text-align: center;\"><a href=\"https:\/\/www.acrn.fr\/it\/test-di-tenuta-degli-imballaggi\/\">Test di tenuta e impermeabilit\u00e0<\/a><\/h3>\n<p>[\/et_pb_text][\/et_pb_column][et_pb_column type=&#8221;1_4&#8243; _builder_version=&#8221;4.16&#8243; _module_preset=&#8221;default&#8221; global_colors_info=&#8221;{}&#8221;][et_pb_image src=&#8221;https:\/\/www.acrn.fr\/wp-content\/uploads\/2021\/04\/cellule-en-s.png&#8221; alt=&#8221;Cellula S&#8221; url=&#8221;https:\/\/www.acrn.fr\/it\/sensori-e-strumentazione\/&#8221; align=&#8221;center&#8221; _builder_version=&#8221;4.27.4&#8243; _module_preset=&#8221;default&#8221; width=&#8221;100px&#8221; custom_margin=&#8221;||0px||false|false&#8221; custom_padding=&#8221;|0px|0px|0px|false|false&#8221; hover_transition_duration=&#8221;500ms&#8221; global_colors_info=&#8221;{}&#8221; transform_styles__hover_enabled=&#8221;on|hover&#8221; transform_scale__hover_enabled=&#8221;on|desktop&#8221; transform_translate__hover_enabled=&#8221;on|desktop&#8221; transform_rotate__hover_enabled=&#8221;on|hover&#8221; transform_skew__hover_enabled=&#8221;on|desktop&#8221; transform_origin__hover_enabled=&#8221;on|desktop&#8221; transform_rotate__hover=&#8221;0deg|0deg|-45deg&#8221;][\/et_pb_image][et_pb_text _builder_version=&#8221;4.27.4&#8243; _module_preset=&#8221;default&#8221; header_3_font=&#8221;|700||on|||||&#8221; header_3_text_color=&#8221;#295c7b&#8221; custom_margin=&#8221;0px|-20px|0px|-20px|false|false&#8221; custom_padding=&#8221;0px|0px|0px|0px|false|false&#8221; hover_transition_duration=&#8221;500ms&#8221; link_option_url=&#8221;https:\/\/www.acrn.fr\/it\/sensori-e-strumentazione\/&#8221; header_3_text_shadow_style=&#8221;preset2&#8243; header_3_text_shadow_horizontal_length=&#8221;0.05em&#8221; header_3_text_shadow_vertical_length=&#8221;0.05em&#8221; header_3_text_shadow_color=&#8221;#ffffff&#8221; border_color_all=&#8221;#ffffff&#8221; global_colors_info=&#8221;{}&#8221; header_3_text_color__hover_enabled=&#8221;on|hover&#8221; header_3_text_color__hover=&#8221;#E09900&#8243;]<\/p>\n<h3 style=\"text-align: center;\"><a href=\"https:\/\/www.acrn.fr\/it\/sensori-e-strumentazione\/\">Strumentazione e sensori<\/a><\/h3>\n<p>[\/et_pb_text][\/et_pb_column][\/et_pb_row][et_pb_row _builder_version=&#8221;4.16&#8243; _module_preset=&#8221;default&#8221; global_colors_info=&#8221;{}&#8221;][et_pb_column type=&#8221;4_4&#8243; _builder_version=&#8221;4.16&#8243; _module_preset=&#8221;default&#8221; global_colors_info=&#8221;{}&#8221;][et_pb_text _builder_version=&#8221;4.27.4&#8243; _module_preset=&#8221;default&#8221; text_text_color=&#8221;#000000&#8243; header_2_font=&#8221;heavitas||||||||&#8221; header_2_text_color=&#8221;#000000&#8243; global_colors_info=&#8221;{}&#8221;]<\/p>\n<h2>La misurazione della coppia<\/h2>\n<p class=\"font-claude-response-body break-words whitespace-normal leading-[1.7]\">La misurazione della coppia \u00e8 al centro di molte procedure di qualit\u00e0 industriale: controllo del serraggio dei tappi, verifica della coppia di rimozione, validazione degli strumenti di avvitatura. ACRN propone una gamma completa di strumenti adattati ad ogni esigenza: coppiametri da banco, torcimetri motorizzati, chiavi dinamometriche meccaniche ed elettroniche, controllori di chiavi e sensori di coppia per avvitatori.<\/p>\n<p class=\"font-claude-response-body break-words whitespace-normal leading-[1.7]\">I nostri apparecchi coprono gamme di misura che vanno da pochi mN.m a diverse centinaia di N.m, con livelli di precisione adattati sia agli ambienti di produzione che ai laboratori di taratura. Progettati per un utilizzo quotidiano intensivo, coniugano robustezza e ripetibilit\u00e0.<\/p>\n<p>[\/et_pb_text][et_pb_text _builder_version=&#8221;4.27.4&#8243; _module_preset=&#8221;default&#8221; text_text_color=&#8221;#000000&#8243; header_2_font=&#8221;heavitas||||||||&#8221; header_2_text_color=&#8221;#000000&#8243; locked=&#8221;off&#8221; global_colors_info=&#8221;{}&#8221;]<\/p>\n<h2>Forza e coppia<\/h2>\n<p class=\"font-claude-response-body break-words whitespace-normal leading-[1.7]\">La misurazione della forza interviene in applicazioni varie: test di resistenza alla trazione, controllo dello sforzo di apertura, misurazione della compressione, validazione di saldature o di aggraffature. ACRN distribuisce e sviluppa una gamma di dinamometri meccanici ed elettronici, di bilance a molla, di celle di carico e di banchi di trazione\/compressione per coprire l&#8217;insieme di questi utilizzi.<\/p>\n<p class=\"font-claude-response-body break-words whitespace-normal leading-[1.7]\">Che abbiate bisogno di un apparecchio portatile per controlli sul campo o di un banco motorizzato per prove ripetitive in laboratorio, le nostre soluzioni si adattano alle vostre esigenze di gamma di misura, di precisione e di ambiente di lavoro.<\/p>\n<p>[\/et_pb_text][et_pb_text _builder_version=&#8221;4.27.4&#8243; _module_preset=&#8221;default&#8221; text_text_color=&#8221;#000000&#8243; header_2_font=&#8221;heavitas||||||||&#8221; header_2_text_color=&#8221;#000000&#8243; locked=&#8221;off&#8221; global_colors_info=&#8221;{}&#8221;]<\/p>\n<h2>Test di tenuta e impermeabilit\u00e0<\/h2>\n<p class=\"font-claude-response-body break-words whitespace-normal leading-[1.7]\">Il controllo della tenuta degli imballaggi \u00e8 una fase critica nelle industrie cosmetica, farmaceutica e agroalimentare. ACRN propone apparecchiature specializzate per rilevare le perdite e validare l&#8217;integrit\u00e0 dei condizionamenti: camere di tenuta per vuoto conformi alle norme ASTM D3078 e D6653, tester di saldatura per tubi, doypack e buste flessibili, nonch\u00e9 compressimetri per sacchetti.<\/p>\n<p class=\"font-claude-response-body break-words whitespace-normal leading-[1.7]\">Questi apparecchi consentono di identificare rapidamente i difetti di tenuta prima dell&#8217;immissione sul mercato, di ridurre le non conformit\u00e0 e di garantire la sicurezza dei prodotti confezionati. Vengono utilizzati sia nel controllo in entrata che in uscita dalla linea di produzione.<\/p>\n<p>[\/et_pb_text][et_pb_text _builder_version=&#8221;4.27.4&#8243; _module_preset=&#8221;default&#8221; text_text_color=&#8221;#000000&#8243; header_2_font=&#8221;heavitas||||||||&#8221; header_2_text_color=&#8221;#000000&#8243; locked=&#8221;off&#8221; global_colors_info=&#8221;{}&#8221;]<\/p>\n<h2>Strumentazione e sensori<\/h2>\n<p class=\"font-claude-response-body break-words whitespace-normal leading-[1.7]\">Sensori di forza, celle di carico, consolle di misura e strumenti di connettivit\u00e0 costituiscono la gamma di strumentazione di ACRN. Questi componenti completano o interfacciano le apparecchiature di misura esistenti nei vostri impianti, per centralizzare i dati, automatizzare le rilevazioni o integrare la misura direttamente nei vostri processi di fabbricazione.<\/p>\n<p class=\"font-claude-response-body break-words whitespace-normal leading-[1.7]\">I nostri sensori coprono carichi molto bassi fino a capacit\u00e0 elevate, con livelli di precisione conformi alle esigenze dei laboratori di taratura. Le consolle di misura compatibili consentono la visualizzazione, la registrazione e il trasferimento dei valori verso i vostri sistemi qualit\u00e0.<\/p>\n<p>[\/et_pb_text][\/et_pb_column][\/et_pb_row][et_pb_row _builder_version=&#8221;4.16&#8243; _module_preset=&#8221;default&#8221; custom_padding=&#8221;70px|||||&#8221; global_colors_info=&#8221;{}&#8221;][et_pb_column type=&#8221;4_4&#8243; _builder_version=&#8221;4.16&#8243; _module_preset=&#8221;default&#8221; global_colors_info=&#8221;{}&#8221;][et_pb_text _builder_version=&#8221;4.16&#8243; text_font=&#8221;||||||||&#8221; header_font=&#8221;|700||on|||||&#8221; header_text_color=&#8221;#f7f7f7&#8243; header_line_height=&#8221;1.3em&#8221; header_2_font=&#8221;|700||on|||||&#8221; header_2_text_align=&#8221;center&#8221; header_2_text_color=&#8221;#295c7b&#8221; width=&#8221;100%&#8221; custom_margin=&#8221;|111px|40px|||&#8221; custom_padding=&#8221;|||0px||&#8221; animation_style=&#8221;fade&#8221; header_font_size_last_edited=&#8221;off|desktop&#8221; locked=&#8221;off&#8221; global_colors_info=&#8221;{}&#8221;]<\/p>\n<h2>I nostri prodotti di punta<\/h2>\n<p>[\/et_pb_text][et_pb_shop type=&#8221;product_category&#8221; posts_number=&#8221;8&#8243; include_categories=&#8221;281&#8243; _builder_version=&#8221;4.16&#8243; _module_preset=&#8221;default&#8221; global_colors_info=&#8221;{}&#8221;][\/et_pb_shop][\/et_pb_column][\/et_pb_row][et_pb_row _builder_version=&#8221;4.27.4&#8243; _module_preset=&#8221;default&#8221; global_colors_info=&#8221;{}&#8221;][et_pb_column type=&#8221;4_4&#8243; _builder_version=&#8221;4.27.4&#8243; _module_preset=&#8221;default&#8221; global_colors_info=&#8221;{}&#8221;][et_pb_text _builder_version=&#8221;4.27.4&#8243; _module_preset=&#8221;default&#8221; text_text_color=&#8221;#000000&#8243; header_2_font=&#8221;heavitas||||||||&#8221; header_2_text_color=&#8221;#000000&#8243; global_colors_info=&#8221;{}&#8221;]<\/p>\n<h2>Perch\u00e9 ACRN?<\/h2>\n<p class=\"font-claude-response-body break-words whitespace-normal leading-[1.7]\"><strong>Apparecchiature progettate e fabbricate in Francia<\/strong> ACRN sviluppa i propri strumenti nei suoi laboratori normanni. Questa padronanza della fabbricazione ci permette di garantire la qualit\u00e0 di ogni apparecchio, di assicurare tempi di consegna controllati e di proporre sviluppi su misura per le esigenze specifiche dei nostri clienti.<\/p>\n<p class=\"font-claude-response-body break-words whitespace-normal leading-[1.7]\"><strong>Un servizio post-vendita reattivo<\/strong> I nostri tecnici assicurano la manutenzione, la riparazione e la taratura dell&#8217;insieme delle nostre apparecchiature. Basati in Francia, intervengono rapidamente per minimizzare i tempi di fermo dei vostri strumenti e mantenere la continuit\u00e0 dei vostri controlli qualit\u00e0.<\/p>\n<p class=\"font-claude-response-body break-words whitespace-normal leading-[1.7]\"><strong>Un accompagnamento dall&#8217;analisi all&#8217;implementazione<\/strong> Ogni progetto inizia con un&#8217;analisi della vostra esigenza. I nostri ingegneri vi consigliano nella scelta della soluzione pi\u00f9 adatta alle vostre esigenze tecniche, normative e di budget, e vi accompagnano fino alla messa in servizio in loco.<\/p>\n<p>[\/et_pb_text][\/et_pb_column][\/et_pb_row][et_pb_row _builder_version=&#8221;4.16&#8243; _module_preset=&#8221;default&#8221; global_colors_info=&#8221;{}&#8221;][et_pb_column type=&#8221;4_4&#8243; _builder_version=&#8221;4.16&#8243; _module_preset=&#8221;default&#8221; global_colors_info=&#8221;{}&#8221;][et_pb_text _builder_version=&#8221;4.16&#8243; _module_preset=&#8221;default&#8221; text_font_size=&#8221;18px&#8221; global_colors_info=&#8221;{}&#8221;]<\/p>\n<p style=\"text-align: center;\">Un&#8217;esigenza specifica? Avete bisogno di un accompagnamento personalizzato o di informazioni? <\/p>\n<p>[\/et_pb_text][\/et_pb_column][\/et_pb_row][et_pb_row _builder_version=&#8221;4.16&#8243; _module_preset=&#8221;default&#8221; global_colors_info=&#8221;{}&#8221;][et_pb_column type=&#8221;4_4&#8243; _builder_version=&#8221;4.16&#8243; _module_preset=&#8221;default&#8221; global_colors_info=&#8221;{}&#8221;][et_pb_button button_url=&#8221;https:\/\/www.acrn.fr\/it\/contattateci\/&#8221; button_text=&#8221;Contattateci&#8221; button_alignment=&#8221;center&#8221; _builder_version=&#8221;4.16&#8243; custom_button=&#8221;on&#8221; button_text_size=&#8221;24px&#8221; button_text_color=&#8221;#ffffff&#8221; button_bg_color=&#8221;#295c7b&#8221; button_border_width=&#8221;2px&#8221; button_border_color=&#8221;#ffffff&#8221; button_border_radius=&#8221;5px&#8221; button_letter_spacing=&#8221;2px&#8221; button_font=&#8221;|600||||on|||&#8221; button_icon=&#8221;&#x49;||divi||400&#8243; button_icon_color=&#8221;#295c7b&#8221; animation_style=&#8221;fade&#8221; button_text_color_hover=&#8221;#ffffff&#8221; button_border_color_hover=&#8221;#ffffff&#8221; button_letter_spacing_hover=&#8221;2px&#8221; button_bg_color_hover=&#8221;rgba(0,0,0,0)&#8221; locked=&#8221;off&#8221; global_colors_info=&#8221;{}&#8221; button_text_size__hover_enabled=&#8221;off&#8221; button_one_text_size__hover_enabled=&#8221;off&#8221; button_two_text_size__hover_enabled=&#8221;off&#8221; button_text_color__hover_enabled=&#8221;on|desktop&#8221; button_text_color__hover=&#8221;#295c7b&#8221; button_one_text_color__hover_enabled=&#8221;off&#8221; button_two_text_color__hover_enabled=&#8221;off&#8221; button_border_width__hover_enabled=&#8221;off&#8221; button_one_border_width__hover_enabled=&#8221;off&#8221; button_two_border_width__hover_enabled=&#8221;off&#8221; button_border_color__hover_enabled=&#8221;on&#8221; button_border_color__hover=&#8221;#ffffff&#8221; button_one_border_color__hover_enabled=&#8221;off&#8221; button_two_border_color__hover_enabled=&#8221;off&#8221; button_border_radius__hover_enabled=&#8221;off&#8221; button_one_border_radius__hover_enabled=&#8221;off&#8221; button_two_border_radius__hover_enabled=&#8221;off&#8221; button_letter_spacing__hover_enabled=&#8221;on&#8221; button_letter_spacing__hover=&#8221;2px&#8221; button_one_letter_spacing__hover_enabled=&#8221;off&#8221; button_two_letter_spacing__hover_enabled=&#8221;off&#8221; button_bg_color__hover_enabled=&#8221;on|hover&#8221; button_bg_color__hover=&#8221;rgba(0,0,0,0)&#8221; button_one_bg_color__hover_enabled=&#8221;off&#8221; button_two_bg_color__hover_enabled=&#8221;off&#8221; button_bg_color_gradient_end__hover=&#8221;#ffffff&#8221; button_bg_use_color_gradient__hover=&#8221;on&#8221; button_bg_color_gradient_direction__hover=&#8221;90deg&#8221; button_bg_color_gradient_start__hover=&#8221;#95cceb&#8221; button_bg_color_gradient_stops__hover=&#8221;#95cceb 0%|#ffffff 100%&#8221;][\/et_pb_button][\/et_pb_column][\/et_pb_row][\/et_pb_section]<\/p>\n","protected":false},"excerpt":{"rendered":"<p>I nostri strumenti di controllo qualit\u00e0 La nostra gamma di prodottiLa misurazione della coppia \u00e8 al centro di molte procedure di qualit\u00e0 industriale: controllo del serraggio dei tappi, verifica della coppia di rimozione, validazione degli strumenti di avvitatura. ACRN propone una gamma completa di strumenti adattati ad ogni esigenza: coppiametri da banco, torcimetri motorizzati, chiavi [&hellip;]<\/p>\n","protected":false},"author":1,"featured_media":0,"parent":0,"menu_order":0,"comment_status":"closed","ping_status":"closed","template":"","meta":{"_acf_changed":false,"_et_pb_use_builder":"on","_et_pb_old_content":"","_et_gb_content_width":"","footnotes":""},"dipi_cpt_category":[],"class_list":["post-12160","page","type-page","status-publish","hentry"],"acf":[],"_links":{"self":[{"href":"https:\/\/www.acrn.fr\/it\/wp-json\/wp\/v2\/pages\/12160","targetHints":{"allow":["GET"]}}],"collection":[{"href":"https:\/\/www.acrn.fr\/it\/wp-json\/wp\/v2\/pages"}],"about":[{"href":"https:\/\/www.acrn.fr\/it\/wp-json\/wp\/v2\/types\/page"}],"author":[{"embeddable":true,"href":"https:\/\/www.acrn.fr\/it\/wp-json\/wp\/v2\/users\/1"}],"replies":[{"embeddable":true,"href":"https:\/\/www.acrn.fr\/it\/wp-json\/wp\/v2\/comments?post=12160"}],"version-history":[{"count":4,"href":"https:\/\/www.acrn.fr\/it\/wp-json\/wp\/v2\/pages\/12160\/revisions"}],"predecessor-version":[{"id":23968,"href":"https:\/\/www.acrn.fr\/it\/wp-json\/wp\/v2\/pages\/12160\/revisions\/23968"}],"wp:attachment":[{"href":"https:\/\/www.acrn.fr\/it\/wp-json\/wp\/v2\/media?parent=12160"}],"wp:term":[{"taxonomy":"dipi_cpt_category","embeddable":true,"href":"https:\/\/www.acrn.fr\/it\/wp-json\/wp\/v2\/dipi_cpt_category?post=12160"}],"curies":[{"name":"wp","href":"https:\/\/api.w.org\/{rel}","templated":true}]}}