{"id":12154,"date":"2023-01-31T10:18:10","date_gmt":"2023-01-31T09:18:10","guid":{"rendered":"https:\/\/www.acrn.fr\/scoprire-la-societa-acrn\/distributore-qualificato-mecmesin-francia"},"modified":"2025-01-15T16:45:38","modified_gmt":"2025-01-15T15:45:38","slug":"distributore-qualificato-mecmesin-francia","status":"publish","type":"page","link":"https:\/\/www.acrn.fr\/it\/scoprire-la-societa-acrn\/distributore-qualificato-mecmesin-francia\/","title":{"rendered":"Distributore qualificato Mecmesin Francia"},"content":{"rendered":"<p>[et_pb_section fb_built=&#8221;1&#8243; _builder_version=&#8221;4.8.2&#8243; _module_preset=&#8221;default&#8221; background_color=&#8221;#eeeeee&#8221; custom_padding=&#8221;||4px|||&#8221;][et_pb_row _builder_version=&#8221;4.7.7&#8243; _module_preset=&#8221;default&#8221;][et_pb_column type=&#8221;4_4&#8243; _builder_version=&#8221;4.7.7&#8243; _module_preset=&#8221;default&#8221;][et_pb_text _builder_version=&#8221;4.9.10&#8243; text_font=&#8221;|600|||||||&#8221; text_line_height=&#8221;1.8em&#8221; header_font=&#8221;|700||on|||||&#8221; header_font_size=&#8221;40px&#8221; header_2_font=&#8221;|600||on|||||&#8221; header_2_font_size=&#8221;60px&#8221; header_4_font=&#8221;||||||||&#8221; header_4_text_color=&#8221;#295c7b&#8221; header_4_line_height=&#8221;1.4em&#8221; hover_enabled=&#8221;0&#8243; header_font_size_tablet=&#8221;&#8221; header_font_size_phone=&#8221;35px&#8221; header_font_size_last_edited=&#8221;on|phone&#8221; header_2_font_size_tablet=&#8221;60px&#8221; header_2_font_size_phone=&#8221;35px&#8221; header_2_font_size_last_edited=&#8221;on|desktop&#8221; header_4_font_size_tablet=&#8221;20px&#8221; header_4_font_size_phone=&#8221;14px&#8221; header_4_font_size_last_edited=&#8221;on|phone&#8221; locked=&#8221;off&#8221; sticky_enabled=&#8221;0&#8243;]<\/p>\n<h4>La nostra esperienza nella dinamometria<\/h4>\n<h1>Mecmesin: ACRN \u00e8 un distributore qualificato in Francia<\/h1>\n<p>[\/et_pb_text][\/et_pb_column][\/et_pb_row][\/et_pb_section][et_pb_section fb_built=&#8221;1&#8243; next_background_color=&#8221;#ffffff&#8221; _builder_version=&#8221;4.9.7&#8243; _module_preset=&#8221;default&#8221; background_color=&#8221;#eeeeee&#8221; custom_padding=&#8221;0px|||||&#8221; bottom_divider_style=&#8221;ramp2&#8243;][et_pb_row column_structure=&#8221;1_2,1_2&#8243; _builder_version=&#8221;4.8.2&#8243; _module_preset=&#8221;default&#8221; width=&#8221;100%&#8221; max_width=&#8221;2560px&#8221;][et_pb_column type=&#8221;1_2&#8243; _builder_version=&#8221;4.8.2&#8243; _module_preset=&#8221;default&#8221; custom_padding=&#8221;|||6%|false|false&#8221;][et_pb_text _builder_version=&#8221;4.9.7&#8243; text_font=&#8221;||||||||&#8221; text_text_color=&#8221;#333333&#8243; text_line_height=&#8221;1.8em&#8221; header_font=&#8221;||||||||&#8221; header_text_color=&#8221;#333333&#8243; custom_margin=&#8221;||-4px|||&#8221; custom_padding=&#8221;|0px|||false|false&#8221; animation_style=&#8221;slide&#8221; animation_direction=&#8221;top&#8221; animation_intensity_slide=&#8221;17%&#8221; locked=&#8221;off&#8221;]<strong>ACRN \u00e8 uno dei principali distributori di attrezzature Mecmesin in tutta la Francia.<\/strong><\/p>\n<p>Mecmesin \u00e8 un produttore britannico di lunga data di tester di coppia.<br \/>\nDispone di un&#8217;ampia gamma di hardware, software e accessori per dinamometri.<br \/>\nQuesti prodotti consentono di eseguire prove di trazione, compressione, flessione, attrito, fatica, pelatura, ecc. .<br \/>\nACRN \u00e8 partner di Mecmesin in Francia da oltre 15 anni.<\/p>\n<p><strong>I nostri punti di forza :<\/strong><\/p>\n<ul>\n<li>La <strong>flessibilit\u00e0<\/strong> e la <strong>reattivit\u00e0<\/strong> di una PMI<\/li>\n<li><strong>Esperienza di<\/strong> <strong>dinamometria<\/strong> e <strong>test<\/strong><br \/>\nACRN \u00e8 esperta in prove dinamometriche in molti settori: <strong>industria, aeronautica, cosmetica, farmaceutica, industria alimentare<\/strong>,&#8230; .<br \/>\nLe vostre esigenze saranno studiate da un ingegnere o da un tecnico esperto in prove al dinamometro.<br \/>\nCi assicuriamo che il prodotto sia adatto e possiamo offrirvi l&#8217;apparecchiatura di prova <strong>pi\u00f9 idonea<\/strong>. Offriamo anche l&#8217;<strong>installazione in loco<\/strong><\/li>\n<li><strong>Ufficio progettazione<\/strong><br \/>\nPossiamo anche <strong>progettare adattamenti e accessori personalizzati<\/strong> per esigenze specifiche.<\/li>\n<li><strong>L&#8217;indipendenza<\/strong><br \/>\nSiamo indipendenti, il nostro obiettivo \u00e8 offrire <strong>le soluzioni di test pi\u00f9 adatte alle esigenze del cliente<\/strong>.<\/li>\n<li><strong>Calibrazione in loco o in laboratorio delle apparecchiature Mecmesin<\/strong><br \/>\nPossiamo calibrare le vostre apparecchiature di prova in loco o nel nostro laboratorio metrologico. Possiamo anche <strong>valutare e riparare le vostre apparecchiature<\/strong>.<\/li>\n<\/ul>\n<p><strong>I nostri ingegneri vi offrono il vantaggio del loro know-how nella scelta e nell&#8217;adattamento dei materiali in completa autonomia.<\/strong>[\/et_pb_text][\/et_pb_column][et_pb_column type=&#8221;1_2&#8243; _builder_version=&#8221;4.8.2&#8243; _module_preset=&#8221;default&#8221;][et_pb_image src=&#8221;https:\/\/www.acrn.fr\/wp-content\/uploads\/2021\/04\/mecmesin-34.jpg&#8221; title_text=&#8221;mecmesina-34&#8243; _builder_version=&#8221;4.9.4&#8243; _module_preset=&#8221;default&#8221; custom_margin=&#8221;||||false|false&#8221; custom_padding=&#8221;|||50px|false|false&#8221; box_shadow_style=&#8221;preset1&#8243; box_shadow_blur=&#8221;20px&#8221; box_shadow_spread=&#8221;5px&#8221;][\/et_pb_image][\/et_pb_column][\/et_pb_row][et_pb_row _builder_version=&#8221;4.9.1&#8243; _module_preset=&#8221;default&#8221;][et_pb_column type=&#8221;4_4&#8243; _builder_version=&#8221;4.9.1&#8243; _module_preset=&#8221;default&#8221;][et_pb_button button_url=&#8221;https:\/\/www.acrn.fr\/it\/categoria-di-prodotto\/dinamometrica\/banco-di-prova\/&#8221; button_text=&#8221;Visualizza la gamma di coppie di Mecmesin&#8221; button_alignment=&#8221;center&#8221; _builder_version=&#8221;4.9.7&#8243; custom_button=&#8221;on&#8221; button_text_size=&#8221;24px&#8221; button_text_color=&#8221;#ffffff&#8221; button_bg_color=&#8221;#295c7b&#8221; button_border_width=&#8221;2px&#8221; button_border_color=&#8221;#ffffff&#8221; button_border_radius=&#8221;5px&#8221; button_letter_spacing=&#8221;2px&#8221; button_font=&#8221;|600||||on|||&#8221; button_icon=&#8221;%%40%%&#8221; button_icon_color=&#8221;#295c7b&#8221; animation_style=&#8221;fade&#8221; button_text_color_hover=&#8221;#ffffff&#8221; button_border_color_hover=&#8221;#ffffff&#8221; button_letter_spacing_hover=&#8221;2px&#8221; button_bg_color_hover=&#8221;rgba(0,0,0,0)&#8221; locked=&#8221;off&#8221; button_text_size__hover_enabled=&#8221;off&#8221; button_one_text_size__hover_enabled=&#8221;off&#8221; button_two_text_size__hover_enabled=&#8221;off&#8221; button_text_color__hover_enabled=&#8221;on|desktop&#8221; button_text_color__hover=&#8221;#295c7b&#8221; button_one_text_color__hover_enabled=&#8221;off&#8221; button_two_text_color__hover_enabled=&#8221;off&#8221; button_border_width__hover_enabled=&#8221;off&#8221; button_one_border_width__hover_enabled=&#8221;off&#8221; button_two_border_width__hover_enabled=&#8221;off&#8221; button_border_color__hover_enabled=&#8221;on&#8221; button_border_color__hover=&#8221;#ffffff&#8221; button_one_border_color__hover_enabled=&#8221;off&#8221; button_two_border_color__hover_enabled=&#8221;off&#8221; button_border_radius__hover_enabled=&#8221;off&#8221; button_one_border_radius__hover_enabled=&#8221;off&#8221; button_two_border_radius__hover_enabled=&#8221;off&#8221; button_letter_spacing__hover_enabled=&#8221;on&#8221; button_letter_spacing__hover=&#8221;2px&#8221; button_one_letter_spacing__hover_enabled=&#8221;off&#8221; button_two_letter_spacing__hover_enabled=&#8221;off&#8221; button_bg_color__hover_enabled=&#8221;on|hover&#8221; button_bg_color__hover=&#8221;rgba(0,0,0,0)&#8221; button_one_bg_color__hover_enabled=&#8221;off&#8221; button_two_bg_color__hover_enabled=&#8221;off&#8221; button_bg_color_gradient_end__hover=&#8221;#ffffff&#8221; button_bg_use_color_gradient__hover=&#8221;on&#8221; button_bg_color_gradient_direction__hover=&#8221;90deg&#8221; button_bg_color_gradient_start__hover=&#8221;#95cceb&#8221;][\/et_pb_button][\/et_pb_column][\/et_pb_row][\/et_pb_section]<\/p>\n","protected":false},"excerpt":{"rendered":"<p>La nostra esperienza nella dinamometria Mecmesin: ACRN \u00e8 un distributore qualificato in FranciaACRN \u00e8 uno dei principali distributori di attrezzature Mecmesin in tutta la Francia. Mecmesin \u00e8 un produttore britannico di lunga data di tester di coppia. Dispone di un&#8217;ampia gamma di hardware, software e accessori per dinamometri. Questi prodotti consentono di eseguire prove di [&hellip;]<\/p>\n","protected":false},"author":1,"featured_media":0,"parent":12148,"menu_order":0,"comment_status":"closed","ping_status":"closed","template":"","meta":{"_acf_changed":false,"_et_pb_use_builder":"on","_et_pb_old_content":"","_et_gb_content_width":"","footnotes":""},"dipi_cpt_category":[],"class_list":["post-12154","page","type-page","status-publish","hentry"],"acf":[],"_links":{"self":[{"href":"https:\/\/www.acrn.fr\/it\/wp-json\/wp\/v2\/pages\/12154","targetHints":{"allow":["GET"]}}],"collection":[{"href":"https:\/\/www.acrn.fr\/it\/wp-json\/wp\/v2\/pages"}],"about":[{"href":"https:\/\/www.acrn.fr\/it\/wp-json\/wp\/v2\/types\/page"}],"author":[{"embeddable":true,"href":"https:\/\/www.acrn.fr\/it\/wp-json\/wp\/v2\/users\/1"}],"replies":[{"embeddable":true,"href":"https:\/\/www.acrn.fr\/it\/wp-json\/wp\/v2\/comments?post=12154"}],"version-history":[{"count":0,"href":"https:\/\/www.acrn.fr\/it\/wp-json\/wp\/v2\/pages\/12154\/revisions"}],"up":[{"embeddable":true,"href":"https:\/\/www.acrn.fr\/it\/wp-json\/wp\/v2\/pages\/12148"}],"wp:attachment":[{"href":"https:\/\/www.acrn.fr\/it\/wp-json\/wp\/v2\/media?parent=12154"}],"wp:term":[{"taxonomy":"dipi_cpt_category","embeddable":true,"href":"https:\/\/www.acrn.fr\/it\/wp-json\/wp\/v2\/dipi_cpt_category?post=12154"}],"curies":[{"name":"wp","href":"https:\/\/api.w.org\/{rel}","templated":true}]}}