{"id":8987,"date":"2020-09-29T19:35:16","date_gmt":"2021-12-09T11:52:42","guid":{"rendered":"https:\/\/www.acrn.fr\/product\/camara-de-pruebas-de-estanqueidad-cte-i"},"modified":"2025-07-07T09:43:33","modified_gmt":"2025-07-07T07:43:33","slug":"cte-i","status":"publish","type":"product","link":"https:\/\/www.acrn.fr\/es\/producto\/cte-i\/","title":{"rendered":"C\u00e1mara de pruebas de estanqueidad CTE-I"},"content":{"rendered":"<h3>Beneficios<\/h3>\n<ul>\n<li>R\u00e1pido, ergon\u00f3mico y f\u00e1cil de usar.<\/li>\n<li>Fiable y econ\u00f3mico<\/li>\n<li>Adaptado al entorno de producci\u00f3n \/ Robusto<\/li>\n<li>Pruebas a la recepci\u00f3n de las materias primas, en la producci\u00f3n, antes del env\u00edo<\/li>\n<li>Bajo mantenimiento &#8211; Mantenimiento f\u00e1cil y r\u00e1pido debido a que no hay conexi\u00f3n el\u00e9ctrica<\/li>\n<li>Cilindros de seguridad de un volumen de c\u00e1mara definido<\/li>\n<li>Numerosos accesorios y complementos disponibles para adaptarse a las necesidades del cliente<\/li>\n<\/ul>\n<h3>Informaci\u00f3n t\u00e9cnica<\/h3>\n<table style=\"border-collapse: collapse; width: 106.393%; height: 288px;\">\n<tbody>\n<tr>\n<td style=\"width: 50%;\">C\u00e1mara<\/td>\n<td style=\"width: 50%;\">C\u00e1mara de PMMA transparente con bisagras<\/td>\n<\/tr>\n<tr>\n<td style=\"width: 50%;\">Rango de medici\u00f3n y precisi\u00f3n<\/td>\n<td style=\"width: 50%;\">De -0,1 a -0,85 Bar (presi\u00f3n relativa) como est\u00e1ndar.<\/td>\n<\/tr>\n<tr>\n<td style=\"width: 50%;\">Dimensiones \u00fatiles<\/td>\n<td style=\"width: 50%;\">Seg\u00fan el tama\u00f1o de la carcasa<\/td>\n<\/tr>\n<tr>\n<td style=\"width: 50%;\">Leer la depresi\u00f3n<\/td>\n<td style=\"width: 50%;\">Man\u00f3metro de aguja de 50 mbar de resoluci\u00f3n<\/td>\n<\/tr>\n<tr>\n<td style=\"width: 50%;\">Unidades<\/td>\n<td style=\"width: 50%;\">Bar, Psi<\/td>\n<\/tr>\n<tr>\n<td style=\"width: 50%;\">Alimentaci\u00f3n<\/td>\n<td style=\"width: 50%;\">Aire comprimido de 6 a 8 bares conectado por manguera Rislan\u00ae de 8 mm<\/td>\n<\/tr>\n<tr>\n<td style=\"width: 50%;\">Ajuste del vac\u00edo<\/td>\n<td style=\"width: 50%;\">V\u00e1lvula de expansi\u00f3n con filtro<\/td>\n<\/tr>\n<tr>\n<td style=\"width: 50%;\">Duraci\u00f3n de la depresi\u00f3n<\/td>\n<td style=\"width: 50%;\">Tiempo de retardo ajustable de 0 a 999 segundos<\/td>\n<\/tr>\n<tr>\n<td style=\"width: 50%;\">Principio de la prueba<\/td>\n<td style=\"width: 50%;\">Visual<\/td>\n<\/tr>\n<tr>\n<td style=\"width: 50%;\">Temperatura<\/td>\n<td style=\"width: 50%;\">De 0 a 40\u00b0C<\/td>\n<\/tr>\n<tr>\n<td style=\"width: 50%;\">Normas<\/td>\n<td style=\"width: 50%;\">ASTM D3078<\/td>\n<\/tr>\n<\/tbody>\n<\/table>\n<h3>Opciones<\/h3>\n<table style=\"border-collapse: collapse; width: 100%; height: 138px;\">\n<tbody>\n<tr style=\"height: 23px;\">\n<td style=\"width: 100%; height: 23px;\">Disminuci\u00f3n del tiempo de depresi\u00f3n<\/td>\n<\/tr>\n<tr style=\"height: 23px;\">\n<td style=\"width: 100%; height: 23px;\">Resortes de gas de seguridad<\/td>\n<\/tr>\n<tr style=\"height: 23px;\">\n<td style=\"width: 100%; height: 23px;\">Tiempo de retardo ajustable de 0 a 99.999 segundos<\/td>\n<\/tr>\n<tr style=\"height: 23px;\">\n<td style=\"width: 100%; height: 23px;\">V\u00e1lvula de drenaje de agua (sin bandeja)<\/td>\n<\/tr>\n<tr style=\"height: 23px;\">\n<td style=\"width: 100%; height: 23px;\">Manovacu\u00f3metro con aguja con mejor resoluci\u00f3n<\/td>\n<\/tr>\n<tr style=\"height: 23px;\">\n<td style=\"width: 100%; height: 23px;\">Accesorios espec\u00edficos<\/td>\n<\/tr>\n<\/tbody>\n<\/table>\n<h3>Viene con:<\/h3>\n<p>Un certificado de calibraci\u00f3n conectado al LNE \/ COFRAC<\/p>\n","protected":false},"excerpt":{"rendered":"<blockquote><p>Modelo adaptable y evolutivo<\/p><\/blockquote>\n<p>Se utiliza para <strong>comprobar la estanqueidad<\/strong> de productos s\u00f3lidos sellados en envases que contienen aire, como bl\u00edsteres, sobres, doypacks, yogures, bandejas e incluso conjuntos mec\u00e1nicos.<\/p>\n<p>La presencia de una fuga se detecta por la aparici\u00f3n de burbujas en el agua durante el vac\u00edo y as\u00ed se localiza con precisi\u00f3n.<\/p>\n<p>Una placa de plexigl\u00e1s perforada, llamada prensador, permite mantener el producto en inmersi\u00f3n.<\/p>\n<p><a href=\"https:\/\/www.acrn.fr\/wp-content\/uploads\/2020\/09\/CTE-I-fr-BD.pdf\" target=\"_blank\" rel=\"noopener\">Ficha t\u00e9cnica del ETC-I<\/a><\/p>\n","protected":false},"featured_media":5100,"template":"","meta":{"_acf_changed":false,"_et_pb_use_builder":"","_et_pb_old_content":"","_et_gb_content_width":""},"product_brand":[],"product_cat":[248],"product_tag":[],"class_list":{"0":"post-8987","1":"product","2":"type-product","3":"status-publish","4":"has-post-thumbnail","6":"product_cat-prueba-de-inmersion","8":"first","9":"instock","10":"shipping-taxable","11":"purchasable","12":"product-type-simple"},"acf":[],"_links":{"self":[{"href":"https:\/\/www.acrn.fr\/es\/wp-json\/wp\/v2\/product\/8987","targetHints":{"allow":["GET"]}}],"collection":[{"href":"https:\/\/www.acrn.fr\/es\/wp-json\/wp\/v2\/product"}],"about":[{"href":"https:\/\/www.acrn.fr\/es\/wp-json\/wp\/v2\/types\/product"}],"wp:featuredmedia":[{"embeddable":true,"href":"https:\/\/www.acrn.fr\/es\/wp-json\/wp\/v2\/media\/5100"}],"wp:attachment":[{"href":"https:\/\/www.acrn.fr\/es\/wp-json\/wp\/v2\/media?parent=8987"}],"wp:term":[{"taxonomy":"product_brand","embeddable":true,"href":"https:\/\/www.acrn.fr\/es\/wp-json\/wp\/v2\/product_brand?post=8987"},{"taxonomy":"product_cat","embeddable":true,"href":"https:\/\/www.acrn.fr\/es\/wp-json\/wp\/v2\/product_cat?post=8987"},{"taxonomy":"product_tag","embeddable":true,"href":"https:\/\/www.acrn.fr\/es\/wp-json\/wp\/v2\/product_tag?post=8987"}],"curies":[{"name":"wp","href":"https:\/\/api.w.org\/{rel}","templated":true}]}}