{"id":8965,"date":"2020-09-29T19:37:10","date_gmt":"2021-12-09T11:44:50","guid":{"rendered":"https:\/\/www.acrn.fr\/product\/camara-de-pruebas-de-estanqueidad-cte-gm"},"modified":"2025-07-07T09:39:58","modified_gmt":"2025-07-07T07:39:58","slug":"cte-gm","status":"publish","type":"product","link":"https:\/\/www.acrn.fr\/es\/producto\/cte-gm\/","title":{"rendered":"C\u00e1mara de pruebas de estanqueidad CTE-GM"},"content":{"rendered":"<p>&nbsp;<\/p>\n<h3> Beneficios<\/h3>\n<ul>\n<li><span style=\"color: #215876;\">Totalmente neum\u00e1tico<\/span><\/li>\n<li><span style=\"color: #215876;\">Pruebas sencillas y r\u00e1pidas para grandes series<\/span><\/li>\n<li><span style=\"color: #215876;\">Disponible en carro para una mejor movilidad <\/span><\/li>\n<li><span style=\"color: #215876;\">Disposici\u00f3n con estante para un gran conjunto de muestras<\/span><\/li>\n<\/ul>\n<h3>Opciones<\/h3>\n<table style=\"border-collapse: collapse; width: 100%;\">\n<tbody>\n<tr>\n<td style=\"width: 100%;\">V\u00e1lvula de drenaje de aire para facilitar el retorno al AP<\/td>\n<\/tr>\n<tr>\n<td style=\"width: 100%;\">Carro de apoyo para una mejor movilidad<\/td>\n<\/tr>\n<tr>\n<td style=\"width: 100%;\">Tiempo de retardo ajustable de 0 a 99.999 segundos<\/td>\n<\/tr>\n<tr>\n<td style=\"width: 100%;\">Vacu\u00f3metro de aguja con mejor resoluci\u00f3n<\/td>\n<\/tr>\n<\/tbody>\n<\/table>\n<h3>Entregado con<\/h3>\n<p>Certificado de calibraci\u00f3n conectado al LNE\/COFRAC<\/p>\n","protected":false},"excerpt":{"rendered":"<blockquote><p>El gran c\u00e1mara<\/p><\/blockquote>\n<p>Con total visibilidad y gracias a su <strong>dise\u00f1o de plexigl\u00e1s<\/strong>, es muy r\u00e1pido y f\u00e1cil <strong>observar la presencia de fugas en el envase<\/strong>.<\/p>\n<p>Su uso m\u00e1s frecuente en la industria es en el borde de la l\u00ednea de producci\u00f3n por su sencillez de uso, su funcionamiento totalmente neum\u00e1tico y su gran capacidad dedicada al control de grandes series. Es especialmente \u00fatil en caso de crisis, o durante una auditor\u00eda para controlar todo un lote.<\/p>\n<p>Se utiliza sobre todo para las botellas, pero tambi\u00e9n para eliminar las burbujas de aire y las impurezas del esmalte, la emulsi\u00f3n o las presentes antes de la soldadura fuerte o la soldadura blanda.<\/p>\n<p><a href=\"https:\/\/www.acrn.fr\/wp-content\/uploads\/2020\/09\/CTE-GM-fr-BD.pdf\" target=\"_blank\" rel=\"noopener\">Ficha t\u00e9cnica ETC-GM<\/a><\/p>\n","protected":false},"featured_media":8966,"template":"","meta":{"_acf_changed":false,"_et_pb_use_builder":"","_et_pb_old_content":"","_et_gb_content_width":""},"product_brand":[],"product_cat":[250],"product_tag":[],"class_list":{"0":"post-8965","1":"product","2":"type-product","3":"status-publish","4":"has-post-thumbnail","6":"product_cat-grandes-dimensiones","8":"first","9":"instock","10":"shipping-taxable","11":"purchasable","12":"product-type-simple"},"acf":[],"_links":{"self":[{"href":"https:\/\/www.acrn.fr\/es\/wp-json\/wp\/v2\/product\/8965","targetHints":{"allow":["GET"]}}],"collection":[{"href":"https:\/\/www.acrn.fr\/es\/wp-json\/wp\/v2\/product"}],"about":[{"href":"https:\/\/www.acrn.fr\/es\/wp-json\/wp\/v2\/types\/product"}],"wp:featuredmedia":[{"embeddable":true,"href":"https:\/\/www.acrn.fr\/es\/wp-json\/wp\/v2\/media\/8966"}],"wp:attachment":[{"href":"https:\/\/www.acrn.fr\/es\/wp-json\/wp\/v2\/media?parent=8965"}],"wp:term":[{"taxonomy":"product_brand","embeddable":true,"href":"https:\/\/www.acrn.fr\/es\/wp-json\/wp\/v2\/product_brand?post=8965"},{"taxonomy":"product_cat","embeddable":true,"href":"https:\/\/www.acrn.fr\/es\/wp-json\/wp\/v2\/product_cat?post=8965"},{"taxonomy":"product_tag","embeddable":true,"href":"https:\/\/www.acrn.fr\/es\/wp-json\/wp\/v2\/product_tag?post=8965"}],"curies":[{"name":"wp","href":"https:\/\/api.w.org\/{rel}","templated":true}]}}