{"id":8962,"date":"2021-05-06T08:37:19","date_gmt":"2021-12-09T11:39:37","guid":{"rendered":"https:\/\/www.acrn.fr\/product\/medicion-de-la-altura-de-la-valvula-a1180"},"modified":"2025-07-08T14:55:36","modified_gmt":"2025-07-08T12:55:36","slug":"medicion-altura-valvula-a1180","status":"publish","type":"product","link":"https:\/\/www.acrn.fr\/es\/producto\/medicion-altura-valvula-a1180\/","title":{"rendered":"Medici\u00f3n de la altura de la v\u00e1lvula A1180"},"content":{"rendered":"<p><img decoding=\"async\" class=\"alignnone size-full wp-image-4871\" src=\"https:\/\/www.acrn.fr\/wp-content\/uploads\/2021\/05\/A1180png.png\" alt=\"A1180\" width=\"1000\" height=\"400\" srcset=\"https:\/\/www.acrn.fr\/wp-content\/uploads\/2021\/05\/A1180png.png 1000w, https:\/\/www.acrn.fr\/wp-content\/uploads\/2021\/05\/A1180png-980x392.png 980w, https:\/\/www.acrn.fr\/wp-content\/uploads\/2021\/05\/A1180png-480x192.png 480w\" sizes=\"(min-width: 0px) and (max-width: 480px) 480px, (min-width: 481px) and (max-width: 980px) 980px, (min-width: 981px) 1000px, 100vw\" \/><\/p>\n<h3>Informaci\u00f3n t\u00e9cnica<\/h3>\n<table style=\"border-collapse: collapse; width: 100%; height: 91px;\">\n<tbody>\n<tr style=\"height: 45px;\">\n<td style=\"width: 7.5783%; height: 45px; text-align: center;\">Tipo<\/td>\n<td style=\"width: 9.06977%; height: 45px; text-align: center;\">Rango<\/td>\n<td style=\"width: 9.0696%; height: 45px; text-align: center;\">Resoluci\u00f3n<\/td>\n<td style=\"width: 11.3068%; height: 45px; text-align: center;\">Medici\u00f3n de la fuerza<\/td>\n<td style=\"width: 9.75491%; height: 45px; text-align: center;\">Peso<\/td>\n<td style=\"width: 9.30745%; height: 45px; text-align: center;\">Error<\/td>\n<td style=\"width: 15.7065%; height: 45px; text-align: center;\">Error m\u00e1ximo de repetibilidad<\/td>\n<td style=\"width: 15.7066%; height: 45px; text-align: center;\">Temperatura de funcionamiento<\/td>\n<\/tr>\n<tr style=\"height: 23px;\">\n<td style=\"width: 7.5783%; height: 23px; text-align: center;\">AEROSOL<\/td>\n<td style=\"width: 9.06977%; height: 23px; text-align: center;\">2.5 &#8211; 8 mm<\/td>\n<td style=\"width: 9.0696%; height: 23px; text-align: center;\">0.01 mm<\/td>\n<td style=\"width: 11.3068%; height: 23px; text-align: center;\">0.7 &#8211; 1.3 N<\/td>\n<td style=\"width: 9.75491%; height: 23px; text-align: center;\">200 g<\/td>\n<td style=\"width: 9.30745%; height: 23px; text-align: center;\"><\/td>\n<td style=\"width: 15.7065%; height: 23px; text-align: center;\">0.02 mm<\/td>\n<td style=\"width: 15.7066%; height: 23px; text-align: center;\">0.01 mm<\/td>\n<\/tr>\n<\/tbody>\n<\/table>\n","protected":false},"excerpt":{"rendered":"<p>Informaci\u00f3n t\u00e9cnica Tipo Rango Resoluci\u00f3n Medici\u00f3n de la fuerza Peso Error Error m\u00e1ximo de repetibilidad Temperatura de funcionamiento AEROSOL 2.5 &#8211; 8 mm 0.01 mm 0.7 &#8211; 1.3 N 200 g 0.02 mm 0.01 mm<\/p>\n","protected":false},"featured_media":8963,"template":"","meta":{"_acf_changed":false,"_et_pb_use_builder":"","_et_pb_old_content":"","_et_gb_content_width":""},"product_brand":[],"product_cat":[243],"product_tag":[],"class_list":{"0":"post-8962","1":"product","2":"type-product","3":"status-publish","4":"has-post-thumbnail","6":"product_cat-control-dimensional-de-los-aerosoles","8":"first","9":"instock","10":"shipping-taxable","11":"purchasable","12":"product-type-simple"},"acf":[],"_links":{"self":[{"href":"https:\/\/www.acrn.fr\/es\/wp-json\/wp\/v2\/product\/8962","targetHints":{"allow":["GET"]}}],"collection":[{"href":"https:\/\/www.acrn.fr\/es\/wp-json\/wp\/v2\/product"}],"about":[{"href":"https:\/\/www.acrn.fr\/es\/wp-json\/wp\/v2\/types\/product"}],"wp:featuredmedia":[{"embeddable":true,"href":"https:\/\/www.acrn.fr\/es\/wp-json\/wp\/v2\/media\/8963"}],"wp:attachment":[{"href":"https:\/\/www.acrn.fr\/es\/wp-json\/wp\/v2\/media?parent=8962"}],"wp:term":[{"taxonomy":"product_brand","embeddable":true,"href":"https:\/\/www.acrn.fr\/es\/wp-json\/wp\/v2\/product_brand?post=8962"},{"taxonomy":"product_cat","embeddable":true,"href":"https:\/\/www.acrn.fr\/es\/wp-json\/wp\/v2\/product_cat?post=8962"},{"taxonomy":"product_tag","embeddable":true,"href":"https:\/\/www.acrn.fr\/es\/wp-json\/wp\/v2\/product_tag?post=8962"}],"curies":[{"name":"wp","href":"https:\/\/api.w.org\/{rel}","templated":true}]}}