{"id":8958,"date":"2021-05-06T08:54:29","date_gmt":"2021-05-06T08:54:29","guid":{"rendered":"https:\/\/www.acrn.fr\/product\/medicion-del-diametro-de-la-valvula-a2140"},"modified":"2025-10-08T15:37:32","modified_gmt":"2025-10-08T13:37:32","slug":"medicion-del-diametro-de-la-valvula-a2140","status":"publish","type":"product","link":"https:\/\/www.acrn.fr\/es\/producto\/medicion-del-diametro-de-la-valvula-a2140\/","title":{"rendered":"Medici\u00f3n del di\u00e1metro de la v\u00e1lvula A2140"},"content":{"rendered":"<div class='content-column one_half'><img decoding=\"async\" class=\"alignnone size-full wp-image-4874\" src=\"https:\/\/www.acrn.fr\/wp-content\/uploads\/2021\/05\/A2140png1.png\" alt=\"A2140\" width=\"400\" height=\"600\" srcset=\"https:\/\/www.acrn.fr\/wp-content\/uploads\/2021\/05\/A2140png1.png 400w, https:\/\/www.acrn.fr\/wp-content\/uploads\/2021\/05\/A2140png1-64x96.png 64w, https:\/\/www.acrn.fr\/wp-content\/uploads\/2021\/05\/A2140png1-200x300.png 200w\" sizes=\"(max-width: 400px) 100vw, 400px\" \/><\/div>\n<div class='content-column one_half last_column'><img decoding=\"async\" class=\"alignnone size-full wp-image-4876\" src=\"https:\/\/www.acrn.fr\/wp-content\/uploads\/2021\/05\/A2140png2.png\" alt=\"A2140\" width=\"400\" height=\"600\" srcset=\"https:\/\/www.acrn.fr\/wp-content\/uploads\/2021\/05\/A2140png2.png 400w, https:\/\/www.acrn.fr\/wp-content\/uploads\/2021\/05\/A2140png2-64x96.png 64w, https:\/\/www.acrn.fr\/wp-content\/uploads\/2021\/05\/A2140png2-200x300.png 200w\" sizes=\"(max-width: 400px) 100vw, 400px\" \/><\/div><div class='clear_column'><\/div>\n<h3>Informaci\u00f3n t\u00e9cnica<\/h3>\n<table style=\"border-collapse: collapse; width: 100%;\">\n<tbody>\n<tr>\n<td style=\"width: 12.5%; text-align: center;\">Tipo<\/td>\n<td style=\"width: 12.5%; text-align: center;\">Rango<\/td>\n<td style=\"width: 12.5%; text-align: center;\">Rango de indicaci\u00f3n<\/td>\n<td style=\"width: 12.5%; text-align: center;\">Resoluci\u00f3n<\/td>\n<td style=\"width: 12.5%; text-align: center;\">Medici\u00f3n de la fuerza\/peso<\/td>\n<td style=\"width: 12.5%; text-align: center;\">Error m\u00e1ximo permitido<\/td>\n<td style=\"width: 12.5%; text-align: center;\">Error de repetibilidad<\/td>\n<td style=\"width: 12.5%; text-align: center;\">Temperatura de funcionamiento<\/td>\n<\/tr>\n<tr>\n<td style=\"width: 12.5%; text-align: center;\">AEROSOL<\/td>\n<td style=\"width: 12.5%; text-align: center;\">5 &#8211; 15 mm<\/td>\n<td style=\"width: 12.5%; text-align: center;\">4.75 mm &#8211; 15.25 mm<\/td>\n<td style=\"width: 12.5%; text-align: center;\">0.01 mm<\/td>\n<td style=\"width: 12.5%; text-align: center;\">1.1 &#8211; 1.5 N \/ 120 g<\/td>\n<td style=\"width: 12.5%; text-align: center;\">0.03 mm<\/td>\n<td style=\"width: 12.5%; text-align: center;\">0.02 mm<\/td>\n<td style=\"width: 12.5%; text-align: center;\">10\u00b0C &#8211; 30\u00b0C<\/td>\n<\/tr>\n<\/tbody>\n<\/table>\n<p>&nbsp;<\/p>\n","protected":false},"excerpt":{"rendered":"<blockquote>\n<h2 data-start=\"150\" data-end=\"453\">Medidor del di\u00e1metro de la v\u00e1lvula<\/h2>\n<\/blockquote>\n<p data-start=\"150\" data-end=\"453\">El <strong data-start=\"153\" data-end=\"162\">A2140 <\/strong> es un instrumento de precisi\u00f3n dise\u00f1ado para medir el <strong data-start=\"206\" data-end=\"250\">di\u00e1metro de las v\u00e1lvulas de aerosol<\/strong>. Puede utilizarse para inspeccionar piezas peque\u00f1as, de entre <strong data-start=\"320\" data-end=\"334\">5 y 15 mm<\/strong>, con una <strong data-start=\"345\" data-end=\"375\">resoluci\u00f3n fina de 0,01 mm<\/strong>, lo que garantiza una detecci\u00f3n fiable de las m\u00e1s m\u00ednimas variaciones dimensionales.<\/p>\n<p data-start=\"455\" data-end=\"667\">Gracias a sus <strong data-start=\"467\" data-end=\"492\">tolerancias controladas<\/strong> -un <strong data-start=\"499\" data-end=\"529\">error m\u00e1ximo de 0,03 mm<\/strong> y una <strong data-start=\"537\" data-end=\"564\">repetibilidad de 0,02 mm<\/strong>-, este instrumento ofrece una gran <strong data-start=\"600\" data-end=\"664\">fiabilidad para las operaciones de control de calidad industrial<\/strong>.<\/p>\n<p data-start=\"669\" data-end=\"939\">Su <strong data-start=\"672\" data-end=\"698\">baja fuerza de medici\u00f3n<\/strong> (de 1,1 a 1,5 N) garantiza un control <strong data-start=\"739\" data-end=\"769\">preciso sin riesgo de deformaci\u00f3n <\/strong> de la pieza, mientras que su <strong data-start=\"797\" data-end=\"845\">rango de funcionamiento entre 10 \u00b0C y 30 \u00b0C<\/strong> garantiza una e<strong data-start=\"859\" data-end=\"893\">stabilidad de medici\u00f3n \u00f3ptima<\/strong> en condiciones de funcionamiento est\u00e1ndar.<\/p>\n","protected":false},"featured_media":8959,"template":"","meta":{"_acf_changed":false,"_et_pb_use_builder":"","_et_pb_old_content":"","_et_gb_content_width":""},"product_brand":[],"product_cat":[243],"product_tag":[],"class_list":{"0":"post-8958","1":"product","2":"type-product","3":"status-publish","4":"has-post-thumbnail","6":"product_cat-control-dimensional-de-los-aerosoles","8":"first","9":"instock","10":"shipping-taxable","11":"purchasable","12":"product-type-simple"},"acf":[],"_links":{"self":[{"href":"https:\/\/www.acrn.fr\/es\/wp-json\/wp\/v2\/product\/8958","targetHints":{"allow":["GET"]}}],"collection":[{"href":"https:\/\/www.acrn.fr\/es\/wp-json\/wp\/v2\/product"}],"about":[{"href":"https:\/\/www.acrn.fr\/es\/wp-json\/wp\/v2\/types\/product"}],"wp:featuredmedia":[{"embeddable":true,"href":"https:\/\/www.acrn.fr\/es\/wp-json\/wp\/v2\/media\/8959"}],"wp:attachment":[{"href":"https:\/\/www.acrn.fr\/es\/wp-json\/wp\/v2\/media?parent=8958"}],"wp:term":[{"taxonomy":"product_brand","embeddable":true,"href":"https:\/\/www.acrn.fr\/es\/wp-json\/wp\/v2\/product_brand?post=8958"},{"taxonomy":"product_cat","embeddable":true,"href":"https:\/\/www.acrn.fr\/es\/wp-json\/wp\/v2\/product_cat?post=8958"},{"taxonomy":"product_tag","embeddable":true,"href":"https:\/\/www.acrn.fr\/es\/wp-json\/wp\/v2\/product_tag?post=8958"}],"curies":[{"name":"wp","href":"https:\/\/api.w.org\/{rel}","templated":true}]}}