{"id":8954,"date":"2021-05-26T09:18:54","date_gmt":"2021-12-09T11:36:23","guid":{"rendered":"https:\/\/www.acrn.fr\/product\/camara-de-prueba-de-fugas-cte-bi"},"modified":"2025-07-07T12:23:08","modified_gmt":"2025-07-07T10:23:08","slug":"cte-bi","status":"publish","type":"product","link":"https:\/\/www.acrn.fr\/es\/producto\/cte-bi\/","title":{"rendered":"C\u00e1mara de prueba de fugas CTE-Bi"},"content":{"rendered":"<h3>Beneficios<\/h3>\n<ul>\n<li>R\u00e1pido, ergon\u00f3mico y f\u00e1cil de usar<\/li>\n<li>Visual<\/li>\n<li>Fiable y econ\u00f3mico<\/li>\n<li>Adaptado al entorno de producci\u00f3n \/ Robusto<\/li>\n<li>Producto actualizable<\/li>\n<li>Pruebas a la recepci\u00f3n de las materias primas, en la producci\u00f3n, antes del env\u00edo<\/li>\n<li>Recogida de muestras con bandeja de goteo extra\u00edble<\/li>\n<li>Regla graduada para una buena repetibilidad de la prueba<\/li>\n<li>Adecuado para el cumplimiento de las normas ASTM<\/li>\n<li>Dise\u00f1o espec\u00edfico<\/li>\n<\/ul>\n<h3>Informaci\u00f3n t\u00e9cnica<\/h3>\n<table style=\"border-collapse: collapse; width: 106.393%; height: 288px;\">\n<tbody>\n<tr>\n<td style=\"width: 50%;\">C\u00e1mara<\/td>\n<td style=\"width: 50%;\">C\u00e1mara de PMMA transparente con bisagras<\/td>\n<\/tr>\n<tr>\n<td style=\"width: 50%;\">Rango de medici\u00f3n y precisi\u00f3n<\/td>\n<td style=\"width: 50%;\">De -0,1 a -0,85 Bar (presi\u00f3n relativa) como est\u00e1ndar. Precisi\u00f3n + \/ -2 %.<\/td>\n<\/tr>\n<tr>\n<td style=\"width: 50%;\">Dimensiones \u00fatiles<\/td>\n<td style=\"width: 50%;\">Seg\u00fan el tama\u00f1o de la carcasa<\/td>\n<\/tr>\n<tr>\n<td style=\"width: 50%;\">Leer la depresi\u00f3n<\/td>\n<td style=\"width: 50%;\">Man\u00f3metro de aguja de 50 mbar de resoluci\u00f3n<\/td>\n<\/tr>\n<tr>\n<td style=\"width: 50%;\">Unidades<\/td>\n<td style=\"width: 50%;\">Bar, Psi<\/td>\n<\/tr>\n<tr>\n<td style=\"width: 50%;\">Alimentaci\u00f3n<\/td>\n<td style=\"width: 50%;\">Aire comprimido de 7 bares conectado a trav\u00e9s de una manguera Rislan\u00ae de 8 mm \/ modelo CTS con bomba hasta -920 mbar<\/td>\n<\/tr>\n<tr>\n<td style=\"width: 50%;\">Peso<\/td>\n<td style=\"width: 50%;\">Depende del tama\u00f1o del armario<\/td>\n<\/tr>\n<tr>\n<td style=\"width: 50%;\">Espesor<\/td>\n<td style=\"width: 50%;\">20, 25 o 30 mm seg\u00fan el estudio de RDM<\/td>\n<\/tr>\n<tr>\n<td style=\"width: 50%;\">Ajuste del vac\u00edo<\/td>\n<td style=\"width: 50%;\">V\u00e1lvula de expansi\u00f3n con filtro<\/td>\n<\/tr>\n<tr>\n<td style=\"width: 50%;\">Duraci\u00f3n de la depresi\u00f3n<\/td>\n<td style=\"width: 50%;\">Tiempo de retardo ajustable de 0 a 999 segundos<\/td>\n<\/tr>\n<tr>\n<td style=\"width: 50%;\">Principio de la prueba<\/td>\n<td style=\"width: 50%;\">Visual<\/td>\n<\/tr>\n<tr>\n<td style=\"width: 50%;\">Temperatura<\/td>\n<td style=\"width: 50%;\">De 0 a 40\u00b0C<\/td>\n<\/tr>\n<tr>\n<td style=\"width: 50%;\">Normas<\/td>\n<td style=\"width: 50%;\">ASTM D3078, ASTM D6653<\/td>\n<\/tr>\n<\/tbody>\n<\/table>\n<h3>Opciones<\/h3>\n<table style=\"border-collapse: collapse; width: 100%;\">\n<tbody>\n<tr>\n<td style=\"width: 100%;\">Disminuci\u00f3n del tiempo de depresi\u00f3n<\/td>\n<\/tr>\n<tr>\n<td style=\"width: 100%;\">Bandeja de goteo ergon\u00f3mica extra\u00edble<\/td>\n<\/tr>\n<tr>\n<td style=\"width: 100%;\">Tiempo de retardo ajustable de 0 a 99.999 segundos<\/td>\n<\/tr>\n<tr>\n<td style=\"width: 100%;\">Muelles de gas<\/td>\n<\/tr>\n<tr>\n<td style=\"width: 100%;\">Dise\u00f1o muy espec\u00edfico<\/td>\n<\/tr>\n<tr>\n<td style=\"width: 100%;\">Vacu\u00f3metro de aguja con mejor resoluci\u00f3n<\/td>\n<\/tr>\n<\/tbody>\n<\/table>\n<h3>Viene con:<\/h3>\n<p>Certificado de calibraci\u00f3n conectado al LNE \/ COFRAC<\/p>\n","protected":false},"excerpt":{"rendered":"<blockquote><p>Detector de fugas farmac\u00e9utico<\/p><\/blockquote>\n<p>Permite <strong>comprobar la estanqueidad<\/strong> de las muestras tipo bl\u00edster o bolsa por vac\u00edo y gracias a la migraci\u00f3n de un <strong>producto trazador, llamado azul de metileno<\/strong>.<\/p>\n<p>Se utiliza mucho en las f\u00e1bricas de productos farmac\u00e9uticos, donde el envasado en bl\u00edster es el pilar fundamental.<\/p>\n<p><a href=\"https:\/\/www.acrn.fr\/wp-content\/uploads\/2021\/05\/CTE-BI-FR-BD.pdf\" target=\"_blank\" rel=\"noopener\">Ficha t\u00e9cnica CTE-Bi<\/a><\/p>\n","protected":false},"featured_media":8955,"template":"","meta":{"_acf_changed":false,"_et_pb_use_builder":"","_et_pb_old_content":"","_et_gb_content_width":""},"product_brand":[],"product_cat":[249],"product_tag":[],"class_list":{"0":"post-8954","1":"product","2":"type-product","3":"status-publish","4":"has-post-thumbnail","6":"product_cat-prueba-del-azul-de-metileno","8":"first","9":"instock","10":"shipping-taxable","11":"purchasable","12":"product-type-simple"},"acf":[],"_links":{"self":[{"href":"https:\/\/www.acrn.fr\/es\/wp-json\/wp\/v2\/product\/8954","targetHints":{"allow":["GET"]}}],"collection":[{"href":"https:\/\/www.acrn.fr\/es\/wp-json\/wp\/v2\/product"}],"about":[{"href":"https:\/\/www.acrn.fr\/es\/wp-json\/wp\/v2\/types\/product"}],"wp:featuredmedia":[{"embeddable":true,"href":"https:\/\/www.acrn.fr\/es\/wp-json\/wp\/v2\/media\/8955"}],"wp:attachment":[{"href":"https:\/\/www.acrn.fr\/es\/wp-json\/wp\/v2\/media?parent=8954"}],"wp:term":[{"taxonomy":"product_brand","embeddable":true,"href":"https:\/\/www.acrn.fr\/es\/wp-json\/wp\/v2\/product_brand?post=8954"},{"taxonomy":"product_cat","embeddable":true,"href":"https:\/\/www.acrn.fr\/es\/wp-json\/wp\/v2\/product_cat?post=8954"},{"taxonomy":"product_tag","embeddable":true,"href":"https:\/\/www.acrn.fr\/es\/wp-json\/wp\/v2\/product_tag?post=8954"}],"curies":[{"name":"wp","href":"https:\/\/api.w.org\/{rel}","templated":true}]}}