{"id":8943,"date":"2021-07-26T11:43:42","date_gmt":"2021-07-26T09:43:42","guid":{"rendered":"https:\/\/www.acrn.fr\/product\/camara-de-pruebas-de-estanqueidad-cts-i"},"modified":"2025-07-07T09:47:10","modified_gmt":"2025-07-07T07:47:10","slug":"cts-i","status":"publish","type":"product","link":"https:\/\/www.acrn.fr\/es\/producto\/cts-i\/","title":{"rendered":"C\u00e1mara de pruebas de estanqueidad CTS-I"},"content":{"rendered":"<h3>Beneficios<\/h3>\n<ul>\n<li>Totalmente neum\u00e1tico<\/li>\n<li> Sin mantenimiento<\/li>\n<li> Intuitivo y f\u00e1cil de usar<\/li>\n<li>Numerosos accesorios y complementos disponibles para adaptarse a las necesidades del cliente<\/li>\n<\/ul>\n<h3>Informaci\u00f3n t\u00e9cnica<\/h3>\n<table style=\"border-collapse: collapse; width: 106.393%; height: 254px;\">\n<tbody>\n<tr style=\"height: 23px;\">\n<td style=\"width: 50%; height: 23px;\">C\u00e1mara<\/td>\n<td style=\"width: 50%; height: 23px;\">C\u00e1mara PMMA transparente con bisagras<\/td>\n<\/tr>\n<tr style=\"height: 23px;\">\n<td style=\"width: 50%; height: 23px;\">Rango de medici\u00f3n y precisi\u00f3n<\/td>\n<td style=\"width: 50%; height: 23px;\">De -0,1 a -0,85 Bar (presi\u00f3n relativa) como est\u00e1ndar. Precisi\u00f3n + \/ -2 %.<\/td>\n<\/tr>\n<tr style=\"height: 23px;\">\n<td style=\"width: 50%; height: 23px;\">Dimensiones \u00fatiles<\/td>\n<td style=\"width: 50%; height: 23px;\">Seg\u00fan el tama\u00f1o de la carcasa<\/td>\n<\/tr>\n<tr style=\"height: 23px;\">\n<td style=\"width: 50%; height: 23px;\">Leer la depresi\u00f3n<\/td>\n<td style=\"width: 50%; height: 23px;\">Man\u00f3metro de aguja de 50 mbar de resoluci\u00f3n<\/td>\n<\/tr>\n<tr style=\"height: 23px;\">\n<td style=\"width: 50%; height: 23px;\">Unidades<\/td>\n<td style=\"width: 50%; height: 23px;\">Bar, Psi<\/td>\n<\/tr>\n<tr style=\"height: 23px;\">\n<td style=\"width: 50%; height: 23px;\">Alimentaci\u00f3n<\/td>\n<td style=\"width: 50%; height: 23px;\">Aire comprimido de 6 a 8 bar conectado por manguera Rislan\u00ae de 8mm \/ Bomba de vac\u00edo<\/td>\n<\/tr>\n<tr style=\"height: 23px;\">\n<td style=\"width: 50%; height: 23px;\">Ajuste del vac\u00edo<\/td>\n<td style=\"width: 50%; height: 23px;\">V\u00e1lvula de expansi\u00f3n con filtro<\/td>\n<\/tr>\n<tr style=\"height: 23px;\">\n<td style=\"width: 50%; height: 23px;\">Duraci\u00f3n de la depresi\u00f3n<\/td>\n<td style=\"width: 50%; height: 23px;\">Tiempo de retardo ajustable de 0 a 999 segundos<\/td>\n<\/tr>\n<tr style=\"height: 23px;\">\n<td style=\"width: 50%; height: 23px;\">Principio de la prueba<\/td>\n<td style=\"width: 50%; height: 23px;\">Visual<\/td>\n<\/tr>\n<tr style=\"height: 23px;\">\n<td style=\"width: 50%; height: 23px;\">Temperatura<\/td>\n<td style=\"width: 50%; height: 23px;\">De 0 a 40\u00b0C<\/td>\n<\/tr>\n<tr style=\"height: 24px;\">\n<td style=\"width: 50%; height: 24px;\">Normas<\/td>\n<td style=\"width: 50%; height: 24px;\">ASTM D4991, ASTM D5094, ASTM D4169, EN14401, DIN55528<\/td>\n<\/tr>\n<\/tbody>\n<\/table>\n<h3>Opciones<\/h3>\n<table style=\"border-collapse: collapse; width: 100%; height: 115px;\">\n<tbody>\n<tr style=\"height: 23px;\">\n<td style=\"width: 100%; height: 23px;\">Disminuci\u00f3n del tiempo de depresi\u00f3n<\/td>\n<\/tr>\n<tr style=\"height: 23px;\">\n<td style=\"width: 100%; height: 23px;\">V\u00e1lvula de drenaje de aire para facilitar el retorno al AP<\/td>\n<\/tr>\n<tr style=\"height: 23px;\">\n<td style=\"width: 100%; height: 23px;\">Resortes de gas de seguridad<\/td>\n<\/tr>\n<tr style=\"height: 23px;\">\n<td style=\"width: 100%; height: 23px;\">Manovacu\u00f3metro con aguja con mejor resoluci\u00f3n<\/td>\n<\/tr>\n<tr style=\"height: 23px;\">\n<td style=\"width: 100%; height: 23px;\">Bomba de vac\u00edo que sustituye al aire comprimido<\/td>\n<\/tr>\n<\/tbody>\n<\/table>\n<h3>Entregado con<\/h3>\n<p>Un certificado de calibraci\u00f3n conectado al LNE \/ COFRAC<\/p>\n","protected":false},"excerpt":{"rendered":"<blockquote><p>El modelo b\u00e1sico<\/p><\/blockquote>\n<p>El CTS permite, al igual que el CTE, comprobar la estanqueidad de envases industriales como viales, botellas, frascos, etc.<\/p>\n<p>Adecuado para entornos de producci\u00f3n, s\u00f3lo cuenta con un sistema totalmente neum\u00e1tico, capaz de crear un vac\u00edo, una v\u00e1lvula de control de aire comprimido para limitar el flujo de entrada y un man\u00f3metro de aguja.<\/p>\n<p>Una placa de plexigl\u00e1s perforada, llamada prensador, permite mantener el producto en el agua.<\/p>\n<p>La presencia de una fuga se detecta por la aparici\u00f3n de burbujas en el agua durante el vac\u00edo y as\u00ed se localiza con precisi\u00f3n.<\/p>\n<p>Este modelo est\u00e1 disponible con un sistema de bomba de vac\u00edo para aspirar.<\/p>\n<p><a href=\"https:\/\/www.acrn.fr\/wp-content\/uploads\/2020\/09\/CTS-fr10-2020-BD.pdf\" target=\"_blank\" rel=\"noopener\">Ficha t\u00e9cnica del CTS<\/a><\/p>\n","protected":false},"featured_media":8944,"template":"","meta":{"_acf_changed":false,"_et_pb_use_builder":"","_et_pb_old_content":"","_et_gb_content_width":""},"product_brand":[],"product_cat":[248],"product_tag":[],"class_list":{"0":"post-8943","1":"product","2":"type-product","3":"status-publish","4":"has-post-thumbnail","6":"product_cat-prueba-de-inmersion","8":"first","9":"instock","10":"shipping-taxable","11":"purchasable","12":"product-type-simple"},"acf":[],"_links":{"self":[{"href":"https:\/\/www.acrn.fr\/es\/wp-json\/wp\/v2\/product\/8943","targetHints":{"allow":["GET"]}}],"collection":[{"href":"https:\/\/www.acrn.fr\/es\/wp-json\/wp\/v2\/product"}],"about":[{"href":"https:\/\/www.acrn.fr\/es\/wp-json\/wp\/v2\/types\/product"}],"wp:featuredmedia":[{"embeddable":true,"href":"https:\/\/www.acrn.fr\/es\/wp-json\/wp\/v2\/media\/8944"}],"wp:attachment":[{"href":"https:\/\/www.acrn.fr\/es\/wp-json\/wp\/v2\/media?parent=8943"}],"wp:term":[{"taxonomy":"product_brand","embeddable":true,"href":"https:\/\/www.acrn.fr\/es\/wp-json\/wp\/v2\/product_brand?post=8943"},{"taxonomy":"product_cat","embeddable":true,"href":"https:\/\/www.acrn.fr\/es\/wp-json\/wp\/v2\/product_cat?post=8943"},{"taxonomy":"product_tag","embeddable":true,"href":"https:\/\/www.acrn.fr\/es\/wp-json\/wp\/v2\/product_tag?post=8943"}],"curies":[{"name":"wp","href":"https:\/\/api.w.org\/{rel}","templated":true}]}}