{"id":8927,"date":"2021-05-27T09:18:53","date_gmt":"2021-12-09T11:03:53","guid":{"rendered":"https:\/\/www.acrn.fr\/product\/d110-medidor-de-espesor-externo-analogico"},"modified":"2025-07-07T12:30:33","modified_gmt":"2025-07-07T10:30:33","slug":"d110-medidor-de-espesor-externo-analogico","status":"publish","type":"product","link":"https:\/\/www.acrn.fr\/es\/producto\/d110-medidor-de-espesor-externo-analogico\/","title":{"rendered":"D110 Medidor de espesor externo anal\u00f3gico"},"content":{"rendered":"<h3><img decoding=\"async\" class=\"size-full wp-image-5414 aligncenter\" src=\"https:\/\/www.acrn.fr\/wp-content\/uploads\/2021\/05\/D110.png\" alt=\"D110\" width=\"800\" height=\"350\" srcset=\"https:\/\/www.acrn.fr\/wp-content\/uploads\/2021\/05\/D110.png 800w, https:\/\/www.acrn.fr\/wp-content\/uploads\/2021\/05\/D110-480x210.png 480w\" sizes=\"(min-width: 0px) and (max-width: 480px) 480px, (min-width: 481px) 800px, 100vw\" \/><\/h3>\n<h3>Informaci\u00f3n t\u00e9cnica<\/h3>\n<table style=\"border-collapse: collapse; width: 100%;\">\n<tbody>\n<tr>\n<td style=\"width: 10.8688%; text-align: center;\">Rango<\/td>\n<td style=\"width: 14.6274%; text-align: center;\">Rango de indicaci\u00f3n<\/td>\n<td style=\"width: 12.3495%; text-align: center;\">Resoluci\u00f3n<\/td>\n<td style=\"width: 14.9691%; text-align: center;\">Medici\u00f3n de la fuerza<\/td>\n<td style=\"width: 10.5272%; text-align: center;\">Peso<\/td>\n<td style=\"width: 14.7412%; text-align: center;\">Error m\u00e1ximo permitido<\/td>\n<td style=\"width: 11.357%; text-align: center;\">Error de repetibilidad<\/td>\n<td style=\"width: 10.5597%; text-align: center;\">Temperatura de funcionamiento<\/td>\n<\/tr>\n<tr>\n<td style=\"width: 10.8688%; text-align: center;\">0 &#8211; 10 mm<\/td>\n<td style=\"width: 14.6274%; text-align: center;\">0 &#8211; 10.5 mm<\/td>\n<td style=\"width: 12.3495%; text-align: center;\">0.005 mm<\/td>\n<td style=\"width: 14.9691%; text-align: center;\">1.2 &#8211; 1.6 N<\/td>\n<td style=\"width: 10.5272%; text-align: center;\">170 g<\/td>\n<td style=\"width: 14.7412%; text-align: center;\">0.015 mm<\/td>\n<td style=\"width: 11.357%; text-align: center;\">0.005<\/td>\n<td style=\"width: 10.5597%; text-align: center;\">10 \u00b0C &#8211; 30 \u00b0C<\/td>\n<\/tr>\n<\/tbody>\n<\/table>\n","protected":false},"excerpt":{"rendered":"<p>Informaci\u00f3n t\u00e9cnica Rango Rango de indicaci\u00f3n Resoluci\u00f3n Medici\u00f3n de la fuerza Peso Error m\u00e1ximo permitido Error de repetibilidad Temperatura de funcionamiento 0 &#8211; 10 mm 0 &#8211; 10.5 mm 0.005 mm 1.2 &#8211; 1.6 N 170 g 0.015 mm 0.005 10 \u00b0C &#8211; 30 \u00b0C<\/p>\n","protected":false},"featured_media":8928,"template":"","meta":{"_acf_changed":false,"_et_pb_use_builder":"","_et_pb_old_content":"","_et_gb_content_width":""},"product_brand":[],"product_cat":[242],"product_tag":[],"class_list":{"0":"post-8927","1":"product","2":"type-product","3":"status-publish","4":"has-post-thumbnail","6":"product_cat-herramientas-de-control-dimensional","8":"first","9":"instock","10":"shipping-taxable","11":"purchasable","12":"product-type-simple"},"acf":[],"_links":{"self":[{"href":"https:\/\/www.acrn.fr\/es\/wp-json\/wp\/v2\/product\/8927","targetHints":{"allow":["GET"]}}],"collection":[{"href":"https:\/\/www.acrn.fr\/es\/wp-json\/wp\/v2\/product"}],"about":[{"href":"https:\/\/www.acrn.fr\/es\/wp-json\/wp\/v2\/types\/product"}],"wp:featuredmedia":[{"embeddable":true,"href":"https:\/\/www.acrn.fr\/es\/wp-json\/wp\/v2\/media\/8928"}],"wp:attachment":[{"href":"https:\/\/www.acrn.fr\/es\/wp-json\/wp\/v2\/media?parent=8927"}],"wp:term":[{"taxonomy":"product_brand","embeddable":true,"href":"https:\/\/www.acrn.fr\/es\/wp-json\/wp\/v2\/product_brand?post=8927"},{"taxonomy":"product_cat","embeddable":true,"href":"https:\/\/www.acrn.fr\/es\/wp-json\/wp\/v2\/product_cat?post=8927"},{"taxonomy":"product_tag","embeddable":true,"href":"https:\/\/www.acrn.fr\/es\/wp-json\/wp\/v2\/product_tag?post=8927"}],"curies":[{"name":"wp","href":"https:\/\/api.w.org\/{rel}","templated":true}]}}