{"id":8924,"date":"2021-05-27T07:21:30","date_gmt":"2021-05-27T05:21:30","guid":{"rendered":"https:\/\/www.acrn.fr\/product\/medidor-de-espesor-digital-l210"},"modified":"2026-01-21T15:48:27","modified_gmt":"2026-01-21T14:48:27","slug":"medidor-de-espesor-digital-l210","status":"publish","type":"product","link":"https:\/\/www.acrn.fr\/es\/producto\/medidor-de-espesor-digital-l210\/","title":{"rendered":"Medidor de espesor digital L210"},"content":{"rendered":"<p><img decoding=\"async\" class=\"aligncenter wp-image-5362 size-full\" src=\"https:\/\/www.acrn.fr\/wp-content\/uploads\/2021\/05\/L210desc.png\" alt=\"esquema\" width=\"800\" height=\"500\" srcset=\"https:\/\/www.acrn.fr\/wp-content\/uploads\/2021\/05\/L210desc.png 800w, https:\/\/www.acrn.fr\/wp-content\/uploads\/2021\/05\/L210desc-480x300.png 480w\" sizes=\"(min-width: 0px) and (max-width: 480px) 480px, (min-width: 481px) 800px, 100vw\" \/><\/p>\n<h3>Informaci\u00f3n t\u00e9cnica<\/h3>\n<table style=\"border-collapse: collapse; width: 100%; height: 69px;\">\n<tbody>\n<tr style=\"height: 46px;\">\n<td style=\"width: 14.2857%; height: 46px;\">Espectro de apertura<\/td>\n<td style=\"width: 14.2857%; height: 46px;\">Intervalo num\u00e9rico<\/td>\n<td style=\"width: 14.2857%; height: 46px;\">Fuerza de la medida<\/td>\n<td style=\"width: 14.2857%; height: 46px;\">Peso<\/td>\n<td style=\"width: 14.2857%; height: 46px;\">L\u00edmite de error<\/td>\n<td style=\"width: 14.2857%; height: 46px;\">Incertidumbre de repetibilidad<\/td>\n<td style=\"width: 14.2857%; height: 46px;\">Temperatura de funcionamiento<\/td>\n<\/tr>\n<tr style=\"height: 23px;\">\n<td style=\"width: 14.2857%; height: 23px;\">10 &#8211; 30 mm<\/td>\n<td style=\"width: 14.2857%; height: 23px;\">0.01<\/td>\n<td style=\"width: 14.2857%; height: 23px;\">1.1 &#8211; 1.6 N<\/td>\n<td style=\"width: 14.2857%; height: 23px;\">250 g<\/td>\n<td style=\"width: 14.2857%; height: 23px;\">0.03 mm<\/td>\n<td style=\"width: 14.2857%; height: 23px;\">0.01 mm<\/td>\n<td style=\"width: 14.2857%; height: 23px;\">10 \u00b0C &#8211; 30 \u00b0C<\/td>\n<\/tr>\n<\/tbody>\n<\/table>\n","protected":false},"excerpt":{"rendered":"<p>Informaci\u00f3n t\u00e9cnica Espectro de apertura Intervalo num\u00e9rico Fuerza de la medida Peso L\u00edmite de error Incertidumbre de repetibilidad Temperatura de funcionamiento 10 &#8211; 30 mm 0.01 1.1 &#8211; 1.6 N 250 g 0.03 mm 0.01 mm 10 \u00b0C &#8211; 30 \u00b0C<\/p>\n","protected":false},"featured_media":8925,"template":"","meta":{"_acf_changed":false,"_et_pb_use_builder":"","_et_pb_old_content":"","_et_gb_content_width":""},"product_brand":[],"product_cat":[242],"product_tag":[],"class_list":{"0":"post-8924","1":"product","2":"type-product","3":"status-publish","4":"has-post-thumbnail","6":"product_cat-herramientas-de-control-dimensional","8":"first","9":"instock","10":"shipping-taxable","11":"purchasable","12":"product-type-simple"},"acf":[],"_links":{"self":[{"href":"https:\/\/www.acrn.fr\/es\/wp-json\/wp\/v2\/product\/8924","targetHints":{"allow":["GET"]}}],"collection":[{"href":"https:\/\/www.acrn.fr\/es\/wp-json\/wp\/v2\/product"}],"about":[{"href":"https:\/\/www.acrn.fr\/es\/wp-json\/wp\/v2\/types\/product"}],"wp:featuredmedia":[{"embeddable":true,"href":"https:\/\/www.acrn.fr\/es\/wp-json\/wp\/v2\/media\/8925"}],"wp:attachment":[{"href":"https:\/\/www.acrn.fr\/es\/wp-json\/wp\/v2\/media?parent=8924"}],"wp:term":[{"taxonomy":"product_brand","embeddable":true,"href":"https:\/\/www.acrn.fr\/es\/wp-json\/wp\/v2\/product_brand?post=8924"},{"taxonomy":"product_cat","embeddable":true,"href":"https:\/\/www.acrn.fr\/es\/wp-json\/wp\/v2\/product_cat?post=8924"},{"taxonomy":"product_tag","embeddable":true,"href":"https:\/\/www.acrn.fr\/es\/wp-json\/wp\/v2\/product_tag?post=8924"}],"curies":[{"name":"wp","href":"https:\/\/api.w.org\/{rel}","templated":true}]}}