{"id":8919,"date":"2021-05-27T07:49:23","date_gmt":"2021-12-09T11:01:06","guid":{"rendered":"https:\/\/www.acrn.fr\/product\/medidor-digital-de-espesor-interno-g390"},"modified":"2025-07-07T10:03:44","modified_gmt":"2025-07-07T08:03:44","slug":"medidor-de-espesor-interruptor-digital-g390","status":"publish","type":"product","link":"https:\/\/www.acrn.fr\/es\/producto\/medidor-de-espesor-interruptor-digital-g390\/","title":{"rendered":"Medidor digital de espesor interno G390"},"content":{"rendered":"<h3><img decoding=\"async\" class=\"size-full wp-image-5373 aligncenter\" src=\"https:\/\/www.acrn.fr\/wp-content\/uploads\/2021\/05\/G390.png\" alt=\"G390\" width=\"900\" height=\"500\" srcset=\"https:\/\/www.acrn.fr\/wp-content\/uploads\/2021\/05\/G390.png 900w, https:\/\/www.acrn.fr\/wp-content\/uploads\/2021\/05\/G390-480x267.png 480w\" sizes=\"(min-width: 0px) and (max-width: 480px) 480px, (min-width: 481px) 900px, 100vw\" \/><\/h3>\n<h3>Informaci\u00f3n t\u00e9cnica<\/h3>\n<table style=\"border-collapse: collapse; width: 100%;\">\n<tbody>\n<tr>\n<td style=\"width: 14.2857%;\">Espectro de apertura<\/td>\n<td style=\"width: 14.2857%;\">Intervalo num\u00e9rico<\/td>\n<td style=\"width: 14.2857%;\">Fuerza de la medida<\/td>\n<td style=\"width: 14.2857%;\">Peso<\/td>\n<td style=\"width: 14.2857%;\">L\u00edmite de error<\/td>\n<td style=\"width: 14.2857%;\">Incertidumbre de repetibilidad<\/td>\n<td style=\"width: 14.2857%;\">Temperatura de funcionamiento<\/td>\n<\/tr>\n<tr>\n<td style=\"width: 14.2857%;\">90 &#8211; 120 mm<\/td>\n<td style=\"width: 14.2857%;\">0.02<\/td>\n<td style=\"width: 14.2857%;\">1.2 &#8211; 1.7 N<\/td>\n<td style=\"width: 14.2857%;\">380 g<\/td>\n<td style=\"width: 14.2857%;\">0.04 mm<\/td>\n<td style=\"width: 14.2857%;\">0.02 mm<\/td>\n<td style=\"width: 14.2857%;\">10 \u00b0C &#8211; 30 \u00b0C<\/td>\n<\/tr>\n<\/tbody>\n<\/table>\n","protected":false},"excerpt":{"rendered":"<p>Informaci\u00f3n t\u00e9cnica Espectro de apertura Intervalo num\u00e9rico Fuerza de la medida Peso L\u00edmite de error Incertidumbre de repetibilidad Temperatura de funcionamiento 90 &#8211; 120 mm 0.02 1.2 &#8211; 1.7 N 380 g 0.04 mm 0.02 mm 10 \u00b0C &#8211; 30 \u00b0C<\/p>\n","protected":false},"featured_media":8920,"template":"","meta":{"_acf_changed":false,"_et_pb_use_builder":"","_et_pb_old_content":"","_et_gb_content_width":""},"product_brand":[],"product_cat":[242],"product_tag":[],"class_list":{"0":"post-8919","1":"product","2":"type-product","3":"status-publish","4":"has-post-thumbnail","6":"product_cat-herramientas-de-control-dimensional","8":"first","9":"instock","10":"shipping-taxable","11":"purchasable","12":"product-type-simple"},"acf":[],"_links":{"self":[{"href":"https:\/\/www.acrn.fr\/es\/wp-json\/wp\/v2\/product\/8919","targetHints":{"allow":["GET"]}}],"collection":[{"href":"https:\/\/www.acrn.fr\/es\/wp-json\/wp\/v2\/product"}],"about":[{"href":"https:\/\/www.acrn.fr\/es\/wp-json\/wp\/v2\/types\/product"}],"wp:featuredmedia":[{"embeddable":true,"href":"https:\/\/www.acrn.fr\/es\/wp-json\/wp\/v2\/media\/8920"}],"wp:attachment":[{"href":"https:\/\/www.acrn.fr\/es\/wp-json\/wp\/v2\/media?parent=8919"}],"wp:term":[{"taxonomy":"product_brand","embeddable":true,"href":"https:\/\/www.acrn.fr\/es\/wp-json\/wp\/v2\/product_brand?post=8919"},{"taxonomy":"product_cat","embeddable":true,"href":"https:\/\/www.acrn.fr\/es\/wp-json\/wp\/v2\/product_cat?post=8919"},{"taxonomy":"product_tag","embeddable":true,"href":"https:\/\/www.acrn.fr\/es\/wp-json\/wp\/v2\/product_tag?post=8919"}],"curies":[{"name":"wp","href":"https:\/\/api.w.org\/{rel}","templated":true}]}}