{"id":8913,"date":"2021-05-26T14:26:06","date_gmt":"2021-05-26T12:26:06","guid":{"rendered":"https:\/\/www.acrn.fr\/product\/h280-medidor-analogico-de-espesor-interno"},"modified":"2025-11-04T10:05:39","modified_gmt":"2025-11-04T09:05:39","slug":"medidor-de-espesor-interruptor-analogico-h280","status":"publish","type":"product","link":"https:\/\/www.acrn.fr\/es\/producto\/medidor-de-espesor-interruptor-analogico-h280\/","title":{"rendered":"H280 Medidor anal\u00f3gico de espesor interno"},"content":{"rendered":"<h3><img decoding=\"async\" class=\"size-full wp-image-5339 aligncenter\" src=\"https:\/\/www.acrn.fr\/wp-content\/uploads\/2021\/05\/H280.png\" alt=\"H280png\" width=\"800\" height=\"500\" srcset=\"https:\/\/www.acrn.fr\/wp-content\/uploads\/2021\/05\/H280.png 800w, https:\/\/www.acrn.fr\/wp-content\/uploads\/2021\/05\/H280-480x300.png 480w\" sizes=\"(min-width: 0px) and (max-width: 480px) 480px, (min-width: 481px) 800px, 100vw\" \/><\/h3>\n<h3>Informaci\u00f3n t\u00e9cnica<\/h3>\n<table style=\"border-collapse: collapse; width: 100%;\">\n<tbody>\n<tr>\n<td style=\"width: 14.2857%;\">Espectro de apertura<\/td>\n<td style=\"width: 14.2857%;\">Incremento de<\/td>\n<td style=\"width: 14.2857%;\">Fuerza de la medida<\/td>\n<td style=\"width: 14.2857%;\">Peso<\/td>\n<td style=\"width: 14.2857%;\">L\u00edmite de error<\/td>\n<td style=\"width: 14.2857%;\">Incertidumbre de repetibilidad<\/td>\n<td style=\"width: 14.2857%;\">Temperatura de funcionamiento<\/td>\n<\/tr>\n<tr>\n<td style=\"width: 14.2857%;\">80 &#8211; 100 mm<\/td>\n<td style=\"width: 14.2857%;\">0.01<\/td>\n<td style=\"width: 14.2857%;\">1.1 &#8211; 1.6 N<\/td>\n<td style=\"width: 14.2857%;\">200 g<\/td>\n<td style=\"width: 14.2857%;\">0.03 mm<\/td>\n<td style=\"width: 14.2857%;\">0.01 mm<\/td>\n<td style=\"width: 14.2857%;\">10 \u00b0C &#8211; 30 \u00b0C<\/td>\n<\/tr>\n<\/tbody>\n<\/table>\n","protected":false},"excerpt":{"rendered":"<p>El medidor de espesor interior anal\u00f3gico H280 permite controlar de forma r\u00e1pida y precisa el espesor interno de piezas o componentes peque\u00f1os. Fiable, f\u00e1cil de usar y adecuado para el control de calidad industrial, ofrece una medici\u00f3n estable y reproducible gracias a su robusto sistema mec\u00e1nico. Ideal para inspecciones en producci\u00f3n o en laboratorio.<\/p>\n","protected":false},"featured_media":8914,"template":"","meta":{"_acf_changed":false,"_et_pb_use_builder":"","_et_pb_old_content":"","_et_gb_content_width":""},"product_brand":[],"product_cat":[242],"product_tag":[],"class_list":{"0":"post-8913","1":"product","2":"type-product","3":"status-publish","4":"has-post-thumbnail","6":"product_cat-herramientas-de-control-dimensional","8":"first","9":"instock","10":"shipping-taxable","11":"purchasable","12":"product-type-simple"},"acf":[],"_links":{"self":[{"href":"https:\/\/www.acrn.fr\/es\/wp-json\/wp\/v2\/product\/8913","targetHints":{"allow":["GET"]}}],"collection":[{"href":"https:\/\/www.acrn.fr\/es\/wp-json\/wp\/v2\/product"}],"about":[{"href":"https:\/\/www.acrn.fr\/es\/wp-json\/wp\/v2\/types\/product"}],"wp:featuredmedia":[{"embeddable":true,"href":"https:\/\/www.acrn.fr\/es\/wp-json\/wp\/v2\/media\/8914"}],"wp:attachment":[{"href":"https:\/\/www.acrn.fr\/es\/wp-json\/wp\/v2\/media?parent=8913"}],"wp:term":[{"taxonomy":"product_brand","embeddable":true,"href":"https:\/\/www.acrn.fr\/es\/wp-json\/wp\/v2\/product_brand?post=8913"},{"taxonomy":"product_cat","embeddable":true,"href":"https:\/\/www.acrn.fr\/es\/wp-json\/wp\/v2\/product_cat?post=8913"},{"taxonomy":"product_tag","embeddable":true,"href":"https:\/\/www.acrn.fr\/es\/wp-json\/wp\/v2\/product_tag?post=8913"}],"curies":[{"name":"wp","href":"https:\/\/api.w.org\/{rel}","templated":true}]}}