{"id":8910,"date":"2021-05-27T06:49:20","date_gmt":"2021-05-27T04:49:20","guid":{"rendered":"https:\/\/www.acrn.fr\/product\/medidor-de-espesor-interno-analogico-h250"},"modified":"2025-07-07T09:11:07","modified_gmt":"2025-07-07T07:11:07","slug":"medidor-de-espesor-interruptor-analogico-h250","status":"publish","type":"product","link":"https:\/\/www.acrn.fr\/es\/producto\/medidor-de-espesor-interruptor-analogico-h250\/","title":{"rendered":"Medidor de espesor interno anal\u00f3gico H250"},"content":{"rendered":"<h3><img decoding=\"async\" class=\"size-full wp-image-5350 aligncenter\" src=\"https:\/\/www.acrn.fr\/wp-content\/uploads\/2021\/05\/H250.png\" alt=\"H250png\" width=\"800\" height=\"500\" srcset=\"https:\/\/www.acrn.fr\/wp-content\/uploads\/2021\/05\/H250.png 800w, https:\/\/www.acrn.fr\/wp-content\/uploads\/2021\/05\/H250-480x300.png 480w\" sizes=\"(min-width: 0px) and (max-width: 480px) 480px, (min-width: 481px) 800px, 100vw\" \/><\/h3>\n<h3>Informaci\u00f3n t\u00e9cnica<\/h3>\n<table style=\"border-collapse: collapse; width: 100%;\">\n<tbody>\n<tr>\n<td style=\"width: 15.6524%;\">Espectro de apertura<\/td>\n<td style=\"width: 13.1468%;\">Incremento de<\/td>\n<td style=\"width: 16.2219%;\">Fuerza de la medida<\/td>\n<td style=\"width: 12.1217%;\">Peso<\/td>\n<td style=\"width: 14.2857%;\">L\u00edmite de error<\/td>\n<td style=\"width: 14.2857%;\">Incertidumbre de la repetibilidad<\/td>\n<td style=\"width: 14.2857%;\">Temperatura de funcionamiento<\/td>\n<\/tr>\n<tr>\n<td style=\"width: 15.6524%;\">50 &#8211; 70 mm<\/td>\n<td style=\"width: 13.1468%;\">0.02<\/td>\n<td style=\"width: 16.2219%;\">1.1 &#8211; 1.6 N<\/td>\n<td style=\"width: 12.1217%;\">195 g<\/td>\n<td style=\"width: 14.2857%;\">0.03 mm<\/td>\n<td style=\"width: 14.2857%;\">0.01 mm<\/td>\n<td style=\"width: 14.2857%;\">10 \u00b0C &#8211; 30\u00b0C<\/td>\n<\/tr>\n<\/tbody>\n<\/table>\n","protected":false},"excerpt":{"rendered":"<p>Informaci\u00f3n t\u00e9cnica Espectro de apertura Incremento de Fuerza de la medida Peso L\u00edmite de error Incertidumbre de la repetibilidad Temperatura de funcionamiento 50 &#8211; 70 mm 0.02 1.1 &#8211; 1.6 N 195 g 0.03 mm 0.01 mm 10 \u00b0C &#8211; 30\u00b0C<\/p>\n","protected":false},"featured_media":8911,"template":"","meta":{"_acf_changed":false,"_et_pb_use_builder":"","_et_pb_old_content":"","_et_gb_content_width":""},"product_brand":[],"product_cat":[242],"product_tag":[],"class_list":{"0":"post-8910","1":"product","2":"type-product","3":"status-publish","4":"has-post-thumbnail","6":"product_cat-herramientas-de-control-dimensional","8":"first","9":"instock","10":"shipping-taxable","11":"purchasable","12":"product-type-simple"},"acf":[],"_links":{"self":[{"href":"https:\/\/www.acrn.fr\/es\/wp-json\/wp\/v2\/product\/8910","targetHints":{"allow":["GET"]}}],"collection":[{"href":"https:\/\/www.acrn.fr\/es\/wp-json\/wp\/v2\/product"}],"about":[{"href":"https:\/\/www.acrn.fr\/es\/wp-json\/wp\/v2\/types\/product"}],"wp:featuredmedia":[{"embeddable":true,"href":"https:\/\/www.acrn.fr\/es\/wp-json\/wp\/v2\/media\/8911"}],"wp:attachment":[{"href":"https:\/\/www.acrn.fr\/es\/wp-json\/wp\/v2\/media?parent=8910"}],"wp:term":[{"taxonomy":"product_brand","embeddable":true,"href":"https:\/\/www.acrn.fr\/es\/wp-json\/wp\/v2\/product_brand?post=8910"},{"taxonomy":"product_cat","embeddable":true,"href":"https:\/\/www.acrn.fr\/es\/wp-json\/wp\/v2\/product_cat?post=8910"},{"taxonomy":"product_tag","embeddable":true,"href":"https:\/\/www.acrn.fr\/es\/wp-json\/wp\/v2\/product_tag?post=8910"}],"curies":[{"name":"wp","href":"https:\/\/api.w.org\/{rel}","templated":true}]}}