{"id":8907,"date":"2021-05-27T09:46:33","date_gmt":"2021-12-09T10:55:39","guid":{"rendered":"https:\/\/www.acrn.fr\/product\/medidor-digital-de-espesor-externo-k110"},"modified":"2025-07-08T15:45:30","modified_gmt":"2025-07-08T13:45:30","slug":"medidor-de-espesor-externo-digital-k110","status":"publish","type":"product","link":"https:\/\/www.acrn.fr\/es\/producto\/medidor-de-espesor-externo-digital-k110\/","title":{"rendered":"Medidor digital de espesor externo K110"},"content":{"rendered":"<h3><img decoding=\"async\" class=\"size-full wp-image-5429 aligncenter\" src=\"https:\/\/www.acrn.fr\/wp-content\/uploads\/2021\/05\/K110.png\" alt=\"K110\" width=\"700\" height=\"500\" srcset=\"https:\/\/www.acrn.fr\/wp-content\/uploads\/2021\/05\/K110.png 700w, https:\/\/www.acrn.fr\/wp-content\/uploads\/2021\/05\/K110-480x343.png 480w\" sizes=\"(min-width: 0px) and (max-width: 480px) 480px, (min-width: 481px) 700px, 100vw\" \/><\/h3>\n<h3>Informaci\u00f3n t\u00e9cnica<\/h3>\n<table style=\"border-collapse: collapse; width: 100%;\">\n<tbody>\n<tr>\n<td style=\"width: 8.70483%; text-align: center;\">Rango<\/td>\n<td style=\"width: 15.083%; text-align: center;\">Rango de indicaci\u00f3n<\/td>\n<td style=\"width: 10.1855%; text-align: center;\">Resoluci\u00f3n<\/td>\n<td style=\"width: 13.6348%; text-align: center;\">Medici\u00f3n de la fuerza<\/td>\n<td style=\"width: 7.71234%; text-align: center;\">Peso<\/td>\n<td style=\"width: 17.9304%; text-align: center;\">Error m\u00e1ximo permitido<\/td>\n<td style=\"width: 15.7664%; text-align: center;\">Incertidumbre de la repetibilidad<\/td>\n<td style=\"width: 10.9827%; text-align: center;\">Temperatura de funcionamiento<\/td>\n<\/tr>\n<tr>\n<td style=\"width: 8.70483%; text-align: center;\">0 &#8211; 10 mm<\/td>\n<td style=\"width: 15.083%; text-align: center;\">0 &#8211; 10.5 mm<\/td>\n<td style=\"width: 10.1855%; text-align: center;\">0.005<\/td>\n<td style=\"width: 13.6348%; text-align: center;\">1.2 &#8211; 1.6 N<\/td>\n<td style=\"width: 7.71234%; text-align: center;\">270 g<\/td>\n<td style=\"width: 17.9304%; text-align: center;\">0.03 mm<\/td>\n<td style=\"width: 15.7664%; text-align: center;\">0.01 mm<\/td>\n<td style=\"width: 10.9827%; text-align: center;\">10 \u00b0C &#8211; 30\u00b0C<\/td>\n<\/tr>\n<\/tbody>\n<\/table>\n","protected":false},"excerpt":{"rendered":"<p>Informaci\u00f3n t\u00e9cnica Rango Rango de indicaci\u00f3n Resoluci\u00f3n Medici\u00f3n de la fuerza Peso Error m\u00e1ximo permitido Incertidumbre de la repetibilidad Temperatura de funcionamiento 0 &#8211; 10 mm 0 &#8211; 10.5 mm 0.005 1.2 &#8211; 1.6 N 270 g 0.03 mm 0.01 mm 10 \u00b0C &#8211; 30\u00b0C<\/p>\n","protected":false},"featured_media":8908,"template":"","meta":{"_acf_changed":false,"_et_pb_use_builder":"","_et_pb_old_content":"","_et_gb_content_width":""},"product_brand":[],"product_cat":[242],"product_tag":[],"class_list":{"0":"post-8907","1":"product","2":"type-product","3":"status-publish","4":"has-post-thumbnail","6":"product_cat-herramientas-de-control-dimensional","8":"first","9":"instock","10":"shipping-taxable","11":"purchasable","12":"product-type-simple"},"acf":[],"_links":{"self":[{"href":"https:\/\/www.acrn.fr\/es\/wp-json\/wp\/v2\/product\/8907","targetHints":{"allow":["GET"]}}],"collection":[{"href":"https:\/\/www.acrn.fr\/es\/wp-json\/wp\/v2\/product"}],"about":[{"href":"https:\/\/www.acrn.fr\/es\/wp-json\/wp\/v2\/types\/product"}],"wp:featuredmedia":[{"embeddable":true,"href":"https:\/\/www.acrn.fr\/es\/wp-json\/wp\/v2\/media\/8908"}],"wp:attachment":[{"href":"https:\/\/www.acrn.fr\/es\/wp-json\/wp\/v2\/media?parent=8907"}],"wp:term":[{"taxonomy":"product_brand","embeddable":true,"href":"https:\/\/www.acrn.fr\/es\/wp-json\/wp\/v2\/product_brand?post=8907"},{"taxonomy":"product_cat","embeddable":true,"href":"https:\/\/www.acrn.fr\/es\/wp-json\/wp\/v2\/product_cat?post=8907"},{"taxonomy":"product_tag","embeddable":true,"href":"https:\/\/www.acrn.fr\/es\/wp-json\/wp\/v2\/product_tag?post=8907"}],"curies":[{"name":"wp","href":"https:\/\/api.w.org\/{rel}","templated":true}]}}