{"id":8901,"date":"2021-05-27T08:44:48","date_gmt":"2021-12-09T10:51:51","guid":{"rendered":"https:\/\/www.acrn.fr\/product\/medidor-digital-de-espesor-externo-c3r30"},"modified":"2025-07-08T15:12:40","modified_gmt":"2025-07-08T13:12:40","slug":"medidor-de-espesor-digital-externo-c3r30","status":"publish","type":"product","link":"https:\/\/www.acrn.fr\/es\/producto\/medidor-de-espesor-digital-externo-c3r30\/","title":{"rendered":"Medidor digital de espesor externo C3R30"},"content":{"rendered":"<h3><img decoding=\"async\" class=\"size-full wp-image-5404 aligncenter\" src=\"https:\/\/www.acrn.fr\/wp-content\/uploads\/2021\/05\/C3R30.png\" alt=\"C3R30\" width=\"900\" height=\"500\" srcset=\"https:\/\/www.acrn.fr\/wp-content\/uploads\/2021\/05\/C3R30.png 900w, https:\/\/www.acrn.fr\/wp-content\/uploads\/2021\/05\/C3R30-480x267.png 480w\" sizes=\"(min-width: 0px) and (max-width: 480px) 480px, (min-width: 481px) 900px, 100vw\" \/><\/h3>\n<h3>Informaci\u00f3n t\u00e9cnica<\/h3>\n<table style=\"border-collapse: collapse; width: 100%; height: 69px;\">\n<tbody>\n<tr style=\"height: 46px;\">\n<td style=\"width: 14.2857%; height: 46px; text-align: center;\">Espectro de apertura<\/td>\n<td style=\"width: 14.2857%; height: 46px; text-align: center;\">Resoluci\u00f3n<\/td>\n<td style=\"width: 14.2857%; height: 46px; text-align: center;\">Fuerza de la medida<\/td>\n<td style=\"width: 14.2857%; height: 46px; text-align: center;\">Peso<\/td>\n<td style=\"width: 14.2857%; height: 46px; text-align: center;\">L\u00edmite de error<\/td>\n<td style=\"width: 14.2857%; height: 46px; text-align: center;\">Incertidumbre de repetibilidad<\/td>\n<td style=\"width: 14.2857%; height: 46px; text-align: center;\">Temperatura de funcionamiento<\/td>\n<\/tr>\n<tr style=\"height: 23px;\">\n<td style=\"width: 14.2857%; height: 23px; text-align: center;\">0 -30 mm<\/td>\n<td style=\"width: 14.2857%; height: 23px; text-align: center;\">0.02 mm<\/td>\n<td style=\"width: 14.2857%; height: 23px; text-align: center;\">0.9 &#8211; 1.6 N<\/td>\n<td style=\"width: 14.2857%; height: 23px; text-align: center;\">410 g<\/td>\n<td style=\"width: 14.2857%; height: 23px; text-align: center;\">0.04 mm<\/td>\n<td style=\"width: 14.2857%; height: 23px; text-align: center;\">0.02 mm<\/td>\n<td style=\"width: 14.2857%; height: 23px; text-align: center;\">10\u00b0C &#8211; 30 \u00b0C<\/td>\n<\/tr>\n<\/tbody>\n<\/table>\n","protected":false},"excerpt":{"rendered":"<p>Informaci\u00f3n t\u00e9cnica Espectro de apertura Resoluci\u00f3n Fuerza de la medida Peso L\u00edmite de error Incertidumbre de repetibilidad Temperatura de funcionamiento 0 -30 mm 0.02 mm 0.9 &#8211; 1.6 N 410 g 0.04 mm 0.02 mm 10\u00b0C &#8211; 30 \u00b0C<\/p>\n","protected":false},"featured_media":8902,"template":"","meta":{"_acf_changed":false,"_et_pb_use_builder":"","_et_pb_old_content":"","_et_gb_content_width":""},"product_brand":[],"product_cat":[242],"product_tag":[],"class_list":{"0":"post-8901","1":"product","2":"type-product","3":"status-publish","4":"has-post-thumbnail","6":"product_cat-herramientas-de-control-dimensional","8":"first","9":"instock","10":"shipping-taxable","11":"purchasable","12":"product-type-simple"},"acf":[],"_links":{"self":[{"href":"https:\/\/www.acrn.fr\/es\/wp-json\/wp\/v2\/product\/8901","targetHints":{"allow":["GET"]}}],"collection":[{"href":"https:\/\/www.acrn.fr\/es\/wp-json\/wp\/v2\/product"}],"about":[{"href":"https:\/\/www.acrn.fr\/es\/wp-json\/wp\/v2\/types\/product"}],"wp:featuredmedia":[{"embeddable":true,"href":"https:\/\/www.acrn.fr\/es\/wp-json\/wp\/v2\/media\/8902"}],"wp:attachment":[{"href":"https:\/\/www.acrn.fr\/es\/wp-json\/wp\/v2\/media?parent=8901"}],"wp:term":[{"taxonomy":"product_brand","embeddable":true,"href":"https:\/\/www.acrn.fr\/es\/wp-json\/wp\/v2\/product_brand?post=8901"},{"taxonomy":"product_cat","embeddable":true,"href":"https:\/\/www.acrn.fr\/es\/wp-json\/wp\/v2\/product_cat?post=8901"},{"taxonomy":"product_tag","embeddable":true,"href":"https:\/\/www.acrn.fr\/es\/wp-json\/wp\/v2\/product_tag?post=8901"}],"curies":[{"name":"wp","href":"https:\/\/api.w.org\/{rel}","templated":true}]}}