{"id":8898,"date":"2021-05-27T09:35:44","date_gmt":"2021-05-27T07:35:44","guid":{"rendered":"https:\/\/www.acrn.fr\/product\/d4r50-medidor-analogico-de-espesor-para-exteriores"},"modified":"2024-12-03T12:48:09","modified_gmt":"2024-12-03T11:48:09","slug":"medidor-de-espesor-externo-analogico-d4r50","status":"publish","type":"product","link":"https:\/\/www.acrn.fr\/es\/producto\/medidor-de-espesor-externo-analogico-d4r50\/","title":{"rendered":"D4R50 Medidor de espesor anal\u00f3gico para exteriores"},"content":{"rendered":"<h2><strong>Medidor de espesor externo anal\u00f3gico D4R50 : una herramienta de precisi\u00f3n fiable y vers\u00e1til<\/strong><\/h2>\n<p>El medidor de espesores externo anal\u00f3gico D4R50 es un instrumento indispensable para todos los profesionales e industrias que requieren mediciones precisas y fiables del espesor de los materiales. Gracias a su robusto mecanismo anal\u00f3gico y a su dise\u00f1o ergon\u00f3mico, este instrumento garantiza un rendimiento constante y un manejo sencillo, incluso en condiciones de trabajo intensivo.<\/p>\n<h3><strong>Caracter\u00edsticas principales :<\/strong><\/h3>\n<ul>\n<li><strong>Rango de medici\u00f3n :<\/strong> de 0 a 50 mm, ideal para una amplia variedad de materiales como metal, pl\u00e1stico, madera y vidrio.<\/li>\n<li><strong>Precisi\u00f3n notable :<\/strong> resoluci\u00f3n de 0,050 mm, con un error m\u00e1ximo permitido de 0,050 mm, que ofrece una fiabilidad \u00f3ptima para sus mediciones cr\u00edticas.<\/li>\n<li><strong>Fuerza de medici\u00f3n adaptada :<\/strong> entre 0,8 y 1,7 N, para garantizar resultados precisos preservando la integridad de los materiales medidos.<\/li>\n<li><strong>Construcci\u00f3n robusta :<\/strong> con un peso de s\u00f3lo 400 g, est\u00e1 dise\u00f1ado para durar y soportar entornos industriales exigentes.<\/li>\n<\/ul>\n<h3><strong>\u00bfPor qu\u00e9 elegir el D4R50 ?<\/strong><\/h3>\n<ol>\n<li><strong>Fiabilidad sin concesiones :<\/strong> gracias a su dise\u00f1o robusto y su rendimiento preciso, esta herramienta satisface las necesidades de los profesionales que buscan la excelencia.<\/li>\n<li><strong>Facilidad de uso :<\/strong> su dise\u00f1o ergon\u00f3mico e intuitivo facilita su manejo, lo que hace que la medici\u00f3n sea accesible incluso para los usuarios principiantes.<\/li>\n<li><strong>Compatible con una gran variedad de entornos :<\/strong> dise\u00f1ada para funcionar a temperaturas de entre 10 y 30 \u00b0C, es ideal para una amplia gama de usos en el taller o en la obra.<\/li>\n<\/ol>\n<h3><strong>M\u00faltiples aplicaciones :<\/strong><\/h3>\n<p>El medidor de espesores externo anal\u00f3gico D4R50 es adecuado para una amplia gama de aplicaciones, como :<\/p>\n<ul>\n<li>Control de calidad en la producci\u00f3n industrial.<\/li>\n<li>Comprobaci\u00f3n de las dimensiones de las piezas t\u00e9cnicas.<\/li>\n<li>Inspecci\u00f3n y mantenimiento en los sectores mec\u00e1nico, metal\u00fargico y del pl\u00e1stico.<\/li>\n<\/ul>\n<h3><strong>Una inversi\u00f3n sostenible :<\/strong><\/h3>\n<p>Elegir la D4R50 significa optar por una herramienta duradera y de alto rendimiento, dise\u00f1ada para satisfacer las exigencias de los profesionales. Fiable y f\u00e1cil de usar, garantiza mediciones precisas d\u00eda tras d\u00eda. <strong>Ofrezca a su empresa una herramienta de medici\u00f3n de espesores que combine precisi\u00f3n, robustez y sencillez.<\/strong> El medidor de espesor externo anal\u00f3gico D4R50 es su aliado para un control riguroso y fiable de sus materiales.<\/p>\n<h3><img decoding=\"async\" class=\"size-full wp-image-5424 aligncenter\" src=\"https:\/\/www.acrn.fr\/wp-content\/uploads\/2021\/05\/D4R50-1.png\" alt=\"D4R50\" width=\"700\" height=\"350\" srcset=\"https:\/\/www.acrn.fr\/wp-content\/uploads\/2021\/05\/D4R50-1.png 700w, https:\/\/www.acrn.fr\/wp-content\/uploads\/2021\/05\/D4R50-1-480x240.png 480w\" sizes=\"(min-width: 0px) and (max-width: 480px) 480px, (min-width: 481px) 700px, 100vw\" \/><\/h3>\n<h3>Informaci\u00f3n t\u00e9cnica<\/h3>\n<table style=\"border-collapse: collapse; width: 100%;\">\n<tbody>\n<tr>\n<td style=\"width: 14.2857%; text-align: center;\">Espectro de apertura<\/td>\n<td style=\"width: 14.2857%; text-align: center;\">Incremento de<\/td>\n<td style=\"width: 14.2857%; text-align: center;\">Fuerza de la medida<\/td>\n<td style=\"width: 14.2857%; text-align: center;\">Peso<\/td>\n<td style=\"width: 14.2857%; text-align: center;\">L\u00edmite de error<\/td>\n<td style=\"width: 14.2857%; text-align: center;\">Incertidumbre de la repetibilidad<\/td>\n<td style=\"width: 14.2857%; text-align: center;\">Temperatura de funcionamiento<\/td>\n<\/tr>\n<tr>\n<td style=\"width: 14.2857%; text-align: center;\">0 &#8211; 50 mm<\/td>\n<td style=\"width: 14.2857%; text-align: center;\">0.050 mm<\/td>\n<td style=\"width: 14.2857%; text-align: center;\">0.8 &#8211; 1.7 N<\/td>\n<td style=\"width: 14.2857%; text-align: center;\">400 g<\/td>\n<td style=\"width: 14.2857%; text-align: center;\">0.050 mm<\/td>\n<td style=\"width: 14.2857%; text-align: center;\">0.025 mm<\/td>\n<td style=\"width: 14.2857%; text-align: center;\">10 &#8211; 30 \u00b0C<\/td>\n<\/tr>\n<\/tbody>\n<\/table>\n","protected":false},"excerpt":{"rendered":"<p>&nbsp;<\/p>\n<blockquote>\n<h1>El medidor de espesores externo anal\u00f3gico D4R50<\/h1>\n<\/blockquote>\n<p>Este instrumento est\u00e1 dise\u00f1ado para medir el espesor de diversos materiales con un rango de medici\u00f3n de 0 a 50 mm y una resoluci\u00f3n de 0,050 mm. Ejerce una fuerza de medici\u00f3n de entre 0,8 y 1,7 N y pesa 400 g. El error m\u00e1ximo permitido es de 0,050 mm, con una incertidumbre de repetibilidad de 0,025 mm. Se recomienda su uso a temperaturas comprendidas entre 10 y 30 \u00b0C.<\/p>\n","protected":false},"featured_media":8899,"template":"","meta":{"_acf_changed":false,"_et_pb_use_builder":"off","_et_pb_old_content":"<h2><strong>Medidor de espesor externo anal\u00f3gico D4R50 : una herramienta de precisi\u00f3n fiable y vers\u00e1til<\/strong><\/h2>\r\nEl medidor de espesores externo anal\u00f3gico D4R50 es un instrumento indispensable para todos los profesionales e industrias que requieren mediciones precisas y fiables del espesor de los materiales. Gracias a su robusto mecanismo anal\u00f3gico y a su dise\u00f1o ergon\u00f3mico, este instrumento garantiza un rendimiento constante y un manejo sencillo, incluso en condiciones de trabajo intensivo. \r\n<h3><strong>Caracter\u00edsticas principales :<\/strong><\/h3>\r\n<ul>\r\n \t<li><strong>Rango de medici\u00f3n :<\/strong> de 0 a 50 mm, ideal para una amplia variedad de materiales como metal, pl\u00e1stico, madera y vidrio.<\/li>\r\n \t<li><strong>Precisi\u00f3n notable :<\/strong> resoluci\u00f3n de 0,050 mm, con un error m\u00e1ximo permitido de 0,050 mm, que ofrece una fiabilidad \u00f3ptima para sus mediciones cr\u00edticas.<\/li>\r\n \t<li><strong>Fuerza de medici\u00f3n adaptada :<\/strong> entre 0,8 y 1,7 N, para garantizar resultados precisos preservando la integridad de los materiales medidos.<\/li>\r\n \t<li><strong>Construcci\u00f3n robusta :<\/strong> con un peso de s\u00f3lo 400 g, est\u00e1 dise\u00f1ado para durar y soportar entornos industriales exigentes.<\/li>\r\n<\/ul>\r\n<h3><strong>\u00bfPor qu\u00e9 elegir el D4R50 ?<\/strong><\/h3>\r\n<ol>\r\n \t<li><strong>Fiabilidad sin concesiones :<\/strong> gracias a su dise\u00f1o robusto y su rendimiento preciso, esta herramienta satisface las necesidades de los profesionales que buscan la excelencia.<\/li>\r\n \t<li><strong>Facilidad de uso :<\/strong> su dise\u00f1o ergon\u00f3mico e intuitivo facilita su manejo, lo que hace que la medici\u00f3n sea accesible incluso para los usuarios principiantes.<\/li>\r\n \t<li><strong>Compatible con una gran variedad de entornos :<\/strong> dise\u00f1ada para funcionar a temperaturas de entre 10 y 30 \u00b0C, es ideal para una amplia gama de usos en el taller o en la obra.<\/li>\r\n<\/ol>\r\n<h3><strong>M\u00faltiples aplicaciones :<\/strong><\/h3>\r\nEl medidor de espesores externo anal\u00f3gico D4R50 es adecuado para una amplia gama de aplicaciones, como :\r\n<ul>\r\n \t<li>Control de calidad en la producci\u00f3n industrial.<\/li>\r\n \t<li>Comprobaci\u00f3n de las dimensiones de las piezas t\u00e9cnicas.<\/li>\r\n \t<li>Inspecci\u00f3n y mantenimiento en los sectores mec\u00e1nico, metal\u00fargico y del pl\u00e1stico.<\/li>\r\n<\/ul>\r\n<h3><strong>Una inversi\u00f3n sostenible :<\/strong><\/h3>\r\nElegir la D4R50 significa optar por una herramienta duradera y de alto rendimiento, dise\u00f1ada para satisfacer las exigencias de los profesionales. Fiable y f\u00e1cil de usar, garantiza mediciones precisas d\u00eda tras d\u00eda.  <strong>Ofrezca a su empresa una herramienta de medici\u00f3n de espesores que combine precisi\u00f3n, robustez y sencillez.<\/strong> El medidor de espesor externo anal\u00f3gico D4R50 es su aliado para un control riguroso y fiable de sus materiales.\r\n<h3><img class=\"size-full wp-image-5424 aligncenter\" src=\"https:\/\/www.acrn.fr\/wp-content\/uploads\/2021\/05\/D4R50-1.png\" alt=\"D4R50\" width=\"700\" height=\"350\"><\/h3>\r\n<h3>Informaci\u00f3n t\u00e9cnica<\/h3>\r\n<table style=\"border-collapse: collapse;width: 100%\">\r\n<tbody>\r\n<tr>\r\n<td style=\"width: 14.2857%;text-align: center\">Espectro de apertura<\/td>\r\n<td style=\"width: 14.2857%;text-align: center\">Incremento de<\/td>\r\n<td style=\"width: 14.2857%;text-align: center\">Fuerza de la medida<\/td>\r\n<td style=\"width: 14.2857%;text-align: center\">Peso<\/td>\r\n<td style=\"width: 14.2857%;text-align: center\">L\u00edmite de error<\/td>\r\n<td style=\"width: 14.2857%;text-align: center\">Incertidumbre de la repetibilidad<\/td>\r\n<td style=\"width: 14.2857%;text-align: center\">Temperatura de funcionamiento<\/td>\r\n<\/tr>\r\n<tr>\r\n<td style=\"width: 14.2857%;text-align: center\">0 - 50 mm<\/td>\r\n<td style=\"width: 14.2857%;text-align: center\">0.050 mm<\/td>\r\n<td style=\"width: 14.2857%;text-align: center\">0.8 - 1.7 N<\/td>\r\n<td style=\"width: 14.2857%;text-align: center\">400 g<\/td>\r\n<td style=\"width: 14.2857%;text-align: center\">0.050 mm<\/td>\r\n<td style=\"width: 14.2857%;text-align: center\">0.025 mm<\/td>\r\n<td style=\"width: 14.2857%;text-align: center\">10 - 30 \u00b0C<\/td>\r\n<\/tr>\r\n<\/tbody>\r\n<\/table>","_et_gb_content_width":""},"product_brand":[],"product_cat":[242],"product_tag":[],"class_list":{"0":"post-8898","1":"product","2":"type-product","3":"status-publish","4":"has-post-thumbnail","6":"product_cat-herramientas-de-control-dimensional","8":"first","9":"instock","10":"shipping-taxable","11":"purchasable","12":"product-type-simple"},"acf":[],"_links":{"self":[{"href":"https:\/\/www.acrn.fr\/es\/wp-json\/wp\/v2\/product\/8898","targetHints":{"allow":["GET"]}}],"collection":[{"href":"https:\/\/www.acrn.fr\/es\/wp-json\/wp\/v2\/product"}],"about":[{"href":"https:\/\/www.acrn.fr\/es\/wp-json\/wp\/v2\/types\/product"}],"wp:featuredmedia":[{"embeddable":true,"href":"https:\/\/www.acrn.fr\/es\/wp-json\/wp\/v2\/media\/8899"}],"wp:attachment":[{"href":"https:\/\/www.acrn.fr\/es\/wp-json\/wp\/v2\/media?parent=8898"}],"wp:term":[{"taxonomy":"product_brand","embeddable":true,"href":"https:\/\/www.acrn.fr\/es\/wp-json\/wp\/v2\/product_brand?post=8898"},{"taxonomy":"product_cat","embeddable":true,"href":"https:\/\/www.acrn.fr\/es\/wp-json\/wp\/v2\/product_cat?post=8898"},{"taxonomy":"product_tag","embeddable":true,"href":"https:\/\/www.acrn.fr\/es\/wp-json\/wp\/v2\/product_tag?post=8898"}],"curies":[{"name":"wp","href":"https:\/\/api.w.org\/{rel}","templated":true}]}}