{"id":8891,"date":"2021-05-27T06:59:32","date_gmt":"2021-05-27T04:59:32","guid":{"rendered":"https:\/\/www.acrn.fr\/product\/medidor-de-espesor-analogico-h210"},"modified":"2026-01-21T11:29:12","modified_gmt":"2026-01-21T10:29:12","slug":"medidor-de-espesor-analogico-h210","status":"publish","type":"product","link":"https:\/\/www.acrn.fr\/es\/producto\/medidor-de-espesor-analogico-h210\/","title":{"rendered":"Medidor de espesor anal\u00f3gico H210"},"content":{"rendered":"<h3><img decoding=\"async\" class=\"size-full wp-image-5355 aligncenter\" src=\"https:\/\/www.acrn.fr\/wp-content\/uploads\/2021\/05\/H210.png\" alt=\"H210png\" width=\"800\" height=\"350\" srcset=\"https:\/\/www.acrn.fr\/wp-content\/uploads\/2021\/05\/H210.png 800w, https:\/\/www.acrn.fr\/wp-content\/uploads\/2021\/05\/H210-480x210.png 480w\" sizes=\"(min-width: 0px) and (max-width: 480px) 480px, (min-width: 481px) 800px, 100vw\" \/><\/h3>\n<h3>Informaci\u00f3n t\u00e9cnica<\/h3>\n<table style=\"border-collapse: collapse; width: 103.303%; height: 84px;\">\n<tbody>\n<tr>\n<td style=\"width: 15.1677%; text-align: center;\">Espectro de apertura<\/td>\n<td style=\"width: 11.4191%; text-align: center;\">Incremento de<\/td>\n<td style=\"width: 14.396%; text-align: center;\">Fuerza de la medida<\/td>\n<td style=\"width: 7.67048%; text-align: center;\">Peso<\/td>\n<td style=\"width: 11.9703%; text-align: center;\">L\u00edmite de error<\/td>\n<td style=\"width: 20.901%; text-align: center;\">Incertidumbre de la repetibilidad<\/td>\n<td style=\"width: 18.4753%; text-align: center;\">Temperatura de funcionamiento<\/td>\n<\/tr>\n<tr>\n<td style=\"width: 15.1677%; text-align: center;\">10 &#8211; 30 mm<\/td>\n<td style=\"width: 11.4191%; text-align: center;\">0.01<\/td>\n<td style=\"width: 14.396%; text-align: center;\">1.1 &#8211; 1.6 N<\/td>\n<td style=\"width: 7.67048%; text-align: center;\">180 g<\/td>\n<td style=\"width: 11.9703%; text-align: center;\">0.03 mm<\/td>\n<td style=\"width: 20.901%; text-align: center;\">0.01 mm<\/td>\n<td style=\"width: 18.4753%; text-align: center;\">10 \u00b0C &#8211; 30 \u00b0C<\/td>\n<\/tr>\n<\/tbody>\n<\/table>\n","protected":false},"excerpt":{"rendered":"<p>El medidor de espesor anal\u00f3gico H210 es un instrumento fiable y preciso dise\u00f1ado para controlar el espesor de materiales flexibles, l\u00e1minas, pel\u00edculas o muestras planas. Gracias a su legible esfera anal\u00f3gica y su robusto mecanismo, garantiza una medici\u00f3n estable y repetible. F\u00e1cil de usar y adecuado tanto para entornos industriales como para laboratorios, ofrece un control r\u00e1pido, ergon\u00f3mico y duradero para sus inspecciones de producci\u00f3n o recepci\u00f3n.<\/p>\n","protected":false},"featured_media":8892,"template":"","meta":{"_acf_changed":false,"_et_pb_use_builder":"","_et_pb_old_content":"","_et_gb_content_width":""},"product_brand":[],"product_cat":[242],"product_tag":[],"class_list":{"0":"post-8891","1":"product","2":"type-product","3":"status-publish","4":"has-post-thumbnail","6":"product_cat-herramientas-de-control-dimensional","8":"first","9":"instock","10":"shipping-taxable","11":"purchasable","12":"product-type-simple"},"acf":[],"_links":{"self":[{"href":"https:\/\/www.acrn.fr\/es\/wp-json\/wp\/v2\/product\/8891","targetHints":{"allow":["GET"]}}],"collection":[{"href":"https:\/\/www.acrn.fr\/es\/wp-json\/wp\/v2\/product"}],"about":[{"href":"https:\/\/www.acrn.fr\/es\/wp-json\/wp\/v2\/types\/product"}],"wp:featuredmedia":[{"embeddable":true,"href":"https:\/\/www.acrn.fr\/es\/wp-json\/wp\/v2\/media\/8892"}],"wp:attachment":[{"href":"https:\/\/www.acrn.fr\/es\/wp-json\/wp\/v2\/media?parent=8891"}],"wp:term":[{"taxonomy":"product_brand","embeddable":true,"href":"https:\/\/www.acrn.fr\/es\/wp-json\/wp\/v2\/product_brand?post=8891"},{"taxonomy":"product_cat","embeddable":true,"href":"https:\/\/www.acrn.fr\/es\/wp-json\/wp\/v2\/product_cat?post=8891"},{"taxonomy":"product_tag","embeddable":true,"href":"https:\/\/www.acrn.fr\/es\/wp-json\/wp\/v2\/product_tag?post=8891"}],"curies":[{"name":"wp","href":"https:\/\/api.w.org\/{rel}","templated":true}]}}