{"id":8868,"date":"2021-05-06T07:44:55","date_gmt":"2021-12-09T10:39:30","guid":{"rendered":"https:\/\/www.acrn.fr\/product\/ae2105-medidor-digital-de-altura-de-estampacion"},"modified":"2025-07-07T09:53:46","modified_gmt":"2025-07-07T07:53:46","slug":"medidor-de-altura-digital-ae2105","status":"publish","type":"product","link":"https:\/\/www.acrn.fr\/es\/producto\/medidor-de-altura-digital-ae2105\/","title":{"rendered":"AE2105 Medidor digital de altura de estampaci\u00f3n"},"content":{"rendered":"<div class='content-column one_half'><img decoding=\"async\" class=\"alignnone size-full wp-image-4844\" src=\"https:\/\/www.acrn.fr\/wp-content\/uploads\/2021\/05\/png1A2105.png\" alt=\"A2105\" width=\"400\" height=\"450\" srcset=\"https:\/\/www.acrn.fr\/wp-content\/uploads\/2021\/05\/png1A2105.png 400w, https:\/\/www.acrn.fr\/wp-content\/uploads\/2021\/05\/png1A2105-64x72.png 64w, https:\/\/www.acrn.fr\/wp-content\/uploads\/2021\/05\/png1A2105-267x300.png 267w\" sizes=\"(max-width: 400px) 100vw, 400px\" \/><\/div>\n<div class='content-column one_half last_column'><img decoding=\"async\" class=\"alignnone size-full wp-image-4857\" src=\"https:\/\/www.acrn.fr\/wp-content\/uploads\/2021\/05\/Sans-titre-4.png\" alt=\"AE2105\" width=\"400\" height=\"450\" srcset=\"https:\/\/www.acrn.fr\/wp-content\/uploads\/2021\/05\/Sans-titre-4.png 400w, https:\/\/www.acrn.fr\/wp-content\/uploads\/2021\/05\/Sans-titre-4-64x72.png 64w, https:\/\/www.acrn.fr\/wp-content\/uploads\/2021\/05\/Sans-titre-4-267x300.png 267w\" sizes=\"(max-width: 400px) 100vw, 400px\" \/><\/div><div class='clear_column'><\/div>\n<h3>Informaci\u00f3n t\u00e9cnica<\/h3>\n<table style=\"border-collapse: collapse; width: 100%; height: 33px;\">\n<tbody>\n<tr style=\"height: 23px;\">\n<td style=\"width: 12.5%; height: 23px; text-align: center;\">Tipo<\/td>\n<td style=\"width: 12.5%; height: 23px; text-align: center;\">Rango<\/td>\n<td style=\"width: 12.5%; height: 23px; text-align: center;\">Rango de indicaci\u00f3n<\/td>\n<td style=\"width: 12.5%; height: 23px; text-align: center;\">Resoluci\u00f3n<\/td>\n<td style=\"width: 12.5%; height: 23px; text-align: center;\">Medici\u00f3n de la fuerza\/peso<\/td>\n<td style=\"width: 12.5%; height: 23px; text-align: center;\">Error m\u00e1ximo permitido<\/td>\n<td style=\"width: 12.5%; height: 23px; text-align: center;\">Error de repetibilidad<\/td>\n<td style=\"width: 12.5%; height: 23px; text-align: center;\">Temperatura de funcionamiento<\/td>\n<\/tr>\n<tr style=\"height: 10px;\">\n<td style=\"width: 12.5%; height: 10px; text-align: center;\">AEROSOL<\/td>\n<td style=\"width: 12.5%; height: 10px; text-align: center;\">4.6 &#8211; 5.4 mm<\/td>\n<td style=\"width: 12.5%; height: 10px; text-align: center;\">1.25 mm &#8211; 10.3 mm<\/td>\n<td style=\"width: 12.5%; height: 10px; text-align: center;\">0.01 mm<\/td>\n<td style=\"width: 12.5%; height: 10px; text-align: center;\">0.7 &#8211; 1.3 N \/ 280 g<\/td>\n<td style=\"width: 12.5%; height: 10px; text-align: center;\">0.02 mm<\/td>\n<td style=\"width: 12.5%; height: 10px; text-align: center;\">0.02 mm<\/td>\n<td style=\"width: 12.5%; height: 10px; text-align: center;\">10\u00b0C &#8211; 30\u00b0C<\/td>\n<\/tr>\n<\/tbody>\n<\/table>\n<p>&nbsp;<\/p>\n","protected":false},"excerpt":{"rendered":"<p>Informaci\u00f3n t\u00e9cnica Tipo Rango Rango de indicaci\u00f3n Resoluci\u00f3n Medici\u00f3n de la fuerza\/peso Error m\u00e1ximo permitido Error de repetibilidad Temperatura de funcionamiento AEROSOL 4.6 &#8211; 5.4 mm 1.25 mm &#8211; 10.3 mm 0.01 mm 0.7 &#8211; 1.3 N \/ 280 g 0.02 mm 0.02 mm 10\u00b0C &#8211; 30\u00b0C &nbsp;<\/p>\n","protected":false},"featured_media":8869,"template":"","meta":{"_acf_changed":false,"_et_pb_use_builder":"","_et_pb_old_content":"","_et_gb_content_width":""},"product_brand":[],"product_cat":[245],"product_tag":[],"class_list":{"0":"post-8868","1":"product","2":"type-product","3":"status-publish","4":"has-post-thumbnail","6":"product_cat-altura-de-engarce","8":"first","9":"instock","10":"shipping-taxable","11":"purchasable","12":"product-type-simple"},"acf":[],"_links":{"self":[{"href":"https:\/\/www.acrn.fr\/es\/wp-json\/wp\/v2\/product\/8868","targetHints":{"allow":["GET"]}}],"collection":[{"href":"https:\/\/www.acrn.fr\/es\/wp-json\/wp\/v2\/product"}],"about":[{"href":"https:\/\/www.acrn.fr\/es\/wp-json\/wp\/v2\/types\/product"}],"wp:featuredmedia":[{"embeddable":true,"href":"https:\/\/www.acrn.fr\/es\/wp-json\/wp\/v2\/media\/8869"}],"wp:attachment":[{"href":"https:\/\/www.acrn.fr\/es\/wp-json\/wp\/v2\/media?parent=8868"}],"wp:term":[{"taxonomy":"product_brand","embeddable":true,"href":"https:\/\/www.acrn.fr\/es\/wp-json\/wp\/v2\/product_brand?post=8868"},{"taxonomy":"product_cat","embeddable":true,"href":"https:\/\/www.acrn.fr\/es\/wp-json\/wp\/v2\/product_cat?post=8868"},{"taxonomy":"product_tag","embeddable":true,"href":"https:\/\/www.acrn.fr\/es\/wp-json\/wp\/v2\/product_tag?post=8868"}],"curies":[{"name":"wp","href":"https:\/\/api.w.org\/{rel}","templated":true}]}}