{"id":8863,"date":"2021-05-06T07:09:47","date_gmt":"2021-05-06T07:09:47","guid":{"rendered":"https:\/\/www.acrn.fr\/product\/medidor-analogico-de-altura-de-estampacion-a2105"},"modified":"2025-10-08T16:51:38","modified_gmt":"2025-10-08T14:51:38","slug":"medidor-de-altura-analogico-a2105","status":"publish","type":"product","link":"https:\/\/www.acrn.fr\/es\/producto\/medidor-de-altura-analogico-a2105\/","title":{"rendered":"Medidor anal\u00f3gico de altura de estampaci\u00f3n A2105"},"content":{"rendered":"<div class='content-column one_half'><img decoding=\"async\" class=\"alignnone size-full wp-image-4844\" src=\"https:\/\/www.acrn.fr\/wp-content\/uploads\/2021\/05\/png1A2105.png\" alt=\"A2105\" width=\"400\" height=\"450\" srcset=\"https:\/\/www.acrn.fr\/wp-content\/uploads\/2021\/05\/png1A2105.png 400w, https:\/\/www.acrn.fr\/wp-content\/uploads\/2021\/05\/png1A2105-64x72.png 64w, https:\/\/www.acrn.fr\/wp-content\/uploads\/2021\/05\/png1A2105-267x300.png 267w\" sizes=\"(max-width: 400px) 100vw, 400px\" \/><\/div>\n<div class='content-column one_half last_column'><img decoding=\"async\" class=\"alignnone wp-image-4852 size-full\" src=\"https:\/\/www.acrn.fr\/wp-content\/uploads\/2021\/05\/png4A2105.png\" alt=\"A2105\" width=\"400\" height=\"450\" srcset=\"https:\/\/www.acrn.fr\/wp-content\/uploads\/2021\/05\/png4A2105.png 400w, https:\/\/www.acrn.fr\/wp-content\/uploads\/2021\/05\/png4A2105-64x72.png 64w, https:\/\/www.acrn.fr\/wp-content\/uploads\/2021\/05\/png4A2105-267x300.png 267w\" sizes=\"(max-width: 400px) 100vw, 400px\" \/><\/div><div class='clear_column'><\/div>\n<h3>Informaci\u00f3n t\u00e9cnica<\/h3>\n<table style=\"border-collapse: collapse; width: 100%;\">\n<tbody>\n<tr>\n<td style=\"width: 12.5%; text-align: center;\">Tipo<\/td>\n<td style=\"width: 12.5%; text-align: center;\">Rango<\/td>\n<td style=\"width: 12.5%; text-align: center;\">Rango de indicaci\u00f3n<\/td>\n<td style=\"width: 12.5%; text-align: center;\">Resoluci\u00f3n<\/td>\n<td style=\"width: 12.5%; text-align: center;\">Medici\u00f3n de la fuerza\/peso<\/td>\n<td style=\"width: 12.5%; text-align: center;\">Error m\u00e1ximo permitido<\/td>\n<td style=\"width: 12.5%; text-align: center;\">Error de repetibilidad<\/td>\n<td style=\"width: 12.5%; text-align: center;\">Temperatura de funcionamiento<\/td>\n<\/tr>\n<tr>\n<td style=\"width: 12.5%; text-align: center;\">AEROSOL<\/td>\n<td style=\"width: 12.5%; text-align: center;\">4.6 &#8211; 5.4 mm<\/td>\n<td style=\"width: 12.5%; text-align: center;\">1.25 mm &#8211; 10.3 mm<\/td>\n<td style=\"width: 12.5%; text-align: center;\">0.01 mm<\/td>\n<td style=\"width: 12.5%; text-align: center;\">0.7 &#8211; 1.3 N \/ 230 g<\/td>\n<td style=\"width: 12.5%; text-align: center;\">0.02 mm<\/td>\n<td style=\"width: 12.5%; text-align: center;\">0.02 mm<\/td>\n<td style=\"width: 12.5%; text-align: center;\">10\u00b0C &#8211; 30 \u00b0C<\/td>\n<\/tr>\n<\/tbody>\n<\/table>\n","protected":false},"excerpt":{"rendered":"<blockquote>\n<h2 data-start=\"209\" data-end=\"542\">Medidor anal\u00f3gico de altura de estampaci\u00f3n<\/h2>\n<\/blockquote>\n<p data-start=\"209\" data-end=\"542\">El A2105 es un <strong data-start=\"229\" data-end=\"289\">medidor anal\u00f3gico de altura de estampaci\u00f3n\/estrangulamiento<\/strong> especialmente dise\u00f1ado para aplicaciones de aerosoles. Permite una verificaci\u00f3n precisa de las alturas de crimpado en un rango de 4,6 a 5,4 mm, con un rango de indicaci\u00f3n de 1,25 a 10,3 mm, y ofrece una <strong data-start=\"514\" data-end=\"539\">resoluci\u00f3n de 0,01 mm<\/strong>.<\/p>\n<p data-start=\"544\" data-end=\"944\">Su fuerza de medici\u00f3n moderada (de 0,7 a 1,3 N) combinada con un peso de 230 g garantiza un control preciso sin ejercer una presi\u00f3n excesiva sobre las piezas. Las tolerancias m\u00e1ximas de error y repetibilidad son ambas de 0,02 mm, lo que garantiza la coherencia de la medici\u00f3n. Por \u00faltimo, est\u00e1 dise\u00f1ado para funcionar de forma \u00f3ptima en un rango de temperaturas de 10 \u00b0C a 30 \u00b0C.<\/p>\n","protected":false},"featured_media":9436,"template":"","meta":{"_acf_changed":false,"_et_pb_use_builder":"","_et_pb_old_content":"","_et_gb_content_width":""},"product_brand":[],"product_cat":[245],"product_tag":[],"class_list":{"0":"post-8863","1":"product","2":"type-product","3":"status-publish","4":"has-post-thumbnail","6":"product_cat-altura-de-engarce","8":"first","9":"instock","10":"shipping-taxable","11":"purchasable","12":"product-type-simple"},"acf":[],"_links":{"self":[{"href":"https:\/\/www.acrn.fr\/es\/wp-json\/wp\/v2\/product\/8863","targetHints":{"allow":["GET"]}}],"collection":[{"href":"https:\/\/www.acrn.fr\/es\/wp-json\/wp\/v2\/product"}],"about":[{"href":"https:\/\/www.acrn.fr\/es\/wp-json\/wp\/v2\/types\/product"}],"wp:featuredmedia":[{"embeddable":true,"href":"https:\/\/www.acrn.fr\/es\/wp-json\/wp\/v2\/media\/9436"}],"wp:attachment":[{"href":"https:\/\/www.acrn.fr\/es\/wp-json\/wp\/v2\/media?parent=8863"}],"wp:term":[{"taxonomy":"product_brand","embeddable":true,"href":"https:\/\/www.acrn.fr\/es\/wp-json\/wp\/v2\/product_brand?post=8863"},{"taxonomy":"product_cat","embeddable":true,"href":"https:\/\/www.acrn.fr\/es\/wp-json\/wp\/v2\/product_cat?post=8863"},{"taxonomy":"product_tag","embeddable":true,"href":"https:\/\/www.acrn.fr\/es\/wp-json\/wp\/v2\/product_tag?post=8863"}],"curies":[{"name":"wp","href":"https:\/\/api.w.org\/{rel}","templated":true}]}}