{"id":8854,"date":"2021-05-06T09:49:53","date_gmt":"2021-05-06T09:49:53","guid":{"rendered":"https:\/\/www.acrn.fr\/product\/medidor-analogico-de-diametro-de-estampacion-a2100"},"modified":"2026-01-21T12:09:16","modified_gmt":"2026-01-21T11:09:16","slug":"medidor-de-diametro-de-pinza-analogica-a2100","status":"publish","type":"product","link":"https:\/\/www.acrn.fr\/es\/producto\/medidor-de-diametro-de-pinza-analogica-a2100\/","title":{"rendered":"Medidor anal\u00f3gico de di\u00e1metro de estampaci\u00f3n A2100"},"content":{"rendered":"<h2><span style=\"font-size: 18pt;\">La herramienta de referencia para mediciones precisas y fiables en estampaci\u00f3n<\/span><\/h2>\n<p><strong style=\"color: #666666; font-size: 14px;\">El medidor anal\u00f3gico de di\u00e1metro de engarce A2100 <\/strong><span style=\"color: #666666; font-size: 14px;\">es la herramienta que necesita para que su trabajo de estampaci\u00f3n sea un \u00e9xito.<br \/>\n<\/span><span style=\"color: #666666; font-size: 14px;\">Dise\u00f1ado para ofrecer la m\u00e1xima precisi\u00f3n, garantiza mediciones exactas del di\u00e1metro de crimpado, esenciales para realizar montajes impecables.<br \/>\n<\/span><span style=\"color: #666666; font-size: 14px;\">Con su dise\u00f1o ergon\u00f3mico y su dial anal\u00f3gico de f\u00e1cil lectura, es r\u00e1pido y f\u00e1cil de usar, incluso en condiciones exigentes.<br \/>\n<\/span><span style=\"color: #666666; font-size: 14px;\">Fabricado en robusto acero inoxidable, resiste los entornos industriales m\u00e1s duros, garantizando una durabilidad excepcional.<br \/>\n<\/span><span style=\"color: #666666; font-size: 14px;\">Con esta herramienta, puede reducir los errores de estampaci\u00f3n, ahorrar tiempo y garantizar un rendimiento \u00f3ptimo en todo momento.<\/span><\/p>\n<h3><span style=\"color: #666666; font-size: 18pt;\">\u00bfC\u00f3mo elegir el dispositivo de medici\u00f3n adecuado para su trabajo de estampaci\u00f3n?<\/span><\/h3>\n<p>La elecci\u00f3n del dispositivo de medici\u00f3n ideal para su trabajo de estampaci\u00f3n depende de una serie de criterios clave.<br \/>\nEn primer lugar, opte por una herramienta que ofrezca la <strong>m\u00e1xima precisi\u00f3n<\/strong>, ya que las mediciones inexactas pueden comprometer la estanqueidad y fiabilidad de sus montajes.<br \/>\nCompruebe tambi\u00e9n el <strong>rango de medici\u00f3n<\/strong> para asegurarse de que cubre las dimensiones espec\u00edficas de su trabajo.<br \/>\nLa <strong>durabilidad <\/strong> es otro factor clave: elija materiales robustos, como el acero inoxidable, que resistan el desgaste y soporten entornos industriales exigentes.<br \/>\nLa facilidad de uso tambi\u00e9n es importante, con una pantalla clara y un manejo ergon\u00f3mico.<br \/>\nPor \u00faltimo, tenga en cuenta las certificaciones y garant\u00edas que ofrece el fabricante para asegurarse de que invierte en una herramienta fiable y de calidad.<br \/>\nLa escaladora adecuada le proporcionar\u00e1 mayor precisi\u00f3n, eficacia y tranquilidad para todos sus proyectos de estampaci\u00f3n.<\/p>\n<p>&nbsp;<\/p>\n<h4>Informaci\u00f3n t\u00e9cnica<\/h4>\n<div class='content-column one_half'><img decoding=\"async\" class=\"alignnone wp-image-4895 size-full\" src=\"https:\/\/www.acrn.fr\/wp-content\/uploads\/2021\/05\/A2100v2.png\" alt=\"A2100\" width=\"500\" height=\"500\" srcset=\"https:\/\/www.acrn.fr\/wp-content\/uploads\/2021\/05\/A2100v2.png 500w, https:\/\/www.acrn.fr\/wp-content\/uploads\/2021\/05\/A2100v2-480x480.png 480w\" sizes=\"(min-width: 0px) and (max-width: 480px) 480px, (min-width: 481px) 500px, 100vw\" \/><\/div>\n<div class='content-column one_half last_column'><img decoding=\"async\" class=\"alignnone wp-image-4890 size-full\" src=\"https:\/\/www.acrn.fr\/wp-content\/uploads\/2021\/05\/png2A2100-1.png\" alt=\"A2100 diagrama\" width=\"500\" height=\"500\" srcset=\"https:\/\/www.acrn.fr\/wp-content\/uploads\/2021\/05\/png2A2100-1.png 500w, https:\/\/www.acrn.fr\/wp-content\/uploads\/2021\/05\/png2A2100-1-480x480.png 480w\" sizes=\"(min-width: 0px) and (max-width: 480px) 480px, (min-width: 481px) 500px, 100vw\" \/><\/div><div class='clear_column'><\/div>\n<table style=\"border-collapse: collapse; width: 100%; height: 70px;\">\n<tbody>\n<tr style=\"height: 47px;\">\n<td style=\"width: 12.5%; text-align: center; height: 47px;\">Tipo<\/td>\n<td style=\"width: 12.5%; text-align: center; height: 47px;\">Rango<\/td>\n<td style=\"width: 12.5%; text-align: center; height: 47px;\">Rango de indicaci\u00f3n<\/td>\n<td style=\"width: 12.5%; text-align: center; height: 47px;\">Resoluci\u00f3n<\/td>\n<td style=\"width: 12.5%; text-align: center; height: 47px;\">Medici\u00f3n de la fuerza\/peso<\/td>\n<td style=\"width: 12.5%; text-align: center; height: 47px;\">Error m\u00e1ximo permitido<\/td>\n<td style=\"width: 12.5%; text-align: center; height: 47px;\">Error de repetibilidad<\/td>\n<td style=\"width: 12.5%; text-align: center; height: 47px;\">Temperatura de funcionamiento<\/td>\n<\/tr>\n<tr style=\"height: 23px;\">\n<td style=\"width: 12.5%; text-align: center; height: 23px;\">AEROSOL<\/td>\n<td style=\"width: 12.5%; text-align: center; height: 23px;\">25 &#8211; 29 mm<\/td>\n<td style=\"width: 12.5%; text-align: center; height: 23px;\">23.75 mm &#8211; 29.25 mm<\/td>\n<td style=\"width: 12.5%; text-align: center; height: 23px;\">0.01 mm<\/td>\n<td style=\"width: 12.5%; text-align: center; height: 23px;\">1.4 &#8211; 2.2 N \/ 110 g<\/td>\n<td style=\"width: 12.5%; text-align: center; height: 23px;\">0.03 mm<\/td>\n<td style=\"width: 12.5%; text-align: center; height: 23px;\">0.02 mm<\/td>\n<td style=\"width: 12.5%; text-align: center; height: 23px;\">10\u00b0C &#8211; 30 \u00b0C<\/td>\n<\/tr>\n<\/tbody>\n<\/table>\n","protected":false},"excerpt":{"rendered":"<blockquote><p>El medidor anal\u00f3gico de di\u00e1metro de engarce A2100<\/p><\/blockquote>\n<p>El medidor anal\u00f3gico de di\u00e1metro de crimpado A2100 es la herramienta esencial para garantizar la calidad de las uniones en sus trabajos de crimpado. Precisa, robusta y f\u00e1cil de usar, permite medir con exactitud el di\u00e1metro de crimpado, garantizando un rendimiento \u00f3ptimo y un sellado perfecto. Dise\u00f1ado para entornos industriales, combina fiabilidad, durabilidad y facilidad de uso. Ideal para profesionales exigentes en busca de la excelencia.<\/p>\n","protected":false},"featured_media":9427,"template":"","meta":{"_acf_changed":false,"_et_pb_use_builder":"","_et_pb_old_content":"","_et_gb_content_width":""},"product_brand":[],"product_cat":[244],"product_tag":[],"class_list":{"0":"post-8854","1":"product","2":"type-product","3":"status-publish","4":"has-post-thumbnail","6":"product_cat-diametro-de-engarce","8":"first","9":"instock","10":"shipping-taxable","11":"purchasable","12":"product-type-simple"},"acf":[],"_links":{"self":[{"href":"https:\/\/www.acrn.fr\/es\/wp-json\/wp\/v2\/product\/8854","targetHints":{"allow":["GET"]}}],"collection":[{"href":"https:\/\/www.acrn.fr\/es\/wp-json\/wp\/v2\/product"}],"about":[{"href":"https:\/\/www.acrn.fr\/es\/wp-json\/wp\/v2\/types\/product"}],"wp:featuredmedia":[{"embeddable":true,"href":"https:\/\/www.acrn.fr\/es\/wp-json\/wp\/v2\/media\/9427"}],"wp:attachment":[{"href":"https:\/\/www.acrn.fr\/es\/wp-json\/wp\/v2\/media?parent=8854"}],"wp:term":[{"taxonomy":"product_brand","embeddable":true,"href":"https:\/\/www.acrn.fr\/es\/wp-json\/wp\/v2\/product_brand?post=8854"},{"taxonomy":"product_cat","embeddable":true,"href":"https:\/\/www.acrn.fr\/es\/wp-json\/wp\/v2\/product_cat?post=8854"},{"taxonomy":"product_tag","embeddable":true,"href":"https:\/\/www.acrn.fr\/es\/wp-json\/wp\/v2\/product_tag?post=8854"}],"curies":[{"name":"wp","href":"https:\/\/api.w.org\/{rel}","templated":true}]}}