{"id":8705,"date":"2020-09-29T19:39:33","date_gmt":"2021-12-09T08:13:58","guid":{"rendered":"https:\/\/www.acrn.fr\/product\/comprobador-de-soldadura-de-tuberias-ats-booste"},"modified":"2021-12-09T09:13:58","modified_gmt":"2021-12-09T08:13:58","slug":"comprobador-neumatico-de-soldadura","status":"publish","type":"product","link":"https:\/\/www.acrn.fr\/es\/producto\/comprobador-neumatico-de-soldadura\/","title":{"rendered":"Comprobador de soldadura de tuber\u00edas ATS-BOOSTE"},"content":{"rendered":"<h3>Opciones<\/h3>\n<table style=\"border-collapse: collapse; width: 100%;\">\n<tbody>\n<tr>\n<td style=\"width: 100%;\">Botones de parada, inicio y ciclo<\/td>\n<\/tr>\n<tr>\n<td style=\"width: 100%;\">Kit de calibraci\u00f3n para medir la presi\u00f3n interna de tubos s\u00f3lidos en compresi\u00f3n<\/td>\n<\/tr>\n<tr>\n<td style=\"width: 100%;\">Kit de calibraci\u00f3n para medir la presi\u00f3n interna de los tubos vac\u00edos en compresi\u00f3n<\/td>\n<\/tr>\n<tr>\n<td style=\"width: 100%;\">Yunques especiales para adaptarse a diferentes muestras<\/td>\n<\/tr>\n<tr>\n<td style=\"width: 100%;\">Estos dispositivos permiten validar la presi\u00f3n a aplicar seg\u00fan cada tipo de tubo o bolsa<\/td>\n<\/tr>\n<tr>\n<td style=\"width: 100%;\">Posibilidad de modelos de mayor resistencia<\/td>\n<\/tr>\n<\/tbody>\n<\/table>\n<h3>Viene con:<\/h3>\n<ul>\n<li>Recipiente transparente en caso de rotura del tubo<\/li>\n<li>2 yunques de diferentes tama\u00f1os seg\u00fan el di\u00e1metro del tubo<\/li>\n<li>Certificado de calibraci\u00f3n conectado al COFRAC<\/li>\n<\/ul>\n<h3>Prensas<\/h3>\n[et_pb_section global_module=\"2561\"][\/et_pb_section]\n<p>&nbsp;<\/p>\n","protected":false},"excerpt":{"rendered":"<blockquote><p>Comprobador de soldadura para bolsillos y bolsas para fuerzas de hasta 2000 N<\/p><\/blockquote>\n<p>La trituradora de tubos ATS-Booste se utiliza para comprobar, por aplastamiento, la resistencia de muestras como bolsas, bolsitas, muestras promocionales, doypacks&#8230; hasta 2000N.<\/p>\n<p>Equipado con prensas adaptadas y personalizables.<\/p>\n<p>Este dispositivo 100% neum\u00e1tico no requiere ning\u00fan tipo de mantenimiento ni revisi\u00f3n.<\/p>\n<p>La seguridad est\u00e1 garantizada por una carcasa de policarbonato transparente que impide que el cilindro baje con la puerta abierta.<\/p>\n<p>El dise\u00f1o est\u00e1 optimizado para limitar el tiempo de control del operario en el borde de la l\u00ednea de producci\u00f3n y garantizar una ergonom\u00eda \u00f3ptima.<\/p>\n","protected":false},"featured_media":8706,"template":"","meta":{"_acf_changed":false,"_et_pb_use_builder":"","_et_pb_old_content":"","_et_gb_content_width":""},"product_brand":[],"product_cat":[213],"product_tag":[],"class_list":{"0":"post-8705","1":"product","2":"type-product","3":"status-publish","4":"has-post-thumbnail","6":"product_cat-trituradora-de-tubos","8":"first","9":"instock","10":"shipping-taxable","11":"purchasable","12":"product-type-simple"},"acf":[],"_links":{"self":[{"href":"https:\/\/www.acrn.fr\/es\/wp-json\/wp\/v2\/product\/8705","targetHints":{"allow":["GET"]}}],"collection":[{"href":"https:\/\/www.acrn.fr\/es\/wp-json\/wp\/v2\/product"}],"about":[{"href":"https:\/\/www.acrn.fr\/es\/wp-json\/wp\/v2\/types\/product"}],"wp:featuredmedia":[{"embeddable":true,"href":"https:\/\/www.acrn.fr\/es\/wp-json\/wp\/v2\/media\/8706"}],"wp:attachment":[{"href":"https:\/\/www.acrn.fr\/es\/wp-json\/wp\/v2\/media?parent=8705"}],"wp:term":[{"taxonomy":"product_brand","embeddable":true,"href":"https:\/\/www.acrn.fr\/es\/wp-json\/wp\/v2\/product_brand?post=8705"},{"taxonomy":"product_cat","embeddable":true,"href":"https:\/\/www.acrn.fr\/es\/wp-json\/wp\/v2\/product_cat?post=8705"},{"taxonomy":"product_tag","embeddable":true,"href":"https:\/\/www.acrn.fr\/es\/wp-json\/wp\/v2\/product_tag?post=8705"}],"curies":[{"name":"wp","href":"https:\/\/api.w.org\/{rel}","templated":true}]}}