{"id":8524,"date":"2021-03-25T08:38:01","date_gmt":"2021-03-25T08:38:01","guid":{"rendered":"https:\/\/www.acrn.fr\/product\/multitestor-ats-de-3-cabezas"},"modified":"2025-10-14T09:21:44","modified_gmt":"2025-10-14T07:21:44","slug":"comprobador-multitubular","status":"publish","type":"product","link":"https:\/\/www.acrn.fr\/es\/producto\/comprobador-multitubular\/","title":{"rendered":"Multitestor ATS de 3 cabezas"},"content":{"rendered":"<p>Al igual que el ATS, el ATS 3, nuestro comprobador multitubo, es esencial para un control de calidad fiable de sus soldaduras, que pueden mostrar defectos tras el termosellado. Estas tres carcasas diferentes le permiten <strong>controlar las tres muestras de ensayo simult\u00e1neamente<\/strong>, o incluso de forma diferente, gracias al control de presi\u00f3n independiente de cada man\u00f3metro. Esto es muy \u00fatil si hay una frecuencia significativa de controles puntuales tras un problema de cumplimiento.<\/p>\n<p>Gracias a sus numerosos pulsadores y a su dise\u00f1o intuitivo, proporciona una excelente repetibilidad de las mediciones.<\/p>\n<p>A modo de recordatorio, permite establecer dos tipos de pruebas:<\/p>\n<ul>\n<li>Prueba con una microfuga que aumenta de tama\u00f1o al presionar y provoca un estallido<\/li>\n<li>Prueba de rotura para determinar la resistencia de las soldaduras.<\/li>\n<\/ul>\n<h3>Ventajes<\/h3>\n<div class='content-column one_half'><ul>\n<li style=\"list-style-type: none;\">\n<ul>\n<li><span style=\"color: #215876;\">Totalmente neum\u00e1tico, de bajo mantenimiento<\/span><\/li>\n<\/ul>\n<\/li>\n<\/ul>\n<p>&nbsp;<\/p>\n<ul>\n<li style=\"list-style-type: none;\">\n<ul>\n<li><span style=\"color: #215876;\">Ajuste de vac\u00edo espec\u00edfico para cada man\u00f3metro<\/span><\/li>\n<\/ul>\n<\/li>\n<\/ul>\n<p>&nbsp;<\/p>\n<ul>\n<li style=\"list-style-type: none;\">\n<ul>\n<li><span style=\"color: #215876;\">F\u00e1cil de usar<\/span><\/li>\n<\/ul>\n<\/li>\n<\/ul>\n<p>&nbsp;<\/p>\n<ul>\n<li style=\"list-style-type: none;\">\n<ul>\n<li><span style=\"color: #215876;\">Pruebas seguras con una tapa de seguridad de policarbonato transparente que impide que se abra durante la prueba y que inicie un ciclo una vez abierta<\/span><\/li>\n<\/ul>\n<\/li>\n<\/ul>\n<p>&nbsp;<\/p>\n<ul>\n<li style=\"list-style-type: none;\">\n<ul>\n<li><span style=\"color: #215876;\">Regla de posicionamiento para el an\u00e1lisis simult\u00e1neo de las mismas 3 muestras<\/span><\/li>\n<\/ul>\n<\/li>\n<\/ul>\n<p>&nbsp;<\/p>\n<ul>\n<li style=\"list-style-type: none;\">\n<ul>\n<li><span style=\"color: #215876;\">Se entrega con 2 yunques de diferentes tama\u00f1os seg\u00fan el di\u00e1metro del tubo<\/span><\/li>\n<\/ul>\n<\/li>\n<\/ul>\n<p>&nbsp;<\/p><\/div><br \/>\n<div class='content-column one_half last_column'><img decoding=\"async\" class=\"alignnone size-full wp-image-2622\" src=\"https:\/\/www.acrn.fr\/wp-content\/uploads\/2021\/03\/Echantillon-produit-2.png\" alt=\"Muestra de productos ATS\" width=\"300\" height=\"300\" srcset=\"https:\/\/www.acrn.fr\/wp-content\/uploads\/2021\/03\/Echantillon-produit-2.png 300w, https:\/\/www.acrn.fr\/wp-content\/uploads\/2021\/03\/Echantillon-produit-2-100x100.png 100w, https:\/\/www.acrn.fr\/wp-content\/uploads\/2021\/03\/Echantillon-produit-2-64x64.png 64w, https:\/\/www.acrn.fr\/wp-content\/uploads\/2021\/03\/Echantillon-produit-2-150x150.png 150w\" sizes=\"(max-width: 300px) 100vw, 300px\" \/><\/div><div class='clear_column'><\/div><\/p>\n<h3>Opciones<\/h3>\n<table style=\"border-collapse: collapse; width: 100%;\">\n<tbody>\n<tr>\n<td style=\"width: 100%; text-align: left;\">Yunques especiales bajo pedido<\/td>\n<\/tr>\n<tr>\n<td style=\"width: 100%; text-align: left;\">Kit de calibraci\u00f3n<\/td>\n<\/tr>\n<tr>\n<td style=\"width: 100%; text-align: left;\">Kit antimarcas<\/td>\n<\/tr>\n<\/tbody>\n<\/table>\n<h3>Prensas<\/h3>\n[et_pb_section global_module=\"2561\"][\/et_pb_section]\n","protected":false},"excerpt":{"rendered":"<blockquote><p>Probar varias muestras al mismo tiempo<\/p><\/blockquote>\n<p>El cabezal ATS 3 es la herramienta para comprobar la resistencia de la soldadura de los tubos de pl\u00e1stico y metal-pl\u00e1stico directamente en la l\u00ednea de producci\u00f3n o en el laboratorio.<\/p>\n<p>La integridad de la soldadura se verifica por la ausencia de fugas bajo una fuerza de aplastamiento aplicada a la muestra de ensayo.<\/p>\n<p>Es una <strong>prueba r\u00e1pida<\/strong>, <strong>sencilla<\/strong>, asequible y totalmente <strong>fiable<\/strong> que utilizan muchos fabricantes de envases.<\/p>\n<p><a href=\"https:\/\/www.acrn.fr\/wp-content\/uploads\/2021\/03\/ATS3-fr10-2020-BD.pdf\" target=\"_blank\" rel=\"noopener\">Ficha t\u00e9cnica ATS-3<\/a><\/p>\n","protected":false},"featured_media":8525,"template":"","meta":{"_acf_changed":false,"_et_pb_use_builder":"","_et_pb_old_content":"","_et_gb_content_width":""},"product_brand":[],"product_cat":[213],"product_tag":[],"class_list":{"0":"post-8524","1":"product","2":"type-product","3":"status-publish","4":"has-post-thumbnail","6":"product_cat-trituradora-de-tubos","8":"first","9":"instock","10":"shipping-taxable","11":"purchasable","12":"product-type-simple"},"acf":[],"_links":{"self":[{"href":"https:\/\/www.acrn.fr\/es\/wp-json\/wp\/v2\/product\/8524","targetHints":{"allow":["GET"]}}],"collection":[{"href":"https:\/\/www.acrn.fr\/es\/wp-json\/wp\/v2\/product"}],"about":[{"href":"https:\/\/www.acrn.fr\/es\/wp-json\/wp\/v2\/types\/product"}],"wp:featuredmedia":[{"embeddable":true,"href":"https:\/\/www.acrn.fr\/es\/wp-json\/wp\/v2\/media\/8525"}],"wp:attachment":[{"href":"https:\/\/www.acrn.fr\/es\/wp-json\/wp\/v2\/media?parent=8524"}],"wp:term":[{"taxonomy":"product_brand","embeddable":true,"href":"https:\/\/www.acrn.fr\/es\/wp-json\/wp\/v2\/product_brand?post=8524"},{"taxonomy":"product_cat","embeddable":true,"href":"https:\/\/www.acrn.fr\/es\/wp-json\/wp\/v2\/product_cat?post=8524"},{"taxonomy":"product_tag","embeddable":true,"href":"https:\/\/www.acrn.fr\/es\/wp-json\/wp\/v2\/product_tag?post=8524"}],"curies":[{"name":"wp","href":"https:\/\/api.w.org\/{rel}","templated":true}]}}