{"id":8474,"date":"2021-06-01T07:11:09","date_gmt":"2021-06-01T07:11:09","guid":{"rendered":"https:\/\/www.acrn.fr\/product\/crimpadora-manual-ap93l"},"modified":"2026-04-22T11:12:16","modified_gmt":"2026-04-22T09:12:16","slug":"crimpadora-manual","status":"publish","type":"product","link":"https:\/\/www.acrn.fr\/es\/producto\/crimpadora-manual\/","title":{"rendered":"Crimpadora manual AP93L"},"content":{"rendered":"<p>Descubre nuestra engastadora manual<\/p>\n<h2><span style=\"color: #215876;\"><strong>Un engaste preciso en un solo paso<\/strong> <\/span><\/h2>\n<p>Basta con un solo movimiento de palanca (de unos 100\u00b0) para realizar un engaste completo y reproducible. El recorrido de la palanca est\u00e1 calibrado para garantizar una presi\u00f3n de prensado constante, independientemente del operario. Este sencillo principio mec\u00e1nico elimina las variaciones debidas a la fuerza manual y garantiza una calidad de engaste uniforme en toda la producci\u00f3n.<\/p>\n<hr \/>\n<h2><span style=\"color: #215876;\"><strong>Cabezales intercambiables en cuesti\u00f3n de segundos<\/strong><\/span><\/h2>\n<p>El cambio del cabezal de engaste es una operaci\u00f3n r\u00e1pida que no requiere herramientas espec\u00edficas. Una vez fijados, los cabezales est\u00e1n listos para volver a utilizarse de inmediato. Este dise\u00f1o modular permite cambiar de un di\u00e1metro de bomba a otro sin tiempos de inactividad significativos, lo que resulta especialmente \u00fatil en entornos de producci\u00f3n con m\u00faltiples referencias.<\/p>\n<hr \/>\n<h2><span style=\"color: #215876;\"><strong>Un soporte para frascos integrado que permite una colocaci\u00f3n precisa<\/strong><\/span><\/h2>\n<p>El soporte para frascos garantiza el centrado y la estabilidad del frasco durante el proceso de sellado, lo que reduce el riesgo de que el sellado resulte descentrado o incompleto. Se adapta a las formas habituales de los frascos de perfumer\u00eda y se puede ajustar seg\u00fan el formato utilizado.<\/p>\n<p>&nbsp;<\/p>\n<p>Un solo movimiento hacia abajo de la palanca (aprox. 100\u00b0) permite a la m\u00e1quina realizar el engarce. La sustituci\u00f3n del cabezal de crimpado es una operaci\u00f3n r\u00e1pida y sencilla que hace que esta m\u00e1quina sea muy vers\u00e1til. Una vez aseguradas las cabezas de engarce, est\u00e1n listas para ser utilizadas de nuevo.<\/p>\n<h3>Opci\u00f3n<\/h3>\n<table style=\"border-collapse: collapse; width: 100%;\">\n<tbody>\n<tr>\n<td style=\"width: 100%;\">Cabezales de engaste adicionales disponibles<\/td>\n<\/tr>\n<tr>\n<td style=\"width: 100%;\">(Di\u00e1metros disponibles: 11, 13, 15, 17, 18 y 20 mm)<\/td>\n<\/tr>\n<\/tbody>\n<\/table>\n<h3>Entregado con<\/h3>\n<ul>\n<li>1 Cabezal de engarce (di\u00e1metro a elegir),<\/li>\n<li>2 dispositivos de centrado de botellas, llaves de servicio<\/li>\n<\/ul>\n<hr \/>\n<h2><span style=\"color: #215876;\"><strong>Aplicaciones y sectores de uso<\/strong><\/span><\/h2>\n<p class=\"font-claude-response-body break-words whitespace-normal leading-[1.7]\">La engastadora manual AP93\/L se utiliza principalmente en los siguientes sectores:<\/p>\n<p class=\"font-claude-response-body break-words whitespace-normal leading-[1.7]\"><span style=\"color: #95cceb;\"><strong>\ud83d\udd38Perfumer\u00eda y cosm\u00e9tica<\/strong><\/span> \u2014 montaje de bombas en frascos de perfume, agua de colonia y productos de cuidado personal. La m\u00e1quina es adecuada para operaciones de control de calidad en laboratorio, para la producci\u00f3n en series peque\u00f1as y para estaciones de resellado tras el llenado o en caso de defecto.<\/p>\n<p class=\"font-claude-response-body break-words whitespace-normal leading-[1.7]\"><span style=\"color: #95cceb;\"><strong>\ud83d\udd38Farmacia<\/strong><\/span>\u2014 montaje de bombas dosificadoras en frascos de productos farmac\u00e9uticos l\u00edquidos que requieren un envasado preciso y reproducible.<\/p>\n<p class=\"font-claude-response-body break-words whitespace-normal leading-[1.7]\"><span style=\"color: #95cceb;\"><strong>\ud83d\udd38Control de calidad e I+D<\/strong><\/span> \u2014 utilis\u00e9e comme poste de r\u00e9f\u00e9rence pour valider les param\u00e8tres de sertissage avant la mise en production sur ligne automatique, ou pour r\u00e9aliser des \u00e9chantillons de test en d\u00e9veloppement produit.<\/p>\n<hr \/>\n<h2><strong><span style=\"color: #215876;\">\u00bfPor qu\u00e9 elegir la AP93\/L?<\/span><\/strong><\/h2>\n<p data-start=\"1623\" data-end=\"1643\">\ud83d\udd38 <span style=\"color: #95cceb;\"><strong>Resistencia y durabilidad<\/strong><\/span> La estructura met\u00e1lica de la AP93\/L est\u00e1 dise\u00f1ada para un uso intensivo en taller. A diferencia de las engastadoras neum\u00e1ticas o el\u00e9ctricas, la ausencia de componentes motorizados reduce las necesidades de mantenimiento y el riesgo de aver\u00edas. La m\u00e1quina no necesita ni alimentaci\u00f3n el\u00e9ctrica ni aire comprimido: funciona en cualquier lugar, incluso en zonas ATEX o salas blancas de acceso restringido.<\/p>\n<p class=\"font-claude-response-body break-words whitespace-normal leading-[1.7]\"><span style=\"color: #95cceb;\"><strong>\ud83d\udd38Una inversi\u00f3n controlada<\/strong><\/span> Para la producci\u00f3n en series peque\u00f1as, los laboratorios de control de calidad o las estaciones de reengastado, la engastadora manual AP93\/L ofrece una relaci\u00f3n calidad-precio inmejorable en comparaci\u00f3n con las soluciones automatizadas. El coste de adquisici\u00f3n es bajo, los cabezales de engaste son econ\u00f3micos y la m\u00e1quina no genera ning\u00fan gasto de funcionamiento.<\/p>\n<p class=\"font-claude-response-body break-words whitespace-normal leading-[1.7]\"><span style=\"color: #95cceb;\"><strong>\ud83d\udd38Soporte para SAV ACRN<\/strong><\/span>Al igual que todos los equipos de la gama ACRN, el AP93\/L cuenta con el soporte t\u00e9cnico y el servicio posventa de nuestros t\u00e9cnicos con sede en Normand\u00eda. Las cabezales de engaste y las piezas de repuesto est\u00e1n disponibles en stock.<\/p>\n<hr \/>\n<h2><strong><span style=\"color: #215876;\"> \u00bfQu\u00e9 es el engastado de frascos?<\/span><\/strong><\/h2>\n<p class=\"font-claude-response-body break-words whitespace-normal leading-[1.7]\">El engarzado es una operaci\u00f3n mec\u00e1nica que consiste en deformar pl\u00e1sticamente la falda met\u00e1lica de una bomba o un pulverizador para fijarla de forma permanente al cuello de un frasco. Es el proceso est\u00e1ndar que se utiliza en la industria cosm\u00e9tica y farmac\u00e9utica para el envasado de perfumes, aguas de tocador, aerosoles nasales y productos de cuidado personal en envases a presi\u00f3n.<\/p>\n<p class=\"font-claude-response-body break-words whitespace-normal leading-[1.7]\">Un sellado correctamente realizado garantiza la estanqueidad del frasco, la resistencia mec\u00e1nica de la bomba y el cumplimiento de los requisitos normativos aplicables a los productos cosm\u00e9ticos y farmac\u00e9uticos. Un sellado deficiente puede provocar fugas, la contaminaci\u00f3n del producto o su rechazo en los controles de calidad en l\u00ednea.<\/p>\n<p class=\"font-claude-response-body break-words whitespace-normal leading-[1.7]\">El di\u00e1metro de engaste debe coincidir exactamente con el di\u00e1metro de la bomba utilizada; por eso, el modelo AP93\/L est\u00e1 disponible con cabezales de engaste para los di\u00e1metros est\u00e1ndar de 11, 13, 15, 17, 18 y 20 mm, lo que cubre la mayor parte de los formatos de bombas utilizados en las industrias cosm\u00e9tica y farmac\u00e9utica.<\/p>\n","protected":false},"excerpt":{"rendered":"<p class=\"font-claude-response-body break-words whitespace-normal leading-[1.7]\">La engastadora manual AP93\/L est\u00e1 dise\u00f1ada para engastar las bombas de los frascos de perfume y cosm\u00e9ticos. F\u00e1cil de usar y sin necesidad de alimentaci\u00f3n el\u00e9ctrica, es ideal para laboratorios de control de calidad, talleres de envasado de bajo rendimiento y puestos de sustituci\u00f3n o recalificaci\u00f3n en la producci\u00f3n.<\/p>\n<p class=\"font-claude-response-body break-words whitespace-normal leading-[1.7]\">La m\u00e1quina admite cabezales de engastado intercambiables que cubren los di\u00e1metros est\u00e1ndar de la industria cosm\u00e9tica (de 11 a 20 mm), lo que le confiere una gran versatilidad para l\u00edneas que trabajan con varios modelos de envases.<\/p>\n<p><a href=\"https:\/\/www.acrn.fr\/wp-content\/uploads\/2021\/06\/FicheTechnique-SERTISSEUSE-AP93L.pdf\" target=\"_blank\" rel=\"noopener\">Ficha t\u00e9cnica AP93L Cimpradora manual<\/a><\/p>\n","protected":false},"featured_media":8475,"template":"","meta":{"_acf_changed":false,"_et_pb_use_builder":"","_et_pb_old_content":"","_et_gb_content_width":""},"product_brand":[],"product_cat":[235],"product_tag":[],"class_list":{"0":"post-8474","1":"product","2":"type-product","3":"status-publish","4":"has-post-thumbnail","6":"product_cat-engaste-e-inspeccion-de-frascos-de-perfume","8":"first","9":"instock","10":"shipping-taxable","11":"purchasable","12":"product-type-simple"},"acf":[],"_links":{"self":[{"href":"https:\/\/www.acrn.fr\/es\/wp-json\/wp\/v2\/product\/8474","targetHints":{"allow":["GET"]}}],"collection":[{"href":"https:\/\/www.acrn.fr\/es\/wp-json\/wp\/v2\/product"}],"about":[{"href":"https:\/\/www.acrn.fr\/es\/wp-json\/wp\/v2\/types\/product"}],"wp:featuredmedia":[{"embeddable":true,"href":"https:\/\/www.acrn.fr\/es\/wp-json\/wp\/v2\/media\/8475"}],"wp:attachment":[{"href":"https:\/\/www.acrn.fr\/es\/wp-json\/wp\/v2\/media?parent=8474"}],"wp:term":[{"taxonomy":"product_brand","embeddable":true,"href":"https:\/\/www.acrn.fr\/es\/wp-json\/wp\/v2\/product_brand?post=8474"},{"taxonomy":"product_cat","embeddable":true,"href":"https:\/\/www.acrn.fr\/es\/wp-json\/wp\/v2\/product_cat?post=8474"},{"taxonomy":"product_tag","embeddable":true,"href":"https:\/\/www.acrn.fr\/es\/wp-json\/wp\/v2\/product_tag?post=8474"}],"curies":[{"name":"wp","href":"https:\/\/api.w.org\/{rel}","templated":true}]}}