{"id":8471,"date":"2021-06-03T14:01:20","date_gmt":"2021-06-03T14:01:20","guid":{"rendered":"https:\/\/www.acrn.fr\/product\/llave-de-gatillo-ajustable-modelo-qlk"},"modified":"2025-07-07T10:32:52","modified_gmt":"2025-07-07T08:32:52","slug":"llave-de-gatillo-ajustable-modelo-qlk","status":"publish","type":"product","link":"https:\/\/www.acrn.fr\/es\/producto\/llave-de-gatillo-ajustable-modelo-qlk\/","title":{"rendered":"Llave de gatillo ajustable Modelo QLK"},"content":{"rendered":"<div class='content-column one_half'><h3>Ventajes del QLK<\/h3>\n<ul>\n<li style=\"list-style-type: none;\">\n<ul>\n<li><span style=\"color: #215876;\"><span style=\"color: #215876;\">Restablecimiento autom\u00e1tico<\/span><\/span><\/li>\n<\/ul>\n<\/li>\n<\/ul>\n<p>&nbsp;<\/p>\n<ul>\n<li style=\"list-style-type: none;\">\n<ul>\n<li><span style=\"color: #215876;\"><span style=\"color: #215876;\">Ajuste del par de apriete<\/span><\/span><\/li>\n<\/ul>\n<\/li>\n<\/ul>\n<p>&nbsp;<\/p>\n<ul>\n<li style=\"list-style-type: none;\">\n<ul>\n<li><span style=\"color: #215876;\"><span style=\"color: #215876;\">Ideal para la sujeci\u00f3n en serie<\/span><\/span><\/li>\n<\/ul>\n<\/li>\n<\/ul>\n<p>&nbsp;<\/p>\n<ul>\n<li style=\"list-style-type: none;\">\n<ul>\n<li><span style=\"color: #215876;\"><span style=\"color: #215876;\">El par de apriete deseado puede ajustarse de forma precisa y sencilla en la escala microm\u00e9trica exterior y, a continuaci\u00f3n, se bloquea para evitar una interrupci\u00f3n accidental<\/span><\/span><\/li>\n<\/ul>\n<\/li>\n<\/ul>\n<p>&nbsp;<\/p>\n<h3>Entregado con<\/h3>\n<p>Certificado de calibraci\u00f3n<\/div>\n<div class='content-column one_half last_column'><img loading=\"lazy\" decoding=\"async\" class=\"alignnone size-full wp-image-5747\" src=\"https:\/\/www.acrn.fr\/wp-content\/uploads\/2021\/06\/qlk.png\" alt=\"\" width=\"500\" height=\"275\" srcset=\"https:\/\/www.acrn.fr\/wp-content\/uploads\/2021\/06\/qlk.png 500w, https:\/\/www.acrn.fr\/wp-content\/uploads\/2021\/06\/qlk-480x264.png 480w\" sizes=\"(min-width: 0px) and (max-width: 480px) 480px, (min-width: 481px) 500px, 100vw\" \/><\/div><div class='clear_column'><\/div>\n<p>&nbsp;<\/p>\n<table style=\"border-collapse: collapse; width: 100%; height: 483px;\">\n<tbody>\n<tr style=\"height: 23px;\">\n<td style=\"width: 10%; height: 23px; text-align: center;\"><strong>Modelo<\/strong><\/td>\n<td style=\"width: 20%; height: 23px; text-align: center;\"><strong>Capacidad<\/strong><\/td>\n<td style=\"width: 20%; height: 23px; text-align: center;\"><strong>Graduaci\u00f3n<\/strong><\/td>\n<td style=\"width: 20%; height: 23px; text-align: center;\"><strong>Cuadrado<\/strong><\/td>\n<td style=\"width: 20%; height: 23px; text-align: center;\"><strong>Longitud<\/strong><\/td>\n<\/tr>\n<tr style=\"height: 23px;\">\n<td style=\"width: 10%; height: 23px; text-align: center;\">N30QLK<\/td>\n<td style=\"width: 20%; height: 23px; text-align: center;\">100 &#8211; 300 cN.m<\/td>\n<td style=\"width: 20%; height: 23px; text-align: center;\">5 cN.m<\/td>\n<td style=\"width: 20%; height: 23px; text-align: center;\">6.35 mm<\/td>\n<td style=\"width: 20%; height: 23px; text-align: center;\">186 mm<\/td>\n<\/tr>\n<tr style=\"height: 23px;\">\n<td style=\"width: 10%; height: 23px; text-align: center;\">N60QLK<\/td>\n<td style=\"width: 20%; height: 23px; text-align: center;\">2 &#8211; 6 N.m<\/td>\n<td style=\"width: 20%; height: 23px; text-align: center;\">0.1 N.m<\/td>\n<td style=\"width: 20%; height: 23px; text-align: center;\">6.35 mm<\/td>\n<td style=\"width: 20%; height: 23px; text-align: center;\">186 mm<\/td>\n<\/tr>\n<tr style=\"height: 23px;\">\n<td style=\"width: 10%; height: 23px; text-align: center;\">N120QLK<\/td>\n<td style=\"width: 20%; height: 23px; text-align: center;\">4 &#8211; 12 N.m<\/td>\n<td style=\"width: 20%; height: 23px; text-align: center;\">0.2 N.m<\/td>\n<td style=\"width: 20%; height: 23px; text-align: center;\">6.35 mm<\/td>\n<td style=\"width: 20%; height: 23px; text-align: center;\">186 mm<\/td>\n<\/tr>\n<tr style=\"height: 23px;\">\n<td style=\"width: 10%; height: 23px; text-align: center;\">N230QLK<\/td>\n<td style=\"width: 20%; height: 23px; text-align: center;\">7 &#8211; 23 N.m<\/td>\n<td style=\"width: 20%; height: 23px; text-align: center;\">0.2 N.m<\/td>\n<td style=\"width: 20%; height: 23px; text-align: center;\">9.53 mm<\/td>\n<td style=\"width: 20%; height: 23px; text-align: center;\">231.5 mm<\/td>\n<\/tr>\n<tr style=\"height: 23px;\">\n<td style=\"width: 10%; height: 23px; text-align: center;\">N250QLK<\/td>\n<td style=\"width: 20%; height: 23px; text-align: center;\">5 &#8211; 25 N.m<\/td>\n<td style=\"width: 20%; height: 23px; text-align: center;\">0.2 N.m<\/td>\n<td style=\"width: 20%; height: 23px; text-align: center;\">9.53 mm<\/td>\n<td style=\"width: 20%; height: 23px; text-align: center;\">240 mm<\/td>\n<\/tr>\n<tr style=\"height: 23px;\">\n<td style=\"width: 10%; height: 23px; text-align: center;\">N450QLK<\/td>\n<td style=\"width: 20%; height: 23px; text-align: center;\">10 &#8211; 45 N.m<\/td>\n<td style=\"width: 20%; height: 23px; text-align: center;\">0.5 N.m<\/td>\n<td style=\"width: 20%; height: 23px; text-align: center;\">9.53 mm<\/td>\n<td style=\"width: 20%; height: 23px; text-align: center;\">253.5 mm<\/td>\n<\/tr>\n<tr style=\"height: 23px;\">\n<td style=\"width: 10%; height: 23px; text-align: center;\">N500QLK<\/td>\n<td style=\"width: 20%; height: 23px; text-align: center;\">10 &#8211; 50 N.m<\/td>\n<td style=\"width: 20%; height: 23px; text-align: center;\">0.5 N.m<\/td>\n<td style=\"width: 20%; height: 23px; text-align: center;\">9.53 mm<\/td>\n<td style=\"width: 20%; height: 23px; text-align: center;\">253.5 mm<\/td>\n<\/tr>\n<tr style=\"height: 23px;\">\n<td style=\"width: 10%; height: 23px; text-align: center;\">N900QLK<\/td>\n<td style=\"width: 20%; height: 23px; text-align: center;\">20 &#8211; 90 N.m<\/td>\n<td style=\"width: 20%; height: 23px; text-align: center;\">1 N.m<\/td>\n<td style=\"width: 20%; height: 23px; text-align: center;\">12.7 mm<\/td>\n<td style=\"width: 20%; height: 23px; text-align: center;\">352 mm<\/td>\n<\/tr>\n<tr style=\"height: 23px;\">\n<td style=\"width: 10%; height: 23px; text-align: center;\">N1000QLK<\/td>\n<td style=\"width: 20%; height: 23px; text-align: center;\">20 &#8211; 100 N.m<\/td>\n<td style=\"width: 20%; height: 23px; text-align: center;\">1 N.m<\/td>\n<td style=\"width: 20%; height: 23px; text-align: center;\">12.7 mm<\/td>\n<td style=\"width: 20%; height: 23px; text-align: center;\">352 mm<\/td>\n<\/tr>\n<tr style=\"height: 23px;\">\n<td style=\"width: 10%; height: 23px; text-align: center;\">N1400QLK<\/td>\n<td style=\"width: 20%; height: 23px; text-align: center;\">40 &#8211; 140 N.m<\/td>\n<td style=\"width: 20%; height: 23px; text-align: center;\">1 N.m<\/td>\n<td style=\"width: 20%; height: 23px; text-align: center;\">12.7 mm<\/td>\n<td style=\"width: 20%; height: 23px; text-align: center;\">392 mm<\/td>\n<\/tr>\n<tr style=\"height: 23px;\">\n<td style=\"width: 10%; height: 23px; text-align: center;\">N1800QLK<\/td>\n<td style=\"width: 20%; height: 23px; text-align: center;\">40 &#8211; 180 N.m<\/td>\n<td style=\"width: 20%; height: 23px; text-align: center;\">1 N.m<\/td>\n<td style=\"width: 20%; height: 23px; text-align: center;\">12.7 mm<\/td>\n<td style=\"width: 20%; height: 23px; text-align: center;\">478 mm<\/td>\n<\/tr>\n<tr style=\"height: 23px;\">\n<td style=\"width: 10%; height: 23px; text-align: center;\">N2000QLK<\/td>\n<td style=\"width: 20%; height: 23px; text-align: center;\">40 &#8211; 200 N.m<\/td>\n<td style=\"width: 20%; height: 23px; text-align: center;\">1 N.m<\/td>\n<td style=\"width: 20%; height: 23px; text-align: center;\">12.7 mm<\/td>\n<td style=\"width: 20%; height: 23px; text-align: center;\">478 mm<\/td>\n<\/tr>\n<tr style=\"height: 23px;\">\n<td style=\"width: 10%; height: 23px; text-align: center;\">N2800QLK<\/td>\n<td style=\"width: 20%; height: 23px; text-align: center;\">40 &#8211; 280 N.m<\/td>\n<td style=\"width: 20%; height: 23px; text-align: center;\">2 N.m<\/td>\n<td style=\"width: 20%; height: 23px; text-align: center;\">19.05 mm<\/td>\n<td style=\"width: 20%; height: 23px; text-align: center;\">678 mm<\/td>\n<\/tr>\n<tr style=\"height: 23px;\">\n<td style=\"width: 10%; height: 23px; text-align: center;\">N4200QLK<\/td>\n<td style=\"width: 20%; height: 23px; text-align: center;\">60 &#8211; 420 N.m<\/td>\n<td style=\"width: 20%; height: 23px; text-align: center;\">2 N.m<\/td>\n<td style=\"width: 20%; height: 23px; text-align: center;\">19.05 mm<\/td>\n<td style=\"width: 20%; height: 23px; text-align: center;\">950 mm<\/td>\n<\/tr>\n<tr style=\"height: 23px;\">\n<td style=\"width: 10%; height: 23px; text-align: center;\">N5600QLK<\/td>\n<td style=\"width: 20%; height: 23px; text-align: center;\">80 &#8211; 560 N.m<\/td>\n<td style=\"width: 20%; height: 23px; text-align: center;\">3 N.m<\/td>\n<td style=\"width: 20%; height: 23px; text-align: center;\">19.05 mm<\/td>\n<td style=\"width: 20%; height: 23px; text-align: center;\">1.195 mm<\/td>\n<\/tr>\n<tr style=\"height: 23px;\">\n<td style=\"width: 10%; height: 23px; text-align: center;\">N7000QLK<\/td>\n<td style=\"width: 20%; height: 23px; text-align: center;\">100 &#8211; 700 N.m<\/td>\n<td style=\"width: 20%; height: 23px; text-align: center;\">5 N.m<\/td>\n<td style=\"width: 20%; height: 23px; text-align: center;\">19.05 mm<\/td>\n<td style=\"width: 20%; height: 23px; text-align: center;\">1.314 mm<\/td>\n<\/tr>\n<tr style=\"height: 23px;\">\n<td style=\"width: 10%; height: 23px; text-align: center;\">N8500QLK<\/td>\n<td style=\"width: 20%; height: 23px; text-align: center;\">100 &#8211; 850 N.m<\/td>\n<td style=\"width: 20%; height: 23px; text-align: center;\">5 N.m<\/td>\n<td style=\"width: 20%; height: 23px; text-align: center;\">25.4 mm<\/td>\n<td style=\"width: 20%; height: 23px; text-align: center;\">1.388 mm<\/td>\n<\/tr>\n<tr style=\"height: 23px;\">\n<td style=\"width: 10%; height: 23px; text-align: center;\">N10000QLK<\/td>\n<td style=\"width: 20%; height: 23px; text-align: center;\">100 &#8211; 1000 N.m<\/td>\n<td style=\"width: 20%; height: 23px; text-align: center;\">5 N.m<\/td>\n<td style=\"width: 20%; height: 23px; text-align: center;\">25.4 mm<\/td>\n<td style=\"width: 20%; height: 23px; text-align: center;\">1.538 mm<\/td>\n<\/tr>\n<tr style=\"height: 23px;\">\n<td style=\"width: 10%; height: 23px; text-align: center;\">N14000QLK<\/td>\n<td style=\"width: 20%; height: 23px; text-align: center;\">200 &#8211; 1400 N.m<\/td>\n<td style=\"width: 20%; height: 23px; text-align: center;\">10 N.m<\/td>\n<td style=\"width: 20%; height: 23px; text-align: center;\">25.4 mm<\/td>\n<td style=\"width: 20%; height: 23px; text-align: center;\">1.844 mm<\/td>\n<\/tr>\n<tr style=\"height: 23px;\">\n<td style=\"width: 10%; height: 23px; text-align: center;\">N15000QLK<\/td>\n<td style=\"width: 20%; height: 23px; text-align: center;\">200 &#8211; 150 N.m<\/td>\n<td style=\"width: 20%; height: 23px; text-align: center;\">10 N.m<\/td>\n<td style=\"width: 20%; height: 23px; text-align: center;\">25.4 mm<\/td>\n<td style=\"width: 20%; height: 23px; text-align: center;\">1.844 mm<\/td>\n<\/tr>\n<tr>\n<td style=\"width: 10%; text-align: center;\">N21000QLK<\/td>\n<td style=\"width: 20%; text-align: center;\">700 &#8211; 2100 N.m<\/td>\n<td style=\"width: 20%; text-align: center;\">10 N.m<\/td>\n<td style=\"width: 20%; text-align: center;\">25.4 mm<\/td>\n<td style=\"width: 20%; text-align: center;\">2.064 mm<\/td>\n<\/tr>\n<\/tbody>\n<\/table>\n","protected":false},"excerpt":{"rendered":"<blockquote><p>La llave de desbloqueo mec\u00e1nico ajustable<\/p><\/blockquote>\n<p style=\"text-align: justify;\">Llave dinamom\u00e9trica con desbloqueo y ajuste microm\u00e9trico, ajustable en el nonio y carraca profesional. Serie profesional y de alta precisi\u00f3n.<\/p>\n<p style=\"text-align: justify;\">La llave dinamom\u00e9trica QLK dispone de una liberaci\u00f3n palpable y audible para el operario cuando se alcanza el par de apriete preestablecido.<\/p>\n","protected":false},"featured_media":8472,"template":"","meta":{"_acf_changed":false,"_et_pb_use_builder":"","_et_pb_old_content":"","_et_gb_content_width":""},"product_brand":[],"product_cat":[230],"product_tag":[],"class_list":{"0":"post-8471","1":"product","2":"type-product","3":"status-publish","4":"has-post-thumbnail","6":"product_cat-llave-dinamometrica","8":"first","9":"instock","10":"shipping-taxable","11":"purchasable","12":"product-type-simple"},"acf":[],"_links":{"self":[{"href":"https:\/\/www.acrn.fr\/es\/wp-json\/wp\/v2\/product\/8471","targetHints":{"allow":["GET"]}}],"collection":[{"href":"https:\/\/www.acrn.fr\/es\/wp-json\/wp\/v2\/product"}],"about":[{"href":"https:\/\/www.acrn.fr\/es\/wp-json\/wp\/v2\/types\/product"}],"wp:featuredmedia":[{"embeddable":true,"href":"https:\/\/www.acrn.fr\/es\/wp-json\/wp\/v2\/media\/8472"}],"wp:attachment":[{"href":"https:\/\/www.acrn.fr\/es\/wp-json\/wp\/v2\/media?parent=8471"}],"wp:term":[{"taxonomy":"product_brand","embeddable":true,"href":"https:\/\/www.acrn.fr\/es\/wp-json\/wp\/v2\/product_brand?post=8471"},{"taxonomy":"product_cat","embeddable":true,"href":"https:\/\/www.acrn.fr\/es\/wp-json\/wp\/v2\/product_cat?post=8471"},{"taxonomy":"product_tag","embeddable":true,"href":"https:\/\/www.acrn.fr\/es\/wp-json\/wp\/v2\/product_tag?post=8471"}],"curies":[{"name":"wp","href":"https:\/\/api.w.org\/{rel}","templated":true}]}}