{"id":8457,"date":"2021-06-14T08:35:42","date_gmt":"2021-06-14T08:35:42","guid":{"rendered":"https:\/\/www.acrn.fr\/product\/llave-dinamometrica-con-desbloqueo-ajustable-y-cabeza-intercambiable-modelo-lck"},"modified":"2025-05-27T09:17:53","modified_gmt":"2025-05-27T07:17:53","slug":"llave-dinamometro-lck","status":"publish","type":"product","link":"https:\/\/www.acrn.fr\/es\/producto\/llave-dinamometro-lck\/","title":{"rendered":"Llave dinamom\u00e9trica ajustable"},"content":{"rendered":"<p><a href=\"https:\/\/www.acrn.fr\/es\/categoria-de-productos\/medicion-del-par\/llaves-y-destornilladores-dinamometricos\/\"><strong>llave dinamom\u00e9trica<\/strong><\/a> <strong>con desbloqueo ajustable<\/strong> con <strong>cabezal intercambiable es la herramienta imprescindible para los profesionales exigentes que buscan precisi\u00f3n y seguridad en sus trabajos de sujeci\u00f3n.<\/strong><\/p>\n<p>Dise\u00f1ada para ofrecer un rendimiento fiable y duradero, esta llave dinamom\u00e9trica puede adaptarse a una gran variedad de trabajos, ofreci\u00e9ndole un control \u00f3ptimo del par de apriete.<\/p>\n<p>Ya sea para trabajos mec\u00e1nicos, industriales o de mantenimiento, asegura un apriete eficaz y uniforme que cumple las normas de calidad m\u00e1s exigentes para garantizar unos resultados impecables.<\/p>\n<div class='content-column one_half'><h3>Ventajas de la LCK<\/h3>\n<ul>\n<li style=\"list-style-type: none;\">\n<ul>\n<li><span style=\"color: #215876; font-size: 12pt;\">Restablecimiento autom\u00e1tico<\/span><\/li>\n<\/ul>\n<\/li>\n<\/ul>\n<p>&nbsp;<\/p>\n<ul>\n<li style=\"list-style-type: none;\">\n<ul>\n<li><span style=\"color: #215876; font-size: 12pt;\">Equipado con un dispositivo de cambio r\u00e1pido del cabezal<\/span><\/li>\n<\/ul>\n<\/li>\n<\/ul>\n<p>&nbsp;<\/p>\n<ul>\n<li style=\"list-style-type: none;\">\n<ul>\n<li><span style=\"color: #215876; font-size: 12pt;\">Ajuste del par de apriete<\/span><\/li>\n<\/ul>\n<\/li>\n<\/ul>\n<p>&nbsp;<\/p>\n<ul>\n<li style=\"list-style-type: none;\">\n<ul>\n<li><span style=\"color: #215876; font-size: 12pt;\">Ideal para la sujeci\u00f3n en serie<\/span><\/li>\n<\/ul>\n<\/li>\n<\/ul>\n<p>&nbsp;<\/p>\n<ul>\n<li style=\"list-style-type: none;\">\n<ul>\n<li><span style=\"color: #215876; font-size: 12pt;\">Varias cabezas disponibles: horquilla, ojo, cuadrado fijo, carraca y hex\u00e1gono hembra<\/span><\/li>\n<\/ul>\n<\/li>\n<\/ul>\n<p>&nbsp;<\/p>\n<h3>Entregado con<\/h3>\n<p>Certificado de calibraci\u00f3n<\/p><\/div>\n<div class='content-column one_half last_column'><img decoding=\"async\" class=\"alignnone wp-image-6069 size-full\" src=\"https:\/\/www.acrn.fr\/wp-content\/uploads\/2021\/06\/LCK.png\" alt=\"Llave dinamom\u00e9trica con desbloqueo ajustable y cabeza intercambiable\" width=\"500\" height=\"325\" srcset=\"https:\/\/www.acrn.fr\/wp-content\/uploads\/2021\/06\/LCK.png 500w, https:\/\/www.acrn.fr\/wp-content\/uploads\/2021\/06\/LCK-480x312.png 480w\" sizes=\"(min-width: 0px) and (max-width: 480px) 480px, (min-width: 481px) 500px, 100vw\" \/><\/div><div class='clear_column'><\/div>\n<p><img decoding=\"async\" class=\"aligncenter wp-image-6071 size-full\" src=\"https:\/\/www.acrn.fr\/wp-content\/uploads\/2021\/06\/plan-lck-final.png\" alt=\"plan Llave dinamom\u00e9trica ajustable con cabeza intercambiable\" width=\"600\" height=\"250\" srcset=\"https:\/\/www.acrn.fr\/wp-content\/uploads\/2021\/06\/plan-lck-final.png 600w, https:\/\/www.acrn.fr\/wp-content\/uploads\/2021\/06\/plan-lck-final-480x200.png 480w\" sizes=\"(min-width: 0px) and (max-width: 480px) 480px, (min-width: 481px) 600px, 100vw\" \/><\/p>\n<table style=\"border-collapse: collapse; width: 100%; height: 322px;\">\n<tbody>\n<tr style=\"height: 23px;\">\n<td style=\"width: 25%; height: 23px; text-align: center;\"><strong>Modelo <\/strong><\/td>\n<td style=\"width: 25%; height: 23px; text-align: center;\"><strong>Capacidad <\/strong><\/td>\n<td style=\"width: 25%; height: 23px; text-align: center;\"><strong>Graduaci\u00f3n <\/strong><\/td>\n<td style=\"width: 25%; height: 23px; text-align: center;\"><strong>Longitud<\/strong><\/td>\n<\/tr>\n<tr style=\"height: 23px;\">\n<td style=\"width: 25%; height: 23px; text-align: center;\">N60LCK<\/td>\n<td style=\"width: 25%; height: 23px; text-align: center;\">2 &#8211; 6 N.m<\/td>\n<td style=\"width: 25%; height: 23px; text-align: center;\">0.1 N.m<\/td>\n<td style=\"width: 25%; height: 23px; text-align: center;\">173 mm<\/td>\n<\/tr>\n<tr style=\"height: 23px;\">\n<td style=\"width: 25%; height: 23px; text-align: center;\">N120LCK<\/td>\n<td style=\"width: 25%; height: 23px; text-align: center;\">4 &#8211; 12 N.m<\/td>\n<td style=\"width: 25%; height: 23px; text-align: center;\">0.2 N.m<\/td>\n<td style=\"width: 25%; height: 23px; text-align: center;\">173 mm<\/td>\n<\/tr>\n<tr style=\"height: 23px;\">\n<td style=\"width: 25%; height: 23px; text-align: center;\">N230LCK<\/td>\n<td style=\"width: 25%; height: 23px; text-align: center;\">7 &#8211; 23 N.m<\/td>\n<td style=\"width: 25%; height: 23px; text-align: center;\">0.2 N.m<\/td>\n<td style=\"width: 25%; height: 23px; text-align: center;\">208 mm<\/td>\n<\/tr>\n<tr style=\"height: 23px;\">\n<td style=\"width: 25%; height: 23px; text-align: center;\">N450LCK<\/td>\n<td style=\"width: 25%; height: 23px; text-align: center;\">10 &#8211; 45 N.m<\/td>\n<td style=\"width: 25%; height: 23px; text-align: center;\">0.5 N.m<\/td>\n<td style=\"width: 25%; height: 23px; text-align: center;\">232 mm<\/td>\n<\/tr>\n<tr style=\"height: 23px;\">\n<td style=\"width: 25%; height: 23px; text-align: center;\">N900LCK<\/td>\n<td style=\"width: 25%; height: 23px; text-align: center;\">20 &#8211; 90 N.m<\/td>\n<td style=\"width: 25%; height: 23px; text-align: center;\">1 N.m<\/td>\n<td style=\"width: 25%; height: 23px; text-align: center;\">325 mm<\/td>\n<\/tr>\n<tr style=\"height: 23px;\">\n<td style=\"width: 25%; height: 23px; text-align: center;\">N1800LCK<\/td>\n<td style=\"width: 25%; height: 23px; text-align: center;\">40 &#8211; 180 N.m<\/td>\n<td style=\"width: 25%; height: 23px; text-align: center;\">2 N.m<\/td>\n<td style=\"width: 25%; height: 23px; text-align: center;\">443 mm<\/td>\n<\/tr>\n<tr style=\"height: 23px;\">\n<td style=\"width: 25%; height: 23px; text-align: center;\">N2800LCK<\/td>\n<td style=\"width: 25%; height: 23px; text-align: center;\">40 &#8211; 280 N.m<\/td>\n<td style=\"width: 25%; height: 23px; text-align: center;\">2 N.m<\/td>\n<td style=\"width: 25%; height: 23px; text-align: center;\">648 mm<\/td>\n<\/tr>\n<tr style=\"height: 23px;\">\n<td style=\"width: 25%; height: 23px; text-align: center;\">N4400LCK<\/td>\n<td style=\"width: 25%; height: 23px; text-align: center;\">60 &#8211; 440 N.m<\/td>\n<td style=\"width: 25%; height: 23px; text-align: center;\">2 N.m<\/td>\n<td style=\"width: 25%; height: 23px; text-align: center;\">908 mm<\/td>\n<\/tr>\n<tr style=\"height: 23px;\">\n<td style=\"width: 25%; height: 23px; text-align: center;\">N5600LCK<\/td>\n<td style=\"width: 25%; height: 23px; text-align: center;\">80 &#8211; 560 N.m<\/td>\n<td style=\"width: 25%; height: 23px; text-align: center;\">3 N.m<\/td>\n<td style=\"width: 25%; height: 23px; text-align: center;\">1086 mm<\/td>\n<\/tr>\n<tr style=\"height: 23px;\">\n<td style=\"width: 25%; height: 23px; text-align: center;\">N7000LCK<\/td>\n<td style=\"width: 25%; height: 23px; text-align: center;\">100 &#8211; 700 N.m<\/td>\n<td style=\"width: 25%; height: 23px; text-align: center;\">5 N.m<\/td>\n<td style=\"width: 25%; height: 23px; text-align: center;\">1206 mm<\/td>\n<\/tr>\n<tr style=\"height: 23px;\">\n<td style=\"width: 25%; height: 23px; text-align: center;\">N8500LCK<\/td>\n<td style=\"width: 25%; height: 23px; text-align: center;\">100 &#8211; 850 N.m<\/td>\n<td style=\"width: 25%; height: 23px; text-align: center;\">5 N.m<\/td>\n<td style=\"width: 25%; height: 23px; text-align: center;\">1267 mm<\/td>\n<\/tr>\n<tr style=\"height: 23px;\">\n<td style=\"width: 25%; height: 23px; text-align: center;\">N10000LCK<\/td>\n<td style=\"width: 25%; height: 23px; text-align: center;\">100 &#8211; 1000 N.m<\/td>\n<td style=\"width: 25%; height: 23px; text-align: center;\">5 N.m<\/td>\n<td style=\"width: 25%; height: 23px; text-align: center;\">1417 mm<\/td>\n<\/tr>\n<tr style=\"height: 23px;\">\n<td style=\"width: 25%; height: 23px; text-align: center;\">N14000LCK<\/td>\n<td style=\"width: 25%; height: 23px; text-align: center;\">200 &#8211; 1400 N.m<\/td>\n<td style=\"width: 25%; height: 23px; text-align: center;\">10 N.m<\/td>\n<td style=\"width: 25%; height: 23px; text-align: center;\">1700 mm<\/td>\n<\/tr>\n<\/tbody>\n<\/table>\n","protected":false},"excerpt":{"rendered":"<blockquote><p>Capacidad de 6 a 1400 N.m<\/p><\/blockquote>\n<p>Llave dinamom\u00e9trica con desbloqueo y ajuste microm\u00e9trico, ajustable en el nonio, llave con cabeza intercambiable. Serie profesional y de alta precisi\u00f3n.<\/p>\n<p>La llave dinamom\u00e9trica LCK dispone de una liberaci\u00f3n palpable y audible para el operario cuando se alcanza el par de apriete preestablecido.<\/p>\n","protected":false},"featured_media":8458,"template":"","meta":{"_acf_changed":false,"_et_pb_use_builder":"","_et_pb_old_content":"","_et_gb_content_width":""},"product_brand":[],"product_cat":[230],"product_tag":[],"class_list":{"0":"post-8457","1":"product","2":"type-product","3":"status-publish","4":"has-post-thumbnail","6":"product_cat-llave-dinamometrica","8":"first","9":"instock","10":"shipping-taxable","11":"purchasable","12":"product-type-simple"},"acf":[],"_links":{"self":[{"href":"https:\/\/www.acrn.fr\/es\/wp-json\/wp\/v2\/product\/8457","targetHints":{"allow":["GET"]}}],"collection":[{"href":"https:\/\/www.acrn.fr\/es\/wp-json\/wp\/v2\/product"}],"about":[{"href":"https:\/\/www.acrn.fr\/es\/wp-json\/wp\/v2\/types\/product"}],"wp:featuredmedia":[{"embeddable":true,"href":"https:\/\/www.acrn.fr\/es\/wp-json\/wp\/v2\/media\/8458"}],"wp:attachment":[{"href":"https:\/\/www.acrn.fr\/es\/wp-json\/wp\/v2\/media?parent=8457"}],"wp:term":[{"taxonomy":"product_brand","embeddable":true,"href":"https:\/\/www.acrn.fr\/es\/wp-json\/wp\/v2\/product_brand?post=8457"},{"taxonomy":"product_cat","embeddable":true,"href":"https:\/\/www.acrn.fr\/es\/wp-json\/wp\/v2\/product_cat?post=8457"},{"taxonomy":"product_tag","embeddable":true,"href":"https:\/\/www.acrn.fr\/es\/wp-json\/wp\/v2\/product_tag?post=8457"}],"curies":[{"name":"wp","href":"https:\/\/api.w.org\/{rel}","templated":true}]}}