{"id":8425,"date":"2021-10-18T17:20:00","date_gmt":"2021-12-06T11:25:43","guid":{"rendered":"https:\/\/www.acrn.fr\/product\/medidor-digital-de-dureza-shore"},"modified":"2022-01-24T08:53:31","modified_gmt":"2022-01-24T07:53:31","slug":"durometro-digital-shore","status":"publish","type":"product","link":"https:\/\/www.acrn.fr\/es\/producto\/durometro-digital-shore\/","title":{"rendered":"Medidor digital de dureza Shore"},"content":{"rendered":"<p>El dur\u00f3metro digital Shore est\u00e1 especialmente recomendado para las mediciones comparativas internas. Las calibraciones normalizadas, por ejemplo, seg\u00fan la norma DIN 7619-1, a menudo no son posibles debido a las estrechas tolerancias.<\/p>\n<p><div class='content-column one_half'>Este dur\u00f3metro profesional es compatible con shore A, 0 y D para la determinaci\u00f3n de la dureza de los pl\u00e1sticos por medici\u00f3n de la penetraci\u00f3n:<\/p>\n<ul>\n<li><strong>Shore A<\/strong>:para caucho, elast\u00f3meros, neopreno, silicona, vinilo, pl\u00e1stico blando, fieltro, cuero y materiales similares;<\/li>\n<li><strong>Shore 0<\/strong>: musgos y esponjas;<\/li>\n<li><strong>Shore D<\/strong>: pl\u00e1stico, resina, resopal, epoxi, plexigl\u00e1s, etc.<\/div><\/li>\n<\/ul>\n<div class='content-column one_half last_column'><img decoding=\"async\" class=\"alignnone size-full wp-image-8433\" src=\"https:\/\/www.acrn.fr\/wp-content\/uploads\/2021\/10\/shore.png\" alt=\"\" width=\"400\" height=\"200\" srcset=\"https:\/\/www.acrn.fr\/wp-content\/uploads\/2021\/10\/shore.png 400w, https:\/\/www.acrn.fr\/wp-content\/uploads\/2021\/10\/shore-64x32.png 64w, https:\/\/www.acrn.fr\/wp-content\/uploads\/2021\/10\/shore-300x150.png 300w\" sizes=\"(max-width: 400px) 100vw, 400px\" \/><\/div><div class='clear_column'><\/div>\n<p>&nbsp;<\/p>\n<p>El dur\u00f3metro digital tiene una pantalla retroiluminada.<\/p>\n<h3>Opciones<\/h3>\n<p>El dur\u00f3metro digital puede venderse con un software de transmisi\u00f3n de datos.<\/p>\n<p>Placas de calibraci\u00f3n Shore para el control y la calibraci\u00f3n de los dur\u00f3metros Shore. La precisi\u00f3n de la medici\u00f3n aumenta considerablemente gracias al equilibrado regular.<\/p>\n<ul>\n<li>7 bloques de referencia de dureza para Shore A, tolerancia hasta \u00b1 2HA<\/li>\n<li>3 bloques de referencia de dureza para Shore D, tolerancia hasta \u00b1 2HD<\/li>\n<\/ul>\n<table style=\"border-collapse: collapse; width: 100%;\">\n<tbody>\n<tr>\n<td style=\"width: 25%;\">Modelo<\/td>\n<td style=\"width: 25%;\">Tipo de dureza<\/td>\n<td style=\"width: 25%;\">Rango de medici\u00f3n<\/td>\n<td style=\"width: 25%;\">Leer<\/td>\n<\/tr>\n<tr>\n<td style=\"width: 25%;\">Modelo 1<\/td>\n<td style=\"width: 25%;\">Shore A<\/td>\n<td style=\"width: 25%;\">100 HA<\/td>\n<td style=\"width: 25%;\">0,1 HA<\/td>\n<\/tr>\n<tr>\n<td style=\"width: 25%;\">Modelo 2<\/td>\n<td style=\"width: 25%;\">Shore 0<\/td>\n<td style=\"width: 25%;\">100 H0<\/td>\n<td style=\"width: 25%;\">0,1 H0<\/td>\n<\/tr>\n<tr>\n<td style=\"width: 25%;\">Modelo 3<\/td>\n<td style=\"width: 25%;\">Shore D<\/td>\n<td style=\"width: 25%;\">100 HD<\/td>\n<td style=\"width: 25%;\">0,1 HD<\/td>\n<\/tr>\n<\/tbody>\n<\/table>\n<div class='content-column one_half'><h4>Compatible con un banco de pruebas<\/h4>\n<p>El pr\u00e1ctico dur\u00f3metro Shore con aguja indicadora puede instalarse en un banco de pruebas de palanca. Es adecuado para la prueba de dureza shore de cuero, pl\u00e1sticos u otros materiales.<\/p>\n<p>Una placa de vidrio proporciona una gran precisi\u00f3n de medici\u00f3n gracias a la mayor dureza de la placa base de vidrio. Su dise\u00f1o robusto permite realizar movimientos de medici\u00f3n precisos. Este banco de pruebas tambi\u00e9n contiene un accesorio de nivelaci\u00f3n para la nivelaci\u00f3n exacta de la placa base, por ejemplo, para objetos de prueba no homog\u00e9neos.<\/div>\n<div class='content-column one_half last_column'><img decoding=\"async\" class=\"alignnone wp-image-8432 size-full\" src=\"https:\/\/www.acrn.fr\/wp-content\/uploads\/2021\/10\/TEsteur.png\" alt=\"\" width=\"400\" height=\"275\" srcset=\"https:\/\/www.acrn.fr\/wp-content\/uploads\/2021\/10\/TEsteur.png 400w, https:\/\/www.acrn.fr\/wp-content\/uploads\/2021\/10\/TEsteur-64x44.png 64w, https:\/\/www.acrn.fr\/wp-content\/uploads\/2021\/10\/TEsteur-300x206.png 300w\" sizes=\"(max-width: 400px) 100vw, 400px\" \/><\/div><div class='clear_column'><\/div>\n","protected":false},"excerpt":{"rendered":"<blockquote><p>Simplemente mida la dureza de sus cosm\u00e9ticos<\/p><\/blockquote>\n<p>Este dur\u00f3metro hace que la medici\u00f3n de la dureza de los pl\u00e1sticos sea sencilla y directa.<\/p>\n<p>Una punta met\u00e1lica de forma definida es presionada contra la muestra por un muelle. La profundidad de la impresi\u00f3n se utiliza entonces para determinar la dureza o suavidad del material.<\/p>\n<p>Este procedimiento se describe en la norma DIN ISO 7619-1:2012.<\/p>\n<p>Este dur\u00f3metro Shore tambi\u00e9n est\u00e1 disponible en versi\u00f3n anal\u00f3gica.<\/p>\n","protected":false},"featured_media":8252,"template":"","meta":{"_acf_changed":false,"_et_pb_use_builder":"","_et_pb_old_content":"","_et_gb_content_width":""},"product_brand":[],"product_cat":[214],"product_tag":[],"class_list":{"0":"post-8425","1":"product","2":"type-product","3":"status-publish","4":"has-post-thumbnail","6":"product_cat-probador-de-dureza","8":"first","9":"instock","10":"shipping-taxable","11":"purchasable","12":"product-type-simple"},"acf":[],"_links":{"self":[{"href":"https:\/\/www.acrn.fr\/es\/wp-json\/wp\/v2\/product\/8425","targetHints":{"allow":["GET"]}}],"collection":[{"href":"https:\/\/www.acrn.fr\/es\/wp-json\/wp\/v2\/product"}],"about":[{"href":"https:\/\/www.acrn.fr\/es\/wp-json\/wp\/v2\/types\/product"}],"wp:featuredmedia":[{"embeddable":true,"href":"https:\/\/www.acrn.fr\/es\/wp-json\/wp\/v2\/media\/8252"}],"wp:attachment":[{"href":"https:\/\/www.acrn.fr\/es\/wp-json\/wp\/v2\/media?parent=8425"}],"wp:term":[{"taxonomy":"product_brand","embeddable":true,"href":"https:\/\/www.acrn.fr\/es\/wp-json\/wp\/v2\/product_brand?post=8425"},{"taxonomy":"product_cat","embeddable":true,"href":"https:\/\/www.acrn.fr\/es\/wp-json\/wp\/v2\/product_cat?post=8425"},{"taxonomy":"product_tag","embeddable":true,"href":"https:\/\/www.acrn.fr\/es\/wp-json\/wp\/v2\/product_tag?post=8425"}],"curies":[{"name":"wp","href":"https:\/\/api.w.org\/{rel}","templated":true}]}}