{"id":8421,"date":"2021-06-14T07:15:24","date_gmt":"2021-06-14T07:15:24","guid":{"rendered":"https:\/\/www.acrn.fr\/product\/llave-dinamometrica-preajustada-modelo-rspk"},"modified":"2026-04-23T14:57:28","modified_gmt":"2026-04-23T12:57:28","slug":"llave-dinamometrica-preajustada-modelo-rspk","status":"publish","type":"product","link":"https:\/\/www.acrn.fr\/es\/producto\/llave-dinamometrica-preajustada-modelo-rspk\/","title":{"rendered":"Llave dinamom\u00e9trica preajustada modelo RSPK"},"content":{"rendered":"<h2><span style=\"color: #215876;\"><strong>\u00bfCu\u00e1ndo se debe optar por la RSPK?<\/strong><\/span><\/h2>\n<h3 class=\"font-claude-response-body break-words whitespace-normal leading-[1.7]\"><span style=\"color: #95cceb;\"><strong>Apretado en serie en la l\u00ednea de producci\u00f3n<\/strong> <\/span><\/h3>\n<p class=\"font-claude-response-body break-words whitespace-normal leading-[1.7]\">La RSPK es la herramienta ideal para el apriete repetitivo de numerosas fijaciones id\u00e9nticas (mismo tama\u00f1o, mismo par de apriete) en una l\u00ednea de montaje. El ajuste preestablecido elimina cualquier riesgo de error de configuraci\u00f3n entre dos ciclos, y el reinicio autom\u00e1tico permite mantener un ritmo de trabajo constante sin necesidad de intervenciones adicionales.<\/p>\n<h3 class=\"font-claude-response-body break-words whitespace-normal leading-[1.7]\"><span style=\"color: #95cceb;\"><strong>Acceso a zonas congestionadas<\/strong> <\/span><\/h3>\n<p class=\"font-claude-response-body break-words whitespace-normal leading-[1.7]\">El cabezal con ojo cerrado, inclinado 45\u00b0, permite acceder a los pernos en espacios donde no cabe una llave de trinquete o una llave dinamom\u00e9trica convencional. Esto supone una ventaja decisiva en ensamblajes mec\u00e1nicos compactos, carrocer\u00edas, equipos industriales compactos o instalaciones en espacios reducidos.<\/p>\n<h3 class=\"font-claude-response-body break-words whitespace-normal leading-[1.7]\"><span style=\"color: #95cceb;\"><strong>Control de calidad en la l\u00ednea de producci\u00f3n<\/strong> <\/span><\/h3>\n<p class=\"font-claude-response-body break-words whitespace-normal leading-[1.7]\">En entornos en los que se exige la trazabilidad del apriete, el RSPK ofrece una confirmaci\u00f3n sensorial clara (sonido y sensaci\u00f3n) cada vez que se realiza un apriete correcto. Es compatible con los requisitos de los planes de control de calidad que exigen un par de apriete definido.<\/p>\n<hr>\n<h2><strong><span style=\"color: #215876;\">Calibraci\u00f3n y trazabilidad<\/span><\/strong><\/h2>\n<p class=\"font-claude-response-body break-words whitespace-normal leading-[1.7]\">Cada llave dinamom\u00e9trica RSPK se entrega con un certificado de calibraci\u00f3n. La precisi\u00f3n garantizada es de \u00b13 % del valor de par preajustado, de conformidad con los requisitos de la norma ISO 6789 aplicable a las llaves dinamom\u00e9tricas de disparo.<\/p>\n<p class=\"font-claude-response-body break-words whitespace-normal leading-[1.7]\">ACRN ofrece un servicio de calibraci\u00f3n peri\u00f3dica de llaves dinamom\u00e9tricas en su laboratorio de metrolog\u00eda de Normand\u00eda. Se recomienda realizar una calibraci\u00f3n anual para mantener la trazabilidad metrol\u00f3gica exigida por los sistemas de calidad ISO 9001 y los planes de control de las l\u00edneas de producci\u00f3n.<\/p>\n<p class=\"font-claude-response-body break-words whitespace-normal leading-[1.7]\">El <a class=\"underline underline underline-offset-2 decoration-1 decoration-current\/40 hover:decoration-current focus:decoration-current\" href=\"https:\/\/www.acrn.fr\/es\/controlador-de-la-llave-dinamometrica\/\">comprobador de llaves dinamom\u00e9tricas<\/a> ACRN tambi\u00e9n permite verificar el valor de disparo de la RSPK en la l\u00ednea de producci\u00f3n, sin necesidad de enviarla al laboratorio.<\/p>\n<hr>\n<h3><\/h3>\n<h3>Ventajes del RSPK<\/h3>\n<div class='content-column one_half'><ul>\n<li style=\"list-style-type: none;\">\n<ul>\n<li><span style=\"color: #215876;\">Restablecimiento autom\u00e1tico<\/span><\/li>\n<\/ul>\n<\/li>\n<\/ul>\n<p>&nbsp;<\/p>\n<ul>\n<li style=\"list-style-type: none;\">\n<ul>\n<li><span style=\"color: #215876;\">El m\u00e1s adecuado para apretar varios elementos de fijaci\u00f3n del mismo tama\u00f1o con el mismo par de apriete en una l\u00ednea de producci\u00f3n<\/span><\/li>\n<\/ul>\n<\/li>\n<\/ul>\n<p>&nbsp;<\/p>\n<ul>\n<li style=\"list-style-type: none;\">\n<ul>\n<li><span style=\"color: #215876;\">Puede utilizarse eficazmente en espacios reducidos<\/span><\/li>\n<\/ul>\n<\/li>\n<\/ul>\n<p>&nbsp;<\/p>\n<h3>Entregado con<\/h3>\n<p>Certificado de calibraci\u00f3n<\/p><\/div>\n<div class='content-column one_half last_column'><img decoding=\"async\" class=\"alignnone wp-image-5957 size-full\" src=\"https:\/\/www.acrn.fr\/wp-content\/uploads\/2021\/06\/rspk-2.png\" alt=\"\" width=\"500\" height=\"275\" srcset=\"https:\/\/www.acrn.fr\/wp-content\/uploads\/2021\/06\/rspk-2.png 500w, https:\/\/www.acrn.fr\/wp-content\/uploads\/2021\/06\/rspk-2-480x264.png 480w\" sizes=\"(min-width: 0px) and (max-width: 480px) 480px, (min-width: 481px) 500px, 100vw\" \/><\/div><div class='clear_column'><\/div>\n<p><img decoding=\"async\" class=\"size-full wp-image-5959 aligncenter\" src=\"https:\/\/www.acrn.fr\/wp-content\/uploads\/2021\/06\/Plan-RSPK.png\" alt=\"\" width=\"600\" height=\"250\" srcset=\"https:\/\/www.acrn.fr\/wp-content\/uploads\/2021\/06\/Plan-RSPK.png 600w, https:\/\/www.acrn.fr\/wp-content\/uploads\/2021\/06\/Plan-RSPK-480x200.png 480w\" sizes=\"(min-width: 0px) and (max-width: 480px) 480px, (min-width: 481px) 600px, 100vw\" \/><\/p>\n<table style=\"border-collapse: collapse; width: 100%; height: 230px;\">\n<tbody>\n<tr style=\"height: 23px;\">\n<td style=\"width: 23.9046%; text-align: center; height: 23px;\"><strong>Modelo<\/strong><\/td>\n<td style=\"width: 26.0954%; text-align: center; height: 23px;\"><strong>Capacidad<\/strong><\/td>\n<td style=\"width: 22.5354%; height: 23px; text-align: center;\"><strong>Apertura de la horquilla (mm)<\/strong><\/td>\n<td style=\"width: 25%; text-align: center; height: 23px;\"><strong>Longitud total (mm)<\/strong><\/td>\n<\/tr>\n<tr style=\"height: 23px;\">\n<td style=\"width: 23.9046%; height: 23px; text-align: center;\">N30RSPK<\/td>\n<td style=\"width: 26.0954%; height: 23px; text-align: center;\">0.5 &#8211; 3.5 N.m<\/td>\n<td style=\"width: 22.5354%; height: 23px; text-align: center;\">5.5 \/ 6 \/ 7 \/ 8 \/ 9 \/ 10<\/td>\n<td style=\"width: 25%; height: 23px; text-align: center;\">175<\/td>\n<\/tr>\n<tr style=\"height: 23px;\">\n<td style=\"width: 23.9046%; height: 23px; text-align: center;\">N80RSPK<\/td>\n<td style=\"width: 26.0954%; height: 23px; text-align: center;\">2 &#8211; 9 N.m<\/td>\n<td style=\"width: 22.5354%; height: 23px; text-align: center;\">5.5 \/ 6 \/ 7 \/ 8 \/ 9 \/ 10 \/ 11 \/ 12<\/td>\n<td style=\"width: 25%; height: 23px; text-align: center;\">197<\/td>\n<\/tr>\n<tr style=\"height: 23px;\">\n<td style=\"width: 23.9046%; height: 23px; text-align: center;\">N190RSPK<\/td>\n<td style=\"width: 26.0954%; height: 23px; text-align: center;\">4 &#8211; 21 N.m<\/td>\n<td style=\"width: 22.5354%; height: 23px; text-align: center;\">10 \/ 11 \/ 12 \/ 13 \/ 14 \/ 17 \/ 19 \/ 22<\/td>\n<td style=\"width: 25%; height: 23px; text-align: center;\">222 \/ 225 \/ 228<\/td>\n<\/tr>\n<tr style=\"height: 23px;\">\n<td style=\"width: 23.9046%; height: 23px; text-align: center;\">N380RSPK<\/td>\n<td style=\"width: 26.0954%; height: 23px; text-align: center;\">9 &#8211; 42 N.m<\/td>\n<td style=\"width: 22.5354%; height: 23px; text-align: center;\">11 \/ 12 \/ 13 \/ 14 \/ 17 \/ 19 \/ 22<\/td>\n<td style=\"width: 25%; height: 23px; text-align: center;\">268 \/ 273<\/td>\n<\/tr>\n<tr style=\"height: 23px;\">\n<td style=\"width: 23.9046%; height: 23px; text-align: center;\">N670RSPK<\/td>\n<td style=\"width: 26.0954%; height: 23px; text-align: center;\">14 &#8211; 73 N.m<\/td>\n<td style=\"width: 22.5354%; height: 23px; text-align: center;\">14 \/ 17 \/ 19 \/ 22 \/ 24 \/ 27 \/ 30 \/ 32<\/td>\n<td style=\"width: 25%; height: 23px; text-align: center;\">343 \/ 348 \/ 353<\/td>\n<\/tr>\n<tr style=\"height: 23px;\">\n<td style=\"width: 23.9046%; height: 23px; text-align: center;\">N1200RSPK<\/td>\n<td style=\"width: 26.0954%; height: 23px; text-align: center;\">25 &#8211; 127 N.m<\/td>\n<td style=\"width: 22.5354%; height: 23px; text-align: center;\">19 \/ 22 \/ 24 \/ 27 \/ 30 \/ 32 \/ 36<\/td>\n<td style=\"width: 25%; height: 23px; text-align: center;\">413 \/ 415 \/ 428 \/ 437<\/td>\n<\/tr>\n<tr style=\"height: 23px;\">\n<td style=\"width: 23.9046%; height: 23px; text-align: center;\">N1600RSPK<\/td>\n<td style=\"width: 26.0954%; height: 23px; text-align: center;\">32 &#8211; 170 N.m<\/td>\n<td style=\"width: 22.5354%; height: 23px; text-align: center;\">19 \/ 22 \/ 24 \/ 27 \/ 30 \/ 32<\/td>\n<td style=\"width: 25%; height: 23px; text-align: center;\">470 \/ 474<\/td>\n<\/tr>\n<tr style=\"height: 23px;\">\n<td style=\"width: 23.9046%; height: 23px; text-align: center;\">N2200RSPK<\/td>\n<td style=\"width: 26.0954%; height: 23px; text-align: center;\">48 &#8211; 230 N.m<\/td>\n<td style=\"width: 22.5354%; height: 23px; text-align: center;\">19 \/ 22 \/ 24 \/ 27 \/ 30 \/ 32 \/ 36 \/ 41<\/td>\n<td style=\"width: 25%; height: 23px; text-align: center;\">605 \/ 608 \/ 610 \/ 612<\/td>\n<\/tr>\n<tr style=\"height: 23px;\">\n<td style=\"width: 23.9046%; height: 23px; text-align: center;\">N3100RSPK<\/td>\n<td style=\"width: 26.0954%; height: 23px; text-align: center;\">68 &#8211; 320 N.m<\/td>\n<td style=\"width: 22.5354%; height: 23px; text-align: center;\">22 \/ 24\/ 27 \/ 30 \/ 32 \/ 36 \/ 41<\/td>\n<td style=\"width: 25%; height: 23px; text-align: center;\">682 \/ 685 \/ 688<\/td>\n<\/tr>\n<tr>\n<td style=\"width: 23.9046%; text-align: center;\">N4200RSPK<\/td>\n<td style=\"width: 26.0954%; text-align: center;\">95 &#8211; 430 N.m<\/td>\n<td style=\"width: 22.5354%; text-align: center;\">27 \/ 30 \/ 32 \/ 36 \/ 41 \/ 46<\/td>\n<td style=\"width: 25%; text-align: center;\">880 \/ 885 \/ 890 \/ 895<\/td>\n<\/tr>\n<\/tbody>\n<\/table>\n<hr>\n<p>&nbsp;<\/p>\n<p class=\"font-claude-response-body break-words whitespace-normal leading-[1.7]\"><strong>Otras llaves y herramientas para medir el par:<\/strong><\/p>\n<ul class=\"[li_&amp;]:mb-0 [li_&amp;]:mt-1 [li_&amp;]:gap-1 [&amp;:not(:last-child)_ul]:pb-1 [&amp;:not(:last-child)_ol]:pb-1 list-disc flex flex-col gap-1 pl-8 mb-3\">\n<li class=\"whitespace-normal break-words pl-2\"><strong><a class=\"underline underline underline-offset-2 decoration-1 decoration-current\/40 hover:decoration-current focus:decoration-current\" href=\"https:\/\/www.acrn.fr\/es\/controlador-de-la-llave-dinamometrica\/\">El comprobador de llaves dinamom\u00e9trica<\/a><\/strong>\u2014 para comprobar el valor de activaci\u00f3n de sus claves RSPK en producci\u00f3n.<\/li>\n<li class=\"whitespace-normal break-words pl-2\">Nuestro <strong><a class=\"underline underline underline-offset-2 decoration-1 decoration-current\/40 hover:decoration-current focus:decoration-current\" href=\"https:\/\/www.acrn.fr\/es\/calibracion-y-metrologia\/\">servicio de calibraci\u00f3n<\/a><\/strong> \u2014 Calibraci\u00f3n de llaves dinamom\u00e9tricas con certificado adjunto.<\/li>\n<li class=\"whitespace-normal break-words pl-2\">La gama <strong><a class=\"underline underline underline-offset-2 decoration-1 decoration-current\/40 hover:decoration-current focus:decoration-current\" href=\"https:\/\/www.acrn.fr\/es\/torquimetro\/\">de medidores de par y dinam\u00f3metros<\/a><\/strong> \u2014 pour les applications n\u00e9cessitant une mesure affich\u00e9e du couple plut\u00f4t qu&#8217;un d\u00e9clenchement pr\u00e9r\u00e9gl\u00e9.<\/li>\n<\/ul>\n","protected":false},"excerpt":{"rendered":"<blockquote><p>Llave dinamom\u00e9trica con desbloqueo preestablecido<\/p><\/blockquote>\n<p class=\"font-claude-response-body break-words whitespace-normal leading-[1.7]\">La llave dinamom\u00e9trica RSPK es una llave de disparo preajustado equipada con un cabezal de ojo cerrado con un \u00e1ngulo de 45\u00b0. Esta geometr\u00eda especial le permite acceder a pernos situados en zonas estrechas o con poco espacio, a las que no se puede llegar con una llave dinamom\u00e9trica de cabeza est\u00e1ndar o una llave plana.<\/p>\n<p class=\"font-claude-response-body break-words whitespace-normal leading-[1.7]\">El valor del par se preajusta de f\u00e1brica o por el usuario para una combinaci\u00f3n fija de tama\u00f1o de fijaci\u00f3n y par de apriete. Cuando se alcanza el par preestablecido, el disparo es tanto perceptible al tacto como audible, lo que confirma al operador de forma instant\u00e1nea que el apriete es correcto, sin necesidad de realizar comprobaciones adicionales. El rearme es autom\u00e1tico tras cada disparo.<\/p>\n<p class=\"font-claude-response-body break-words whitespace-normal leading-[1.7]\">La gama RSPK abarca un rango de par de 0,5 a 430 N\u00b7m, con 10 modelos disponibles y una amplia variedad de aberturas de horquilla (de 5,5 a 65 mm). Est\u00e1 disponible con mango met\u00e1lico est\u00e1ndar o con empu\u00f1adura de goma (modelo RSPKH) para mayor comodidad en un uso intensivo.<\/p>\n","protected":false},"featured_media":8422,"template":"","meta":{"_acf_changed":false,"_et_pb_use_builder":"","_et_pb_old_content":"","_et_gb_content_width":""},"product_brand":[],"product_cat":[230],"product_tag":[],"class_list":{"0":"post-8421","1":"product","2":"type-product","3":"status-publish","4":"has-post-thumbnail","6":"product_cat-llave-dinamometrica","8":"first","9":"instock","10":"shipping-taxable","11":"purchasable","12":"product-type-simple"},"acf":[],"_links":{"self":[{"href":"https:\/\/www.acrn.fr\/es\/wp-json\/wp\/v2\/product\/8421","targetHints":{"allow":["GET"]}}],"collection":[{"href":"https:\/\/www.acrn.fr\/es\/wp-json\/wp\/v2\/product"}],"about":[{"href":"https:\/\/www.acrn.fr\/es\/wp-json\/wp\/v2\/types\/product"}],"wp:featuredmedia":[{"embeddable":true,"href":"https:\/\/www.acrn.fr\/es\/wp-json\/wp\/v2\/media\/8422"}],"wp:attachment":[{"href":"https:\/\/www.acrn.fr\/es\/wp-json\/wp\/v2\/media?parent=8421"}],"wp:term":[{"taxonomy":"product_brand","embeddable":true,"href":"https:\/\/www.acrn.fr\/es\/wp-json\/wp\/v2\/product_brand?post=8421"},{"taxonomy":"product_cat","embeddable":true,"href":"https:\/\/www.acrn.fr\/es\/wp-json\/wp\/v2\/product_cat?post=8421"},{"taxonomy":"product_tag","embeddable":true,"href":"https:\/\/www.acrn.fr\/es\/wp-json\/wp\/v2\/product_tag?post=8421"}],"curies":[{"name":"wp","href":"https:\/\/api.w.org\/{rel}","templated":true}]}}