{"id":8393,"date":"2021-06-01T13:08:14","date_gmt":"2021-06-01T13:08:14","guid":{"rendered":"https:\/\/www.acrn.fr\/product\/destornillador-dinamometrico-ltdk"},"modified":"2026-01-21T15:44:51","modified_gmt":"2026-01-21T14:44:51","slug":"destornilladores-dinamometricos-ltdk","status":"publish","type":"product","link":"https:\/\/www.acrn.fr\/es\/producto\/destornilladores-dinamometricos-ltdk\/","title":{"rendered":"Destornillador dinamom\u00e9trico LTDK"},"content":{"rendered":"<div class='content-column one_half'><\/div>\n<h3>Ventajes del LTDK<\/h3>\n<div class='content-column one_half'><\/div>\n<ul>\n<li style=\"list-style-type: none;\">\n<ul>\n<li><span style=\"color: #215876;\"><span style=\"color: #215876;\">Agarre c\u00f3modo para un uso prolongado<\/span><\/span><\/li>\n<\/ul>\n<\/li>\n<\/ul>\n<p>&nbsp;<\/p>\n<ul>\n<li style=\"list-style-type: none;\">\n<ul>\n<li><span style=\"color: #215876;\"><span style=\"color: #215876;\">Su peso ligero y su longitud total facilitan el trabajo<\/span><\/span><\/li>\n<\/ul>\n<\/li>\n<\/ul>\n<p>&nbsp;<\/p>\n<ul>\n<li style=\"list-style-type: none;\">\n<ul>\n<li><span style=\"color: #215876;\"><span style=\"color: #215876;\">La liberaci\u00f3n sensible del embrague permite al operador sentir cuando se alcanza el par de torsi\u00f3n<\/span><\/span><\/li>\n<\/ul>\n<\/li>\n<\/ul>\n<p>&nbsp;<\/p>\n<ul>\n<li style=\"list-style-type: none;\">\n<ul>\n<li><span style=\"color: #215876;\"><span style=\"color: #215876;\">Se incluyen dos puntas Phillips<\/span><\/span><\/li>\n<\/ul>\n<\/li>\n<\/ul>\n<p>&nbsp;<\/p>\n<ul>\n<li style=\"list-style-type: none;\">\n<ul>\n<li><span style=\"color: #215876;\"><span style=\"color: #215876;\">Se utiliza para apretar en el sentido de las agujas del reloj y en sentido contrario<\/span><\/span><\/li>\n<\/ul>\n<\/li>\n<\/ul>\n<p>&nbsp;<\/p>\n<ul>\n<li style=\"list-style-type: none;\">\n<ul>\n<li><span style=\"color: #215876;\"><span style=\"color: #215876;\">Precisi\u00f3n: \u00b1 3% del valor indicado en todo el rango, en el sentido de las agujas del reloj.<\/span><\/span><\/li>\n<\/ul>\n<\/li>\n<\/ul>\n<p>&nbsp;<\/p>\n<ul>\n<li style=\"list-style-type: none;\">\n<ul>\n<li><span style=\"color: #215876;\"><span style=\"color: #215876;\">Los modelos \u00abH\u00bb aceptan brocas est\u00e1ndar en lugar de brocas CB<\/span><\/span><\/li>\n<\/ul>\n<\/li>\n<\/ul>\n<p>&nbsp;<\/p>\n<p>&nbsp;<\/p>\n<p>[\/]<\/p>\n<div class='content-column one_half last_column'><img decoding=\"async\" class=\"alignnone wp-image-5503 size-full\" src=\"https:\/\/www.acrn.fr\/wp-content\/uploads\/2021\/06\/ltdk-3.png\" alt=\"LTDK-3\" width=\"600\" height=\"600\" srcset=\"https:\/\/www.acrn.fr\/wp-content\/uploads\/2021\/06\/ltdk-3.png 600w, https:\/\/www.acrn.fr\/wp-content\/uploads\/2021\/06\/ltdk-3-480x480.png 480w\" sizes=\"(min-width: 0px) and (max-width: 480px) 480px, (min-width: 481px) 600px, 100vw\" \/><\/div><div class='clear_column'><\/div>\n<h3>Opciones<\/h3>\n<table style=\"border-collapse: collapse; width: 100%; height: 23px;\">\n<tbody>\n<tr style=\"height: 23px;\">\n<td style=\"width: 100%; height: 23px;\">Hay disponibles varias brocas hexagonales y de caja<\/td>\n<\/tr>\n<tr>\n<td style=\"width: 100%;\">Disponible en sistema m\u00e9trico<\/td>\n<\/tr>\n<tr>\n<td style=\"width: 100%;\">Toma hexagonal de \u00bc\u00bb para los modelos N1.5 LTDK y N3 LTDK<\/td>\n<\/tr>\n<\/tbody>\n<\/table>\n<p><img decoding=\"async\" class=\"aligncenter wp-image-5496 size-full\" src=\"https:\/\/www.acrn.fr\/wp-content\/uploads\/2021\/06\/LTDK-fr-1.png\" alt=\"esquema\" width=\"500\" height=\"200\" srcset=\"https:\/\/www.acrn.fr\/wp-content\/uploads\/2021\/06\/LTDK-fr-1.png 500w, https:\/\/www.acrn.fr\/wp-content\/uploads\/2021\/06\/LTDK-fr-1-480x192.png 480w\" sizes=\"(min-width: 0px) and (max-width: 480px) 480px, (min-width: 481px) 500px, 100vw\" \/><\/p>\n<table style=\"border-collapse: collapse; width: 100%;\">\n<tbody>\n<tr>\n<td style=\"width: 25%; text-align: center;\"><strong>Modelo<\/strong><\/td>\n<td style=\"width: 25%; text-align: center;\"><strong>Capacidad<\/strong><\/td>\n<td style=\"width: 25%; text-align: center;\"><strong>Graduaci\u00f3n<\/strong><\/td>\n<td style=\"width: 25%; text-align: center;\"><strong>Longitud<\/strong><\/td>\n<\/tr>\n<tr>\n<td style=\"width: 25%; text-align: center;\">N1.5 LTDK<\/td>\n<td style=\"width: 25%; text-align: center;\">1 &#8211; 15 cN.m<\/td>\n<td style=\"width: 25%; text-align: center;\">0.1 cN.m<\/td>\n<td style=\"width: 25%; text-align: center;\">96 mm<\/td>\n<\/tr>\n<tr>\n<td style=\"width: 25%; text-align: center;\">N3 LTDK<\/td>\n<td style=\"width: 25%; text-align: center;\">2 &#8211; 30 cN.m<\/td>\n<td style=\"width: 25%; text-align: center;\">0.2 cN.m<\/td>\n<td style=\"width: 25%; text-align: center;\">96 mm<\/td>\n<\/tr>\n<tr>\n<td style=\"width: 25%; text-align: center;\">N6 LTDK<\/td>\n<td style=\"width: 25%; text-align: center;\">5 &#8211; 60 cN.m<\/td>\n<td style=\"width: 25%; text-align: center;\">0.5 cN.m<\/td>\n<td style=\"width: 25%; text-align: center;\">110 mm<\/td>\n<\/tr>\n<tr>\n<td style=\"width: 25%; text-align: center;\">N12 LTDK<\/td>\n<td style=\"width: 25%; text-align: center;\">20 &#8211; 120 cN.m<\/td>\n<td style=\"width: 25%; text-align: center;\">1 cN.m<\/td>\n<td style=\"width: 25%; text-align: center;\">160 mm<\/td>\n<\/tr>\n<tr>\n<td style=\"width: 25%; text-align: center;\">N20 LTDK<\/td>\n<td style=\"width: 25%; text-align: center;\">40 &#8211; 200 cN.m<\/td>\n<td style=\"width: 25%; text-align: center;\">1 cN.m<\/td>\n<td style=\"width: 25%; text-align: center;\">160 mm<\/td>\n<\/tr>\n<tr>\n<td style=\"width: 25%; text-align: center;\">N30 LTDK<\/td>\n<td style=\"width: 25%; text-align: center;\">40 &#8211; 300 cN.m<\/td>\n<td style=\"width: 25%; text-align: center;\">1 cN.m<\/td>\n<td style=\"width: 25%; text-align: center;\">160 mm<\/td>\n<\/tr>\n<tr>\n<td style=\"width: 25%; text-align: center;\">N50 LTDK<\/td>\n<td style=\"width: 25%; text-align: center;\">100 &#8211; 500 cN.m<\/td>\n<td style=\"width: 25%; text-align: center;\">2.5 cN.m<\/td>\n<td style=\"width: 25%; text-align: center;\">200 mm<\/td>\n<\/tr>\n<tr>\n<td style=\"width: 25%; text-align: center;\">N100 LTDK<\/td>\n<td style=\"width: 25%; text-align: center;\">2 -10 N.m<\/td>\n<td style=\"width: 25%; text-align: center;\">0.05 mm<\/td>\n<td style=\"width: 25%; text-align: center;\">235 mm<\/td>\n<\/tr>\n<\/tbody>\n<\/table>\n<h3>Entregado con<\/h3>\n<p>Certificado de calibraci\u00f3n<\/p>\n","protected":false},"excerpt":{"rendered":"<blockquote><p>Atornille al par seleccionado<br \/>\nCapacidad de 0,15 a 10 N.m<\/p><\/blockquote>\n<p>El destornillador LTDK es ideal para apretar peque\u00f1os tornillos en serie. El par de apriete deseado puede ajustarse con precisi\u00f3n y facilidad en la escala microm\u00e9trica exterior.<\/p>\n<p>El destornillador LTDK es de ajuste microm\u00e9trico y totalmente liberable.<\/p>\n","protected":false},"featured_media":8394,"template":"","meta":{"_acf_changed":false,"_et_pb_use_builder":"","_et_pb_old_content":"","_et_gb_content_width":""},"product_brand":[],"product_cat":[233],"product_tag":[],"class_list":{"0":"post-8393","1":"product","2":"type-product","3":"status-publish","4":"has-post-thumbnail","6":"product_cat-destornilladores-dinamometricos","8":"first","9":"instock","10":"shipping-taxable","11":"purchasable","12":"product-type-simple"},"acf":[],"_links":{"self":[{"href":"https:\/\/www.acrn.fr\/es\/wp-json\/wp\/v2\/product\/8393","targetHints":{"allow":["GET"]}}],"collection":[{"href":"https:\/\/www.acrn.fr\/es\/wp-json\/wp\/v2\/product"}],"about":[{"href":"https:\/\/www.acrn.fr\/es\/wp-json\/wp\/v2\/types\/product"}],"wp:featuredmedia":[{"embeddable":true,"href":"https:\/\/www.acrn.fr\/es\/wp-json\/wp\/v2\/media\/8394"}],"wp:attachment":[{"href":"https:\/\/www.acrn.fr\/es\/wp-json\/wp\/v2\/media?parent=8393"}],"wp:term":[{"taxonomy":"product_brand","embeddable":true,"href":"https:\/\/www.acrn.fr\/es\/wp-json\/wp\/v2\/product_brand?post=8393"},{"taxonomy":"product_cat","embeddable":true,"href":"https:\/\/www.acrn.fr\/es\/wp-json\/wp\/v2\/product_cat?post=8393"},{"taxonomy":"product_tag","embeddable":true,"href":"https:\/\/www.acrn.fr\/es\/wp-json\/wp\/v2\/product_tag?post=8393"}],"curies":[{"name":"wp","href":"https:\/\/api.w.org\/{rel}","templated":true}]}}