{"id":8386,"date":"2021-06-17T11:03:51","date_gmt":"2021-12-06T09:57:30","guid":{"rendered":"https:\/\/www.acrn.fr\/product\/destornillador-dinamometrico-stdk"},"modified":"2025-01-16T11:54:23","modified_gmt":"2025-01-16T10:54:23","slug":"dynamometer-driver-stdk","status":"publish","type":"product","link":"https:\/\/www.acrn.fr\/es\/producto\/dynamometer-driver-stdk\/","title":{"rendered":"Destornillador dinamom\u00e9trico STDK"},"content":{"rendered":"<h3>Ventajes del STDK:<\/h3>\n<div class='content-column one_half'><ul>\n<li style=\"list-style-type: none;\">\n<ul>\n<li><span style=\"color: #215876;\"><span style=\"color: #215876;\">La mejor soluci\u00f3n para apretar varias fijaciones del mismo tama\u00f1o al mismo par en una l\u00ednea de producci\u00f3n<\/span><\/span><\/li>\n<\/ul>\n<\/li>\n<\/ul>\n<p>&nbsp;<\/p>\n<ul>\n<li style=\"list-style-type: none;\">\n<ul>\n<li><span style=\"color: #215876;\"><span style=\"color: #215876;\">No es necesaria la confirmaci\u00f3n de la configuraci\u00f3n<\/span><\/span><\/li>\n<\/ul>\n<\/li>\n<\/ul>\n<p>&nbsp;<\/p>\n<ul>\n<li style=\"list-style-type: none;\">\n<ul>\n<li><span style=\"color: #215876;\"><span style=\"color: #215876;\">Peso ligero y longitud total corta para facilitar el trabajo<\/span><\/span><\/li>\n<\/ul>\n<\/li>\n<\/ul>\n<p>&nbsp;<\/p>\n<ul>\n<li style=\"list-style-type: none;\">\n<ul>\n<li><span style=\"color: #215876;\"><span style=\"color: #215876;\">Dos puntas Phillips incluidas<\/span><\/span><\/li>\n<\/ul>\n<\/li>\n<\/ul>\n<p>&nbsp;<\/p><\/div>\n<div class='content-column one_half last_column'><img decoding=\"async\" class=\"alignnone size-full wp-image-6783\" src=\"https:\/\/www.acrn.fr\/wp-content\/uploads\/2021\/06\/stdk.png\" alt=\"stdk\" width=\"500\" height=\"200\" srcset=\"https:\/\/www.acrn.fr\/wp-content\/uploads\/2021\/06\/stdk.png 500w, https:\/\/www.acrn.fr\/wp-content\/uploads\/2021\/06\/stdk-480x192.png 480w\" sizes=\"(min-width: 0px) and (max-width: 480px) 480px, (min-width: 481px) 500px, 100vw\" \/><\/div><div class='clear_column'><\/div>\n<h3>Opciones<\/h3>\n<table style=\"border-collapse: collapse; width: 100%;\">\n<tbody>\n<tr>\n<td style=\"width: 100%;\">Varias puntas de destornillador, hexagonales, &#8230;<\/td>\n<\/tr>\n<\/tbody>\n<\/table>\n<p><img decoding=\"async\" class=\"size-full wp-image-6381 aligncenter\" src=\"https:\/\/www.acrn.fr\/wp-content\/uploads\/2021\/06\/plan-stdk.png\" alt=\"plan-stdk\" width=\"600\" height=\"250\" srcset=\"https:\/\/www.acrn.fr\/wp-content\/uploads\/2021\/06\/plan-stdk.png 600w, https:\/\/www.acrn.fr\/wp-content\/uploads\/2021\/06\/plan-stdk-480x200.png 480w\" sizes=\"(min-width: 0px) and (max-width: 480px) 480px, (min-width: 481px) 600px, 100vw\" \/><\/p>\n<table style=\"border-collapse: collapse; width: 100%; height: 207px;\">\n<tbody>\n<tr style=\"height: 23px;\">\n<td style=\"width: 25%; text-align: center; height: 23px;\"><strong>Modelo<\/strong><\/td>\n<td style=\"width: 25%; text-align: center; height: 23px;\"><strong>Capacidad<\/strong><\/td>\n<td style=\"width: 25%; text-align: center; height: 23px;\"><strong>Di\u00e1metro del asa <\/strong><\/td>\n<td style=\"width: 25%; text-align: center; height: 23px;\"><strong>Longitud total (sin tapa)<\/strong><\/td>\n<\/tr>\n<tr style=\"height: 23px;\">\n<td style=\"width: 25%; height: 23px;\">N1.5 STDK<\/td>\n<td style=\"width: 25%; height: 23px;\">1 &#8211; 15 cN.m<\/td>\n<td style=\"width: 25%; height: 23px;\">16 mm<\/td>\n<td style=\"width: 25%; height: 23px;\">92 mm<\/td>\n<\/tr>\n<tr style=\"height: 23px;\">\n<td style=\"width: 25%; height: 23px;\">N3 STDK<\/td>\n<td style=\"width: 25%; height: 23px;\">2 &#8211; 30 cN.m<\/td>\n<td style=\"width: 25%; height: 23px;\">16 mm<\/td>\n<td style=\"width: 25%; height: 23px;\">92 mm<\/td>\n<\/tr>\n<tr style=\"height: 23px;\">\n<td style=\"width: 25%; height: 23px;\">N6STDK<\/td>\n<td style=\"width: 25%; height: 23px;\">10 &#8211; 60 cN.m<\/td>\n<td style=\"width: 25%; height: 23px;\">25 mm<\/td>\n<td style=\"width: 25%; height: 23px;\">103 mm<\/td>\n<\/tr>\n<tr style=\"height: 23px;\">\n<td style=\"width: 25%; height: 23px;\">N12STDK<\/td>\n<td style=\"width: 25%; height: 23px;\">20 &#8211; 120 cN.m<\/td>\n<td style=\"width: 25%; height: 23px;\">30 mm<\/td>\n<td style=\"width: 25%; height: 23px;\">116 mm<\/td>\n<\/tr>\n<tr style=\"height: 23px;\">\n<td style=\"width: 25%; height: 23px;\">N20STDK<\/td>\n<td style=\"width: 25%; height: 23px;\">40 &#8211; 200 cN.m<\/td>\n<td style=\"width: 25%; height: 23px;\">30 mm<\/td>\n<td style=\"width: 25%; height: 23px;\">111 mm<\/td>\n<\/tr>\n<tr style=\"height: 23px;\">\n<td style=\"width: 25%; height: 23px;\">N30STDK<\/td>\n<td style=\"width: 25%; height: 23px;\">40 &#8211; 300 cN.m<\/td>\n<td style=\"width: 25%; height: 23px;\">35 mm<\/td>\n<td style=\"width: 25%; height: 23px;\">117 mm<\/td>\n<\/tr>\n<tr style=\"height: 23px;\">\n<td style=\"width: 25%; height: 23px;\">N50STDK<\/td>\n<td style=\"width: 25%; height: 23px;\">100 &#8211; 500 cN.m<\/td>\n<td style=\"width: 25%; height: 23px;\">35 mm<\/td>\n<td style=\"width: 25%; height: 23px;\">126 mm<\/td>\n<\/tr>\n<tr style=\"height: 23px;\">\n<td style=\"width: 25%; height: 23px;\">N100STDK<\/td>\n<td style=\"width: 25%; height: 23px;\">4 &#8211; 10 N.m<\/td>\n<td style=\"width: 25%; height: 23px;\">45 mm<\/td>\n<td style=\"width: 25%; height: 23px;\">248 mm<\/td>\n<\/tr>\n<\/tbody>\n<\/table>\n","protected":false},"excerpt":{"rendered":"<blockquote><p>Un destornillador de una sola funci\u00f3n, utilizado para un solo ajuste de par.<br \/>\nCapacidad de 0,15 a 10 N.m<\/p><\/blockquote>\n<p>El destornillador STDK es ideal para apretar tornillos en serie.<\/p>\n","protected":false},"featured_media":8387,"template":"","meta":{"_acf_changed":false,"_et_pb_use_builder":"","_et_pb_old_content":"","_et_gb_content_width":""},"product_brand":[],"product_cat":[233],"product_tag":[],"class_list":{"0":"post-8386","1":"product","2":"type-product","3":"status-publish","4":"has-post-thumbnail","6":"product_cat-destornilladores-dinamometricos","8":"first","9":"instock","10":"shipping-taxable","11":"purchasable","12":"product-type-simple"},"acf":[],"_links":{"self":[{"href":"https:\/\/www.acrn.fr\/es\/wp-json\/wp\/v2\/product\/8386","targetHints":{"allow":["GET"]}}],"collection":[{"href":"https:\/\/www.acrn.fr\/es\/wp-json\/wp\/v2\/product"}],"about":[{"href":"https:\/\/www.acrn.fr\/es\/wp-json\/wp\/v2\/types\/product"}],"wp:featuredmedia":[{"embeddable":true,"href":"https:\/\/www.acrn.fr\/es\/wp-json\/wp\/v2\/media\/8387"}],"wp:attachment":[{"href":"https:\/\/www.acrn.fr\/es\/wp-json\/wp\/v2\/media?parent=8386"}],"wp:term":[{"taxonomy":"product_brand","embeddable":true,"href":"https:\/\/www.acrn.fr\/es\/wp-json\/wp\/v2\/product_brand?post=8386"},{"taxonomy":"product_cat","embeddable":true,"href":"https:\/\/www.acrn.fr\/es\/wp-json\/wp\/v2\/product_cat?post=8386"},{"taxonomy":"product_tag","embeddable":true,"href":"https:\/\/www.acrn.fr\/es\/wp-json\/wp\/v2\/product_tag?post=8386"}],"curies":[{"name":"wp","href":"https:\/\/api.w.org\/{rel}","templated":true}]}}