{"id":8323,"date":"2021-10-05T16:38:06","date_gmt":"2021-12-02T12:51:26","guid":{"rendered":"https:\/\/www.acrn.fr\/product\/torquimetro-automatico-vortex-i"},"modified":"2025-07-07T17:08:31","modified_gmt":"2025-07-07T15:08:31","slug":"torquimetro-automatico-vortex-i","status":"publish","type":"product","link":"https:\/\/www.acrn.fr\/es\/producto\/torquimetro-automatico-vortex-i\/","title":{"rendered":"Torqu\u00edmetro autom\u00e1tico Mecmesin Vortex-I"},"content":{"rendered":"<p>El vortex-i es una soluci\u00f3n sencilla y eficaz para simular sus aplicaciones de par cotidianas en muchos sectores.<\/p>\n<p>Un robusto bastidor de dos postes capaz de aplicar un par de torsi\u00f3n de hasta 10 N.m (90 lbf.in).<\/p>\n<p>Lo suficientemente grandes y anchas como para aceptar una variedad de muestras de ensayo, pero lo suficientemente compactas como para ser utilizadas como equipo de laboratorio.<br \/>\n<div class='content-column one_half'><h3>Ventajas del Vortex-I<\/h3>\n<h4><span style=\"color: #d64914;\">Placa de agarre<\/span><\/h4>\n<p><span style=\"color: #215876;\">Vers\u00e1til (opcional) totalmente ajustable para posicionar y asegurar una amplia gama de muestras. Tambi\u00e9n se pueden solicitar accesorios personalizados.<\/span><\/p>\n<h4><span style=\"color: #d64914;\">Funci\u00f3n de carga axial<\/span><\/h4>\n<p><span style=\"color: #215876;\">Para aplicar una carga fija mientras se realizan las pruebas de par. Ideal para probar los cierres a prueba de ni\u00f1os (CRC).<\/span><\/p>\n<h4><span style=\"color: #d64914;\">Dise\u00f1o robusto<\/span><\/h4>\n<p><span style=\"color: #215876;\">Base robusta e impermeable, ideal para su uso en entornos de producci\u00f3n y de laboratorio. Dise\u00f1ado en un entorno controlado con la marca CE para cumplir las normas europeas de seguridad y protecci\u00f3n del medio ambiente.<\/span><\/p>\n<h4><span style=\"color: #d64914;\">Direcci\u00f3n de la pareja<\/span><\/h4>\n<p><span style=\"color: #215876;\">O mover el motor en modo manual.<\/span><\/p>\n<h4><span style=\"color: #d64914;\">Bot\u00f3n de parada de emergencia<\/span><\/h4>\n<p><span style=\"color: #215876;\">Para la seguridad y la conformidad CE.<\/span><\/p>\n<h4><span style=\"color: #d64914;\">LED de indicaci\u00f3n de alimentaci\u00f3n<\/span><\/h4>\n<p><span style=\"color: #215876;\">Fusible y bot\u00f3n de arranque\/parada en la parte trasera de la m\u00e1quina.<\/span><\/div><\/p>\n<div class='content-column one_half last_column'><img decoding=\"async\" class=\"alignnone size-full wp-image-7367\" src=\"https:\/\/www.acrn.fr\/wp-content\/uploads\/2021\/10\/Sans-titre-1.png\" alt=\"vortex-i\" width=\"500\" height=\"600\" srcset=\"https:\/\/www.acrn.fr\/wp-content\/uploads\/2021\/10\/Sans-titre-1.png 500w, https:\/\/www.acrn.fr\/wp-content\/uploads\/2021\/10\/Sans-titre-1-480x576.png 480w\" sizes=\"(min-width: 0px) and (max-width: 480px) 480px, (min-width: 481px) 500px, 100vw\" \/><\/div><div class='clear_column'><\/div>\n<p>&nbsp;<\/p>\n<p>&nbsp;<\/p>\n<div class='content-column one_half'><img decoding=\"async\" class=\"alignnone size-full wp-image-7365\" src=\"https:\/\/www.acrn.fr\/wp-content\/uploads\/2021\/10\/Emperor-2.png\" alt=\"\" width=\"500\" height=\"250\" srcset=\"https:\/\/www.acrn.fr\/wp-content\/uploads\/2021\/10\/Emperor-2.png 500w, https:\/\/www.acrn.fr\/wp-content\/uploads\/2021\/10\/Emperor-2-480x240.png 480w\" sizes=\"(min-width: 0px) and (max-width: 480px) 480px, (min-width: 481px) 500px, 100vw\" \/><\/div>\n<h3>Software Emperor<\/h3>\n<div class='content-column one_half last_column'>El software Emperor est\u00e1 dise\u00f1ado para trabajar con bancos de tracci\u00f3n\/compresi\u00f3n. Es adecuado para su uso en laboratorios y f\u00e1bricas. Tiene 2 modos de funcionamiento:<\/p>\n<ul>\n<li>Un modo de consola, que permite crear programas sencillos y controlar el aparato con un m\u00ednimo de botones. Existen varias pruebas pregrabadas. Este modo es adecuado para el uso en f\u00e1brica.<\/li>\n<li>Un modo de prueba programada m\u00e1s completo para impulsar a\u00fan m\u00e1s las capacidades de los bancos de pruebas.<\/li>\n<\/ul><\/div><div class='clear_column'><\/div>\n<div class='content-column one_half'><h4><span style=\"color: #d64914;\">Crear<\/span><\/h4>\n<ul>\n<li>Interfaz de usuario intuitiva<\/li>\n<li>Construcci\u00f3n paso a paso de rutinas de prueba<\/li>\n<li>Selecci\u00f3n con un solo clic de los procedimientos de prueba preferidos<\/li>\n<\/ul>\n<h4><span style=\"color: #d64914;\">Pruebar<\/span><\/h4>\n<ul>\n<li>Gr\u00e1ficos en tiempo real<\/li>\n<li>Visualizaci\u00f3n de los valores medidos y calculados<\/li>\n<li>Indicaci\u00f3n clara y precisa de la conformidad (aprobado\/reprobado)<\/li>\n<\/ul>\n<h4><span style=\"color: #d64914;\">Informes<\/span><\/h4>\n<ul>\n<li>Modelos est\u00e1ndar y personalizables<\/li>\n<li>Imprimir los resultados en formato Adobe PDF<\/li>\n<li>Exportaci\u00f3n de resultados a Excel y SPC<\/li>\n<\/ul><\/div>\n<div class='content-column one_half last_column'><img decoding=\"async\" class=\"alignnone size-full wp-image-7363\" src=\"https:\/\/www.acrn.fr\/wp-content\/uploads\/2021\/10\/emperor.png\" alt=\"\" width=\"500\" height=\"400\" srcset=\"https:\/\/www.acrn.fr\/wp-content\/uploads\/2021\/10\/emperor.png 500w, https:\/\/www.acrn.fr\/wp-content\/uploads\/2021\/10\/emperor-480x384.png 480w\" sizes=\"(min-width: 0px) and (max-width: 480px) 480px, (min-width: 481px) 500px, 100vw\" \/><\/div><div class='clear_column'><\/div>\n<p>&nbsp;<\/p>\n<table style=\"border-collapse: collapse; width: 100%; height: 161px;\">\n<tbody>\n<tr style=\"height: 23px;\">\n<td style=\"width: 50%; height: 23px; text-align: center;\">Lectura digital de carga \/ \u00e1ngulo \/ velocidad<\/td>\n<td style=\"width: 50%; height: 23px; text-align: center;\"> S\u00ed<\/td>\n<\/tr>\n<tr style=\"height: 23px;\">\n<td style=\"width: 50%; height: 23px; text-align: center;\">Comunicaci\u00f3n con el banco de pruebas<\/td>\n<td style=\"width: 50%; height: 23px; text-align: center;\">A trav\u00e9s del puerto RS232 o del puerto USB (convertidor suministrado)<\/td>\n<\/tr>\n<tr style=\"height: 23px;\">\n<td style=\"width: 50%; height: 23px; text-align: center;\">Caracter\u00edsticas necesarias<\/td>\n<td style=\"width: 50%; height: 23px; text-align: center;\">100 Mb disponible HD, CD-Rom + port RS232\/USB disponible<\/td>\n<\/tr>\n<tr style=\"height: 23px;\">\n<td style=\"width: 50%; height: 23px; text-align: center;\">Sistema operativo<\/td>\n<td style=\"width: 50%; height: 23px; text-align: center;\">Compatible con Windows\u00ae 2000, XP, Vista, 7, 8 y 10<\/td>\n<\/tr>\n<tr style=\"height: 23px;\">\n<td style=\"width: 50%; height: 23px; text-align: center;\">Velocidad de adquisici\u00f3n<\/td>\n<td style=\"width: 50%; height: 23px; text-align: center;\">Elecci\u00f3n de 1000 Hz, 500 Hz, 50 Hz y 10 Hz<\/td>\n<\/tr>\n<tr style=\"height: 23px;\">\n<td style=\"width: 50%; height: 23px; text-align: center;\">Entrada secundaria<\/td>\n<td style=\"width: 50%; height: 23px; text-align: center;\">Entrada de eventos (interruptor), controles digitales Puertos de I\/O<\/td>\n<\/tr>\n<tr style=\"height: 23px;\">\n<td style=\"width: 50%; height: 23px; text-align: center;\">Salida de datos<\/td>\n<td style=\"width: 50%; height: 23px; text-align: center;\">Puerto RS232 (directamente o a trav\u00e9s de un convertidor USB\/red en formato ASCII) ASCII (Exportaci\u00f3n a tabla, software SPC&#8230;)<\/td>\n<\/tr>\n<\/tbody>\n<\/table>\n<p>Descubra nuestro art\u00edculo sobre nuestro nuevo medidor de par: <a href=\"https:\/\/www.acrn.fr\/es\/repeatork-torquimetro-motorizado-controles-calidad\/\">el Repeatork <\/a><\/p>\n","protected":false},"excerpt":{"rendered":"<blockquote><p>El modelo optimizado con posibilidades ilimitadas<\/p><\/blockquote>\n<p>El Vortex-I es un <strong>torqu\u00edmetro de alta gama controlado por un software que se ejecuta en un PC<\/strong>.<\/p>\n<p>Preciso, f\u00e1cil de usar y optimizado por la elecci\u00f3n de sus materiales y caracter\u00edsticas, permite <strong>medir el par est\u00e1tico hasta 10 N.m<\/strong>.<\/p>\n<p>La soluci\u00f3n flexible l\u00edder para la comprobaci\u00f3n automatizada del par de apriete en una amplia gama de enchufes y componentes.<\/p>\n<p><a href=\"https:\/\/www.acrn.fr\/wp-content\/uploads\/2021\/10\/vortex-I-fr-BD.pdf\">Ficha t\u00e9cnica Vortex-I<\/a><\/p>\n","protected":false},"featured_media":8322,"template":"","meta":{"_acf_changed":false,"_et_pb_use_builder":"","_et_pb_old_content":"","_et_gb_content_width":""},"product_brand":[],"product_cat":[216],"product_tag":[],"class_list":{"0":"post-8323","1":"product","2":"type-product","3":"status-publish","4":"has-post-thumbnail","6":"product_cat-torquimetros-motorizados","8":"first","9":"instock","10":"shipping-taxable","11":"purchasable","12":"product-type-simple"},"acf":[],"_links":{"self":[{"href":"https:\/\/www.acrn.fr\/es\/wp-json\/wp\/v2\/product\/8323","targetHints":{"allow":["GET"]}}],"collection":[{"href":"https:\/\/www.acrn.fr\/es\/wp-json\/wp\/v2\/product"}],"about":[{"href":"https:\/\/www.acrn.fr\/es\/wp-json\/wp\/v2\/types\/product"}],"wp:featuredmedia":[{"embeddable":true,"href":"https:\/\/www.acrn.fr\/es\/wp-json\/wp\/v2\/media\/8322"}],"wp:attachment":[{"href":"https:\/\/www.acrn.fr\/es\/wp-json\/wp\/v2\/media?parent=8323"}],"wp:term":[{"taxonomy":"product_brand","embeddable":true,"href":"https:\/\/www.acrn.fr\/es\/wp-json\/wp\/v2\/product_brand?post=8323"},{"taxonomy":"product_cat","embeddable":true,"href":"https:\/\/www.acrn.fr\/es\/wp-json\/wp\/v2\/product_cat?post=8323"},{"taxonomy":"product_tag","embeddable":true,"href":"https:\/\/www.acrn.fr\/es\/wp-json\/wp\/v2\/product_tag?post=8323"}],"curies":[{"name":"wp","href":"https:\/\/api.w.org\/{rel}","templated":true}]}}