{"id":8271,"date":"2021-03-31T08:13:43","date_gmt":"2021-12-01T10:42:57","guid":{"rendered":"https:\/\/www.acrn.fr\/product\/dinamometro-mecanico-de-compresion-cx"},"modified":"2025-07-03T22:46:21","modified_gmt":"2025-07-03T20:46:21","slug":"dinamometro-mecanico-compresion","status":"publish","type":"product","link":"https:\/\/www.acrn.fr\/es\/producto\/dinamometro-mecanico-compresion\/","title":{"rendered":"Dinam\u00f3metro mec\u00e1nico de compresi\u00f3n CX"},"content":{"rendered":"<h3>Ventajas del dinam\u00f3metro mec\u00e1nico<\/h3>\n<div class='content-column one_half'><ul>\n<li style=\"list-style-type: none;\">\n<ul>\n<li><span style=\"color: #215876;\"> Robusto y econ\u00f3mico<\/span><\/li>\n<\/ul>\n<\/li>\n<\/ul>\n<p>&nbsp;<\/p>\n<ul>\n<li style=\"list-style-type: none;\">\n<ul>\n<li><span style=\"color: #215876;\"> Precisi\u00f3n de +\/- 4%.<\/span><\/li>\n<\/ul>\n<\/li>\n<\/ul>\n<p>&nbsp;<\/p>\n<ul>\n<li style=\"list-style-type: none;\">\n<ul>\n<li><span style=\"color: #215876;\">Lectura \u00fatil a partir de 1\/10 del rango de medici\u00f3n<\/span><\/li>\n<\/ul>\n<\/li>\n<\/ul>\n<p>&nbsp;<\/p>\n<ul>\n<li style=\"list-style-type: none;\">\n<ul>\n<li><span style=\"color: #215876;\"> Factor de seguridad 5<\/span><\/li>\n<\/ul>\n<\/li>\n<\/ul>\n<p>&nbsp;<\/p>\n<ul>\n<li style=\"list-style-type: none;\">\n<ul>\n<li><span style=\"color: #215876;\"> \u00cdndice m\u00e1ximo desconectable<\/span><\/li>\n<\/ul>\n<\/li>\n<\/ul>\n<p>&nbsp;<\/p><\/div>\n<div class='content-column one_half last_column'><img decoding=\"async\" class=\"alignnone wp-image-8276 size-full\" src=\"https:\/\/www.acrn.fr\/wp-content\/uploads\/2021\/03\/cx-2.png\" alt=\"cx\" width=\"500\" height=\"450\" srcset=\"https:\/\/www.acrn.fr\/wp-content\/uploads\/2021\/03\/cx-2.png 500w, https:\/\/www.acrn.fr\/wp-content\/uploads\/2021\/03\/cx-2-480x432.png 480w\" sizes=\"(min-width: 0px) and (max-width: 480px) 480px, (min-width: 481px) 500px, 100vw\" \/><\/div><div class='clear_column'><\/div>\n<h4 style=\"text-align: center;\">Dinam\u00f3metro de compresi\u00f3n CX<\/h4>\n<table style=\"border-collapse: collapse; width: 100%; height: 248px;\">\n<tbody>\n<tr style=\"height: 53px;\">\n<td style=\"width: 33.3333%; height: 53px; text-align: center;\">Modelo<\/td>\n<td style=\"width: 33.3333%; height: 53px; text-align: center;\">Empuje (daN)<\/td>\n<td style=\"width: 33.3333%; height: 53px; text-align: center;\">Graduaci\u00f3n (daN)<\/td>\n<\/tr>\n<tr style=\"height: 23px;\">\n<td style=\"width: 33.3333%; height: 57px; text-align: center;\">CX 60<\/td>\n<td style=\"width: 33.3333%; height: 57px; text-align: center;\">0 a 60<\/td>\n<td style=\"width: 33.3333%; height: 57px; text-align: center;\">1<\/td>\n<\/tr>\n<tr style=\"height: 23px;\">\n<td style=\"width: 33.3333%; height: 23px; text-align: center;\">CX 100<\/td>\n<td style=\"width: 33.3333%; height: 23px; text-align: center;\">0 a 100<\/td>\n<td style=\"width: 33.3333%; height: 23px; text-align: center;\">1<\/td>\n<\/tr>\n<tr style=\"height: 23px;\">\n<td style=\"width: 33.3333%; height: 23px; text-align: center;\">CX 150<\/td>\n<td style=\"width: 33.3333%; height: 23px; text-align: center;\">0 a 150<\/td>\n<td style=\"width: 33.3333%; height: 23px; text-align: center;\">2<\/td>\n<\/tr>\n<tr style=\"height: 23px;\">\n<td style=\"width: 33.3333%; height: 23px; text-align: center;\">CX 200<\/td>\n<td style=\"width: 33.3333%; height: 23px; text-align: center;\">0 a 200<\/td>\n<td style=\"width: 33.3333%; height: 23px; text-align: center;\">2<\/td>\n<\/tr>\n<tr style=\"height: 23px;\">\n<td style=\"width: 33.3333%; height: 23px; text-align: center;\">CX 300<\/td>\n<td style=\"width: 33.3333%; height: 23px; text-align: center;\">0 a 300<\/td>\n<td style=\"width: 33.3333%; height: 23px; text-align: center;\">5<\/td>\n<\/tr>\n<tr style=\"height: 23px;\">\n<td style=\"width: 33.3333%; height: 23px; text-align: center;\">CX 400<\/td>\n<td style=\"width: 33.3333%; height: 23px; text-align: center;\">0 a 400<\/td>\n<td style=\"width: 33.3333%; height: 23px; text-align: center;\">4<\/td>\n<\/tr>\n<tr style=\"height: 23px;\">\n<td style=\"width: 33.3333%; height: 23px; text-align: center;\">CX 600<\/td>\n<td style=\"width: 33.3333%; height: 23px; text-align: center;\">0 a 600<\/td>\n<td style=\"width: 33.3333%; height: 23px; text-align: center;\">20<\/td>\n<\/tr>\n<\/tbody>\n<\/table>\n<p>&nbsp;<\/p>\n<h3>Opci\u00f3nes:<\/h3>\n<table style=\"border-collapse: collapse; width: 100%;\">\n<tbody>\n<tr>\n<td style=\"width: 100%;\">Malet\u00edn de transporte<\/td>\n<\/tr>\n<\/tbody>\n<\/table>\n<p>&nbsp;<\/p>\n<h3>Viene con el Dinam\u00f3metro de compresi\u00f3n mec\u00e1nica:<\/h3>\n<ul>\n<li>Certificado de calibraci\u00f3n ACRN<\/li>\n<li>Instrucciones de uso<\/li>\n<\/ul>\n","protected":false},"excerpt":{"rendered":"<blockquote><p>El dinam\u00f3metro de compresi\u00f3n mec\u00e1nica CX<\/p><\/blockquote>\n<p>Compacto y robusto, con un tope para protegerlo de las sobrecargas, el dinam\u00f3metro mec\u00e1nico CX permite medir las fuerzas de compresi\u00f3n.<\/p>\n<p>No tiene ning\u00fan mecanismo delicado y no se ve afectado por las variaciones de temperatura ni por el clima.<\/p>\n<p>La medici\u00f3n se basa en la deformaci\u00f3n el\u00e1stica de un muelle en una caja de acero y se indica mediante un \u00edndice que permite la lectura instant\u00e1nea en una escala graduada.<\/p>\n","protected":false},"featured_media":8272,"template":"","meta":{"_acf_changed":false,"_et_pb_use_builder":"off","_et_pb_old_content":"<h3>Caracter\u00edsticas<\/h3>\r\n<strong>\u21d2<\/strong> Robusto y econ\u00f3mico\r\n\r\n<strong>\u21d2<\/strong> Precisi\u00f3n de +\/- 4%.\r\n\r\n<strong>\u21d2<\/strong> Lectura \u00fatil a partir de 1\/10 del rango de medici\u00f3n\r\n\r\n<strong>\u21d2<\/strong> Factor de seguridad 5\r\n\r\n<strong>\u21d2<\/strong> \u00cdndice m\u00e1ximo desconectable\r\n\r\n \r\n<h4 style=\"text-align: center\">Compresi\u00f3n CX<\/h4>\r\n<table style=\"border-collapse: collapse;width: 100%;height: 214px\">\r\n<tbody>\r\n<tr style=\"height: 53px\">\r\n<td style=\"width: 33.3333%;height: 53px;text-align: center\">Modelo<\/td>\r\n<td style=\"width: 33.3333%;height: 53px;text-align: center\">Empuje (daN)<\/td>\r\n<td style=\"width: 33.3333%;height: 53px;text-align: center\">Graduaci\u00f3n (daN)<\/td>\r\n<\/tr>\r\n<tr style=\"height: 23px\">\r\n<td style=\"width: 33.3333%;height: 23px\">CX 60<\/td>\r\n<td style=\"width: 33.3333%;height: 23px\">0 a 60<\/td>\r\n<td style=\"width: 33.3333%;height: 23px\">1<\/td>\r\n<\/tr>\r\n<tr style=\"height: 23px\">\r\n<td style=\"width: 33.3333%;height: 23px\">CX 100<\/td>\r\n<td style=\"width: 33.3333%;height: 23px\">0 a 100<\/td>\r\n<td style=\"width: 33.3333%;height: 23px\">1<\/td>\r\n<\/tr>\r\n<tr style=\"height: 23px\">\r\n<td style=\"width: 33.3333%;height: 23px\">CX 150<\/td>\r\n<td style=\"width: 33.3333%;height: 23px\">0 a 150<\/td>\r\n<td style=\"width: 33.3333%;height: 23px\">2<\/td>\r\n<\/tr>\r\n<tr style=\"height: 23px\">\r\n<td style=\"width: 33.3333%;height: 23px\">CX 200<\/td>\r\n<td style=\"width: 33.3333%;height: 23px\">0 a 200<\/td>\r\n<td style=\"width: 33.3333%;height: 23px\">2<\/td>\r\n<\/tr>\r\n<tr style=\"height: 23px\">\r\n<td style=\"width: 33.3333%;height: 23px\">CX 300<\/td>\r\n<td style=\"width: 33.3333%;height: 23px\">0 a 300<\/td>\r\n<td style=\"width: 33.3333%;height: 23px\">5<\/td>\r\n<\/tr>\r\n<tr style=\"height: 23px\">\r\n<td style=\"width: 33.3333%;height: 23px\">CX 400<\/td>\r\n<td style=\"width: 33.3333%;height: 23px\">0 a 400<\/td>\r\n<td style=\"width: 33.3333%;height: 23px\">4<\/td>\r\n<\/tr>\r\n<tr style=\"height: 23px\">\r\n<td style=\"width: 33.3333%;height: 23px\">CX 600<\/td>\r\n<td style=\"width: 33.3333%;height: 23px\">0 a 600<\/td>\r\n<td style=\"width: 33.3333%;height: 23px\">20<\/td>\r\n<\/tr>\r\n<\/tbody>\r\n<\/table>","_et_gb_content_width":""},"product_brand":[],"product_cat":[215],"product_tag":[],"class_list":{"0":"post-8271","1":"product","2":"type-product","3":"status-publish","4":"has-post-thumbnail","6":"product_cat-dinamometros-mecanicos","8":"first","9":"instock","10":"shipping-taxable","11":"purchasable","12":"product-type-simple"},"acf":[],"_links":{"self":[{"href":"https:\/\/www.acrn.fr\/es\/wp-json\/wp\/v2\/product\/8271","targetHints":{"allow":["GET"]}}],"collection":[{"href":"https:\/\/www.acrn.fr\/es\/wp-json\/wp\/v2\/product"}],"about":[{"href":"https:\/\/www.acrn.fr\/es\/wp-json\/wp\/v2\/types\/product"}],"wp:featuredmedia":[{"embeddable":true,"href":"https:\/\/www.acrn.fr\/es\/wp-json\/wp\/v2\/media\/8272"}],"wp:attachment":[{"href":"https:\/\/www.acrn.fr\/es\/wp-json\/wp\/v2\/media?parent=8271"}],"wp:term":[{"taxonomy":"product_brand","embeddable":true,"href":"https:\/\/www.acrn.fr\/es\/wp-json\/wp\/v2\/product_brand?post=8271"},{"taxonomy":"product_cat","embeddable":true,"href":"https:\/\/www.acrn.fr\/es\/wp-json\/wp\/v2\/product_cat?post=8271"},{"taxonomy":"product_tag","embeddable":true,"href":"https:\/\/www.acrn.fr\/es\/wp-json\/wp\/v2\/product_tag?post=8271"}],"curies":[{"name":"wp","href":"https:\/\/api.w.org\/{rel}","templated":true}]}}