{"id":8265,"date":"2021-03-31T15:01:08","date_gmt":"2021-03-31T15:01:08","guid":{"rendered":"https:\/\/www.acrn.fr\/product\/dinamometro-mecanico-de-traccion-tx"},"modified":"2026-04-22T14:29:43","modified_gmt":"2026-04-22T12:29:43","slug":"dinamometro-mecanica-de-traccion","status":"publish","type":"product","link":"https:\/\/www.acrn.fr\/es\/producto\/dinamometro-mecanica-de-traccion\/","title":{"rendered":"Dinam\u00f3metro mec\u00e1nico de tracci\u00f3n TX"},"content":{"rendered":"<h2><strong><span style=\"color: #215876;\">Descubra nuestro dinam\u00f3metro mec\u00e1nico de tracci\u00f3n TX<\/span><\/strong><\/h2>\n<h3 class=\"font-claude-response-body break-words whitespace-normal leading-[1.7]\"><span style=\"color: #95cceb;\"><strong>\ud83d\udd38Un instrumento sin alimentaci\u00f3n el\u00e9ctrica y sin l\u00edmite de uso<\/strong> <\/span><\/h3>\n<p class=\"font-claude-response-body break-words whitespace-normal leading-[1.7]\">El TX no necesita bater\u00eda, ni alimentaci\u00f3n el\u00e9ctrica, ni software. Est\u00e1 listo para funcionar de inmediato, sin necesidad de tiempo de calentamiento ni configuraci\u00f3n previa. El n\u00famero de pruebas y la duraci\u00f3n de las mismas son ilimitados. Se trata de una soluci\u00f3n especialmente indicada para puestos de control en la producci\u00f3n, donde la disponibilidad y la facilidad de uso son prioritarias.<\/p>\n<h3 class=\"font-claude-response-body break-words whitespace-normal leading-[1.7]\"><span style=\"color: #95cceb;\"><strong>\ud83d\udd38El \u00edndice de m\u00e1ximo desacoplable<\/strong><\/span><\/h3>\n<p class=\"font-claude-response-body break-words whitespace-normal leading-[1.7]\">El indicador de m\u00e1ximo es un cursor que se desplaza junto con la escala durante la prueba y permanece en su posici\u00f3n una vez que se suelta la presi\u00f3n. Permite leer el valor m\u00e1ximo alcanzado sin mantener la tracci\u00f3n, lo que facilita la toma de medidas en situaciones en las que resulta dif\u00edcil acceder a la b\u00e1scula durante la prueba.<\/p>\n<h3 class=\"font-claude-response-body break-words whitespace-normal leading-[1.7]\"><span style=\"color: #95cceb;\"><strong>\ud83d\udd38Un coeficiente de seguridad de 5<\/strong> <\/span><\/h3>\n<p class=\"font-claude-response-body break-words whitespace-normal leading-[1.7]\">La estructura del TX est\u00e1 dise\u00f1ada para soportar cinco veces su capacidad nominal sin sufrir deformaciones permanentes. Este elevado coeficiente garantiza la durabilidad del instrumento incluso en caso de uso incorrecto o de golpes accidentales, y contribuye a la seguridad del operador.<\/p>\n<h3 class=\"font-claude-response-body break-words whitespace-normal leading-[1.7]\"><span style=\"color: #95cceb;\"><strong>\ud83d\udd38Se suministra con un certificado de calibraci\u00f3n ACRN<\/strong> <\/span><\/h3>\n<p class=\"font-claude-response-body break-words whitespace-normal leading-[1.7]\">Cada dinam\u00f3metro TX se entrega con un certificado de calibraci\u00f3n expedido por ACRN. Se recomienda realizar una revisi\u00f3n preventiva anual de la calibraci\u00f3n, que puede llevarse a cabo in situ o en nuestro laboratorio de metrolog\u00eda de Normand\u00eda.<\/p>\n<hr \/>\n<h3><strong>Caracter\u00edsticas<\/strong><\/h3>\n<div class='content-column one_half'><ul>\n<li style=\"list-style-type: none;\">\n<ul>\n<li><span style=\"color: #215876;\">Robusto y econ\u00f3mico<\/span><\/li>\n<\/ul>\n<\/li>\n<\/ul>\n<p>&nbsp;<\/p>\n<ul>\n<li style=\"list-style-type: none;\">\n<ul>\n<li><span style=\"color: #215876;\">Precisi\u00f3n de +\/- 4%.<\/span><\/li>\n<\/ul>\n<\/li>\n<\/ul>\n<p>&nbsp;<\/p>\n<ul>\n<li style=\"list-style-type: none;\">\n<ul>\n<li><span style=\"color: #215876;\"> Lectura \u00fatil a partir de 1\/10 del rango de medici\u00f3n<\/span><\/li>\n<\/ul>\n<\/li>\n<\/ul>\n<p>&nbsp;<\/p>\n<ul>\n<li style=\"list-style-type: none;\">\n<ul>\n<li><span style=\"color: #215876;\"> Factor de seguridad 5<\/span><\/li>\n<\/ul>\n<\/li>\n<\/ul>\n<p>&nbsp;<\/p>\n<ul>\n<li style=\"list-style-type: none;\">\n<ul>\n<li><span style=\"color: #215876;\"> \u00cdndice m\u00e1ximo desconectable<\/span><\/li>\n<\/ul>\n<\/li>\n<\/ul>\n<p>&nbsp;<\/p><\/div>\n<div class='content-column one_half last_column'><img decoding=\"async\" class=\"alignnone size-full wp-image-6767\" src=\"https:\/\/www.acrn.fr\/wp-content\/uploads\/2021\/03\/tx.png\" alt=\"tx\" width=\"500\" height=\"450\" srcset=\"https:\/\/www.acrn.fr\/wp-content\/uploads\/2021\/03\/tx.png 500w, https:\/\/www.acrn.fr\/wp-content\/uploads\/2021\/03\/tx-480x432.png 480w\" sizes=\"(min-width: 0px) and (max-width: 480px) 480px, (min-width: 481px) 500px, 100vw\" \/><\/div><div class='clear_column'><\/div>\n<h4 style=\"text-align: center;\">Tracci\u00f3n TX<\/h4>\n<table style=\"border-collapse: collapse; width: 100%; height: 214px;\">\n<tbody>\n<tr style=\"height: 53px;\">\n<td style=\"width: 33.3333%; height: 53px; text-align: center;\">Modelo<\/td>\n<td style=\"width: 33.3333%; height: 53px; text-align: center;\">Empuje (daN)<\/td>\n<td style=\"width: 33.3333%; height: 53px; text-align: center;\">Graduaci\u00f3n (daN)<\/td>\n<\/tr>\n<tr style=\"height: 23px;\">\n<td style=\"width: 33.3333%; height: 23px; text-align: center;\">TX 60<\/td>\n<td style=\"width: 33.3333%; height: 23px; text-align: center;\">0 a 60<\/td>\n<td style=\"width: 33.3333%; height: 23px; text-align: center;\">1<\/td>\n<\/tr>\n<tr style=\"height: 23px;\">\n<td style=\"width: 33.3333%; height: 23px; text-align: center;\">TX 100<\/td>\n<td style=\"width: 33.3333%; height: 23px; text-align: center;\">0 a 100<\/td>\n<td style=\"width: 33.3333%; height: 23px; text-align: center;\">1<\/td>\n<\/tr>\n<tr style=\"height: 23px;\">\n<td style=\"width: 33.3333%; height: 23px; text-align: center;\">TX 150<\/td>\n<td style=\"width: 33.3333%; height: 23px; text-align: center;\">0 a 150<\/td>\n<td style=\"width: 33.3333%; height: 23px; text-align: center;\">2<\/td>\n<\/tr>\n<tr style=\"height: 23px;\">\n<td style=\"width: 33.3333%; height: 23px; text-align: center;\">TX 200<\/td>\n<td style=\"width: 33.3333%; height: 23px; text-align: center;\">0 a 200<\/td>\n<td style=\"width: 33.3333%; height: 23px; text-align: center;\">2<\/td>\n<\/tr>\n<tr style=\"height: 23px;\">\n<td style=\"width: 33.3333%; height: 23px; text-align: center;\">TX 300<\/td>\n<td style=\"width: 33.3333%; height: 23px; text-align: center;\">0 a 300<\/td>\n<td style=\"width: 33.3333%; height: 23px; text-align: center;\">5<\/td>\n<\/tr>\n<tr style=\"height: 23px;\">\n<td style=\"width: 33.3333%; height: 23px; text-align: center;\">TX 400<\/td>\n<td style=\"width: 33.3333%; height: 23px; text-align: center;\">0 a 400<\/td>\n<td style=\"width: 33.3333%; height: 23px; text-align: center;\">4<\/td>\n<\/tr>\n<tr style=\"height: 23px;\">\n<td style=\"width: 33.3333%; height: 23px; text-align: center;\">TX 600<\/td>\n<td style=\"width: 33.3333%; height: 23px; text-align: center;\">0 a 600<\/td>\n<td style=\"width: 33.3333%; height: 23px; text-align: center;\">20<\/td>\n<\/tr>\n<\/tbody>\n<\/table>\n<p>&nbsp;<\/p>\n<h3>Opciones<\/h3>\n<table style=\"border-collapse: collapse; width: 100%;\">\n<tbody>\n<tr>\n<td style=\"width: 100%;\">Malet\u00edn de transporte<\/td>\n<\/tr>\n<\/tbody>\n<\/table>\n<p>&nbsp;<\/p>\n<h3>Viene con:<\/h3>\n<ul>\n<li>Certificado de calibraci\u00f3n ACRN<\/li>\n<li>Manual de instrucciones<\/li>\n<\/ul>\n<hr \/>\n<h2><strong><span style=\"color: #215876;\">Aplicaciones y sectores<\/span><\/strong><\/h2>\n<p class=\"font-claude-response-body break-words whitespace-normal leading-[1.7]\">El dinam\u00f3metro mec\u00e1nico TX se utiliza en numerosos sectores industriales para aplicaciones de control de calidad y verificaci\u00f3n de fuerzas:<\/p>\n<h3 class=\"font-claude-response-body break-words whitespace-normal leading-[1.7]\"><span style=\"color: #95cceb;\"><strong>\ud83d\udd38Industria y montaje<\/strong> <\/span><\/h3>\n<p class=\"font-claude-response-body break-words whitespace-normal leading-[1.7]\">medici\u00f3n de la fuerza de arranque y de la resistencia a la tracci\u00f3n de soldaduras, uniones encoladas o fijaciones mec\u00e1nicas en l\u00edneas de producci\u00f3n o en oficinas de dise\u00f1o.<\/p>\n<h3 class=\"font-claude-response-body break-words whitespace-normal leading-[1.7]\"><span style=\"color: #95cceb;\"><strong>\ud83d\udd38Embalaje y envasado<\/strong> <\/span><\/h3>\n<p class=\"font-claude-response-body break-words whitespace-normal leading-[1.7]\">control de la fuerza de apertura de envases, ensayo de resistencia mec\u00e1nica de cierres, verificaci\u00f3n de las fuerzas de engaste o de fijaci\u00f3n.<\/p>\n<h3 class=\"font-claude-response-body break-words whitespace-normal leading-[1.7]\"><span style=\"color: #95cceb;\"><strong>\ud83d\udd38Construcci\u00f3n y elevaci\u00f3n<\/strong> <\/span><\/h3>\n<p class=\"font-claude-response-body break-words whitespace-normal leading-[1.7]\">Comprobaci\u00f3n de las fuerzas de tracci\u00f3n en cables, correas o sistemas de anclaje, gracias a las robustas argollas de elevaci\u00f3n integradas en la carcasa.<\/p>\n<h3 class=\"font-claude-response-body break-words whitespace-normal leading-[1.7]\"><span style=\"color: #95cceb;\"><strong>\ud83d\udd38Mantenimiento y terreno<\/strong> <\/span><\/h3>\n<p class=\"font-claude-response-body break-words whitespace-normal leading-[1.7]\">Gracias a que no necesita alimentaci\u00f3n el\u00e9ctrica y a su resistencia a las inclemencias del tiempo, el TX es ideal para realizar controles en entornos dif\u00edciles o al aire libre.<\/p>\n<h3 class=\"font-claude-response-body break-words whitespace-normal leading-[1.7]\"><span style=\"color: #95cceb;\"><strong>\ud83d\udd38Calibraci\u00f3n y metrolog\u00eda<\/strong> <\/span><\/h3>\n<p class=\"font-claude-response-body break-words whitespace-normal leading-[1.7]\">utilizado como patr\u00f3n de transferencia en los laboratorios de metrolog\u00eda para la verificaci\u00f3n de otros instrumentos de medici\u00f3n de fuerza.<\/p>\n<hr \/>\n<h2 class=\"font-claude-response-body break-words whitespace-normal leading-[1.7]\"><span style=\"color: #215876;\"><strong>Buenas pr\u00e1cticas de medici\u00f3n<\/strong><\/span><\/h2>\n<p class=\"font-claude-response-body break-words whitespace-normal leading-[1.7]\">Para obtener resultados fiables, aseg\u00farese de que el dinam\u00f3metro est\u00e9 perfectamente alineado con el eje de tracci\u00f3n antes de aplicar la fuerza. Utilice eslabones adecuados en los anillos de elevaci\u00f3n; nunca aplique fuerza fuera del eje. Espere a que el indicador se estabilice por completo antes de tomar la lectura. Col\u00f3quese frente a la escala graduada para evitar errores de paralaje.<\/p>\n<p class=\"font-claude-response-body break-words whitespace-normal leading-[1.7]\">La lectura v\u00e1lida comienza a partir del 1\/10 del rango de medici\u00f3n: en el caso del TX 100, la medici\u00f3n es fiable a partir de 10 daN. Por debajo de este valor, la incertidumbre de la lectura es demasiado elevada como para garantizar la precisi\u00f3n anunciada de \u00b14 %.<\/p>\n<hr \/>\n<h2 class=\"font-claude-response-body break-words whitespace-normal leading-[1.7]\"><span style=\"color: #215876;\"><strong>\u00bfPor qu\u00e9 elegir un dinam\u00f3metro mec\u00e1nico en lugar de uno electr\u00f3nico?<\/strong><\/span><\/h2>\n<p class=\"font-claude-response-body break-words whitespace-normal leading-[1.7]\">El dinam\u00f3metro mec\u00e1nico TX es especialmente adecuado para situaciones en las que la simplicidad y la robustez priman sobre la conectividad. A diferencia de los dinam\u00f3metros electr\u00f3nicos, no necesita pilas ni mantenimiento electr\u00f3nico, y funciona en condiciones extremas de temperatura o humedad. Es la opci\u00f3n ideal para puestos de control sobre el terreno, entornos ATEX o, simplemente, para usuarios que buscan una herramienta fiable, econ\u00f3mica y sin dependencia tecnol\u00f3gica. Su calibraci\u00f3n anual por parte de ACRN garantiza la trazabilidad metrol\u00f3gica exigida por los sistemas de calidad ISO 9001.<\/p>\n<hr \/>\n<p class=\"font-claude-response-body break-words whitespace-normal leading-[1.7]\"><span style=\"color: #000000;\"><strong>No te lo pierdas<\/strong><\/span><\/p>\n<blockquote class=\"ml-2 border-l-4 border-border-300\/10 pl-4 text-text-300\">\n<p class=\"font-claude-response-body break-words whitespace-normal leading-[1.7]\"><span style=\"color: #000000;\"><strong>\u00bfNecesitas un instrumento adicional o alguien que te acompa\u00f1e?<\/strong><\/span><\/p>\n<ul class=\"[li_&amp;]:mb-0 [li_&amp;]:mt-1 [li_&amp;]:gap-1 [&amp;:not(:last-child)_ul]:pb-1 [&amp;:not(:last-child)_ol]:pb-1 list-disc flex flex-col gap-1 pl-8 mb-3\">\n<li class=\"whitespace-normal break-words pl-2\"><span style=\"color: #000000;\">El<\/span> <strong><a class=\"underline underline underline-offset-2 decoration-1 decoration-current\/40 hover:decoration-current focus:decoration-current\" href=\"https:\/\/www.acrn.fr\/es\/producto\/dinamometro-mecanico-compresion\/\">dinam\u00f3metro mec\u00e1nico de compresi\u00f3n CX<\/a><\/strong> <span style=\"color: #000000;\">funciona seg\u00fan el mismo principio que el TX, pero con compresi\u00f3n; es ideal si necesitas cubrir ambos tipos de interpretaciones con instrumentos de la misma gama.<\/span><\/li>\n<li class=\"whitespace-normal break-words pl-2\"><span style=\"color: #000000;\">La<\/span> <strong><a class=\"underline underline underline-offset-2 decoration-1 decoration-current\/40 hover:decoration-current focus:decoration-current\" href=\"https:\/\/www.acrn.fr\/es\/producto\/dinamometro-electronico-epx-t\/\">b\u00e1scula electr\u00f3nica EPX-T<\/a><\/strong><span style=\"color: #000000;\"> es la alternativa digital al TX: pantalla digital, salida de datos y memoria de medici\u00f3n para aplicaciones que requieren una trazabilidad reforzada.<\/span><\/li>\n<li class=\"whitespace-normal break-words pl-2\"><span style=\"color: #000000;\">Nuestros <\/span> <strong><a class=\"underline underline underline-offset-2 decoration-1 decoration-current\/40 hover:decoration-current focus:decoration-current\" href=\"https:\/\/www.acrn.fr\/es\/banco-de-compresion\/\">bancos de tracci\u00f3n y compresi\u00f3n<\/a><\/strong> <span style=\"color: #000000;\">son la soluci\u00f3n ideal para ensayos repetitivos motorizados con curvas de fuerza-desplazamiento y control por software.<\/span><\/li>\n<li class=\"whitespace-normal break-words pl-2\"><span style=\"color: #000000;\">Nuestro servicio <\/span> <strong><a class=\"underline underline underline-offset-2 decoration-1 decoration-current\/40 hover:decoration-current focus:decoration-current\" href=\"https:\/\/www.acrn.fr\/es\/calibracion-y-metrologia\/\">de calibraci\u00f3n<\/a><\/strong> <span style=\"color: #000000;\">se encarga de la verificaci\u00f3n metrol\u00f3gica anual de su dinam\u00f3metro TX, con la emisi\u00f3n de un certificado trazable conforme a la norma ISO 9001.<\/span><\/li>\n<li class=\"whitespace-normal break-words pl-2\"><span style=\"color: #000000;\">Nuestro <\/span> <strong><a class=\"underline underline underline-offset-2 decoration-1 decoration-current\/40 hover:decoration-current focus:decoration-current\" href=\"https:\/\/www.acrn.fr\/es\/nuestro-servicio-postventa\/\">servicio posventa<\/a><\/strong> <span style=\"color: #000000;\">se encarga del mantenimiento, la reparaci\u00f3n y la sustituci\u00f3n de piezas (resorte, cursor, escala de lexan) directamente en nuestros talleres de Normand\u00eda<\/span><\/li>\n<\/ul>\n<\/blockquote>\n","protected":false},"excerpt":{"rendered":"<blockquote><p>El dinam\u00f3metro mec\u00e1nico TX<\/p><\/blockquote>\n<p class=\"font-claude-response-body break-words whitespace-normal leading-[1.7]\">El dinam\u00f3metro mec\u00e1nico TX es un instrumento de medici\u00f3n de fuerzas de tracci\u00f3n, compacto y resistente, dise\u00f1ado para un uso intensivo en entornos industriales. Funciona seg\u00fan el principio de la deformaci\u00f3n el\u00e1stica de un resorte alojado en una carcasa de acero, sin ning\u00fan mecanismo electr\u00f3nico delicado. Su dise\u00f1o le confiere una total insensibilidad a las variaciones de temperatura y a las inclemencias del tiempo, lo que permite utilizarlo tanto en el laboratorio como en la planta de producci\u00f3n o al aire libre.<\/p>\n<p class=\"font-claude-response-body break-words whitespace-normal leading-[1.7]\">Un tope de protecci\u00f3n integrado evita da\u00f1os en caso de sobrecarga accidental, y el indicador de valor m\u00e1ximo desconectable permite conservar el valor de pico tras la prueba, sin necesidad de mantener la fuerza. La gama TX abarca rangos de 60 a 600 daN (aproximadamente de 61 a 612 kg), con una precisi\u00f3n del \u00b14 % y una lectura v\u00e1lida a partir de 1\/10 del rango de medici\u00f3n.<\/p>\n<p><a href=\"https:\/\/www.acrn.fr\/wp-content\/uploads\/2026\/04\/Data_Sheet_TX_CX_GB_V2.pdf\" target=\"_blank\" rel=\"noopener\">Ficha t\u00e9cnica del dinam\u00f3metro mec\u00e1nico de tracci\u00f3n TX<\/a><\/p>\n<p><a href=\"https:\/\/www.acrn.fr\/wp-content\/uploads\/2026\/04\/Notice_Instruction_TX-CX__EN.pdf\">Manual de instrucciones<\/a><\/p>\n","protected":false},"featured_media":8266,"template":"","meta":{"_acf_changed":false,"_et_pb_use_builder":"off","_et_pb_old_content":"<h3>Caracter\u00edsticas<\/h3>\r\n<strong>\u21d2<\/strong> Robusto y econ\u00f3mico\r\n\r\n<strong>\u21d2<\/strong> Precisi\u00f3n de +\/- 4%.\r\n\r\n<strong>\u21d2<\/strong> Lectura \u00fatil a partir de 1\/10 del rango de medici\u00f3n\r\n\r\n<strong>\u21d2<\/strong> Factor de seguridad 5\r\n\r\n<strong>\u21d2<\/strong> \u00cdndice m\u00e1ximo desconectable\r\n\r\n \r\n<h4 style=\"text-align: center\">Compresi\u00f3n CX<\/h4>\r\n<table style=\"border-collapse: collapse;width: 100%;height: 214px\">\r\n<tbody>\r\n<tr style=\"height: 53px\">\r\n<td style=\"width: 33.3333%;height: 53px;text-align: center\">Modelo<\/td>\r\n<td style=\"width: 33.3333%;height: 53px;text-align: center\">Empuje (daN)<\/td>\r\n<td style=\"width: 33.3333%;height: 53px;text-align: center\">Graduaci\u00f3n (daN)<\/td>\r\n<\/tr>\r\n<tr style=\"height: 23px\">\r\n<td style=\"width: 33.3333%;height: 23px\">CX 60<\/td>\r\n<td style=\"width: 33.3333%;height: 23px\">0 a 60<\/td>\r\n<td style=\"width: 33.3333%;height: 23px\">1<\/td>\r\n<\/tr>\r\n<tr style=\"height: 23px\">\r\n<td style=\"width: 33.3333%;height: 23px\">CX 100<\/td>\r\n<td style=\"width: 33.3333%;height: 23px\">0 a 100<\/td>\r\n<td style=\"width: 33.3333%;height: 23px\">1<\/td>\r\n<\/tr>\r\n<tr style=\"height: 23px\">\r\n<td style=\"width: 33.3333%;height: 23px\">CX 150<\/td>\r\n<td style=\"width: 33.3333%;height: 23px\">0 a 150<\/td>\r\n<td style=\"width: 33.3333%;height: 23px\">2<\/td>\r\n<\/tr>\r\n<tr style=\"height: 23px\">\r\n<td style=\"width: 33.3333%;height: 23px\">CX 200<\/td>\r\n<td style=\"width: 33.3333%;height: 23px\">0 a 200<\/td>\r\n<td style=\"width: 33.3333%;height: 23px\">2<\/td>\r\n<\/tr>\r\n<tr style=\"height: 23px\">\r\n<td style=\"width: 33.3333%;height: 23px\">CX 300<\/td>\r\n<td style=\"width: 33.3333%;height: 23px\">0 a 300<\/td>\r\n<td style=\"width: 33.3333%;height: 23px\">5<\/td>\r\n<\/tr>\r\n<tr style=\"height: 23px\">\r\n<td style=\"width: 33.3333%;height: 23px\">CX 400<\/td>\r\n<td style=\"width: 33.3333%;height: 23px\">0 a 400<\/td>\r\n<td style=\"width: 33.3333%;height: 23px\">4<\/td>\r\n<\/tr>\r\n<tr style=\"height: 23px\">\r\n<td style=\"width: 33.3333%;height: 23px\">CX 600<\/td>\r\n<td style=\"width: 33.3333%;height: 23px\">0 a 600<\/td>\r\n<td style=\"width: 33.3333%;height: 23px\">20<\/td>\r\n<\/tr>\r\n<\/tbody>\r\n<\/table>","_et_gb_content_width":""},"product_brand":[],"product_cat":[215],"product_tag":[],"class_list":{"0":"post-8265","1":"product","2":"type-product","3":"status-publish","4":"has-post-thumbnail","6":"product_cat-dinamometros-mecanicos","8":"first","9":"instock","10":"shipping-taxable","11":"purchasable","12":"product-type-simple"},"acf":[],"_links":{"self":[{"href":"https:\/\/www.acrn.fr\/es\/wp-json\/wp\/v2\/product\/8265","targetHints":{"allow":["GET"]}}],"collection":[{"href":"https:\/\/www.acrn.fr\/es\/wp-json\/wp\/v2\/product"}],"about":[{"href":"https:\/\/www.acrn.fr\/es\/wp-json\/wp\/v2\/types\/product"}],"wp:featuredmedia":[{"embeddable":true,"href":"https:\/\/www.acrn.fr\/es\/wp-json\/wp\/v2\/media\/8266"}],"wp:attachment":[{"href":"https:\/\/www.acrn.fr\/es\/wp-json\/wp\/v2\/media?parent=8265"}],"wp:term":[{"taxonomy":"product_brand","embeddable":true,"href":"https:\/\/www.acrn.fr\/es\/wp-json\/wp\/v2\/product_brand?post=8265"},{"taxonomy":"product_cat","embeddable":true,"href":"https:\/\/www.acrn.fr\/es\/wp-json\/wp\/v2\/product_cat?post=8265"},{"taxonomy":"product_tag","embeddable":true,"href":"https:\/\/www.acrn.fr\/es\/wp-json\/wp\/v2\/product_tag?post=8265"}],"curies":[{"name":"wp","href":"https:\/\/api.w.org\/{rel}","templated":true}]}}