{"id":8256,"date":"2020-09-29T19:47:54","date_gmt":"2021-12-01T09:51:23","guid":{"rendered":"https:\/\/www.acrn.fr\/product\/banco-de-traccion-manual-mdd"},"modified":"2021-12-01T10:51:25","modified_gmt":"2021-12-01T09:51:25","slug":"test-bench-manual","status":"publish","type":"product","link":"https:\/\/www.acrn.fr\/es\/producto\/test-bench-manual\/","title":{"rendered":"Banco de tracci\u00f3n manual MDD"},"content":{"rendered":"<p>&nbsp;<\/p>\n<h3>Ventajes del MDD<\/h3>\n<ul>\n<li><span style=\"color: #215876;\">Port\u00e1til y robusto<\/span><\/li>\n<p><\/p>\n<li><span style=\"color: #215876;\">Manivela + tornillo: estable, sensible y preciso (2mm\/vuelta)<\/span><\/li>\n<p><\/p>\n<li><span style=\"color: #215876;\">Alta precisi\u00f3n con un avanzado medidor de fuerza de hasta 1000N<\/span><\/li>\n<p><\/p>\n<li><span style=\"color: #215876;\">M\u00faltiples opciones para mejorar la precisi\u00f3n y la ergonom\u00eda<\/span><\/li>\n<p>\n<\/ul>\n<div class='content-column one_half'><h3>Opciones<\/h3>\n<table style=\"border-collapse: collapse; width: 100%; height: 126px;\">\n<tbody>\n<tr style=\"height: 23px;\">\n<td style=\"width: 100%; height: 23px;\">Juego de dos pies para posici\u00f3n horizontal (1)<\/td>\n<\/tr>\n<tr style=\"height: 23px;\">\n<td style=\"width: 100%; height: 23px;\">Regla \u00f3ptica digital de 475 mm (resoluci\u00f3n de 0,01 mm) (2)<\/td>\n<\/tr>\n<tr style=\"height: 23px;\">\n<td style=\"width: 100%; height: 23px;\">Ampliaciones de cola de milano de 16 mm y 38 mm (3) para facilitar el cambio de calibre<\/td>\n<\/tr>\n<\/tbody>\n<\/table><\/div>\n<div class='content-column one_half last_column'><img decoding=\"async\" class=\"size-full wp-image-8259 aligncenter\" src=\"https:\/\/www.acrn.fr\/wp-content\/uploads\/2020\/09\/png-MDD.png\" alt=\"Banco de pruebas manual\" width=\"800\" height=\"300\" srcset=\"https:\/\/www.acrn.fr\/wp-content\/uploads\/2020\/09\/png-MDD.png 800w, https:\/\/www.acrn.fr\/wp-content\/uploads\/2020\/09\/png-MDD-480x180.png 480w\" sizes=\"(min-width: 0px) and (max-width: 480px) 480px, (min-width: 481px) 800px, 100vw\" \/><\/div><div class='clear_column'><\/div>\n<p>&nbsp;<\/p>\n<p>&nbsp;<\/p>\n<p><strong>Dibujo dimensional: <\/strong><\/p>\n<p style=\"text-align: center;\"><img decoding=\"async\" class=\"alignnone size-full wp-image-8261\" src=\"https:\/\/www.acrn.fr\/wp-content\/uploads\/2020\/09\/plan-stand-mdd.png\" alt=\"Banco de pruebas manual\" width=\"500\" height=\"500\" srcset=\"https:\/\/www.acrn.fr\/wp-content\/uploads\/2020\/09\/plan-stand-mdd.png 500w, https:\/\/www.acrn.fr\/wp-content\/uploads\/2020\/09\/plan-stand-mdd-480x480.png 480w\" sizes=\"(min-width: 0px) and (max-width: 480px) 480px, (min-width: 481px) 500px, 100vw\" \/><\/p>\n","protected":false},"excerpt":{"rendered":"<blockquote><p>El soporte de compresi\u00f3n\/tracci\u00f3n manual<\/p><\/blockquote>\n<p>El soporte MDD es un soporte de precisi\u00f3n f\u00e1cil de usar y de accionamiento manual que permite mover un dinam\u00f3metro con regularidad cuando la sujeci\u00f3n manual ya no es suficiente.<\/p>\n<p>La rotaci\u00f3n de la manivela en la parte superior del soporte es el elemento que asegura la regularidad de la tracci\u00f3n y la compresi\u00f3n.<\/p>\n<p>La irreversibilidad del tornillo sin fin dentro de la cruceta permite mantener la fuerza sobre la pieza durante la prueba.<\/p>\n<p>Este dispositivo es muy popular para probar muelles en combinaci\u00f3n con una regla digital.<\/p>\n","protected":false},"featured_media":8257,"template":"","meta":{"_acf_changed":false,"_et_pb_use_builder":"","_et_pb_old_content":"","_et_gb_content_width":""},"product_brand":[],"product_cat":[212],"product_tag":[],"class_list":{"0":"post-8256","1":"product","2":"type-product","3":"status-publish","4":"has-post-thumbnail","6":"product_cat-banco-de-traccion-compresion","8":"first","9":"instock","10":"shipping-taxable","11":"purchasable","12":"product-type-simple"},"acf":[],"_links":{"self":[{"href":"https:\/\/www.acrn.fr\/es\/wp-json\/wp\/v2\/product\/8256","targetHints":{"allow":["GET"]}}],"collection":[{"href":"https:\/\/www.acrn.fr\/es\/wp-json\/wp\/v2\/product"}],"about":[{"href":"https:\/\/www.acrn.fr\/es\/wp-json\/wp\/v2\/types\/product"}],"wp:featuredmedia":[{"embeddable":true,"href":"https:\/\/www.acrn.fr\/es\/wp-json\/wp\/v2\/media\/8257"}],"wp:attachment":[{"href":"https:\/\/www.acrn.fr\/es\/wp-json\/wp\/v2\/media?parent=8256"}],"wp:term":[{"taxonomy":"product_brand","embeddable":true,"href":"https:\/\/www.acrn.fr\/es\/wp-json\/wp\/v2\/product_brand?post=8256"},{"taxonomy":"product_cat","embeddable":true,"href":"https:\/\/www.acrn.fr\/es\/wp-json\/wp\/v2\/product_cat?post=8256"},{"taxonomy":"product_tag","embeddable":true,"href":"https:\/\/www.acrn.fr\/es\/wp-json\/wp\/v2\/product_tag?post=8256"}],"curies":[{"name":"wp","href":"https:\/\/api.w.org\/{rel}","templated":true}]}}